{"id":764,"date":"2021-02-15T17:13:25","date_gmt":"2021-02-15T17:13:25","guid":{"rendered":"https:\/\/pprd.theramex.com\/ro\/?page_id=764"},"modified":"2025-10-29T13:14:22","modified_gmt":"2025-10-29T11:14:22","slug":"home","status":"publish","type":"page","link":"https:\/\/www.theramex.com\/ro\/","title":{"rendered":"O companie dedicat\u0103 s\u0103n\u0103t\u0103\u021bii femeii"},"content":{"rendered":"","protected":false},"excerpt":{"rendered":"","protected":false},"author":1,"featured_media":0,"parent":0,"menu_order":0,"comment_status":"closed","ping_status":"closed","template":"home.php","meta":{"_acf_changed":false,"inline_featured_image":false,"footnotes":""},"class_list":["post-764","page","type-page","status-publish","hentry"],"acf":[],"yoast_head":"<!-- This site is optimized with the Yoast SEO plugin v27.3 - https:\/\/yoast.com\/product\/yoast-seo-wordpress\/ -->\n<title>Theramex: O companie dedicat\u0103 s\u0103n\u0103t\u0103\u021bii femeii<\/title>\n<meta name=\"description\" content=\"Noi suntem Theramex, o companie farmaceutic\u0103 global\u0103 de specialitate, dedicat\u0103 exclusiv sprijinirii nevoilor privind s\u0103n\u0103tatea femeilor \u00een decursul fiec\u0103rui stadiu al vie\u021bii acestora.\" \/>\n<meta name=\"robots\" content=\"index, follow, max-snippet:-1, max-image-preview:large, max-video-preview:-1\" \/>\n<link rel=\"canonical\" href=\"https:\/\/www.theramex.com\/ro\/\" \/>\n<meta property=\"og:locale\" content=\"en_GB\" \/>\n<meta property=\"og:type\" content=\"article\" \/>\n<meta property=\"og:title\" content=\"Theramex: O companie dedicat\u0103 s\u0103n\u0103t\u0103\u021bii femeii\" \/>\n<meta property=\"og:description\" content=\"Noi suntem Theramex, o companie farmaceutic\u0103 global\u0103 de specialitate, dedicat\u0103 exclusiv sprijinirii nevoilor privind s\u0103n\u0103tatea femeilor \u00een decursul fiec\u0103rui stadiu al vie\u021bii acestora.\" \/>\n<meta property=\"og:url\" content=\"https:\/\/www.theramex.com\/ro\/\" \/>\n<meta property=\"og:site_name\" content=\"Theramex Romania\" \/>\n<meta property=\"article:modified_time\" content=\"2025-10-29T11:14:22+00:00\" \/>\n<meta name=\"twitter:card\" content=\"summary_large_image\" \/>\n<script type=\"application\/ld+json\" class=\"yoast-schema-graph\">{\"@context\":\"https:\\\/\\\/schema.org\",\"@graph\":[{\"@type\":\"WebPage\",\"@id\":\"https:\\\/\\\/www.theramex.com\\\/ro\\\/\",\"url\":\"https:\\\/\\\/www.theramex.com\\\/ro\\\/\",\"name\":\"Theramex: O companie dedicat\u0103 s\u0103n\u0103t\u0103\u021bii femeii\",\"isPartOf\":{\"@id\":\"https:\\\/\\\/www.theramex.com\\\/ro\\\/#website\"},\"datePublished\":\"2021-02-15T17:13:25+00:00\",\"dateModified\":\"2025-10-29T11:14:22+00:00\",\"description\":\"Noi suntem Theramex, o companie farmaceutic\u0103 global\u0103 de specialitate, dedicat\u0103 exclusiv sprijinirii nevoilor privind s\u0103n\u0103tatea femeilor \u00een decursul fiec\u0103rui stadiu al vie\u021bii acestora.\",\"breadcrumb\":{\"@id\":\"https:\\\/\\\/www.theramex.com\\\/ro\\\/#breadcrumb\"},\"inLanguage\":\"en-GB\",\"potentialAction\":[{\"@type\":\"ReadAction\",\"target\":[\"https:\\\/\\\/www.theramex.com\\\/ro\\\/\"]}]},{\"@type\":\"BreadcrumbList\",\"@id\":\"https:\\\/\\\/www.theramex.com\\\/ro\\\/#breadcrumb\",\"itemListElement\":[{\"@type\":\"ListItem\",\"position\":1,\"name\":\"Home\",\"item\":\"https:\\\/\\\/www.theramex.com\\\/ro\\\/\"},{\"@type\":\"ListItem\",\"position\":2,\"name\":\"O companie dedicat\u0103 s\u0103n\u0103t\u0103\u021bii femeii\"}]},{\"@type\":\"WebSite\",\"@id\":\"https:\\\/\\\/www.theramex.com\\\/ro\\\/#website\",\"url\":\"https:\\\/\\\/www.theramex.com\\\/ro\\\/\",\"name\":\"Theramex Romania\",\"description\":\"\",\"potentialAction\":[{\"@type\":\"SearchAction\",\"target\":{\"@type\":\"EntryPoint\",\"urlTemplate\":\"https:\\\/\\\/www.theramex.com\\\/ro\\\/?s={search_term_string}\"},\"query-input\":{\"@type\":\"PropertyValueSpecification\",\"valueRequired\":true,\"valueName\":\"search_term_string\"}}],\"inLanguage\":\"en-GB\"}]}<\/script>\n<!-- \/ Yoast SEO plugin. -->","yoast_head_json":{"title":"Theramex: O companie dedicat\u0103 s\u0103n\u0103t\u0103\u021bii femeii","description":"Noi suntem Theramex, o companie farmaceutic\u0103 global\u0103 de specialitate, dedicat\u0103 exclusiv sprijinirii nevoilor privind s\u0103n\u0103tatea femeilor \u00een decursul fiec\u0103rui stadiu al vie\u021bii acestora.","robots":{"index":"index","follow":"follow","max-snippet":"max-snippet:-1","max-image-preview":"max-image-preview:large","max-video-preview":"max-video-preview:-1"},"canonical":"https:\/\/www.theramex.com\/ro\/","og_locale":"en_GB","og_type":"article","og_title":"Theramex: O companie dedicat\u0103 s\u0103n\u0103t\u0103\u021bii femeii","og_description":"Noi suntem Theramex, o companie farmaceutic\u0103 global\u0103 de specialitate, dedicat\u0103 exclusiv sprijinirii nevoilor privind s\u0103n\u0103tatea femeilor \u00een decursul fiec\u0103rui stadiu al vie\u021bii acestora.","og_url":"https:\/\/www.theramex.com\/ro\/","og_site_name":"Theramex Romania","article_modified_time":"2025-10-29T11:14:22+00:00","twitter_card":"summary_large_image","schema":{"@context":"https:\/\/schema.org","@graph":[{"@type":"WebPage","@id":"https:\/\/www.theramex.com\/ro\/","url":"https:\/\/www.theramex.com\/ro\/","name":"Theramex: O companie dedicat\u0103 s\u0103n\u0103t\u0103\u021bii femeii","isPartOf":{"@id":"https:\/\/www.theramex.com\/ro\/#website"},"datePublished":"2021-02-15T17:13:25+00:00","dateModified":"2025-10-29T11:14:22+00:00","description":"Noi suntem Theramex, o companie farmaceutic\u0103 global\u0103 de specialitate, dedicat\u0103 exclusiv sprijinirii nevoilor privind s\u0103n\u0103tatea femeilor \u00een decursul fiec\u0103rui stadiu al vie\u021bii acestora.","breadcrumb":{"@id":"https:\/\/www.theramex.com\/ro\/#breadcrumb"},"inLanguage":"en-GB","potentialAction":[{"@type":"ReadAction","target":["https:\/\/www.theramex.com\/ro\/"]}]},{"@type":"BreadcrumbList","@id":"https:\/\/www.theramex.com\/ro\/#breadcrumb","itemListElement":[{"@type":"ListItem","position":1,"name":"Home","item":"https:\/\/www.theramex.com\/ro\/"},{"@type":"ListItem","position":2,"name":"O companie dedicat\u0103 s\u0103n\u0103t\u0103\u021bii femeii"}]},{"@type":"WebSite","@id":"https:\/\/www.theramex.com\/ro\/#website","url":"https:\/\/www.theramex.com\/ro\/","name":"Theramex Romania","description":"","potentialAction":[{"@type":"SearchAction","target":{"@type":"EntryPoint","urlTemplate":"https:\/\/www.theramex.com\/ro\/?s={search_term_string}"},"query-input":{"@type":"PropertyValueSpecification","valueRequired":true,"valueName":"search_term_string"}}],"inLanguage":"en-GB"}]}},"_links":{"self":[{"href":"https:\/\/www.theramex.com\/ro\/wp-json\/wp\/v2\/pages\/764","targetHints":{"allow":["GET"]}}],"collection":[{"href":"https:\/\/www.theramex.com\/ro\/wp-json\/wp\/v2\/pages"}],"about":[{"href":"https:\/\/www.theramex.com\/ro\/wp-json\/wp\/v2\/types\/page"}],"author":[{"embeddable":true,"href":"https:\/\/www.theramex.com\/ro\/wp-json\/wp\/v2\/users\/1"}],"replies":[{"embeddable":true,"href":"https:\/\/www.theramex.com\/ro\/wp-json\/wp\/v2\/comments?post=764"}],"version-history":[{"count":38,"href":"https:\/\/www.theramex.com\/ro\/wp-json\/wp\/v2\/pages\/764\/revisions"}],"predecessor-version":[{"id":1931,"href":"https:\/\/www.theramex.com\/ro\/wp-json\/wp\/v2\/pages\/764\/revisions\/1931"}],"wp:attachment":[{"href":"https:\/\/www.theramex.com\/ro\/wp-json\/wp\/v2\/media?parent=764"}],"curies":[{"name":"wp","href":"https:\/\/api.w.org\/{rel}","templated":true}]}}