{"id":315,"date":"2021-02-09T18:21:00","date_gmt":"2021-02-09T18:21:00","guid":{"rendered":"https:\/\/pprd.theramex.com\/ro\/?page_id=315"},"modified":"2025-10-29T13:30:23","modified_gmt":"2025-10-29T11:30:23","slug":"cariere","status":"publish","type":"page","link":"https:\/\/www.theramex.com\/ro\/cariere\/","title":{"rendered":"Cariere"},"content":{"rendered":"\n<figure class=\"wp-block-table\"><table><tbody><tr><td><\/td><\/tr><\/tbody><\/table><\/figure>\n\n\n\n<figure class=\"wp-block-table\"><table><tbody><tr><td><\/td><\/tr><\/tbody><\/table><\/figure>\n","protected":false},"excerpt":{"rendered":"","protected":false},"author":1,"featured_media":0,"parent":0,"menu_order":0,"comment_status":"closed","ping_status":"closed","template":"careers.php","meta":{"_acf_changed":false,"inline_featured_image":false,"footnotes":""},"class_list":["post-315","page","type-page","status-publish","hentry"],"acf":[],"yoast_head":"<!-- This site is optimized with the Yoast SEO plugin v27.3 - https:\/\/yoast.com\/product\/yoast-seo-wordpress\/ -->\n<title>Colabora\u021bi cu noi<\/title>\n<meta name=\"description\" content=\"Theramex ofer\u0103 \u00een prezent un portofoliu de produse \u00een peste 80 de \u021b\u0103ri, \u00een patru domenii terapeutice. V\u0103 a\u0219tept\u0103m pentru a lua parte la c\u0103l\u0103toria noastr\u0103 captivant\u0103\" \/>\n<meta name=\"robots\" content=\"index, follow, max-snippet:-1, max-image-preview:large, max-video-preview:-1\" \/>\n<link rel=\"canonical\" href=\"https:\/\/www.theramex.com\/ro\/cariere\/\" \/>\n<meta property=\"og:locale\" content=\"en_GB\" \/>\n<meta property=\"og:type\" content=\"article\" \/>\n<meta property=\"og:title\" content=\"Colabora\u021bi cu noi\" \/>\n<meta property=\"og:description\" content=\"Theramex ofer\u0103 \u00een prezent un portofoliu de produse \u00een peste 80 de \u021b\u0103ri, \u00een patru domenii terapeutice. V\u0103 a\u0219tept\u0103m pentru a lua parte la c\u0103l\u0103toria noastr\u0103 captivant\u0103\" \/>\n<meta property=\"og:url\" content=\"https:\/\/www.theramex.com\/ro\/cariere\/\" \/>\n<meta property=\"og:site_name\" content=\"Theramex Romania\" \/>\n<meta property=\"article:modified_time\" content=\"2025-10-29T11:30:23+00:00\" \/>\n<meta name=\"twitter:card\" content=\"summary_large_image\" \/>\n<script type=\"application\/ld+json\" class=\"yoast-schema-graph\">{\"@context\":\"https:\\\/\\\/schema.org\",\"@graph\":[{\"@type\":\"WebPage\",\"@id\":\"https:\\\/\\\/www.theramex.com\\\/ro\\\/cariere\\\/\",\"url\":\"https:\\\/\\\/www.theramex.com\\\/ro\\\/cariere\\\/\",\"name\":\"Colabora\u021bi cu noi\",\"isPartOf\":{\"@id\":\"https:\\\/\\\/www.theramex.com\\\/ro\\\/#website\"},\"datePublished\":\"2021-02-09T18:21:00+00:00\",\"dateModified\":\"2025-10-29T11:30:23+00:00\",\"description\":\"Theramex ofer\u0103 \u00een prezent un portofoliu de produse \u00een peste 80 de \u021b\u0103ri, \u00een patru domenii terapeutice. V\u0103 a\u0219tept\u0103m pentru a lua parte la c\u0103l\u0103toria noastr\u0103 captivant\u0103\",\"breadcrumb\":{\"@id\":\"https:\\\/\\\/www.theramex.com\\\/ro\\\/cariere\\\/#breadcrumb\"},\"inLanguage\":\"en-GB\",\"potentialAction\":[{\"@type\":\"ReadAction\",\"target\":[\"https:\\\/\\\/www.theramex.com\\\/ro\\\/cariere\\\/\"]}]},{\"@type\":\"BreadcrumbList\",\"@id\":\"https:\\\/\\\/www.theramex.com\\\/ro\\\/cariere\\\/#breadcrumb\",\"itemListElement\":[{\"@type\":\"ListItem\",\"position\":1,\"name\":\"Home\",\"item\":\"https:\\\/\\\/www.theramex.com\\\/ro\\\/\"},{\"@type\":\"ListItem\",\"position\":2,\"name\":\"Cariere\"}]},{\"@type\":\"WebSite\",\"@id\":\"https:\\\/\\\/www.theramex.com\\\/ro\\\/#website\",\"url\":\"https:\\\/\\\/www.theramex.com\\\/ro\\\/\",\"name\":\"Theramex Romania\",\"description\":\"\",\"potentialAction\":[{\"@type\":\"SearchAction\",\"target\":{\"@type\":\"EntryPoint\",\"urlTemplate\":\"https:\\\/\\\/www.theramex.com\\\/ro\\\/?s={search_term_string}\"},\"query-input\":{\"@type\":\"PropertyValueSpecification\",\"valueRequired\":true,\"valueName\":\"search_term_string\"}}],\"inLanguage\":\"en-GB\"}]}<\/script>\n<!-- \/ Yoast SEO plugin. -->","yoast_head_json":{"title":"Colabora\u021bi cu noi","description":"Theramex ofer\u0103 \u00een prezent un portofoliu de produse \u00een peste 80 de \u021b\u0103ri, \u00een patru domenii terapeutice. V\u0103 a\u0219tept\u0103m pentru a lua parte la c\u0103l\u0103toria noastr\u0103 captivant\u0103","robots":{"index":"index","follow":"follow","max-snippet":"max-snippet:-1","max-image-preview":"max-image-preview:large","max-video-preview":"max-video-preview:-1"},"canonical":"https:\/\/www.theramex.com\/ro\/cariere\/","og_locale":"en_GB","og_type":"article","og_title":"Colabora\u021bi cu noi","og_description":"Theramex ofer\u0103 \u00een prezent un portofoliu de produse \u00een peste 80 de \u021b\u0103ri, \u00een patru domenii terapeutice. V\u0103 a\u0219tept\u0103m pentru a lua parte la c\u0103l\u0103toria noastr\u0103 captivant\u0103","og_url":"https:\/\/www.theramex.com\/ro\/cariere\/","og_site_name":"Theramex Romania","article_modified_time":"2025-10-29T11:30:23+00:00","twitter_card":"summary_large_image","schema":{"@context":"https:\/\/schema.org","@graph":[{"@type":"WebPage","@id":"https:\/\/www.theramex.com\/ro\/cariere\/","url":"https:\/\/www.theramex.com\/ro\/cariere\/","name":"Colabora\u021bi cu noi","isPartOf":{"@id":"https:\/\/www.theramex.com\/ro\/#website"},"datePublished":"2021-02-09T18:21:00+00:00","dateModified":"2025-10-29T11:30:23+00:00","description":"Theramex ofer\u0103 \u00een prezent un portofoliu de produse \u00een peste 80 de \u021b\u0103ri, \u00een patru domenii terapeutice. V\u0103 a\u0219tept\u0103m pentru a lua parte la c\u0103l\u0103toria noastr\u0103 captivant\u0103","breadcrumb":{"@id":"https:\/\/www.theramex.com\/ro\/cariere\/#breadcrumb"},"inLanguage":"en-GB","potentialAction":[{"@type":"ReadAction","target":["https:\/\/www.theramex.com\/ro\/cariere\/"]}]},{"@type":"BreadcrumbList","@id":"https:\/\/www.theramex.com\/ro\/cariere\/#breadcrumb","itemListElement":[{"@type":"ListItem","position":1,"name":"Home","item":"https:\/\/www.theramex.com\/ro\/"},{"@type":"ListItem","position":2,"name":"Cariere"}]},{"@type":"WebSite","@id":"https:\/\/www.theramex.com\/ro\/#website","url":"https:\/\/www.theramex.com\/ro\/","name":"Theramex Romania","description":"","potentialAction":[{"@type":"SearchAction","target":{"@type":"EntryPoint","urlTemplate":"https:\/\/www.theramex.com\/ro\/?s={search_term_string}"},"query-input":{"@type":"PropertyValueSpecification","valueRequired":true,"valueName":"search_term_string"}}],"inLanguage":"en-GB"}]}},"_links":{"self":[{"href":"https:\/\/www.theramex.com\/ro\/wp-json\/wp\/v2\/pages\/315","targetHints":{"allow":["GET"]}}],"collection":[{"href":"https:\/\/www.theramex.com\/ro\/wp-json\/wp\/v2\/pages"}],"about":[{"href":"https:\/\/www.theramex.com\/ro\/wp-json\/wp\/v2\/types\/page"}],"author":[{"embeddable":true,"href":"https:\/\/www.theramex.com\/ro\/wp-json\/wp\/v2\/users\/1"}],"replies":[{"embeddable":true,"href":"https:\/\/www.theramex.com\/ro\/wp-json\/wp\/v2\/comments?post=315"}],"version-history":[{"count":66,"href":"https:\/\/www.theramex.com\/ro\/wp-json\/wp\/v2\/pages\/315\/revisions"}],"predecessor-version":[{"id":1938,"href":"https:\/\/www.theramex.com\/ro\/wp-json\/wp\/v2\/pages\/315\/revisions\/1938"}],"wp:attachment":[{"href":"https:\/\/www.theramex.com\/ro\/wp-json\/wp\/v2\/media?parent=315"}],"curies":[{"name":"wp","href":"https:\/\/api.w.org\/{rel}","templated":true}]}}