{"id":214,"date":"2021-02-05T20:12:22","date_gmt":"2021-02-05T18:12:22","guid":{"rendered":"https:\/\/pprd.theramex.com\/ro\/?page_id=214"},"modified":"2025-10-29T13:28:54","modified_gmt":"2025-10-29T11:28:54","slug":"partenerii","status":"publish","type":"page","link":"https:\/\/www.theramex.com\/ro\/partenerii\/","title":{"rendered":"Lucr\u0103m \u00eempreun\u0103 pentru a \u00eembun\u0103t\u0103\u021bi vie\u021bile femeilor din \u00eentreaga lume"},"content":{"rendered":"","protected":false},"excerpt":{"rendered":"","protected":false},"author":1,"featured_media":0,"parent":0,"menu_order":0,"comment_status":"closed","ping_status":"closed","template":"partners.php","meta":{"_acf_changed":false,"inline_featured_image":false,"footnotes":""},"class_list":["post-214","page","type-page","status-publish","hentry"],"acf":[],"yoast_head":"<!-- This site is optimized with the Yoast SEO plugin v27.3 - https:\/\/yoast.com\/product\/yoast-seo-wordpress\/ -->\n<title>Partner with us - Theramex Romania<\/title>\n<meta name=\"description\" content=\"Theramex is a leading global pharmaceutical company dedicated to supporting women&#039;s health needs. We welcome value-driven collaborative partnerships.\" \/>\n<meta name=\"robots\" content=\"index, follow, max-snippet:-1, max-image-preview:large, max-video-preview:-1\" \/>\n<link rel=\"canonical\" href=\"https:\/\/www.theramex.com\/ro\/partenerii\/\" \/>\n<meta property=\"og:locale\" content=\"en_GB\" \/>\n<meta property=\"og:type\" content=\"article\" \/>\n<meta property=\"og:title\" content=\"Partner with us - Theramex Romania\" \/>\n<meta property=\"og:description\" content=\"Theramex is a leading global pharmaceutical company dedicated to supporting women&#039;s health needs. We welcome value-driven collaborative partnerships.\" \/>\n<meta property=\"og:url\" content=\"https:\/\/www.theramex.com\/ro\/partenerii\/\" \/>\n<meta property=\"og:site_name\" content=\"Theramex Romania\" \/>\n<meta property=\"article:modified_time\" content=\"2025-10-29T11:28:54+00:00\" \/>\n<meta name=\"twitter:card\" content=\"summary_large_image\" \/>\n<script type=\"application\/ld+json\" class=\"yoast-schema-graph\">{\"@context\":\"https:\\\/\\\/schema.org\",\"@graph\":[{\"@type\":\"WebPage\",\"@id\":\"https:\\\/\\\/www.theramex.com\\\/ro\\\/partenerii\\\/\",\"url\":\"https:\\\/\\\/www.theramex.com\\\/ro\\\/partenerii\\\/\",\"name\":\"Partner with us - Theramex Romania\",\"isPartOf\":{\"@id\":\"https:\\\/\\\/www.theramex.com\\\/ro\\\/#website\"},\"datePublished\":\"2021-02-05T18:12:22+00:00\",\"dateModified\":\"2025-10-29T11:28:54+00:00\",\"description\":\"Theramex is a leading global pharmaceutical company dedicated to supporting women's health needs. We welcome value-driven collaborative partnerships.\",\"breadcrumb\":{\"@id\":\"https:\\\/\\\/www.theramex.com\\\/ro\\\/partenerii\\\/#breadcrumb\"},\"inLanguage\":\"en-GB\",\"potentialAction\":[{\"@type\":\"ReadAction\",\"target\":[\"https:\\\/\\\/www.theramex.com\\\/ro\\\/partenerii\\\/\"]}]},{\"@type\":\"BreadcrumbList\",\"@id\":\"https:\\\/\\\/www.theramex.com\\\/ro\\\/partenerii\\\/#breadcrumb\",\"itemListElement\":[{\"@type\":\"ListItem\",\"position\":1,\"name\":\"Home\",\"item\":\"https:\\\/\\\/www.theramex.com\\\/ro\\\/\"},{\"@type\":\"ListItem\",\"position\":2,\"name\":\"Lucr\u0103m \u00eempreun\u0103 pentru a \u00eembun\u0103t\u0103\u021bi vie\u021bile femeilor din \u00eentreaga lume\"}]},{\"@type\":\"WebSite\",\"@id\":\"https:\\\/\\\/www.theramex.com\\\/ro\\\/#website\",\"url\":\"https:\\\/\\\/www.theramex.com\\\/ro\\\/\",\"name\":\"Theramex Romania\",\"description\":\"\",\"potentialAction\":[{\"@type\":\"SearchAction\",\"target\":{\"@type\":\"EntryPoint\",\"urlTemplate\":\"https:\\\/\\\/www.theramex.com\\\/ro\\\/?s={search_term_string}\"},\"query-input\":{\"@type\":\"PropertyValueSpecification\",\"valueRequired\":true,\"valueName\":\"search_term_string\"}}],\"inLanguage\":\"en-GB\"}]}<\/script>\n<!-- \/ Yoast SEO plugin. -->","yoast_head_json":{"title":"Partner with us - Theramex Romania","description":"Theramex is a leading global pharmaceutical company dedicated to supporting women's health needs. We welcome value-driven collaborative partnerships.","robots":{"index":"index","follow":"follow","max-snippet":"max-snippet:-1","max-image-preview":"max-image-preview:large","max-video-preview":"max-video-preview:-1"},"canonical":"https:\/\/www.theramex.com\/ro\/partenerii\/","og_locale":"en_GB","og_type":"article","og_title":"Partner with us - Theramex Romania","og_description":"Theramex is a leading global pharmaceutical company dedicated to supporting women's health needs. We welcome value-driven collaborative partnerships.","og_url":"https:\/\/www.theramex.com\/ro\/partenerii\/","og_site_name":"Theramex Romania","article_modified_time":"2025-10-29T11:28:54+00:00","twitter_card":"summary_large_image","schema":{"@context":"https:\/\/schema.org","@graph":[{"@type":"WebPage","@id":"https:\/\/www.theramex.com\/ro\/partenerii\/","url":"https:\/\/www.theramex.com\/ro\/partenerii\/","name":"Partner with us - Theramex Romania","isPartOf":{"@id":"https:\/\/www.theramex.com\/ro\/#website"},"datePublished":"2021-02-05T18:12:22+00:00","dateModified":"2025-10-29T11:28:54+00:00","description":"Theramex is a leading global pharmaceutical company dedicated to supporting women's health needs. We welcome value-driven collaborative partnerships.","breadcrumb":{"@id":"https:\/\/www.theramex.com\/ro\/partenerii\/#breadcrumb"},"inLanguage":"en-GB","potentialAction":[{"@type":"ReadAction","target":["https:\/\/www.theramex.com\/ro\/partenerii\/"]}]},{"@type":"BreadcrumbList","@id":"https:\/\/www.theramex.com\/ro\/partenerii\/#breadcrumb","itemListElement":[{"@type":"ListItem","position":1,"name":"Home","item":"https:\/\/www.theramex.com\/ro\/"},{"@type":"ListItem","position":2,"name":"Lucr\u0103m \u00eempreun\u0103 pentru a \u00eembun\u0103t\u0103\u021bi vie\u021bile femeilor din \u00eentreaga lume"}]},{"@type":"WebSite","@id":"https:\/\/www.theramex.com\/ro\/#website","url":"https:\/\/www.theramex.com\/ro\/","name":"Theramex Romania","description":"","potentialAction":[{"@type":"SearchAction","target":{"@type":"EntryPoint","urlTemplate":"https:\/\/www.theramex.com\/ro\/?s={search_term_string}"},"query-input":{"@type":"PropertyValueSpecification","valueRequired":true,"valueName":"search_term_string"}}],"inLanguage":"en-GB"}]}},"_links":{"self":[{"href":"https:\/\/www.theramex.com\/ro\/wp-json\/wp\/v2\/pages\/214","targetHints":{"allow":["GET"]}}],"collection":[{"href":"https:\/\/www.theramex.com\/ro\/wp-json\/wp\/v2\/pages"}],"about":[{"href":"https:\/\/www.theramex.com\/ro\/wp-json\/wp\/v2\/types\/page"}],"author":[{"embeddable":true,"href":"https:\/\/www.theramex.com\/ro\/wp-json\/wp\/v2\/users\/1"}],"replies":[{"embeddable":true,"href":"https:\/\/www.theramex.com\/ro\/wp-json\/wp\/v2\/comments?post=214"}],"version-history":[{"count":48,"href":"https:\/\/www.theramex.com\/ro\/wp-json\/wp\/v2\/pages\/214\/revisions"}],"predecessor-version":[{"id":1936,"href":"https:\/\/www.theramex.com\/ro\/wp-json\/wp\/v2\/pages\/214\/revisions\/1936"}],"wp:attachment":[{"href":"https:\/\/www.theramex.com\/ro\/wp-json\/wp\/v2\/media?parent=214"}],"curies":[{"name":"wp","href":"https:\/\/api.w.org\/{rel}","templated":true}]}}