{"id":211,"date":"2021-02-05T20:08:23","date_gmt":"2021-02-05T20:08:23","guid":{"rendered":"https:\/\/pprd.theramex.com\/ro\/?page_id=211"},"modified":"2025-10-29T13:29:31","modified_gmt":"2025-10-29T11:29:31","slug":"istoricul-companiei","status":"publish","type":"page","link":"https:\/\/www.theramex.com\/ro\/istoricul-companiei\/","title":{"rendered":"Istoricul companiei"},"content":{"rendered":"","protected":false},"excerpt":{"rendered":"","protected":false},"author":1,"featured_media":0,"parent":0,"menu_order":0,"comment_status":"closed","ping_status":"closed","template":"history.php","meta":{"_acf_changed":false,"inline_featured_image":false,"footnotes":""},"class_list":["post-211","page","type-page","status-publish","hentry"],"acf":[],"yoast_head":"<!-- This site is optimized with the Yoast SEO plugin v27.3 - https:\/\/yoast.com\/product\/yoast-seo-wordpress\/ -->\n<title>Istoricul nostru<\/title>\n<meta name=\"description\" content=\"Istoricul nostru. Theramex a devenit o companie farmaceutic\u0103 global\u0103 dedicat\u0103 s\u0103n\u0103t\u0103\u021bii femeilor \u00een peste optzeci de \u021b\u0103ri, pe cinci continente.\" \/>\n<meta name=\"robots\" content=\"index, follow, max-snippet:-1, max-image-preview:large, max-video-preview:-1\" \/>\n<link rel=\"canonical\" href=\"https:\/\/www.theramex.com\/ro\/istoricul-companiei\/\" \/>\n<meta property=\"og:locale\" content=\"en_GB\" \/>\n<meta property=\"og:type\" content=\"article\" \/>\n<meta property=\"og:title\" content=\"Istoricul nostru\" \/>\n<meta property=\"og:description\" content=\"Istoricul nostru. Theramex a devenit o companie farmaceutic\u0103 global\u0103 dedicat\u0103 s\u0103n\u0103t\u0103\u021bii femeilor \u00een peste optzeci de \u021b\u0103ri, pe cinci continente.\" \/>\n<meta property=\"og:url\" content=\"https:\/\/www.theramex.com\/ro\/istoricul-companiei\/\" \/>\n<meta property=\"og:site_name\" content=\"Theramex Romania\" \/>\n<meta property=\"article:modified_time\" content=\"2025-10-29T11:29:31+00:00\" \/>\n<meta name=\"twitter:card\" content=\"summary_large_image\" \/>\n<script type=\"application\/ld+json\" class=\"yoast-schema-graph\">{\"@context\":\"https:\\\/\\\/schema.org\",\"@graph\":[{\"@type\":\"WebPage\",\"@id\":\"https:\\\/\\\/www.theramex.com\\\/ro\\\/istoricul-companiei\\\/\",\"url\":\"https:\\\/\\\/www.theramex.com\\\/ro\\\/istoricul-companiei\\\/\",\"name\":\"Istoricul nostru\",\"isPartOf\":{\"@id\":\"https:\\\/\\\/www.theramex.com\\\/ro\\\/#website\"},\"datePublished\":\"2021-02-05T20:08:23+00:00\",\"dateModified\":\"2025-10-29T11:29:31+00:00\",\"description\":\"Istoricul nostru. Theramex a devenit o companie farmaceutic\u0103 global\u0103 dedicat\u0103 s\u0103n\u0103t\u0103\u021bii femeilor \u00een peste optzeci de \u021b\u0103ri, pe cinci continente.\",\"breadcrumb\":{\"@id\":\"https:\\\/\\\/www.theramex.com\\\/ro\\\/istoricul-companiei\\\/#breadcrumb\"},\"inLanguage\":\"en-GB\",\"potentialAction\":[{\"@type\":\"ReadAction\",\"target\":[\"https:\\\/\\\/www.theramex.com\\\/ro\\\/istoricul-companiei\\\/\"]}]},{\"@type\":\"BreadcrumbList\",\"@id\":\"https:\\\/\\\/www.theramex.com\\\/ro\\\/istoricul-companiei\\\/#breadcrumb\",\"itemListElement\":[{\"@type\":\"ListItem\",\"position\":1,\"name\":\"Home\",\"item\":\"https:\\\/\\\/www.theramex.com\\\/ro\\\/\"},{\"@type\":\"ListItem\",\"position\":2,\"name\":\"Istoricul companiei\"}]},{\"@type\":\"WebSite\",\"@id\":\"https:\\\/\\\/www.theramex.com\\\/ro\\\/#website\",\"url\":\"https:\\\/\\\/www.theramex.com\\\/ro\\\/\",\"name\":\"Theramex Romania\",\"description\":\"\",\"potentialAction\":[{\"@type\":\"SearchAction\",\"target\":{\"@type\":\"EntryPoint\",\"urlTemplate\":\"https:\\\/\\\/www.theramex.com\\\/ro\\\/?s={search_term_string}\"},\"query-input\":{\"@type\":\"PropertyValueSpecification\",\"valueRequired\":true,\"valueName\":\"search_term_string\"}}],\"inLanguage\":\"en-GB\"}]}<\/script>\n<!-- \/ Yoast SEO plugin. -->","yoast_head_json":{"title":"Istoricul nostru","description":"Istoricul nostru. Theramex a devenit o companie farmaceutic\u0103 global\u0103 dedicat\u0103 s\u0103n\u0103t\u0103\u021bii femeilor \u00een peste optzeci de \u021b\u0103ri, pe cinci continente.","robots":{"index":"index","follow":"follow","max-snippet":"max-snippet:-1","max-image-preview":"max-image-preview:large","max-video-preview":"max-video-preview:-1"},"canonical":"https:\/\/www.theramex.com\/ro\/istoricul-companiei\/","og_locale":"en_GB","og_type":"article","og_title":"Istoricul nostru","og_description":"Istoricul nostru. Theramex a devenit o companie farmaceutic\u0103 global\u0103 dedicat\u0103 s\u0103n\u0103t\u0103\u021bii femeilor \u00een peste optzeci de \u021b\u0103ri, pe cinci continente.","og_url":"https:\/\/www.theramex.com\/ro\/istoricul-companiei\/","og_site_name":"Theramex Romania","article_modified_time":"2025-10-29T11:29:31+00:00","twitter_card":"summary_large_image","schema":{"@context":"https:\/\/schema.org","@graph":[{"@type":"WebPage","@id":"https:\/\/www.theramex.com\/ro\/istoricul-companiei\/","url":"https:\/\/www.theramex.com\/ro\/istoricul-companiei\/","name":"Istoricul nostru","isPartOf":{"@id":"https:\/\/www.theramex.com\/ro\/#website"},"datePublished":"2021-02-05T20:08:23+00:00","dateModified":"2025-10-29T11:29:31+00:00","description":"Istoricul nostru. Theramex a devenit o companie farmaceutic\u0103 global\u0103 dedicat\u0103 s\u0103n\u0103t\u0103\u021bii femeilor \u00een peste optzeci de \u021b\u0103ri, pe cinci continente.","breadcrumb":{"@id":"https:\/\/www.theramex.com\/ro\/istoricul-companiei\/#breadcrumb"},"inLanguage":"en-GB","potentialAction":[{"@type":"ReadAction","target":["https:\/\/www.theramex.com\/ro\/istoricul-companiei\/"]}]},{"@type":"BreadcrumbList","@id":"https:\/\/www.theramex.com\/ro\/istoricul-companiei\/#breadcrumb","itemListElement":[{"@type":"ListItem","position":1,"name":"Home","item":"https:\/\/www.theramex.com\/ro\/"},{"@type":"ListItem","position":2,"name":"Istoricul companiei"}]},{"@type":"WebSite","@id":"https:\/\/www.theramex.com\/ro\/#website","url":"https:\/\/www.theramex.com\/ro\/","name":"Theramex Romania","description":"","potentialAction":[{"@type":"SearchAction","target":{"@type":"EntryPoint","urlTemplate":"https:\/\/www.theramex.com\/ro\/?s={search_term_string}"},"query-input":{"@type":"PropertyValueSpecification","valueRequired":true,"valueName":"search_term_string"}}],"inLanguage":"en-GB"}]}},"_links":{"self":[{"href":"https:\/\/www.theramex.com\/ro\/wp-json\/wp\/v2\/pages\/211","targetHints":{"allow":["GET"]}}],"collection":[{"href":"https:\/\/www.theramex.com\/ro\/wp-json\/wp\/v2\/pages"}],"about":[{"href":"https:\/\/www.theramex.com\/ro\/wp-json\/wp\/v2\/types\/page"}],"author":[{"embeddable":true,"href":"https:\/\/www.theramex.com\/ro\/wp-json\/wp\/v2\/users\/1"}],"replies":[{"embeddable":true,"href":"https:\/\/www.theramex.com\/ro\/wp-json\/wp\/v2\/comments?post=211"}],"version-history":[{"count":19,"href":"https:\/\/www.theramex.com\/ro\/wp-json\/wp\/v2\/pages\/211\/revisions"}],"predecessor-version":[{"id":1937,"href":"https:\/\/www.theramex.com\/ro\/wp-json\/wp\/v2\/pages\/211\/revisions\/1937"}],"wp:attachment":[{"href":"https:\/\/www.theramex.com\/ro\/wp-json\/wp\/v2\/media?parent=211"}],"curies":[{"name":"wp","href":"https:\/\/api.w.org\/{rel}","templated":true}]}}