{"id":15,"date":"2021-02-01T13:04:35","date_gmt":"2021-02-01T13:04:35","guid":{"rendered":"http:\/\/theramex.local\/?page_id=15"},"modified":"2025-10-29T13:28:20","modified_gmt":"2025-10-29T11:28:20","slug":"echipa-noastra-de-conducere","status":"publish","type":"page","link":"https:\/\/www.theramex.com\/ro\/echipa-noastra-de-conducere\/","title":{"rendered":"Echipa noastr\u0103 de conducere"},"content":{"rendered":"","protected":false},"excerpt":{"rendered":"","protected":false},"author":1,"featured_media":0,"parent":0,"menu_order":0,"comment_status":"closed","ping_status":"closed","template":"leadership.php","meta":{"_acf_changed":false,"inline_featured_image":false,"footnotes":""},"class_list":["post-15","page","type-page","status-publish","hentry"],"acf":[],"yoast_head":"<!-- This site is optimized with the Yoast SEO plugin v27.3 - https:\/\/yoast.com\/product\/yoast-seo-wordpress\/ -->\n<title>Echipa noastr\u0103 de conducere<\/title>\n<meta name=\"description\" content=\"V\u0103 prezent\u0103m echipa de conducere a Theramex, compus\u0103 din profesioni\u0219ti talenta\u021bi \u0219i experimenta\u021bi, dedica\u021bi s\u0103n\u0103t\u0103\u021bii femeii. Directorul executiv Robert Stewart conduce compania de la sediul din Londra.\" \/>\n<meta name=\"robots\" content=\"index, follow, max-snippet:-1, max-image-preview:large, max-video-preview:-1\" \/>\n<link rel=\"canonical\" href=\"https:\/\/www.theramex.com\/ro\/echipa-noastra-de-conducere\/\" \/>\n<meta property=\"og:locale\" content=\"en_GB\" \/>\n<meta property=\"og:type\" content=\"article\" \/>\n<meta property=\"og:title\" content=\"Echipa noastr\u0103 de conducere\" \/>\n<meta property=\"og:description\" content=\"V\u0103 prezent\u0103m echipa de conducere a Theramex, compus\u0103 din profesioni\u0219ti talenta\u021bi \u0219i experimenta\u021bi, dedica\u021bi s\u0103n\u0103t\u0103\u021bii femeii. Directorul executiv Robert Stewart conduce compania de la sediul din Londra.\" \/>\n<meta property=\"og:url\" content=\"https:\/\/www.theramex.com\/ro\/echipa-noastra-de-conducere\/\" \/>\n<meta property=\"og:site_name\" content=\"Theramex Romania\" \/>\n<meta property=\"article:modified_time\" content=\"2025-10-29T11:28:20+00:00\" \/>\n<meta name=\"twitter:card\" content=\"summary_large_image\" \/>\n<script type=\"application\/ld+json\" class=\"yoast-schema-graph\">{\"@context\":\"https:\\\/\\\/schema.org\",\"@graph\":[{\"@type\":\"WebPage\",\"@id\":\"https:\\\/\\\/www.theramex.com\\\/ro\\\/echipa-noastra-de-conducere\\\/\",\"url\":\"https:\\\/\\\/www.theramex.com\\\/ro\\\/echipa-noastra-de-conducere\\\/\",\"name\":\"Echipa noastr\u0103 de conducere\",\"isPartOf\":{\"@id\":\"https:\\\/\\\/www.theramex.com\\\/ro\\\/#website\"},\"datePublished\":\"2021-02-01T13:04:35+00:00\",\"dateModified\":\"2025-10-29T11:28:20+00:00\",\"description\":\"V\u0103 prezent\u0103m echipa de conducere a Theramex, compus\u0103 din profesioni\u0219ti talenta\u021bi \u0219i experimenta\u021bi, dedica\u021bi s\u0103n\u0103t\u0103\u021bii femeii. Directorul executiv Robert Stewart conduce compania de la sediul din Londra.\",\"breadcrumb\":{\"@id\":\"https:\\\/\\\/www.theramex.com\\\/ro\\\/echipa-noastra-de-conducere\\\/#breadcrumb\"},\"inLanguage\":\"en-GB\",\"potentialAction\":[{\"@type\":\"ReadAction\",\"target\":[\"https:\\\/\\\/www.theramex.com\\\/ro\\\/echipa-noastra-de-conducere\\\/\"]}]},{\"@type\":\"BreadcrumbList\",\"@id\":\"https:\\\/\\\/www.theramex.com\\\/ro\\\/echipa-noastra-de-conducere\\\/#breadcrumb\",\"itemListElement\":[{\"@type\":\"ListItem\",\"position\":1,\"name\":\"Home\",\"item\":\"https:\\\/\\\/www.theramex.com\\\/ro\\\/\"},{\"@type\":\"ListItem\",\"position\":2,\"name\":\"Echipa noastr\u0103 de conducere\"}]},{\"@type\":\"WebSite\",\"@id\":\"https:\\\/\\\/www.theramex.com\\\/ro\\\/#website\",\"url\":\"https:\\\/\\\/www.theramex.com\\\/ro\\\/\",\"name\":\"Theramex Romania\",\"description\":\"\",\"potentialAction\":[{\"@type\":\"SearchAction\",\"target\":{\"@type\":\"EntryPoint\",\"urlTemplate\":\"https:\\\/\\\/www.theramex.com\\\/ro\\\/?s={search_term_string}\"},\"query-input\":{\"@type\":\"PropertyValueSpecification\",\"valueRequired\":true,\"valueName\":\"search_term_string\"}}],\"inLanguage\":\"en-GB\"}]}<\/script>\n<!-- \/ Yoast SEO plugin. -->","yoast_head_json":{"title":"Echipa noastr\u0103 de conducere","description":"V\u0103 prezent\u0103m echipa de conducere a Theramex, compus\u0103 din profesioni\u0219ti talenta\u021bi \u0219i experimenta\u021bi, dedica\u021bi s\u0103n\u0103t\u0103\u021bii femeii. Directorul executiv Robert Stewart conduce compania de la sediul din Londra.","robots":{"index":"index","follow":"follow","max-snippet":"max-snippet:-1","max-image-preview":"max-image-preview:large","max-video-preview":"max-video-preview:-1"},"canonical":"https:\/\/www.theramex.com\/ro\/echipa-noastra-de-conducere\/","og_locale":"en_GB","og_type":"article","og_title":"Echipa noastr\u0103 de conducere","og_description":"V\u0103 prezent\u0103m echipa de conducere a Theramex, compus\u0103 din profesioni\u0219ti talenta\u021bi \u0219i experimenta\u021bi, dedica\u021bi s\u0103n\u0103t\u0103\u021bii femeii. Directorul executiv Robert Stewart conduce compania de la sediul din Londra.","og_url":"https:\/\/www.theramex.com\/ro\/echipa-noastra-de-conducere\/","og_site_name":"Theramex Romania","article_modified_time":"2025-10-29T11:28:20+00:00","twitter_card":"summary_large_image","schema":{"@context":"https:\/\/schema.org","@graph":[{"@type":"WebPage","@id":"https:\/\/www.theramex.com\/ro\/echipa-noastra-de-conducere\/","url":"https:\/\/www.theramex.com\/ro\/echipa-noastra-de-conducere\/","name":"Echipa noastr\u0103 de conducere","isPartOf":{"@id":"https:\/\/www.theramex.com\/ro\/#website"},"datePublished":"2021-02-01T13:04:35+00:00","dateModified":"2025-10-29T11:28:20+00:00","description":"V\u0103 prezent\u0103m echipa de conducere a Theramex, compus\u0103 din profesioni\u0219ti talenta\u021bi \u0219i experimenta\u021bi, dedica\u021bi s\u0103n\u0103t\u0103\u021bii femeii. Directorul executiv Robert Stewart conduce compania de la sediul din Londra.","breadcrumb":{"@id":"https:\/\/www.theramex.com\/ro\/echipa-noastra-de-conducere\/#breadcrumb"},"inLanguage":"en-GB","potentialAction":[{"@type":"ReadAction","target":["https:\/\/www.theramex.com\/ro\/echipa-noastra-de-conducere\/"]}]},{"@type":"BreadcrumbList","@id":"https:\/\/www.theramex.com\/ro\/echipa-noastra-de-conducere\/#breadcrumb","itemListElement":[{"@type":"ListItem","position":1,"name":"Home","item":"https:\/\/www.theramex.com\/ro\/"},{"@type":"ListItem","position":2,"name":"Echipa noastr\u0103 de conducere"}]},{"@type":"WebSite","@id":"https:\/\/www.theramex.com\/ro\/#website","url":"https:\/\/www.theramex.com\/ro\/","name":"Theramex Romania","description":"","potentialAction":[{"@type":"SearchAction","target":{"@type":"EntryPoint","urlTemplate":"https:\/\/www.theramex.com\/ro\/?s={search_term_string}"},"query-input":{"@type":"PropertyValueSpecification","valueRequired":true,"valueName":"search_term_string"}}],"inLanguage":"en-GB"}]}},"_links":{"self":[{"href":"https:\/\/www.theramex.com\/ro\/wp-json\/wp\/v2\/pages\/15","targetHints":{"allow":["GET"]}}],"collection":[{"href":"https:\/\/www.theramex.com\/ro\/wp-json\/wp\/v2\/pages"}],"about":[{"href":"https:\/\/www.theramex.com\/ro\/wp-json\/wp\/v2\/types\/page"}],"author":[{"embeddable":true,"href":"https:\/\/www.theramex.com\/ro\/wp-json\/wp\/v2\/users\/1"}],"replies":[{"embeddable":true,"href":"https:\/\/www.theramex.com\/ro\/wp-json\/wp\/v2\/comments?post=15"}],"version-history":[{"count":42,"href":"https:\/\/www.theramex.com\/ro\/wp-json\/wp\/v2\/pages\/15\/revisions"}],"predecessor-version":[{"id":1935,"href":"https:\/\/www.theramex.com\/ro\/wp-json\/wp\/v2\/pages\/15\/revisions\/1935"}],"wp:attachment":[{"href":"https:\/\/www.theramex.com\/ro\/wp-json\/wp\/v2\/media?parent=15"}],"curies":[{"name":"wp","href":"https:\/\/api.w.org\/{rel}","templated":true}]}}