{"id":688,"date":"2021-02-14T19:23:54","date_gmt":"2021-02-14T19:23:54","guid":{"rendered":"https:\/\/pprd.theramex.com\/pt\/?page_id=688"},"modified":"2025-07-21T15:22:45","modified_gmt":"2025-07-21T14:22:45","slug":"o-que-e-a-osteoporose","status":"publish","type":"page","link":"https:\/\/www.theramex.com\/pt\/osteoporose\/o-que-e-a-osteoporose\/","title":{"rendered":"O que \u00e9 a osteoporose?"},"content":{"rendered":"","protected":false},"excerpt":{"rendered":"","protected":false},"author":29,"featured_media":0,"parent":1909,"menu_order":0,"comment_status":"closed","ping_status":"closed","template":"general.php","meta":{"_acf_changed":false,"inline_featured_image":false,"footnotes":""},"class_list":["post-688","page","type-page","status-publish","hentry"],"acf":[],"yoast_head":"<!-- This site is optimized with the Yoast SEO plugin v27.3 - https:\/\/yoast.com\/product\/yoast-seo-wordpress\/ -->\n<title>O que \u00e9 a osteoporose?<\/title>\n<meta name=\"description\" content=\"A osteoporose enfraquece os ossos, fazendo com que se partam facilmente. As mulheres na p\u00f3s-menopausa apresentam maior risco de desenvolver osteoporose. O diagn\u00f3stico e o tratamento precoces s\u00e3o vitais para a sa\u00fade \u00f3ssea.\" \/>\n<meta name=\"robots\" content=\"index, follow, max-snippet:-1, max-image-preview:large, max-video-preview:-1\" \/>\n<link rel=\"canonical\" href=\"https:\/\/www.theramex.com\/pt\/osteoporose\/o-que-e-a-osteoporose\/\" \/>\n<meta property=\"og:locale\" content=\"en_GB\" \/>\n<meta property=\"og:type\" content=\"article\" \/>\n<meta property=\"og:title\" content=\"O que \u00e9 a osteoporose?\" \/>\n<meta property=\"og:description\" content=\"A osteoporose enfraquece os ossos, fazendo com que se partam facilmente. As mulheres na p\u00f3s-menopausa apresentam maior risco de desenvolver osteoporose. O diagn\u00f3stico e o tratamento precoces s\u00e3o vitais para a sa\u00fade \u00f3ssea.\" \/>\n<meta property=\"og:url\" content=\"https:\/\/www.theramex.com\/pt\/osteoporose\/o-que-e-a-osteoporose\/\" \/>\n<meta property=\"og:site_name\" content=\"Theramex Portugal\" \/>\n<meta property=\"article:modified_time\" content=\"2025-07-21T14:22:45+00:00\" \/>\n<meta name=\"twitter:card\" content=\"summary_large_image\" \/>\n<script type=\"application\/ld+json\" class=\"yoast-schema-graph\">{\"@context\":\"https:\\\/\\\/schema.org\",\"@graph\":[{\"@type\":\"WebPage\",\"@id\":\"https:\\\/\\\/www.theramex.com\\\/pt\\\/osteoporose\\\/o-que-e-a-osteoporose\\\/\",\"url\":\"https:\\\/\\\/www.theramex.com\\\/pt\\\/osteoporose\\\/o-que-e-a-osteoporose\\\/\",\"name\":\"O que \u00e9 a osteoporose?\",\"isPartOf\":{\"@id\":\"https:\\\/\\\/www.theramex.com\\\/pt\\\/#website\"},\"datePublished\":\"2021-02-14T19:23:54+00:00\",\"dateModified\":\"2025-07-21T14:22:45+00:00\",\"description\":\"A osteoporose enfraquece os ossos, fazendo com que se partam facilmente. As mulheres na p\u00f3s-menopausa apresentam maior risco de desenvolver osteoporose. O diagn\u00f3stico e o tratamento precoces s\u00e3o vitais para a sa\u00fade \u00f3ssea.\",\"breadcrumb\":{\"@id\":\"https:\\\/\\\/www.theramex.com\\\/pt\\\/osteoporose\\\/o-que-e-a-osteoporose\\\/#breadcrumb\"},\"inLanguage\":\"en-GB\",\"potentialAction\":[{\"@type\":\"ReadAction\",\"target\":[\"https:\\\/\\\/www.theramex.com\\\/pt\\\/osteoporose\\\/o-que-e-a-osteoporose\\\/\"]}]},{\"@type\":\"BreadcrumbList\",\"@id\":\"https:\\\/\\\/www.theramex.com\\\/pt\\\/osteoporose\\\/o-que-e-a-osteoporose\\\/#breadcrumb\",\"itemListElement\":[{\"@type\":\"ListItem\",\"position\":1,\"name\":\"Home\",\"item\":\"https:\\\/\\\/www.theramex.com\\\/pt\\\/\"},{\"@type\":\"ListItem\",\"position\":2,\"name\":\"Ajudar a viver com osteoporose\",\"item\":\"https:\\\/\\\/www.theramex.com\\\/pt\\\/osteoporose\\\/\"},{\"@type\":\"ListItem\",\"position\":3,\"name\":\"O que \u00e9 a osteoporose?\"}]},{\"@type\":\"WebSite\",\"@id\":\"https:\\\/\\\/www.theramex.com\\\/pt\\\/#website\",\"url\":\"https:\\\/\\\/www.theramex.com\\\/pt\\\/\",\"name\":\"Theramex Portugal\",\"description\":\"\",\"potentialAction\":[{\"@type\":\"SearchAction\",\"target\":{\"@type\":\"EntryPoint\",\"urlTemplate\":\"https:\\\/\\\/www.theramex.com\\\/pt\\\/?s={search_term_string}\"},\"query-input\":{\"@type\":\"PropertyValueSpecification\",\"valueRequired\":true,\"valueName\":\"search_term_string\"}}],\"inLanguage\":\"en-GB\"}]}<\/script>\n<!-- \/ Yoast SEO plugin. -->","yoast_head_json":{"title":"O que \u00e9 a osteoporose?","description":"A osteoporose enfraquece os ossos, fazendo com que se partam facilmente. As mulheres na p\u00f3s-menopausa apresentam maior risco de desenvolver osteoporose. O diagn\u00f3stico e o tratamento precoces s\u00e3o vitais para a sa\u00fade \u00f3ssea.","robots":{"index":"index","follow":"follow","max-snippet":"max-snippet:-1","max-image-preview":"max-image-preview:large","max-video-preview":"max-video-preview:-1"},"canonical":"https:\/\/www.theramex.com\/pt\/osteoporose\/o-que-e-a-osteoporose\/","og_locale":"en_GB","og_type":"article","og_title":"O que \u00e9 a osteoporose?","og_description":"A osteoporose enfraquece os ossos, fazendo com que se partam facilmente. As mulheres na p\u00f3s-menopausa apresentam maior risco de desenvolver osteoporose. O diagn\u00f3stico e o tratamento precoces s\u00e3o vitais para a sa\u00fade \u00f3ssea.","og_url":"https:\/\/www.theramex.com\/pt\/osteoporose\/o-que-e-a-osteoporose\/","og_site_name":"Theramex Portugal","article_modified_time":"2025-07-21T14:22:45+00:00","twitter_card":"summary_large_image","schema":{"@context":"https:\/\/schema.org","@graph":[{"@type":"WebPage","@id":"https:\/\/www.theramex.com\/pt\/osteoporose\/o-que-e-a-osteoporose\/","url":"https:\/\/www.theramex.com\/pt\/osteoporose\/o-que-e-a-osteoporose\/","name":"O que \u00e9 a osteoporose?","isPartOf":{"@id":"https:\/\/www.theramex.com\/pt\/#website"},"datePublished":"2021-02-14T19:23:54+00:00","dateModified":"2025-07-21T14:22:45+00:00","description":"A osteoporose enfraquece os ossos, fazendo com que se partam facilmente. As mulheres na p\u00f3s-menopausa apresentam maior risco de desenvolver osteoporose. O diagn\u00f3stico e o tratamento precoces s\u00e3o vitais para a sa\u00fade \u00f3ssea.","breadcrumb":{"@id":"https:\/\/www.theramex.com\/pt\/osteoporose\/o-que-e-a-osteoporose\/#breadcrumb"},"inLanguage":"en-GB","potentialAction":[{"@type":"ReadAction","target":["https:\/\/www.theramex.com\/pt\/osteoporose\/o-que-e-a-osteoporose\/"]}]},{"@type":"BreadcrumbList","@id":"https:\/\/www.theramex.com\/pt\/osteoporose\/o-que-e-a-osteoporose\/#breadcrumb","itemListElement":[{"@type":"ListItem","position":1,"name":"Home","item":"https:\/\/www.theramex.com\/pt\/"},{"@type":"ListItem","position":2,"name":"Ajudar a viver com osteoporose","item":"https:\/\/www.theramex.com\/pt\/osteoporose\/"},{"@type":"ListItem","position":3,"name":"O que \u00e9 a osteoporose?"}]},{"@type":"WebSite","@id":"https:\/\/www.theramex.com\/pt\/#website","url":"https:\/\/www.theramex.com\/pt\/","name":"Theramex Portugal","description":"","potentialAction":[{"@type":"SearchAction","target":{"@type":"EntryPoint","urlTemplate":"https:\/\/www.theramex.com\/pt\/?s={search_term_string}"},"query-input":{"@type":"PropertyValueSpecification","valueRequired":true,"valueName":"search_term_string"}}],"inLanguage":"en-GB"}]}},"_links":{"self":[{"href":"https:\/\/www.theramex.com\/pt\/wp-json\/wp\/v2\/pages\/688","targetHints":{"allow":["GET"]}}],"collection":[{"href":"https:\/\/www.theramex.com\/pt\/wp-json\/wp\/v2\/pages"}],"about":[{"href":"https:\/\/www.theramex.com\/pt\/wp-json\/wp\/v2\/types\/page"}],"author":[{"embeddable":true,"href":"https:\/\/www.theramex.com\/pt\/wp-json\/wp\/v2\/users\/29"}],"replies":[{"embeddable":true,"href":"https:\/\/www.theramex.com\/pt\/wp-json\/wp\/v2\/comments?post=688"}],"version-history":[{"count":18,"href":"https:\/\/www.theramex.com\/pt\/wp-json\/wp\/v2\/pages\/688\/revisions"}],"predecessor-version":[{"id":1966,"href":"https:\/\/www.theramex.com\/pt\/wp-json\/wp\/v2\/pages\/688\/revisions\/1966"}],"up":[{"embeddable":true,"href":"https:\/\/www.theramex.com\/pt\/wp-json\/wp\/v2\/pages\/1909"}],"wp:attachment":[{"href":"https:\/\/www.theramex.com\/pt\/wp-json\/wp\/v2\/media?parent=688"}],"curies":[{"name":"wp","href":"https:\/\/api.w.org\/{rel}","templated":true}]}}