{"id":682,"date":"2021-02-12T15:45:50","date_gmt":"2021-02-12T15:45:50","guid":{"rendered":"https:\/\/pprd.theramex.com\/pt\/?page_id=682"},"modified":"2025-08-11T11:24:34","modified_gmt":"2025-08-11T10:24:34","slug":"nossos-escritorios","status":"publish","type":"page","link":"https:\/\/www.theramex.com\/pt\/nossos-escritorios\/","title":{"rendered":"Os nossos escrit\u00f3rios"},"content":{"rendered":"","protected":false},"excerpt":{"rendered":"","protected":false},"author":1,"featured_media":0,"parent":0,"menu_order":0,"comment_status":"closed","ping_status":"closed","template":"offices.php","meta":{"_acf_changed":false,"inline_featured_image":false,"footnotes":""},"class_list":["post-682","page","type-page","status-publish","hentry"],"acf":[],"yoast_head":"<!-- This site is optimized with the Yoast SEO plugin v27.3 - https:\/\/yoast.com\/product\/yoast-seo-wordpress\/ -->\n<title>Onde estamos?<\/title>\n<meta name=\"description\" content=\"A Theramex colabora, estreitamente, com ginecologistas, reumatologistas e ortopedistas, al\u00e9m de cl\u00ednicos gerais, cl\u00ednicas de FIV e farm\u00e1cias, para dar apoio a mulheres em mais de 80 pa\u00edses na Europa, \u00c1frica, \u00c1sia-Pac\u00edfico e Am\u00e9rica Latina.\" \/>\n<meta name=\"robots\" content=\"index, follow, max-snippet:-1, max-image-preview:large, max-video-preview:-1\" \/>\n<link rel=\"canonical\" href=\"https:\/\/www.theramex.com\/pt\/nossos-escritorios\/\" \/>\n<meta property=\"og:locale\" content=\"en_GB\" \/>\n<meta property=\"og:type\" content=\"article\" \/>\n<meta property=\"og:title\" content=\"Onde estamos?\" \/>\n<meta property=\"og:description\" content=\"A Theramex colabora, estreitamente, com ginecologistas, reumatologistas e ortopedistas, al\u00e9m de cl\u00ednicos gerais, cl\u00ednicas de FIV e farm\u00e1cias, para dar apoio a mulheres em mais de 80 pa\u00edses na Europa, \u00c1frica, \u00c1sia-Pac\u00edfico e Am\u00e9rica Latina.\" \/>\n<meta property=\"og:url\" content=\"https:\/\/www.theramex.com\/pt\/nossos-escritorios\/\" \/>\n<meta property=\"og:site_name\" content=\"Theramex Portugal\" \/>\n<meta property=\"article:modified_time\" content=\"2025-08-11T10:24:34+00:00\" \/>\n<meta name=\"twitter:card\" content=\"summary_large_image\" \/>\n<script type=\"application\/ld+json\" class=\"yoast-schema-graph\">{\"@context\":\"https:\\\/\\\/schema.org\",\"@graph\":[{\"@type\":\"WebPage\",\"@id\":\"https:\\\/\\\/www.theramex.com\\\/pt\\\/nossos-escritorios\\\/\",\"url\":\"https:\\\/\\\/www.theramex.com\\\/pt\\\/nossos-escritorios\\\/\",\"name\":\"Onde estamos?\",\"isPartOf\":{\"@id\":\"https:\\\/\\\/www.theramex.com\\\/pt\\\/#website\"},\"datePublished\":\"2021-02-12T15:45:50+00:00\",\"dateModified\":\"2025-08-11T10:24:34+00:00\",\"description\":\"A Theramex colabora, estreitamente, com ginecologistas, reumatologistas e ortopedistas, al\u00e9m de cl\u00ednicos gerais, cl\u00ednicas de FIV e farm\u00e1cias, para dar apoio a mulheres em mais de 80 pa\u00edses na Europa, \u00c1frica, \u00c1sia-Pac\u00edfico e Am\u00e9rica Latina.\",\"breadcrumb\":{\"@id\":\"https:\\\/\\\/www.theramex.com\\\/pt\\\/nossos-escritorios\\\/#breadcrumb\"},\"inLanguage\":\"en-GB\",\"potentialAction\":[{\"@type\":\"ReadAction\",\"target\":[\"https:\\\/\\\/www.theramex.com\\\/pt\\\/nossos-escritorios\\\/\"]}]},{\"@type\":\"BreadcrumbList\",\"@id\":\"https:\\\/\\\/www.theramex.com\\\/pt\\\/nossos-escritorios\\\/#breadcrumb\",\"itemListElement\":[{\"@type\":\"ListItem\",\"position\":1,\"name\":\"Home\",\"item\":\"https:\\\/\\\/www.theramex.com\\\/pt\\\/\"},{\"@type\":\"ListItem\",\"position\":2,\"name\":\"Os nossos escrit\u00f3rios\"}]},{\"@type\":\"WebSite\",\"@id\":\"https:\\\/\\\/www.theramex.com\\\/pt\\\/#website\",\"url\":\"https:\\\/\\\/www.theramex.com\\\/pt\\\/\",\"name\":\"Theramex Portugal\",\"description\":\"\",\"potentialAction\":[{\"@type\":\"SearchAction\",\"target\":{\"@type\":\"EntryPoint\",\"urlTemplate\":\"https:\\\/\\\/www.theramex.com\\\/pt\\\/?s={search_term_string}\"},\"query-input\":{\"@type\":\"PropertyValueSpecification\",\"valueRequired\":true,\"valueName\":\"search_term_string\"}}],\"inLanguage\":\"en-GB\"}]}<\/script>\n<!-- \/ Yoast SEO plugin. -->","yoast_head_json":{"title":"Onde estamos?","description":"A Theramex colabora, estreitamente, com ginecologistas, reumatologistas e ortopedistas, al\u00e9m de cl\u00ednicos gerais, cl\u00ednicas de FIV e farm\u00e1cias, para dar apoio a mulheres em mais de 80 pa\u00edses na Europa, \u00c1frica, \u00c1sia-Pac\u00edfico e Am\u00e9rica Latina.","robots":{"index":"index","follow":"follow","max-snippet":"max-snippet:-1","max-image-preview":"max-image-preview:large","max-video-preview":"max-video-preview:-1"},"canonical":"https:\/\/www.theramex.com\/pt\/nossos-escritorios\/","og_locale":"en_GB","og_type":"article","og_title":"Onde estamos?","og_description":"A Theramex colabora, estreitamente, com ginecologistas, reumatologistas e ortopedistas, al\u00e9m de cl\u00ednicos gerais, cl\u00ednicas de FIV e farm\u00e1cias, para dar apoio a mulheres em mais de 80 pa\u00edses na Europa, \u00c1frica, \u00c1sia-Pac\u00edfico e Am\u00e9rica Latina.","og_url":"https:\/\/www.theramex.com\/pt\/nossos-escritorios\/","og_site_name":"Theramex Portugal","article_modified_time":"2025-08-11T10:24:34+00:00","twitter_card":"summary_large_image","schema":{"@context":"https:\/\/schema.org","@graph":[{"@type":"WebPage","@id":"https:\/\/www.theramex.com\/pt\/nossos-escritorios\/","url":"https:\/\/www.theramex.com\/pt\/nossos-escritorios\/","name":"Onde estamos?","isPartOf":{"@id":"https:\/\/www.theramex.com\/pt\/#website"},"datePublished":"2021-02-12T15:45:50+00:00","dateModified":"2025-08-11T10:24:34+00:00","description":"A Theramex colabora, estreitamente, com ginecologistas, reumatologistas e ortopedistas, al\u00e9m de cl\u00ednicos gerais, cl\u00ednicas de FIV e farm\u00e1cias, para dar apoio a mulheres em mais de 80 pa\u00edses na Europa, \u00c1frica, \u00c1sia-Pac\u00edfico e Am\u00e9rica Latina.","breadcrumb":{"@id":"https:\/\/www.theramex.com\/pt\/nossos-escritorios\/#breadcrumb"},"inLanguage":"en-GB","potentialAction":[{"@type":"ReadAction","target":["https:\/\/www.theramex.com\/pt\/nossos-escritorios\/"]}]},{"@type":"BreadcrumbList","@id":"https:\/\/www.theramex.com\/pt\/nossos-escritorios\/#breadcrumb","itemListElement":[{"@type":"ListItem","position":1,"name":"Home","item":"https:\/\/www.theramex.com\/pt\/"},{"@type":"ListItem","position":2,"name":"Os nossos escrit\u00f3rios"}]},{"@type":"WebSite","@id":"https:\/\/www.theramex.com\/pt\/#website","url":"https:\/\/www.theramex.com\/pt\/","name":"Theramex Portugal","description":"","potentialAction":[{"@type":"SearchAction","target":{"@type":"EntryPoint","urlTemplate":"https:\/\/www.theramex.com\/pt\/?s={search_term_string}"},"query-input":{"@type":"PropertyValueSpecification","valueRequired":true,"valueName":"search_term_string"}}],"inLanguage":"en-GB"}]}},"_links":{"self":[{"href":"https:\/\/www.theramex.com\/pt\/wp-json\/wp\/v2\/pages\/682","targetHints":{"allow":["GET"]}}],"collection":[{"href":"https:\/\/www.theramex.com\/pt\/wp-json\/wp\/v2\/pages"}],"about":[{"href":"https:\/\/www.theramex.com\/pt\/wp-json\/wp\/v2\/types\/page"}],"author":[{"embeddable":true,"href":"https:\/\/www.theramex.com\/pt\/wp-json\/wp\/v2\/users\/1"}],"replies":[{"embeddable":true,"href":"https:\/\/www.theramex.com\/pt\/wp-json\/wp\/v2\/comments?post=682"}],"version-history":[{"count":51,"href":"https:\/\/www.theramex.com\/pt\/wp-json\/wp\/v2\/pages\/682\/revisions"}],"predecessor-version":[{"id":2236,"href":"https:\/\/www.theramex.com\/pt\/wp-json\/wp\/v2\/pages\/682\/revisions\/2236"}],"wp:attachment":[{"href":"https:\/\/www.theramex.com\/pt\/wp-json\/wp\/v2\/media?parent=682"}],"curies":[{"name":"wp","href":"https:\/\/api.w.org\/{rel}","templated":true}]}}