{"id":600,"date":"2021-02-11T23:15:20","date_gmt":"2021-02-11T23:15:20","guid":{"rendered":"https:\/\/pprd.theramex.com\/pt\/?page_id=600"},"modified":"2025-07-21T15:07:07","modified_gmt":"2025-07-21T14:07:07","slug":"como-escolher-o-metodo-contracetivo-certo","status":"publish","type":"page","link":"https:\/\/www.theramex.com\/pt\/contracecao\/como-escolher-o-metodo-contracetivo-certo\/","title":{"rendered":"Como escolher o contracetivo certo para si?"},"content":{"rendered":"","protected":false},"excerpt":{"rendered":"","protected":false},"author":29,"featured_media":0,"parent":1398,"menu_order":0,"comment_status":"closed","ping_status":"closed","template":"general.php","meta":{"_acf_changed":false,"inline_featured_image":false,"footnotes":""},"class_list":["post-600","page","type-page","status-publish","hentry"],"acf":[],"yoast_head":"<!-- This site is optimized with the Yoast SEO plugin v27.3 - https:\/\/yoast.com\/product\/yoast-seo-wordpress\/ -->\n<title>Escolher o contracetivo certo<\/title>\n<meta name=\"description\" content=\"O que tomar em considera\u00e7\u00e3o na escolha do m\u00e9todo contracetivo mais adequado para si? Existem v\u00e1rios m\u00e9todos contracetivos, inclusive a p\u00edlula anticoncecional, inje\u00e7\u00f5es, DIU e preservativos.\" \/>\n<meta name=\"robots\" content=\"index, follow, max-snippet:-1, max-image-preview:large, max-video-preview:-1\" \/>\n<link rel=\"canonical\" href=\"https:\/\/www.theramex.com\/pt\/contracecao\/como-escolher-o-metodo-contracetivo-certo\/\" \/>\n<meta property=\"og:locale\" content=\"en_GB\" \/>\n<meta property=\"og:type\" content=\"article\" \/>\n<meta property=\"og:title\" content=\"Escolher o contracetivo certo\" \/>\n<meta property=\"og:description\" content=\"O que tomar em considera\u00e7\u00e3o na escolha do m\u00e9todo contracetivo mais adequado para si? Existem v\u00e1rios m\u00e9todos contracetivos, inclusive a p\u00edlula anticoncecional, inje\u00e7\u00f5es, DIU e preservativos.\" \/>\n<meta property=\"og:url\" content=\"https:\/\/www.theramex.com\/pt\/contracecao\/como-escolher-o-metodo-contracetivo-certo\/\" \/>\n<meta property=\"og:site_name\" content=\"Theramex Portugal\" \/>\n<meta property=\"article:modified_time\" content=\"2025-07-21T14:07:07+00:00\" \/>\n<meta name=\"twitter:card\" content=\"summary_large_image\" \/>\n<script type=\"application\/ld+json\" class=\"yoast-schema-graph\">{\"@context\":\"https:\\\/\\\/schema.org\",\"@graph\":[{\"@type\":\"WebPage\",\"@id\":\"https:\\\/\\\/www.theramex.com\\\/pt\\\/contracecao\\\/como-escolher-o-metodo-contracetivo-certo\\\/\",\"url\":\"https:\\\/\\\/www.theramex.com\\\/pt\\\/contracecao\\\/como-escolher-o-metodo-contracetivo-certo\\\/\",\"name\":\"Escolher o contracetivo certo\",\"isPartOf\":{\"@id\":\"https:\\\/\\\/www.theramex.com\\\/pt\\\/#website\"},\"datePublished\":\"2021-02-11T23:15:20+00:00\",\"dateModified\":\"2025-07-21T14:07:07+00:00\",\"description\":\"O que tomar em considera\u00e7\u00e3o na escolha do m\u00e9todo contracetivo mais adequado para si? Existem v\u00e1rios m\u00e9todos contracetivos, inclusive a p\u00edlula anticoncecional, inje\u00e7\u00f5es, DIU e preservativos.\",\"breadcrumb\":{\"@id\":\"https:\\\/\\\/www.theramex.com\\\/pt\\\/contracecao\\\/como-escolher-o-metodo-contracetivo-certo\\\/#breadcrumb\"},\"inLanguage\":\"en-GB\",\"potentialAction\":[{\"@type\":\"ReadAction\",\"target\":[\"https:\\\/\\\/www.theramex.com\\\/pt\\\/contracecao\\\/como-escolher-o-metodo-contracetivo-certo\\\/\"]}]},{\"@type\":\"BreadcrumbList\",\"@id\":\"https:\\\/\\\/www.theramex.com\\\/pt\\\/contracecao\\\/como-escolher-o-metodo-contracetivo-certo\\\/#breadcrumb\",\"itemListElement\":[{\"@type\":\"ListItem\",\"position\":1,\"name\":\"Home\",\"item\":\"https:\\\/\\\/www.theramex.com\\\/pt\\\/\"},{\"@type\":\"ListItem\",\"position\":2,\"name\":\"Compreender as op\u00e7\u00f5es contracetivas para satisfazer as suas necessidades\",\"item\":\"https:\\\/\\\/www.theramex.com\\\/pt\\\/contracecao\\\/\"},{\"@type\":\"ListItem\",\"position\":3,\"name\":\"Como escolher o contracetivo certo para si?\"}]},{\"@type\":\"WebSite\",\"@id\":\"https:\\\/\\\/www.theramex.com\\\/pt\\\/#website\",\"url\":\"https:\\\/\\\/www.theramex.com\\\/pt\\\/\",\"name\":\"Theramex Portugal\",\"description\":\"\",\"potentialAction\":[{\"@type\":\"SearchAction\",\"target\":{\"@type\":\"EntryPoint\",\"urlTemplate\":\"https:\\\/\\\/www.theramex.com\\\/pt\\\/?s={search_term_string}\"},\"query-input\":{\"@type\":\"PropertyValueSpecification\",\"valueRequired\":true,\"valueName\":\"search_term_string\"}}],\"inLanguage\":\"en-GB\"}]}<\/script>\n<!-- \/ Yoast SEO plugin. -->","yoast_head_json":{"title":"Escolher o contracetivo certo","description":"O que tomar em considera\u00e7\u00e3o na escolha do m\u00e9todo contracetivo mais adequado para si? Existem v\u00e1rios m\u00e9todos contracetivos, inclusive a p\u00edlula anticoncecional, inje\u00e7\u00f5es, DIU e preservativos.","robots":{"index":"index","follow":"follow","max-snippet":"max-snippet:-1","max-image-preview":"max-image-preview:large","max-video-preview":"max-video-preview:-1"},"canonical":"https:\/\/www.theramex.com\/pt\/contracecao\/como-escolher-o-metodo-contracetivo-certo\/","og_locale":"en_GB","og_type":"article","og_title":"Escolher o contracetivo certo","og_description":"O que tomar em considera\u00e7\u00e3o na escolha do m\u00e9todo contracetivo mais adequado para si? Existem v\u00e1rios m\u00e9todos contracetivos, inclusive a p\u00edlula anticoncecional, inje\u00e7\u00f5es, DIU e preservativos.","og_url":"https:\/\/www.theramex.com\/pt\/contracecao\/como-escolher-o-metodo-contracetivo-certo\/","og_site_name":"Theramex Portugal","article_modified_time":"2025-07-21T14:07:07+00:00","twitter_card":"summary_large_image","schema":{"@context":"https:\/\/schema.org","@graph":[{"@type":"WebPage","@id":"https:\/\/www.theramex.com\/pt\/contracecao\/como-escolher-o-metodo-contracetivo-certo\/","url":"https:\/\/www.theramex.com\/pt\/contracecao\/como-escolher-o-metodo-contracetivo-certo\/","name":"Escolher o contracetivo certo","isPartOf":{"@id":"https:\/\/www.theramex.com\/pt\/#website"},"datePublished":"2021-02-11T23:15:20+00:00","dateModified":"2025-07-21T14:07:07+00:00","description":"O que tomar em considera\u00e7\u00e3o na escolha do m\u00e9todo contracetivo mais adequado para si? Existem v\u00e1rios m\u00e9todos contracetivos, inclusive a p\u00edlula anticoncecional, inje\u00e7\u00f5es, DIU e preservativos.","breadcrumb":{"@id":"https:\/\/www.theramex.com\/pt\/contracecao\/como-escolher-o-metodo-contracetivo-certo\/#breadcrumb"},"inLanguage":"en-GB","potentialAction":[{"@type":"ReadAction","target":["https:\/\/www.theramex.com\/pt\/contracecao\/como-escolher-o-metodo-contracetivo-certo\/"]}]},{"@type":"BreadcrumbList","@id":"https:\/\/www.theramex.com\/pt\/contracecao\/como-escolher-o-metodo-contracetivo-certo\/#breadcrumb","itemListElement":[{"@type":"ListItem","position":1,"name":"Home","item":"https:\/\/www.theramex.com\/pt\/"},{"@type":"ListItem","position":2,"name":"Compreender as op\u00e7\u00f5es contracetivas para satisfazer as suas necessidades","item":"https:\/\/www.theramex.com\/pt\/contracecao\/"},{"@type":"ListItem","position":3,"name":"Como escolher o contracetivo certo para si?"}]},{"@type":"WebSite","@id":"https:\/\/www.theramex.com\/pt\/#website","url":"https:\/\/www.theramex.com\/pt\/","name":"Theramex Portugal","description":"","potentialAction":[{"@type":"SearchAction","target":{"@type":"EntryPoint","urlTemplate":"https:\/\/www.theramex.com\/pt\/?s={search_term_string}"},"query-input":{"@type":"PropertyValueSpecification","valueRequired":true,"valueName":"search_term_string"}}],"inLanguage":"en-GB"}]}},"_links":{"self":[{"href":"https:\/\/www.theramex.com\/pt\/wp-json\/wp\/v2\/pages\/600","targetHints":{"allow":["GET"]}}],"collection":[{"href":"https:\/\/www.theramex.com\/pt\/wp-json\/wp\/v2\/pages"}],"about":[{"href":"https:\/\/www.theramex.com\/pt\/wp-json\/wp\/v2\/types\/page"}],"author":[{"embeddable":true,"href":"https:\/\/www.theramex.com\/pt\/wp-json\/wp\/v2\/users\/29"}],"replies":[{"embeddable":true,"href":"https:\/\/www.theramex.com\/pt\/wp-json\/wp\/v2\/comments?post=600"}],"version-history":[{"count":25,"href":"https:\/\/www.theramex.com\/pt\/wp-json\/wp\/v2\/pages\/600\/revisions"}],"predecessor-version":[{"id":1956,"href":"https:\/\/www.theramex.com\/pt\/wp-json\/wp\/v2\/pages\/600\/revisions\/1956"}],"up":[{"embeddable":true,"href":"https:\/\/www.theramex.com\/pt\/wp-json\/wp\/v2\/pages\/1398"}],"wp:attachment":[{"href":"https:\/\/www.theramex.com\/pt\/wp-json\/wp\/v2\/media?parent=600"}],"curies":[{"name":"wp","href":"https:\/\/api.w.org\/{rel}","templated":true}]}}