{"id":315,"date":"2021-02-09T18:21:00","date_gmt":"2021-02-09T21:21:00","guid":{"rendered":"https:\/\/pprd.theramex.com\/pt\/?page_id=315"},"modified":"2025-07-21T16:52:06","modified_gmt":"2025-07-21T15:52:06","slug":"carreiras","status":"publish","type":"page","link":"https:\/\/www.theramex.com\/pt\/carreiras\/","title":{"rendered":"Tem paix\u00e3o por fazer a diferen\u00e7a na sa\u00fade das mulheres?"},"content":{"rendered":"","protected":false},"excerpt":{"rendered":"","protected":false},"author":1,"featured_media":0,"parent":0,"menu_order":0,"comment_status":"closed","ping_status":"closed","template":"careers.php","meta":{"_acf_changed":false,"inline_featured_image":false,"footnotes":""},"class_list":["post-315","page","type-page","status-publish","hentry"],"acf":[],"yoast_head":"<!-- This site is optimized with the Yoast SEO plugin v27.3 - https:\/\/yoast.com\/product\/yoast-seo-wordpress\/ -->\n<title>Trabalhe conosco<\/title>\n<meta name=\"description\" content=\"A Theramex fornece o seu portf\u00f3lio de produtos a mais de 80 pa\u00edses, atuando em quatro \u00e1reas terap\u00eauticas. Junte-se a n\u00f3s e ajude-nos a escrever esta hist\u00f3ria incr\u00edvel\" \/>\n<meta name=\"robots\" content=\"index, follow, max-snippet:-1, max-image-preview:large, max-video-preview:-1\" \/>\n<link rel=\"canonical\" href=\"https:\/\/www.theramex.com\/pt\/carreiras\/\" \/>\n<meta property=\"og:locale\" content=\"en_GB\" \/>\n<meta property=\"og:type\" content=\"article\" \/>\n<meta property=\"og:title\" content=\"Trabalhe conosco\" \/>\n<meta property=\"og:description\" content=\"A Theramex fornece o seu portf\u00f3lio de produtos a mais de 80 pa\u00edses, atuando em quatro \u00e1reas terap\u00eauticas. Junte-se a n\u00f3s e ajude-nos a escrever esta hist\u00f3ria incr\u00edvel\" \/>\n<meta property=\"og:url\" content=\"https:\/\/www.theramex.com\/pt\/carreiras\/\" \/>\n<meta property=\"og:site_name\" content=\"Theramex Portugal\" \/>\n<meta property=\"article:modified_time\" content=\"2025-07-21T15:52:06+00:00\" \/>\n<meta name=\"twitter:card\" content=\"summary_large_image\" \/>\n<script type=\"application\/ld+json\" class=\"yoast-schema-graph\">{\"@context\":\"https:\\\/\\\/schema.org\",\"@graph\":[{\"@type\":\"WebPage\",\"@id\":\"https:\\\/\\\/www.theramex.com\\\/pt\\\/carreiras\\\/\",\"url\":\"https:\\\/\\\/www.theramex.com\\\/pt\\\/carreiras\\\/\",\"name\":\"Trabalhe conosco\",\"isPartOf\":{\"@id\":\"https:\\\/\\\/www.theramex.com\\\/pt\\\/#website\"},\"datePublished\":\"2021-02-09T21:21:00+00:00\",\"dateModified\":\"2025-07-21T15:52:06+00:00\",\"description\":\"A Theramex fornece o seu portf\u00f3lio de produtos a mais de 80 pa\u00edses, atuando em quatro \u00e1reas terap\u00eauticas. Junte-se a n\u00f3s e ajude-nos a escrever esta hist\u00f3ria incr\u00edvel\",\"breadcrumb\":{\"@id\":\"https:\\\/\\\/www.theramex.com\\\/pt\\\/carreiras\\\/#breadcrumb\"},\"inLanguage\":\"en-GB\",\"potentialAction\":[{\"@type\":\"ReadAction\",\"target\":[\"https:\\\/\\\/www.theramex.com\\\/pt\\\/carreiras\\\/\"]}]},{\"@type\":\"BreadcrumbList\",\"@id\":\"https:\\\/\\\/www.theramex.com\\\/pt\\\/carreiras\\\/#breadcrumb\",\"itemListElement\":[{\"@type\":\"ListItem\",\"position\":1,\"name\":\"Home\",\"item\":\"https:\\\/\\\/www.theramex.com\\\/pt\\\/\"},{\"@type\":\"ListItem\",\"position\":2,\"name\":\"Tem paix\u00e3o por fazer a diferen\u00e7a na sa\u00fade das mulheres?\"}]},{\"@type\":\"WebSite\",\"@id\":\"https:\\\/\\\/www.theramex.com\\\/pt\\\/#website\",\"url\":\"https:\\\/\\\/www.theramex.com\\\/pt\\\/\",\"name\":\"Theramex Portugal\",\"description\":\"\",\"potentialAction\":[{\"@type\":\"SearchAction\",\"target\":{\"@type\":\"EntryPoint\",\"urlTemplate\":\"https:\\\/\\\/www.theramex.com\\\/pt\\\/?s={search_term_string}\"},\"query-input\":{\"@type\":\"PropertyValueSpecification\",\"valueRequired\":true,\"valueName\":\"search_term_string\"}}],\"inLanguage\":\"en-GB\"}]}<\/script>\n<!-- \/ Yoast SEO plugin. -->","yoast_head_json":{"title":"Trabalhe conosco","description":"A Theramex fornece o seu portf\u00f3lio de produtos a mais de 80 pa\u00edses, atuando em quatro \u00e1reas terap\u00eauticas. Junte-se a n\u00f3s e ajude-nos a escrever esta hist\u00f3ria incr\u00edvel","robots":{"index":"index","follow":"follow","max-snippet":"max-snippet:-1","max-image-preview":"max-image-preview:large","max-video-preview":"max-video-preview:-1"},"canonical":"https:\/\/www.theramex.com\/pt\/carreiras\/","og_locale":"en_GB","og_type":"article","og_title":"Trabalhe conosco","og_description":"A Theramex fornece o seu portf\u00f3lio de produtos a mais de 80 pa\u00edses, atuando em quatro \u00e1reas terap\u00eauticas. Junte-se a n\u00f3s e ajude-nos a escrever esta hist\u00f3ria incr\u00edvel","og_url":"https:\/\/www.theramex.com\/pt\/carreiras\/","og_site_name":"Theramex Portugal","article_modified_time":"2025-07-21T15:52:06+00:00","twitter_card":"summary_large_image","schema":{"@context":"https:\/\/schema.org","@graph":[{"@type":"WebPage","@id":"https:\/\/www.theramex.com\/pt\/carreiras\/","url":"https:\/\/www.theramex.com\/pt\/carreiras\/","name":"Trabalhe conosco","isPartOf":{"@id":"https:\/\/www.theramex.com\/pt\/#website"},"datePublished":"2021-02-09T21:21:00+00:00","dateModified":"2025-07-21T15:52:06+00:00","description":"A Theramex fornece o seu portf\u00f3lio de produtos a mais de 80 pa\u00edses, atuando em quatro \u00e1reas terap\u00eauticas. Junte-se a n\u00f3s e ajude-nos a escrever esta hist\u00f3ria incr\u00edvel","breadcrumb":{"@id":"https:\/\/www.theramex.com\/pt\/carreiras\/#breadcrumb"},"inLanguage":"en-GB","potentialAction":[{"@type":"ReadAction","target":["https:\/\/www.theramex.com\/pt\/carreiras\/"]}]},{"@type":"BreadcrumbList","@id":"https:\/\/www.theramex.com\/pt\/carreiras\/#breadcrumb","itemListElement":[{"@type":"ListItem","position":1,"name":"Home","item":"https:\/\/www.theramex.com\/pt\/"},{"@type":"ListItem","position":2,"name":"Tem paix\u00e3o por fazer a diferen\u00e7a na sa\u00fade das mulheres?"}]},{"@type":"WebSite","@id":"https:\/\/www.theramex.com\/pt\/#website","url":"https:\/\/www.theramex.com\/pt\/","name":"Theramex Portugal","description":"","potentialAction":[{"@type":"SearchAction","target":{"@type":"EntryPoint","urlTemplate":"https:\/\/www.theramex.com\/pt\/?s={search_term_string}"},"query-input":{"@type":"PropertyValueSpecification","valueRequired":true,"valueName":"search_term_string"}}],"inLanguage":"en-GB"}]}},"_links":{"self":[{"href":"https:\/\/www.theramex.com\/pt\/wp-json\/wp\/v2\/pages\/315","targetHints":{"allow":["GET"]}}],"collection":[{"href":"https:\/\/www.theramex.com\/pt\/wp-json\/wp\/v2\/pages"}],"about":[{"href":"https:\/\/www.theramex.com\/pt\/wp-json\/wp\/v2\/types\/page"}],"author":[{"embeddable":true,"href":"https:\/\/www.theramex.com\/pt\/wp-json\/wp\/v2\/users\/1"}],"replies":[{"embeddable":true,"href":"https:\/\/www.theramex.com\/pt\/wp-json\/wp\/v2\/comments?post=315"}],"version-history":[{"count":73,"href":"https:\/\/www.theramex.com\/pt\/wp-json\/wp\/v2\/pages\/315\/revisions"}],"predecessor-version":[{"id":2226,"href":"https:\/\/www.theramex.com\/pt\/wp-json\/wp\/v2\/pages\/315\/revisions\/2226"}],"wp:attachment":[{"href":"https:\/\/www.theramex.com\/pt\/wp-json\/wp\/v2\/media?parent=315"}],"curies":[{"name":"wp","href":"https:\/\/api.w.org\/{rel}","templated":true}]}}