{"id":958,"date":"2021-02-17T18:23:00","date_gmt":"2021-02-17T18:23:00","guid":{"rendered":"https:\/\/www.theramex.com\/pl\/?page_id=958"},"modified":"2026-02-12T17:35:57","modified_gmt":"2026-02-12T16:35:57","slug":"produkty","status":"publish","type":"page","link":"https:\/\/www.theramex.com\/pl\/produkty\/","title":{"rendered":"Nasze produkty"},"content":{"rendered":"","protected":false},"excerpt":{"rendered":"","protected":false},"author":1,"featured_media":0,"parent":0,"menu_order":0,"comment_status":"closed","ping_status":"closed","template":"products.php","meta":{"_acf_changed":false,"inline_featured_image":false,"footnotes":""},"class_list":["post-958","page","type-page","status-publish","hentry"],"acf":[],"yoast_head":"<!-- This site is optimized with the Yoast SEO plugin v27.3 - https:\/\/yoast.com\/product\/yoast-seo-wordpress\/ -->\n<title>Nasze produkty<\/title>\n<meta name=\"description\" content=\"Theramex wspiera zdrowie kobiet, oferuj\u0105c \u015brodki antykoncepcyjne, produkty \u0142agodz\u0105ce objawy menopauzy oraz stosowane w leczeniu niep\u0142odno\u015bci i osteoporozy. Theramex w jest zaanga\u017cowany w ochron\u0119 zdrowia kobiet, oferuj\u0105c produkty stosowane antykoncepcji i w leczeniu menopauzy, p\u0142odno\u015bci oraz osteoporozy.\" \/>\n<meta name=\"robots\" content=\"index, follow, max-snippet:-1, max-image-preview:large, max-video-preview:-1\" \/>\n<link rel=\"canonical\" href=\"https:\/\/www.theramex.com\/pl\/produkty\/\" \/>\n<meta property=\"og:locale\" content=\"pl_PL\" \/>\n<meta property=\"og:type\" content=\"article\" \/>\n<meta property=\"og:title\" content=\"Nasze produkty\" \/>\n<meta property=\"og:description\" content=\"Theramex wspiera zdrowie kobiet, oferuj\u0105c \u015brodki antykoncepcyjne, produkty \u0142agodz\u0105ce objawy menopauzy oraz stosowane w leczeniu niep\u0142odno\u015bci i osteoporozy. Theramex w jest zaanga\u017cowany w ochron\u0119 zdrowia kobiet, oferuj\u0105c produkty stosowane antykoncepcji i w leczeniu menopauzy, p\u0142odno\u015bci oraz osteoporozy.\" \/>\n<meta property=\"og:url\" content=\"https:\/\/www.theramex.com\/pl\/produkty\/\" \/>\n<meta property=\"og:site_name\" content=\"Theramex Poland\" \/>\n<meta property=\"article:modified_time\" content=\"2026-02-12T16:35:57+00:00\" \/>\n<meta name=\"twitter:card\" content=\"summary_large_image\" \/>\n<script type=\"application\/ld+json\" class=\"yoast-schema-graph\">{\"@context\":\"https:\\\/\\\/schema.org\",\"@graph\":[{\"@type\":\"WebPage\",\"@id\":\"https:\\\/\\\/www.theramex.com\\\/pl\\\/produkty\\\/\",\"url\":\"https:\\\/\\\/www.theramex.com\\\/pl\\\/produkty\\\/\",\"name\":\"Nasze produkty\",\"isPartOf\":{\"@id\":\"https:\\\/\\\/www.theramex.com\\\/pl\\\/#website\"},\"datePublished\":\"2021-02-17T18:23:00+00:00\",\"dateModified\":\"2026-02-12T16:35:57+00:00\",\"description\":\"Theramex wspiera zdrowie kobiet, oferuj\u0105c \u015brodki antykoncepcyjne, produkty \u0142agodz\u0105ce objawy menopauzy oraz stosowane w leczeniu niep\u0142odno\u015bci i osteoporozy. Theramex w jest zaanga\u017cowany w ochron\u0119 zdrowia kobiet, oferuj\u0105c produkty stosowane antykoncepcji i w leczeniu menopauzy, p\u0142odno\u015bci oraz osteoporozy.\",\"breadcrumb\":{\"@id\":\"https:\\\/\\\/www.theramex.com\\\/pl\\\/produkty\\\/#breadcrumb\"},\"inLanguage\":\"pl-PL\",\"potentialAction\":[{\"@type\":\"ReadAction\",\"target\":[\"https:\\\/\\\/www.theramex.com\\\/pl\\\/produkty\\\/\"]}]},{\"@type\":\"BreadcrumbList\",\"@id\":\"https:\\\/\\\/www.theramex.com\\\/pl\\\/produkty\\\/#breadcrumb\",\"itemListElement\":[{\"@type\":\"ListItem\",\"position\":1,\"name\":\"Home\",\"item\":\"https:\\\/\\\/www.theramex.com\\\/pl\\\/\"},{\"@type\":\"ListItem\",\"position\":2,\"name\":\"Nasze produkty\"}]},{\"@type\":\"WebSite\",\"@id\":\"https:\\\/\\\/www.theramex.com\\\/pl\\\/#website\",\"url\":\"https:\\\/\\\/www.theramex.com\\\/pl\\\/\",\"name\":\"Theramex Poland\",\"description\":\"\",\"potentialAction\":[{\"@type\":\"SearchAction\",\"target\":{\"@type\":\"EntryPoint\",\"urlTemplate\":\"https:\\\/\\\/www.theramex.com\\\/pl\\\/?s={search_term_string}\"},\"query-input\":{\"@type\":\"PropertyValueSpecification\",\"valueRequired\":true,\"valueName\":\"search_term_string\"}}],\"inLanguage\":\"pl-PL\"}]}<\/script>\n<!-- \/ Yoast SEO plugin. -->","yoast_head_json":{"title":"Nasze produkty","description":"Theramex wspiera zdrowie kobiet, oferuj\u0105c \u015brodki antykoncepcyjne, produkty \u0142agodz\u0105ce objawy menopauzy oraz stosowane w leczeniu niep\u0142odno\u015bci i osteoporozy. Theramex w jest zaanga\u017cowany w ochron\u0119 zdrowia kobiet, oferuj\u0105c produkty stosowane antykoncepcji i w leczeniu menopauzy, p\u0142odno\u015bci oraz osteoporozy.","robots":{"index":"index","follow":"follow","max-snippet":"max-snippet:-1","max-image-preview":"max-image-preview:large","max-video-preview":"max-video-preview:-1"},"canonical":"https:\/\/www.theramex.com\/pl\/produkty\/","og_locale":"pl_PL","og_type":"article","og_title":"Nasze produkty","og_description":"Theramex wspiera zdrowie kobiet, oferuj\u0105c \u015brodki antykoncepcyjne, produkty \u0142agodz\u0105ce objawy menopauzy oraz stosowane w leczeniu niep\u0142odno\u015bci i osteoporozy. Theramex w jest zaanga\u017cowany w ochron\u0119 zdrowia kobiet, oferuj\u0105c produkty stosowane antykoncepcji i w leczeniu menopauzy, p\u0142odno\u015bci oraz osteoporozy.","og_url":"https:\/\/www.theramex.com\/pl\/produkty\/","og_site_name":"Theramex Poland","article_modified_time":"2026-02-12T16:35:57+00:00","twitter_card":"summary_large_image","schema":{"@context":"https:\/\/schema.org","@graph":[{"@type":"WebPage","@id":"https:\/\/www.theramex.com\/pl\/produkty\/","url":"https:\/\/www.theramex.com\/pl\/produkty\/","name":"Nasze produkty","isPartOf":{"@id":"https:\/\/www.theramex.com\/pl\/#website"},"datePublished":"2021-02-17T18:23:00+00:00","dateModified":"2026-02-12T16:35:57+00:00","description":"Theramex wspiera zdrowie kobiet, oferuj\u0105c \u015brodki antykoncepcyjne, produkty \u0142agodz\u0105ce objawy menopauzy oraz stosowane w leczeniu niep\u0142odno\u015bci i osteoporozy. Theramex w jest zaanga\u017cowany w ochron\u0119 zdrowia kobiet, oferuj\u0105c produkty stosowane antykoncepcji i w leczeniu menopauzy, p\u0142odno\u015bci oraz osteoporozy.","breadcrumb":{"@id":"https:\/\/www.theramex.com\/pl\/produkty\/#breadcrumb"},"inLanguage":"pl-PL","potentialAction":[{"@type":"ReadAction","target":["https:\/\/www.theramex.com\/pl\/produkty\/"]}]},{"@type":"BreadcrumbList","@id":"https:\/\/www.theramex.com\/pl\/produkty\/#breadcrumb","itemListElement":[{"@type":"ListItem","position":1,"name":"Home","item":"https:\/\/www.theramex.com\/pl\/"},{"@type":"ListItem","position":2,"name":"Nasze produkty"}]},{"@type":"WebSite","@id":"https:\/\/www.theramex.com\/pl\/#website","url":"https:\/\/www.theramex.com\/pl\/","name":"Theramex Poland","description":"","potentialAction":[{"@type":"SearchAction","target":{"@type":"EntryPoint","urlTemplate":"https:\/\/www.theramex.com\/pl\/?s={search_term_string}"},"query-input":{"@type":"PropertyValueSpecification","valueRequired":true,"valueName":"search_term_string"}}],"inLanguage":"pl-PL"}]}},"_links":{"self":[{"href":"https:\/\/www.theramex.com\/pl\/wp-json\/wp\/v2\/pages\/958","targetHints":{"allow":["GET"]}}],"collection":[{"href":"https:\/\/www.theramex.com\/pl\/wp-json\/wp\/v2\/pages"}],"about":[{"href":"https:\/\/www.theramex.com\/pl\/wp-json\/wp\/v2\/types\/page"}],"author":[{"embeddable":true,"href":"https:\/\/www.theramex.com\/pl\/wp-json\/wp\/v2\/users\/1"}],"replies":[{"embeddable":true,"href":"https:\/\/www.theramex.com\/pl\/wp-json\/wp\/v2\/comments?post=958"}],"version-history":[{"count":24,"href":"https:\/\/www.theramex.com\/pl\/wp-json\/wp\/v2\/pages\/958\/revisions"}],"predecessor-version":[{"id":1975,"href":"https:\/\/www.theramex.com\/pl\/wp-json\/wp\/v2\/pages\/958\/revisions\/1975"}],"wp:attachment":[{"href":"https:\/\/www.theramex.com\/pl\/wp-json\/wp\/v2\/media?parent=958"}],"curies":[{"name":"wp","href":"https:\/\/api.w.org\/{rel}","templated":true}]}}