{"id":682,"date":"2021-02-12T15:45:50","date_gmt":"2021-02-12T15:45:50","guid":{"rendered":"https:\/\/www.theramex.com\/pl\/?page_id=682"},"modified":"2026-02-12T17:30:52","modified_gmt":"2026-02-12T16:30:52","slug":"lokalizacje","status":"publish","type":"page","link":"https:\/\/www.theramex.com\/pl\/lokalizacje\/","title":{"rendered":"Skontaktuj si\u0119 z nami"},"content":{"rendered":"","protected":false},"excerpt":{"rendered":"","protected":false},"author":1,"featured_media":0,"parent":0,"menu_order":0,"comment_status":"closed","ping_status":"closed","template":"offices.php","meta":{"_acf_changed":false,"inline_featured_image":false,"footnotes":""},"class_list":["post-682","page","type-page","status-publish","hentry"],"acf":[],"yoast_head":"<!-- This site is optimized with the Yoast SEO plugin v27.3 - https:\/\/yoast.com\/product\/yoast-seo-wordpress\/ -->\n<title>Gdzie prowadzimy nasz\u0105 dzia\u0142alno\u015b\u0107?<\/title>\n<meta name=\"description\" content=\"Theramex \u015bci\u015ble wsp\u00f3\u0142pracuje z ginekologami, reumatologami, ortopedami i lekarzami podstawowej opieki zdrowotnej, klinikami leczenia niep\u0142odno\u015bci i aptekami, aby wspiera\u0107 kobiety w ponad 80 krajach Europy, Afryki, Azji i Pacyfiku oraz Ameryki \u0141aci\u0144skiej.\" \/>\n<meta name=\"robots\" content=\"index, follow, max-snippet:-1, max-image-preview:large, max-video-preview:-1\" \/>\n<link rel=\"canonical\" href=\"https:\/\/www.theramex.com\/pl\/lokalizacje\/\" \/>\n<meta property=\"og:locale\" content=\"pl_PL\" \/>\n<meta property=\"og:type\" content=\"article\" \/>\n<meta property=\"og:title\" content=\"Gdzie prowadzimy nasz\u0105 dzia\u0142alno\u015b\u0107?\" \/>\n<meta property=\"og:description\" content=\"Theramex \u015bci\u015ble wsp\u00f3\u0142pracuje z ginekologami, reumatologami, ortopedami i lekarzami podstawowej opieki zdrowotnej, klinikami leczenia niep\u0142odno\u015bci i aptekami, aby wspiera\u0107 kobiety w ponad 80 krajach Europy, Afryki, Azji i Pacyfiku oraz Ameryki \u0141aci\u0144skiej.\" \/>\n<meta property=\"og:url\" content=\"https:\/\/www.theramex.com\/pl\/lokalizacje\/\" \/>\n<meta property=\"og:site_name\" content=\"Theramex Poland\" \/>\n<meta property=\"article:modified_time\" content=\"2026-02-12T16:30:52+00:00\" \/>\n<meta name=\"twitter:card\" content=\"summary_large_image\" \/>\n<script type=\"application\/ld+json\" class=\"yoast-schema-graph\">{\"@context\":\"https:\\\/\\\/schema.org\",\"@graph\":[{\"@type\":\"WebPage\",\"@id\":\"https:\\\/\\\/www.theramex.com\\\/pl\\\/lokalizacje\\\/\",\"url\":\"https:\\\/\\\/www.theramex.com\\\/pl\\\/lokalizacje\\\/\",\"name\":\"Gdzie prowadzimy nasz\u0105 dzia\u0142alno\u015b\u0107?\",\"isPartOf\":{\"@id\":\"https:\\\/\\\/www.theramex.com\\\/pl\\\/#website\"},\"datePublished\":\"2021-02-12T15:45:50+00:00\",\"dateModified\":\"2026-02-12T16:30:52+00:00\",\"description\":\"Theramex \u015bci\u015ble wsp\u00f3\u0142pracuje z ginekologami, reumatologami, ortopedami i lekarzami podstawowej opieki zdrowotnej, klinikami leczenia niep\u0142odno\u015bci i aptekami, aby wspiera\u0107 kobiety w ponad 80 krajach Europy, Afryki, Azji i Pacyfiku oraz Ameryki \u0141aci\u0144skiej.\",\"breadcrumb\":{\"@id\":\"https:\\\/\\\/www.theramex.com\\\/pl\\\/lokalizacje\\\/#breadcrumb\"},\"inLanguage\":\"pl-PL\",\"potentialAction\":[{\"@type\":\"ReadAction\",\"target\":[\"https:\\\/\\\/www.theramex.com\\\/pl\\\/lokalizacje\\\/\"]}]},{\"@type\":\"BreadcrumbList\",\"@id\":\"https:\\\/\\\/www.theramex.com\\\/pl\\\/lokalizacje\\\/#breadcrumb\",\"itemListElement\":[{\"@type\":\"ListItem\",\"position\":1,\"name\":\"Home\",\"item\":\"https:\\\/\\\/www.theramex.com\\\/pl\\\/\"},{\"@type\":\"ListItem\",\"position\":2,\"name\":\"Skontaktuj si\u0119 z nami\"}]},{\"@type\":\"WebSite\",\"@id\":\"https:\\\/\\\/www.theramex.com\\\/pl\\\/#website\",\"url\":\"https:\\\/\\\/www.theramex.com\\\/pl\\\/\",\"name\":\"Theramex Poland\",\"description\":\"\",\"potentialAction\":[{\"@type\":\"SearchAction\",\"target\":{\"@type\":\"EntryPoint\",\"urlTemplate\":\"https:\\\/\\\/www.theramex.com\\\/pl\\\/?s={search_term_string}\"},\"query-input\":{\"@type\":\"PropertyValueSpecification\",\"valueRequired\":true,\"valueName\":\"search_term_string\"}}],\"inLanguage\":\"pl-PL\"}]}<\/script>\n<!-- \/ Yoast SEO plugin. -->","yoast_head_json":{"title":"Gdzie prowadzimy nasz\u0105 dzia\u0142alno\u015b\u0107?","description":"Theramex \u015bci\u015ble wsp\u00f3\u0142pracuje z ginekologami, reumatologami, ortopedami i lekarzami podstawowej opieki zdrowotnej, klinikami leczenia niep\u0142odno\u015bci i aptekami, aby wspiera\u0107 kobiety w ponad 80 krajach Europy, Afryki, Azji i Pacyfiku oraz Ameryki \u0141aci\u0144skiej.","robots":{"index":"index","follow":"follow","max-snippet":"max-snippet:-1","max-image-preview":"max-image-preview:large","max-video-preview":"max-video-preview:-1"},"canonical":"https:\/\/www.theramex.com\/pl\/lokalizacje\/","og_locale":"pl_PL","og_type":"article","og_title":"Gdzie prowadzimy nasz\u0105 dzia\u0142alno\u015b\u0107?","og_description":"Theramex \u015bci\u015ble wsp\u00f3\u0142pracuje z ginekologami, reumatologami, ortopedami i lekarzami podstawowej opieki zdrowotnej, klinikami leczenia niep\u0142odno\u015bci i aptekami, aby wspiera\u0107 kobiety w ponad 80 krajach Europy, Afryki, Azji i Pacyfiku oraz Ameryki \u0141aci\u0144skiej.","og_url":"https:\/\/www.theramex.com\/pl\/lokalizacje\/","og_site_name":"Theramex Poland","article_modified_time":"2026-02-12T16:30:52+00:00","twitter_card":"summary_large_image","schema":{"@context":"https:\/\/schema.org","@graph":[{"@type":"WebPage","@id":"https:\/\/www.theramex.com\/pl\/lokalizacje\/","url":"https:\/\/www.theramex.com\/pl\/lokalizacje\/","name":"Gdzie prowadzimy nasz\u0105 dzia\u0142alno\u015b\u0107?","isPartOf":{"@id":"https:\/\/www.theramex.com\/pl\/#website"},"datePublished":"2021-02-12T15:45:50+00:00","dateModified":"2026-02-12T16:30:52+00:00","description":"Theramex \u015bci\u015ble wsp\u00f3\u0142pracuje z ginekologami, reumatologami, ortopedami i lekarzami podstawowej opieki zdrowotnej, klinikami leczenia niep\u0142odno\u015bci i aptekami, aby wspiera\u0107 kobiety w ponad 80 krajach Europy, Afryki, Azji i Pacyfiku oraz Ameryki \u0141aci\u0144skiej.","breadcrumb":{"@id":"https:\/\/www.theramex.com\/pl\/lokalizacje\/#breadcrumb"},"inLanguage":"pl-PL","potentialAction":[{"@type":"ReadAction","target":["https:\/\/www.theramex.com\/pl\/lokalizacje\/"]}]},{"@type":"BreadcrumbList","@id":"https:\/\/www.theramex.com\/pl\/lokalizacje\/#breadcrumb","itemListElement":[{"@type":"ListItem","position":1,"name":"Home","item":"https:\/\/www.theramex.com\/pl\/"},{"@type":"ListItem","position":2,"name":"Skontaktuj si\u0119 z nami"}]},{"@type":"WebSite","@id":"https:\/\/www.theramex.com\/pl\/#website","url":"https:\/\/www.theramex.com\/pl\/","name":"Theramex Poland","description":"","potentialAction":[{"@type":"SearchAction","target":{"@type":"EntryPoint","urlTemplate":"https:\/\/www.theramex.com\/pl\/?s={search_term_string}"},"query-input":{"@type":"PropertyValueSpecification","valueRequired":true,"valueName":"search_term_string"}}],"inLanguage":"pl-PL"}]}},"_links":{"self":[{"href":"https:\/\/www.theramex.com\/pl\/wp-json\/wp\/v2\/pages\/682","targetHints":{"allow":["GET"]}}],"collection":[{"href":"https:\/\/www.theramex.com\/pl\/wp-json\/wp\/v2\/pages"}],"about":[{"href":"https:\/\/www.theramex.com\/pl\/wp-json\/wp\/v2\/types\/page"}],"author":[{"embeddable":true,"href":"https:\/\/www.theramex.com\/pl\/wp-json\/wp\/v2\/users\/1"}],"replies":[{"embeddable":true,"href":"https:\/\/www.theramex.com\/pl\/wp-json\/wp\/v2\/comments?post=682"}],"version-history":[{"count":49,"href":"https:\/\/www.theramex.com\/pl\/wp-json\/wp\/v2\/pages\/682\/revisions"}],"predecessor-version":[{"id":1969,"href":"https:\/\/www.theramex.com\/pl\/wp-json\/wp\/v2\/pages\/682\/revisions\/1969"}],"wp:attachment":[{"href":"https:\/\/www.theramex.com\/pl\/wp-json\/wp\/v2\/media?parent=682"}],"curies":[{"name":"wp","href":"https:\/\/api.w.org\/{rel}","templated":true}]}}