{"id":603,"date":"2021-02-11T23:20:36","date_gmt":"2021-02-11T23:20:36","guid":{"rendered":"https:\/\/www.theramex.com\/pl\/?page_id=603"},"modified":"2026-02-12T17:19:47","modified_gmt":"2026-02-12T16:19:47","slug":"rozmowa-z-lekarzem-na-temat-antykoncepcji","status":"publish","type":"page","link":"https:\/\/www.theramex.com\/pl\/rozmowa-z-lekarzem-na-temat-antykoncepcji\/","title":{"rendered":"Rozmowa z lekarzem na temat antykoncepcji"},"content":{"rendered":"","protected":false},"excerpt":{"rendered":"","protected":false},"author":29,"featured_media":0,"parent":0,"menu_order":0,"comment_status":"closed","ping_status":"closed","template":"general.php","meta":{"_acf_changed":false,"inline_featured_image":false,"footnotes":""},"class_list":["post-603","page","type-page","status-publish","hentry"],"acf":[],"yoast_head":"<!-- This site is optimized with the Yoast SEO plugin v27.3 - https:\/\/yoast.com\/product\/yoast-seo-wordpress\/ -->\n<title>Rozmowa z Twoim lekarzem na temat antykoncepcji<\/title>\n<meta name=\"description\" content=\"Przewodnik dotycz\u0105cy rozmowy z lekarzem na temat antykoncepcji. Obejmuje zagadnienia dotycz\u0105ce rozpocz\u0119cia rozmowy, przygotowania si\u0119 do spotkania, oczekiwa\u0144 i dalszych dzia\u0142a\u0144.\" \/>\n<meta name=\"robots\" content=\"index, follow, max-snippet:-1, max-image-preview:large, max-video-preview:-1\" \/>\n<link rel=\"canonical\" href=\"https:\/\/www.theramex.com\/pl\/rozmowa-z-lekarzem-na-temat-antykoncepcji\/\" \/>\n<meta property=\"og:locale\" content=\"pl_PL\" \/>\n<meta property=\"og:type\" content=\"article\" \/>\n<meta property=\"og:title\" content=\"Rozmowa z Twoim lekarzem na temat antykoncepcji\" \/>\n<meta property=\"og:description\" content=\"Przewodnik dotycz\u0105cy rozmowy z lekarzem na temat antykoncepcji. Obejmuje zagadnienia dotycz\u0105ce rozpocz\u0119cia rozmowy, przygotowania si\u0119 do spotkania, oczekiwa\u0144 i dalszych dzia\u0142a\u0144.\" \/>\n<meta property=\"og:url\" content=\"https:\/\/www.theramex.com\/pl\/rozmowa-z-lekarzem-na-temat-antykoncepcji\/\" \/>\n<meta property=\"og:site_name\" content=\"Theramex Poland\" \/>\n<meta property=\"article:modified_time\" content=\"2026-02-12T16:19:47+00:00\" \/>\n<meta name=\"twitter:card\" content=\"summary_large_image\" \/>\n<script type=\"application\/ld+json\" class=\"yoast-schema-graph\">{\"@context\":\"https:\\\/\\\/schema.org\",\"@graph\":[{\"@type\":\"WebPage\",\"@id\":\"https:\\\/\\\/www.theramex.com\\\/pl\\\/rozmowa-z-lekarzem-na-temat-antykoncepcji\\\/\",\"url\":\"https:\\\/\\\/www.theramex.com\\\/pl\\\/rozmowa-z-lekarzem-na-temat-antykoncepcji\\\/\",\"name\":\"Rozmowa z Twoim lekarzem na temat antykoncepcji\",\"isPartOf\":{\"@id\":\"https:\\\/\\\/www.theramex.com\\\/pl\\\/#website\"},\"datePublished\":\"2021-02-11T23:20:36+00:00\",\"dateModified\":\"2026-02-12T16:19:47+00:00\",\"description\":\"Przewodnik dotycz\u0105cy rozmowy z lekarzem na temat antykoncepcji. Obejmuje zagadnienia dotycz\u0105ce rozpocz\u0119cia rozmowy, przygotowania si\u0119 do spotkania, oczekiwa\u0144 i dalszych dzia\u0142a\u0144.\",\"breadcrumb\":{\"@id\":\"https:\\\/\\\/www.theramex.com\\\/pl\\\/rozmowa-z-lekarzem-na-temat-antykoncepcji\\\/#breadcrumb\"},\"inLanguage\":\"pl-PL\",\"potentialAction\":[{\"@type\":\"ReadAction\",\"target\":[\"https:\\\/\\\/www.theramex.com\\\/pl\\\/rozmowa-z-lekarzem-na-temat-antykoncepcji\\\/\"]}]},{\"@type\":\"BreadcrumbList\",\"@id\":\"https:\\\/\\\/www.theramex.com\\\/pl\\\/rozmowa-z-lekarzem-na-temat-antykoncepcji\\\/#breadcrumb\",\"itemListElement\":[{\"@type\":\"ListItem\",\"position\":1,\"name\":\"Home\",\"item\":\"https:\\\/\\\/www.theramex.com\\\/pl\\\/\"},{\"@type\":\"ListItem\",\"position\":2,\"name\":\"Rozmowa z lekarzem na temat antykoncepcji\"}]},{\"@type\":\"WebSite\",\"@id\":\"https:\\\/\\\/www.theramex.com\\\/pl\\\/#website\",\"url\":\"https:\\\/\\\/www.theramex.com\\\/pl\\\/\",\"name\":\"Theramex Poland\",\"description\":\"\",\"potentialAction\":[{\"@type\":\"SearchAction\",\"target\":{\"@type\":\"EntryPoint\",\"urlTemplate\":\"https:\\\/\\\/www.theramex.com\\\/pl\\\/?s={search_term_string}\"},\"query-input\":{\"@type\":\"PropertyValueSpecification\",\"valueRequired\":true,\"valueName\":\"search_term_string\"}}],\"inLanguage\":\"pl-PL\"}]}<\/script>\n<!-- \/ Yoast SEO plugin. -->","yoast_head_json":{"title":"Rozmowa z Twoim lekarzem na temat antykoncepcji","description":"Przewodnik dotycz\u0105cy rozmowy z lekarzem na temat antykoncepcji. Obejmuje zagadnienia dotycz\u0105ce rozpocz\u0119cia rozmowy, przygotowania si\u0119 do spotkania, oczekiwa\u0144 i dalszych dzia\u0142a\u0144.","robots":{"index":"index","follow":"follow","max-snippet":"max-snippet:-1","max-image-preview":"max-image-preview:large","max-video-preview":"max-video-preview:-1"},"canonical":"https:\/\/www.theramex.com\/pl\/rozmowa-z-lekarzem-na-temat-antykoncepcji\/","og_locale":"pl_PL","og_type":"article","og_title":"Rozmowa z Twoim lekarzem na temat antykoncepcji","og_description":"Przewodnik dotycz\u0105cy rozmowy z lekarzem na temat antykoncepcji. Obejmuje zagadnienia dotycz\u0105ce rozpocz\u0119cia rozmowy, przygotowania si\u0119 do spotkania, oczekiwa\u0144 i dalszych dzia\u0142a\u0144.","og_url":"https:\/\/www.theramex.com\/pl\/rozmowa-z-lekarzem-na-temat-antykoncepcji\/","og_site_name":"Theramex Poland","article_modified_time":"2026-02-12T16:19:47+00:00","twitter_card":"summary_large_image","schema":{"@context":"https:\/\/schema.org","@graph":[{"@type":"WebPage","@id":"https:\/\/www.theramex.com\/pl\/rozmowa-z-lekarzem-na-temat-antykoncepcji\/","url":"https:\/\/www.theramex.com\/pl\/rozmowa-z-lekarzem-na-temat-antykoncepcji\/","name":"Rozmowa z Twoim lekarzem na temat antykoncepcji","isPartOf":{"@id":"https:\/\/www.theramex.com\/pl\/#website"},"datePublished":"2021-02-11T23:20:36+00:00","dateModified":"2026-02-12T16:19:47+00:00","description":"Przewodnik dotycz\u0105cy rozmowy z lekarzem na temat antykoncepcji. Obejmuje zagadnienia dotycz\u0105ce rozpocz\u0119cia rozmowy, przygotowania si\u0119 do spotkania, oczekiwa\u0144 i dalszych dzia\u0142a\u0144.","breadcrumb":{"@id":"https:\/\/www.theramex.com\/pl\/rozmowa-z-lekarzem-na-temat-antykoncepcji\/#breadcrumb"},"inLanguage":"pl-PL","potentialAction":[{"@type":"ReadAction","target":["https:\/\/www.theramex.com\/pl\/rozmowa-z-lekarzem-na-temat-antykoncepcji\/"]}]},{"@type":"BreadcrumbList","@id":"https:\/\/www.theramex.com\/pl\/rozmowa-z-lekarzem-na-temat-antykoncepcji\/#breadcrumb","itemListElement":[{"@type":"ListItem","position":1,"name":"Home","item":"https:\/\/www.theramex.com\/pl\/"},{"@type":"ListItem","position":2,"name":"Rozmowa z lekarzem na temat antykoncepcji"}]},{"@type":"WebSite","@id":"https:\/\/www.theramex.com\/pl\/#website","url":"https:\/\/www.theramex.com\/pl\/","name":"Theramex Poland","description":"","potentialAction":[{"@type":"SearchAction","target":{"@type":"EntryPoint","urlTemplate":"https:\/\/www.theramex.com\/pl\/?s={search_term_string}"},"query-input":{"@type":"PropertyValueSpecification","valueRequired":true,"valueName":"search_term_string"}}],"inLanguage":"pl-PL"}]}},"_links":{"self":[{"href":"https:\/\/www.theramex.com\/pl\/wp-json\/wp\/v2\/pages\/603","targetHints":{"allow":["GET"]}}],"collection":[{"href":"https:\/\/www.theramex.com\/pl\/wp-json\/wp\/v2\/pages"}],"about":[{"href":"https:\/\/www.theramex.com\/pl\/wp-json\/wp\/v2\/types\/page"}],"author":[{"embeddable":true,"href":"https:\/\/www.theramex.com\/pl\/wp-json\/wp\/v2\/users\/29"}],"replies":[{"embeddable":true,"href":"https:\/\/www.theramex.com\/pl\/wp-json\/wp\/v2\/comments?post=603"}],"version-history":[{"count":19,"href":"https:\/\/www.theramex.com\/pl\/wp-json\/wp\/v2\/pages\/603\/revisions"}],"predecessor-version":[{"id":1938,"href":"https:\/\/www.theramex.com\/pl\/wp-json\/wp\/v2\/pages\/603\/revisions\/1938"}],"wp:attachment":[{"href":"https:\/\/www.theramex.com\/pl\/wp-json\/wp\/v2\/media?parent=603"}],"curies":[{"name":"wp","href":"https:\/\/api.w.org\/{rel}","templated":true}]}}