{"id":600,"date":"2021-02-11T23:15:20","date_gmt":"2021-02-11T23:15:20","guid":{"rendered":"https:\/\/www.theramex.com\/pl\/?page_id=600"},"modified":"2026-02-12T17:20:09","modified_gmt":"2026-02-12T16:20:09","slug":"jak-wybrac-odpowiednia-metode-antykoncepcji","status":"publish","type":"page","link":"https:\/\/www.theramex.com\/pl\/jak-wybrac-odpowiednia-metode-antykoncepcji\/","title":{"rendered":"Jak wybra\u0107 odpowiedni\u0105 metod\u0119 antykoncepcji?"},"content":{"rendered":"","protected":false},"excerpt":{"rendered":"","protected":false},"author":29,"featured_media":0,"parent":0,"menu_order":0,"comment_status":"closed","ping_status":"closed","template":"general.php","meta":{"_acf_changed":false,"inline_featured_image":false,"footnotes":""},"class_list":["post-600","page","type-page","status-publish","hentry"],"acf":[],"yoast_head":"<!-- This site is optimized with the Yoast SEO plugin v27.1.1 - https:\/\/yoast.com\/product\/yoast-seo-wordpress\/ -->\n<title>Wyb\u00f3r odpowiedniej metody antykoncepcji<\/title>\n<meta name=\"description\" content=\"Na co nale\u017cy zwr\u00f3ci\u0107 uwag\u0119 przy wyborze odpowiedniej dla siebie metody antykoncepcji. Do metod antykoncepcji zalicza si\u0119 min. doustne tabletki antykoncepcyjne, zastrzyki, wk\u0142adki wewn\u0105trzmaciczne oraz prezerwatywy.\" \/>\n<meta name=\"robots\" content=\"index, follow, max-snippet:-1, max-image-preview:large, max-video-preview:-1\" \/>\n<link rel=\"canonical\" href=\"https:\/\/www.theramex.com\/pl\/jak-wybrac-odpowiednia-metode-antykoncepcji\/\" \/>\n<meta property=\"og:locale\" content=\"pl_PL\" \/>\n<meta property=\"og:type\" content=\"article\" \/>\n<meta property=\"og:title\" content=\"Wyb\u00f3r odpowiedniej metody antykoncepcji\" \/>\n<meta property=\"og:description\" content=\"Na co nale\u017cy zwr\u00f3ci\u0107 uwag\u0119 przy wyborze odpowiedniej dla siebie metody antykoncepcji. Do metod antykoncepcji zalicza si\u0119 min. doustne tabletki antykoncepcyjne, zastrzyki, wk\u0142adki wewn\u0105trzmaciczne oraz prezerwatywy.\" \/>\n<meta property=\"og:url\" content=\"https:\/\/www.theramex.com\/pl\/jak-wybrac-odpowiednia-metode-antykoncepcji\/\" \/>\n<meta property=\"og:site_name\" content=\"Theramex Poland\" \/>\n<meta property=\"article:modified_time\" content=\"2026-02-12T16:20:09+00:00\" \/>\n<meta name=\"twitter:card\" content=\"summary_large_image\" \/>\n<script type=\"application\/ld+json\" class=\"yoast-schema-graph\">{\"@context\":\"https:\/\/schema.org\",\"@graph\":[{\"@type\":\"WebPage\",\"@id\":\"https:\/\/www.theramex.com\/pl\/jak-wybrac-odpowiednia-metode-antykoncepcji\/\",\"url\":\"https:\/\/www.theramex.com\/pl\/jak-wybrac-odpowiednia-metode-antykoncepcji\/\",\"name\":\"Wyb\u00f3r odpowiedniej metody antykoncepcji\",\"isPartOf\":{\"@id\":\"https:\/\/www.theramex.com\/pl\/#website\"},\"datePublished\":\"2021-02-11T23:15:20+00:00\",\"dateModified\":\"2026-02-12T16:20:09+00:00\",\"description\":\"Na co nale\u017cy zwr\u00f3ci\u0107 uwag\u0119 przy wyborze odpowiedniej dla siebie metody antykoncepcji. Do metod antykoncepcji zalicza si\u0119 min. doustne tabletki antykoncepcyjne, zastrzyki, wk\u0142adki wewn\u0105trzmaciczne oraz prezerwatywy.\",\"breadcrumb\":{\"@id\":\"https:\/\/www.theramex.com\/pl\/jak-wybrac-odpowiednia-metode-antykoncepcji\/#breadcrumb\"},\"inLanguage\":\"pl-PL\",\"potentialAction\":[{\"@type\":\"ReadAction\",\"target\":[\"https:\/\/www.theramex.com\/pl\/jak-wybrac-odpowiednia-metode-antykoncepcji\/\"]}]},{\"@type\":\"BreadcrumbList\",\"@id\":\"https:\/\/www.theramex.com\/pl\/jak-wybrac-odpowiednia-metode-antykoncepcji\/#breadcrumb\",\"itemListElement\":[{\"@type\":\"ListItem\",\"position\":1,\"name\":\"Home\",\"item\":\"https:\/\/www.theramex.com\/pl\/\"},{\"@type\":\"ListItem\",\"position\":2,\"name\":\"Jak wybra\u0107 odpowiedni\u0105 metod\u0119 antykoncepcji?\"}]},{\"@type\":\"WebSite\",\"@id\":\"https:\/\/www.theramex.com\/pl\/#website\",\"url\":\"https:\/\/www.theramex.com\/pl\/\",\"name\":\"Theramex Poland\",\"description\":\"\",\"potentialAction\":[{\"@type\":\"SearchAction\",\"target\":{\"@type\":\"EntryPoint\",\"urlTemplate\":\"https:\/\/www.theramex.com\/pl\/?s={search_term_string}\"},\"query-input\":{\"@type\":\"PropertyValueSpecification\",\"valueRequired\":true,\"valueName\":\"search_term_string\"}}],\"inLanguage\":\"pl-PL\"}]}<\/script>\n<!-- \/ Yoast SEO plugin. -->","yoast_head_json":{"title":"Wyb\u00f3r odpowiedniej metody antykoncepcji","description":"Na co nale\u017cy zwr\u00f3ci\u0107 uwag\u0119 przy wyborze odpowiedniej dla siebie metody antykoncepcji. Do metod antykoncepcji zalicza si\u0119 min. doustne tabletki antykoncepcyjne, zastrzyki, wk\u0142adki wewn\u0105trzmaciczne oraz prezerwatywy.","robots":{"index":"index","follow":"follow","max-snippet":"max-snippet:-1","max-image-preview":"max-image-preview:large","max-video-preview":"max-video-preview:-1"},"canonical":"https:\/\/www.theramex.com\/pl\/jak-wybrac-odpowiednia-metode-antykoncepcji\/","og_locale":"pl_PL","og_type":"article","og_title":"Wyb\u00f3r odpowiedniej metody antykoncepcji","og_description":"Na co nale\u017cy zwr\u00f3ci\u0107 uwag\u0119 przy wyborze odpowiedniej dla siebie metody antykoncepcji. Do metod antykoncepcji zalicza si\u0119 min. doustne tabletki antykoncepcyjne, zastrzyki, wk\u0142adki wewn\u0105trzmaciczne oraz prezerwatywy.","og_url":"https:\/\/www.theramex.com\/pl\/jak-wybrac-odpowiednia-metode-antykoncepcji\/","og_site_name":"Theramex Poland","article_modified_time":"2026-02-12T16:20:09+00:00","twitter_card":"summary_large_image","schema":{"@context":"https:\/\/schema.org","@graph":[{"@type":"WebPage","@id":"https:\/\/www.theramex.com\/pl\/jak-wybrac-odpowiednia-metode-antykoncepcji\/","url":"https:\/\/www.theramex.com\/pl\/jak-wybrac-odpowiednia-metode-antykoncepcji\/","name":"Wyb\u00f3r odpowiedniej metody antykoncepcji","isPartOf":{"@id":"https:\/\/www.theramex.com\/pl\/#website"},"datePublished":"2021-02-11T23:15:20+00:00","dateModified":"2026-02-12T16:20:09+00:00","description":"Na co nale\u017cy zwr\u00f3ci\u0107 uwag\u0119 przy wyborze odpowiedniej dla siebie metody antykoncepcji. Do metod antykoncepcji zalicza si\u0119 min. doustne tabletki antykoncepcyjne, zastrzyki, wk\u0142adki wewn\u0105trzmaciczne oraz prezerwatywy.","breadcrumb":{"@id":"https:\/\/www.theramex.com\/pl\/jak-wybrac-odpowiednia-metode-antykoncepcji\/#breadcrumb"},"inLanguage":"pl-PL","potentialAction":[{"@type":"ReadAction","target":["https:\/\/www.theramex.com\/pl\/jak-wybrac-odpowiednia-metode-antykoncepcji\/"]}]},{"@type":"BreadcrumbList","@id":"https:\/\/www.theramex.com\/pl\/jak-wybrac-odpowiednia-metode-antykoncepcji\/#breadcrumb","itemListElement":[{"@type":"ListItem","position":1,"name":"Home","item":"https:\/\/www.theramex.com\/pl\/"},{"@type":"ListItem","position":2,"name":"Jak wybra\u0107 odpowiedni\u0105 metod\u0119 antykoncepcji?"}]},{"@type":"WebSite","@id":"https:\/\/www.theramex.com\/pl\/#website","url":"https:\/\/www.theramex.com\/pl\/","name":"Theramex Poland","description":"","potentialAction":[{"@type":"SearchAction","target":{"@type":"EntryPoint","urlTemplate":"https:\/\/www.theramex.com\/pl\/?s={search_term_string}"},"query-input":{"@type":"PropertyValueSpecification","valueRequired":true,"valueName":"search_term_string"}}],"inLanguage":"pl-PL"}]}},"_links":{"self":[{"href":"https:\/\/www.theramex.com\/pl\/wp-json\/wp\/v2\/pages\/600","targetHints":{"allow":["GET"]}}],"collection":[{"href":"https:\/\/www.theramex.com\/pl\/wp-json\/wp\/v2\/pages"}],"about":[{"href":"https:\/\/www.theramex.com\/pl\/wp-json\/wp\/v2\/types\/page"}],"author":[{"embeddable":true,"href":"https:\/\/www.theramex.com\/pl\/wp-json\/wp\/v2\/users\/29"}],"replies":[{"embeddable":true,"href":"https:\/\/www.theramex.com\/pl\/wp-json\/wp\/v2\/comments?post=600"}],"version-history":[{"count":31,"href":"https:\/\/www.theramex.com\/pl\/wp-json\/wp\/v2\/pages\/600\/revisions"}],"predecessor-version":[{"id":1939,"href":"https:\/\/www.theramex.com\/pl\/wp-json\/wp\/v2\/pages\/600\/revisions\/1939"}],"wp:attachment":[{"href":"https:\/\/www.theramex.com\/pl\/wp-json\/wp\/v2\/media?parent=600"}],"curies":[{"name":"wp","href":"https:\/\/api.w.org\/{rel}","templated":true}]}}