{"id":535,"date":"2021-02-11T14:44:09","date_gmt":"2021-02-11T14:44:09","guid":{"rendered":"https:\/\/www.theramex.com\/pl\/?page_id=535"},"modified":"2026-02-12T17:20:52","modified_gmt":"2026-02-12T16:20:52","slug":"tozmowa-z-lekarzem-na-temat-menopauzy","status":"publish","type":"page","link":"https:\/\/www.theramex.com\/pl\/tozmowa-z-lekarzem-na-temat-menopauzy\/","title":{"rendered":"Rozmowa z lekarzem na temat menopauzy"},"content":{"rendered":"","protected":false},"excerpt":{"rendered":"","protected":false},"author":29,"featured_media":0,"parent":0,"menu_order":0,"comment_status":"closed","ping_status":"closed","template":"general.php","meta":{"_acf_changed":false,"inline_featured_image":false,"footnotes":""},"class_list":["post-535","page","type-page","status-publish","hentry"],"acf":[],"yoast_head":"<!-- This site is optimized with the Yoast SEO plugin v27.3 - https:\/\/yoast.com\/product\/yoast-seo-wordpress\/ -->\n<title>Rozmowa z lekarzem na temat menopauzy<\/title>\n<meta name=\"description\" content=\"Przewodnik dotycz\u0105cy rozmowy z lekarzem na temat menopauzy. Obejmuje on zagadnienia dotycz\u0105ce rozpocz\u0119cia rozmowy, przygotowania si\u0119 do spotkania z lekarzem, okre\u015blnia oczekiwa\u0144 i dalszych dzia\u0142a\u0144.\" \/>\n<meta name=\"robots\" content=\"index, follow, max-snippet:-1, max-image-preview:large, max-video-preview:-1\" \/>\n<link rel=\"canonical\" href=\"https:\/\/www.theramex.com\/pl\/tozmowa-z-lekarzem-na-temat-menopauzy\/\" \/>\n<meta property=\"og:locale\" content=\"pl_PL\" \/>\n<meta property=\"og:type\" content=\"article\" \/>\n<meta property=\"og:title\" content=\"Rozmowa z lekarzem na temat menopauzy\" \/>\n<meta property=\"og:description\" content=\"Przewodnik dotycz\u0105cy rozmowy z lekarzem na temat menopauzy. Obejmuje on zagadnienia dotycz\u0105ce rozpocz\u0119cia rozmowy, przygotowania si\u0119 do spotkania z lekarzem, okre\u015blnia oczekiwa\u0144 i dalszych dzia\u0142a\u0144.\" \/>\n<meta property=\"og:url\" content=\"https:\/\/www.theramex.com\/pl\/tozmowa-z-lekarzem-na-temat-menopauzy\/\" \/>\n<meta property=\"og:site_name\" content=\"Theramex Poland\" \/>\n<meta property=\"article:modified_time\" content=\"2026-02-12T16:20:52+00:00\" \/>\n<meta name=\"twitter:card\" content=\"summary_large_image\" \/>\n<script type=\"application\/ld+json\" class=\"yoast-schema-graph\">{\"@context\":\"https:\\\/\\\/schema.org\",\"@graph\":[{\"@type\":\"WebPage\",\"@id\":\"https:\\\/\\\/www.theramex.com\\\/pl\\\/tozmowa-z-lekarzem-na-temat-menopauzy\\\/\",\"url\":\"https:\\\/\\\/www.theramex.com\\\/pl\\\/tozmowa-z-lekarzem-na-temat-menopauzy\\\/\",\"name\":\"Rozmowa z lekarzem na temat menopauzy\",\"isPartOf\":{\"@id\":\"https:\\\/\\\/www.theramex.com\\\/pl\\\/#website\"},\"datePublished\":\"2021-02-11T14:44:09+00:00\",\"dateModified\":\"2026-02-12T16:20:52+00:00\",\"description\":\"Przewodnik dotycz\u0105cy rozmowy z lekarzem na temat menopauzy. Obejmuje on zagadnienia dotycz\u0105ce rozpocz\u0119cia rozmowy, przygotowania si\u0119 do spotkania z lekarzem, okre\u015blnia oczekiwa\u0144 i dalszych dzia\u0142a\u0144.\",\"breadcrumb\":{\"@id\":\"https:\\\/\\\/www.theramex.com\\\/pl\\\/tozmowa-z-lekarzem-na-temat-menopauzy\\\/#breadcrumb\"},\"inLanguage\":\"pl-PL\",\"potentialAction\":[{\"@type\":\"ReadAction\",\"target\":[\"https:\\\/\\\/www.theramex.com\\\/pl\\\/tozmowa-z-lekarzem-na-temat-menopauzy\\\/\"]}]},{\"@type\":\"BreadcrumbList\",\"@id\":\"https:\\\/\\\/www.theramex.com\\\/pl\\\/tozmowa-z-lekarzem-na-temat-menopauzy\\\/#breadcrumb\",\"itemListElement\":[{\"@type\":\"ListItem\",\"position\":1,\"name\":\"Home\",\"item\":\"https:\\\/\\\/www.theramex.com\\\/pl\\\/\"},{\"@type\":\"ListItem\",\"position\":2,\"name\":\"Rozmowa z lekarzem na temat menopauzy\"}]},{\"@type\":\"WebSite\",\"@id\":\"https:\\\/\\\/www.theramex.com\\\/pl\\\/#website\",\"url\":\"https:\\\/\\\/www.theramex.com\\\/pl\\\/\",\"name\":\"Theramex Poland\",\"description\":\"\",\"potentialAction\":[{\"@type\":\"SearchAction\",\"target\":{\"@type\":\"EntryPoint\",\"urlTemplate\":\"https:\\\/\\\/www.theramex.com\\\/pl\\\/?s={search_term_string}\"},\"query-input\":{\"@type\":\"PropertyValueSpecification\",\"valueRequired\":true,\"valueName\":\"search_term_string\"}}],\"inLanguage\":\"pl-PL\"}]}<\/script>\n<!-- \/ Yoast SEO plugin. -->","yoast_head_json":{"title":"Rozmowa z lekarzem na temat menopauzy","description":"Przewodnik dotycz\u0105cy rozmowy z lekarzem na temat menopauzy. Obejmuje on zagadnienia dotycz\u0105ce rozpocz\u0119cia rozmowy, przygotowania si\u0119 do spotkania z lekarzem, okre\u015blnia oczekiwa\u0144 i dalszych dzia\u0142a\u0144.","robots":{"index":"index","follow":"follow","max-snippet":"max-snippet:-1","max-image-preview":"max-image-preview:large","max-video-preview":"max-video-preview:-1"},"canonical":"https:\/\/www.theramex.com\/pl\/tozmowa-z-lekarzem-na-temat-menopauzy\/","og_locale":"pl_PL","og_type":"article","og_title":"Rozmowa z lekarzem na temat menopauzy","og_description":"Przewodnik dotycz\u0105cy rozmowy z lekarzem na temat menopauzy. Obejmuje on zagadnienia dotycz\u0105ce rozpocz\u0119cia rozmowy, przygotowania si\u0119 do spotkania z lekarzem, okre\u015blnia oczekiwa\u0144 i dalszych dzia\u0142a\u0144.","og_url":"https:\/\/www.theramex.com\/pl\/tozmowa-z-lekarzem-na-temat-menopauzy\/","og_site_name":"Theramex Poland","article_modified_time":"2026-02-12T16:20:52+00:00","twitter_card":"summary_large_image","schema":{"@context":"https:\/\/schema.org","@graph":[{"@type":"WebPage","@id":"https:\/\/www.theramex.com\/pl\/tozmowa-z-lekarzem-na-temat-menopauzy\/","url":"https:\/\/www.theramex.com\/pl\/tozmowa-z-lekarzem-na-temat-menopauzy\/","name":"Rozmowa z lekarzem na temat menopauzy","isPartOf":{"@id":"https:\/\/www.theramex.com\/pl\/#website"},"datePublished":"2021-02-11T14:44:09+00:00","dateModified":"2026-02-12T16:20:52+00:00","description":"Przewodnik dotycz\u0105cy rozmowy z lekarzem na temat menopauzy. Obejmuje on zagadnienia dotycz\u0105ce rozpocz\u0119cia rozmowy, przygotowania si\u0119 do spotkania z lekarzem, okre\u015blnia oczekiwa\u0144 i dalszych dzia\u0142a\u0144.","breadcrumb":{"@id":"https:\/\/www.theramex.com\/pl\/tozmowa-z-lekarzem-na-temat-menopauzy\/#breadcrumb"},"inLanguage":"pl-PL","potentialAction":[{"@type":"ReadAction","target":["https:\/\/www.theramex.com\/pl\/tozmowa-z-lekarzem-na-temat-menopauzy\/"]}]},{"@type":"BreadcrumbList","@id":"https:\/\/www.theramex.com\/pl\/tozmowa-z-lekarzem-na-temat-menopauzy\/#breadcrumb","itemListElement":[{"@type":"ListItem","position":1,"name":"Home","item":"https:\/\/www.theramex.com\/pl\/"},{"@type":"ListItem","position":2,"name":"Rozmowa z lekarzem na temat menopauzy"}]},{"@type":"WebSite","@id":"https:\/\/www.theramex.com\/pl\/#website","url":"https:\/\/www.theramex.com\/pl\/","name":"Theramex Poland","description":"","potentialAction":[{"@type":"SearchAction","target":{"@type":"EntryPoint","urlTemplate":"https:\/\/www.theramex.com\/pl\/?s={search_term_string}"},"query-input":{"@type":"PropertyValueSpecification","valueRequired":true,"valueName":"search_term_string"}}],"inLanguage":"pl-PL"}]}},"_links":{"self":[{"href":"https:\/\/www.theramex.com\/pl\/wp-json\/wp\/v2\/pages\/535","targetHints":{"allow":["GET"]}}],"collection":[{"href":"https:\/\/www.theramex.com\/pl\/wp-json\/wp\/v2\/pages"}],"about":[{"href":"https:\/\/www.theramex.com\/pl\/wp-json\/wp\/v2\/types\/page"}],"author":[{"embeddable":true,"href":"https:\/\/www.theramex.com\/pl\/wp-json\/wp\/v2\/users\/29"}],"replies":[{"embeddable":true,"href":"https:\/\/www.theramex.com\/pl\/wp-json\/wp\/v2\/comments?post=535"}],"version-history":[{"count":29,"href":"https:\/\/www.theramex.com\/pl\/wp-json\/wp\/v2\/pages\/535\/revisions"}],"predecessor-version":[{"id":1941,"href":"https:\/\/www.theramex.com\/pl\/wp-json\/wp\/v2\/pages\/535\/revisions\/1941"}],"wp:attachment":[{"href":"https:\/\/www.theramex.com\/pl\/wp-json\/wp\/v2\/media?parent=535"}],"curies":[{"name":"wp","href":"https:\/\/api.w.org\/{rel}","templated":true}]}}