{"id":530,"date":"2021-02-11T14:25:06","date_gmt":"2021-02-11T14:25:06","guid":{"rendered":"https:\/\/www.theramex.com\/pl\/?page_id=530"},"modified":"2026-02-12T17:21:30","modified_gmt":"2026-02-12T16:21:30","slug":"objawy-menopauzy","status":"publish","type":"page","link":"https:\/\/www.theramex.com\/pl\/objawy-menopauzy\/","title":{"rendered":"Objawy menopauzy"},"content":{"rendered":"","protected":false},"excerpt":{"rendered":"","protected":false},"author":29,"featured_media":0,"parent":0,"menu_order":0,"comment_status":"closed","ping_status":"closed","template":"general.php","meta":{"_acf_changed":false,"inline_featured_image":false,"footnotes":""},"class_list":["post-530","page","type-page","status-publish","hentry"],"acf":[],"yoast_head":"<!-- This site is optimized with the Yoast SEO plugin v27.1.1 - https:\/\/yoast.com\/product\/yoast-seo-wordpress\/ -->\n<title>Objawy menopauzy<\/title>\n<meta name=\"description\" content=\"Objawy menopauzy to uderzenia gor\u0105ca, obni\u017cony nastr\u00f3j i zmiany w pochwie. Miesi\u0105czki staj\u0105 si\u0119 nieregularne, a\u017c w ko\u0144cu ustaj\u0105 wraz ze spadkiem poziomu estrogenu.\" \/>\n<meta name=\"robots\" content=\"index, follow, max-snippet:-1, max-image-preview:large, max-video-preview:-1\" \/>\n<link rel=\"canonical\" href=\"https:\/\/www.theramex.com\/pl\/objawy-menopauzy\/\" \/>\n<meta property=\"og:locale\" content=\"pl_PL\" \/>\n<meta property=\"og:type\" content=\"article\" \/>\n<meta property=\"og:title\" content=\"Objawy menopauzy\" \/>\n<meta property=\"og:description\" content=\"Objawy menopauzy to uderzenia gor\u0105ca, obni\u017cony nastr\u00f3j i zmiany w pochwie. Miesi\u0105czki staj\u0105 si\u0119 nieregularne, a\u017c w ko\u0144cu ustaj\u0105 wraz ze spadkiem poziomu estrogenu.\" \/>\n<meta property=\"og:url\" content=\"https:\/\/www.theramex.com\/pl\/objawy-menopauzy\/\" \/>\n<meta property=\"og:site_name\" content=\"Theramex Poland\" \/>\n<meta property=\"article:modified_time\" content=\"2026-02-12T16:21:30+00:00\" \/>\n<meta name=\"twitter:card\" content=\"summary_large_image\" \/>\n<script type=\"application\/ld+json\" class=\"yoast-schema-graph\">{\"@context\":\"https:\/\/schema.org\",\"@graph\":[{\"@type\":\"WebPage\",\"@id\":\"https:\/\/www.theramex.com\/pl\/objawy-menopauzy\/\",\"url\":\"https:\/\/www.theramex.com\/pl\/objawy-menopauzy\/\",\"name\":\"Objawy menopauzy\",\"isPartOf\":{\"@id\":\"https:\/\/www.theramex.com\/pl\/#website\"},\"datePublished\":\"2021-02-11T14:25:06+00:00\",\"dateModified\":\"2026-02-12T16:21:30+00:00\",\"description\":\"Objawy menopauzy to uderzenia gor\u0105ca, obni\u017cony nastr\u00f3j i zmiany w pochwie. Miesi\u0105czki staj\u0105 si\u0119 nieregularne, a\u017c w ko\u0144cu ustaj\u0105 wraz ze spadkiem poziomu estrogenu.\",\"breadcrumb\":{\"@id\":\"https:\/\/www.theramex.com\/pl\/objawy-menopauzy\/#breadcrumb\"},\"inLanguage\":\"pl-PL\",\"potentialAction\":[{\"@type\":\"ReadAction\",\"target\":[\"https:\/\/www.theramex.com\/pl\/objawy-menopauzy\/\"]}]},{\"@type\":\"BreadcrumbList\",\"@id\":\"https:\/\/www.theramex.com\/pl\/objawy-menopauzy\/#breadcrumb\",\"itemListElement\":[{\"@type\":\"ListItem\",\"position\":1,\"name\":\"Home\",\"item\":\"https:\/\/www.theramex.com\/pl\/\"},{\"@type\":\"ListItem\",\"position\":2,\"name\":\"Objawy menopauzy\"}]},{\"@type\":\"WebSite\",\"@id\":\"https:\/\/www.theramex.com\/pl\/#website\",\"url\":\"https:\/\/www.theramex.com\/pl\/\",\"name\":\"Theramex Poland\",\"description\":\"\",\"potentialAction\":[{\"@type\":\"SearchAction\",\"target\":{\"@type\":\"EntryPoint\",\"urlTemplate\":\"https:\/\/www.theramex.com\/pl\/?s={search_term_string}\"},\"query-input\":{\"@type\":\"PropertyValueSpecification\",\"valueRequired\":true,\"valueName\":\"search_term_string\"}}],\"inLanguage\":\"pl-PL\"}]}<\/script>\n<!-- \/ Yoast SEO plugin. -->","yoast_head_json":{"title":"Objawy menopauzy","description":"Objawy menopauzy to uderzenia gor\u0105ca, obni\u017cony nastr\u00f3j i zmiany w pochwie. Miesi\u0105czki staj\u0105 si\u0119 nieregularne, a\u017c w ko\u0144cu ustaj\u0105 wraz ze spadkiem poziomu estrogenu.","robots":{"index":"index","follow":"follow","max-snippet":"max-snippet:-1","max-image-preview":"max-image-preview:large","max-video-preview":"max-video-preview:-1"},"canonical":"https:\/\/www.theramex.com\/pl\/objawy-menopauzy\/","og_locale":"pl_PL","og_type":"article","og_title":"Objawy menopauzy","og_description":"Objawy menopauzy to uderzenia gor\u0105ca, obni\u017cony nastr\u00f3j i zmiany w pochwie. Miesi\u0105czki staj\u0105 si\u0119 nieregularne, a\u017c w ko\u0144cu ustaj\u0105 wraz ze spadkiem poziomu estrogenu.","og_url":"https:\/\/www.theramex.com\/pl\/objawy-menopauzy\/","og_site_name":"Theramex Poland","article_modified_time":"2026-02-12T16:21:30+00:00","twitter_card":"summary_large_image","schema":{"@context":"https:\/\/schema.org","@graph":[{"@type":"WebPage","@id":"https:\/\/www.theramex.com\/pl\/objawy-menopauzy\/","url":"https:\/\/www.theramex.com\/pl\/objawy-menopauzy\/","name":"Objawy menopauzy","isPartOf":{"@id":"https:\/\/www.theramex.com\/pl\/#website"},"datePublished":"2021-02-11T14:25:06+00:00","dateModified":"2026-02-12T16:21:30+00:00","description":"Objawy menopauzy to uderzenia gor\u0105ca, obni\u017cony nastr\u00f3j i zmiany w pochwie. Miesi\u0105czki staj\u0105 si\u0119 nieregularne, a\u017c w ko\u0144cu ustaj\u0105 wraz ze spadkiem poziomu estrogenu.","breadcrumb":{"@id":"https:\/\/www.theramex.com\/pl\/objawy-menopauzy\/#breadcrumb"},"inLanguage":"pl-PL","potentialAction":[{"@type":"ReadAction","target":["https:\/\/www.theramex.com\/pl\/objawy-menopauzy\/"]}]},{"@type":"BreadcrumbList","@id":"https:\/\/www.theramex.com\/pl\/objawy-menopauzy\/#breadcrumb","itemListElement":[{"@type":"ListItem","position":1,"name":"Home","item":"https:\/\/www.theramex.com\/pl\/"},{"@type":"ListItem","position":2,"name":"Objawy menopauzy"}]},{"@type":"WebSite","@id":"https:\/\/www.theramex.com\/pl\/#website","url":"https:\/\/www.theramex.com\/pl\/","name":"Theramex Poland","description":"","potentialAction":[{"@type":"SearchAction","target":{"@type":"EntryPoint","urlTemplate":"https:\/\/www.theramex.com\/pl\/?s={search_term_string}"},"query-input":{"@type":"PropertyValueSpecification","valueRequired":true,"valueName":"search_term_string"}}],"inLanguage":"pl-PL"}]}},"_links":{"self":[{"href":"https:\/\/www.theramex.com\/pl\/wp-json\/wp\/v2\/pages\/530","targetHints":{"allow":["GET"]}}],"collection":[{"href":"https:\/\/www.theramex.com\/pl\/wp-json\/wp\/v2\/pages"}],"about":[{"href":"https:\/\/www.theramex.com\/pl\/wp-json\/wp\/v2\/types\/page"}],"author":[{"embeddable":true,"href":"https:\/\/www.theramex.com\/pl\/wp-json\/wp\/v2\/users\/29"}],"replies":[{"embeddable":true,"href":"https:\/\/www.theramex.com\/pl\/wp-json\/wp\/v2\/comments?post=530"}],"version-history":[{"count":29,"href":"https:\/\/www.theramex.com\/pl\/wp-json\/wp\/v2\/pages\/530\/revisions"}],"predecessor-version":[{"id":1942,"href":"https:\/\/www.theramex.com\/pl\/wp-json\/wp\/v2\/pages\/530\/revisions\/1942"}],"wp:attachment":[{"href":"https:\/\/www.theramex.com\/pl\/wp-json\/wp\/v2\/media?parent=530"}],"curies":[{"name":"wp","href":"https:\/\/api.w.org\/{rel}","templated":true}]}}