{"id":503,"date":"2021-02-11T13:35:20","date_gmt":"2021-02-11T13:35:20","guid":{"rendered":"https:\/\/www.theramex.com\/pl\/?page_id=503"},"modified":"2026-02-12T17:35:29","modified_gmt":"2026-02-12T16:35:29","slug":"czym-jest-menopauza","status":"publish","type":"page","link":"https:\/\/www.theramex.com\/pl\/czym-jest-menopauza\/","title":{"rendered":"Wspieranie kobiet w\u00a0okresie menopauzalnym"},"content":{"rendered":"","protected":false},"excerpt":{"rendered":"","protected":false},"author":29,"featured_media":0,"parent":0,"menu_order":0,"comment_status":"closed","ping_status":"closed","template":"general.php","meta":{"_acf_changed":false,"inline_featured_image":false,"footnotes":""},"class_list":["post-503","page","type-page","status-publish","hentry"],"acf":[],"yoast_head":"<!-- This site is optimized with the Yoast SEO plugin v27.3 - https:\/\/yoast.com\/product\/yoast-seo-wordpress\/ -->\n<title>Wspieranie kobiet w okresie menopauzalnym<\/title>\n<meta name=\"description\" content=\"Menopauza to okres w \u017cyciu kobiety, gdy przestaje ona miesi\u0105czkowa\u0107, w wyniku czego nast\u0119puje koniec okresu p\u0142odno\u015bci. Dla wielu kobiet mo\u017ce to by\u0107 czas niepokoj\u0105cych zmian fizycznych i emocjonalnych.\" \/>\n<meta name=\"robots\" content=\"index, follow, max-snippet:-1, max-image-preview:large, max-video-preview:-1\" \/>\n<link rel=\"canonical\" href=\"https:\/\/www.theramex.com\/pl\/czym-jest-menopauza\/\" \/>\n<meta property=\"og:locale\" content=\"pl_PL\" \/>\n<meta property=\"og:type\" content=\"article\" \/>\n<meta property=\"og:title\" content=\"Wspieranie kobiet w okresie menopauzalnym\" \/>\n<meta property=\"og:description\" content=\"Menopauza to okres w \u017cyciu kobiety, gdy przestaje ona miesi\u0105czkowa\u0107, w wyniku czego nast\u0119puje koniec okresu p\u0142odno\u015bci. Dla wielu kobiet mo\u017ce to by\u0107 czas niepokoj\u0105cych zmian fizycznych i emocjonalnych.\" \/>\n<meta property=\"og:url\" content=\"https:\/\/www.theramex.com\/pl\/czym-jest-menopauza\/\" \/>\n<meta property=\"og:site_name\" content=\"Theramex Poland\" \/>\n<meta property=\"article:modified_time\" content=\"2026-02-12T16:35:29+00:00\" \/>\n<meta name=\"twitter:card\" content=\"summary_large_image\" \/>\n<script type=\"application\/ld+json\" class=\"yoast-schema-graph\">{\"@context\":\"https:\\\/\\\/schema.org\",\"@graph\":[{\"@type\":\"WebPage\",\"@id\":\"https:\\\/\\\/www.theramex.com\\\/pl\\\/czym-jest-menopauza\\\/\",\"url\":\"https:\\\/\\\/www.theramex.com\\\/pl\\\/czym-jest-menopauza\\\/\",\"name\":\"Wspieranie kobiet w okresie menopauzalnym\",\"isPartOf\":{\"@id\":\"https:\\\/\\\/www.theramex.com\\\/pl\\\/#website\"},\"datePublished\":\"2021-02-11T13:35:20+00:00\",\"dateModified\":\"2026-02-12T16:35:29+00:00\",\"description\":\"Menopauza to okres w \u017cyciu kobiety, gdy przestaje ona miesi\u0105czkowa\u0107, w wyniku czego nast\u0119puje koniec okresu p\u0142odno\u015bci. Dla wielu kobiet mo\u017ce to by\u0107 czas niepokoj\u0105cych zmian fizycznych i emocjonalnych.\",\"breadcrumb\":{\"@id\":\"https:\\\/\\\/www.theramex.com\\\/pl\\\/czym-jest-menopauza\\\/#breadcrumb\"},\"inLanguage\":\"pl-PL\",\"potentialAction\":[{\"@type\":\"ReadAction\",\"target\":[\"https:\\\/\\\/www.theramex.com\\\/pl\\\/czym-jest-menopauza\\\/\"]}]},{\"@type\":\"BreadcrumbList\",\"@id\":\"https:\\\/\\\/www.theramex.com\\\/pl\\\/czym-jest-menopauza\\\/#breadcrumb\",\"itemListElement\":[{\"@type\":\"ListItem\",\"position\":1,\"name\":\"Home\",\"item\":\"https:\\\/\\\/www.theramex.com\\\/pl\\\/\"},{\"@type\":\"ListItem\",\"position\":2,\"name\":\"Wspieranie kobiet w\u00a0okresie menopauzalnym\"}]},{\"@type\":\"WebSite\",\"@id\":\"https:\\\/\\\/www.theramex.com\\\/pl\\\/#website\",\"url\":\"https:\\\/\\\/www.theramex.com\\\/pl\\\/\",\"name\":\"Theramex Poland\",\"description\":\"\",\"potentialAction\":[{\"@type\":\"SearchAction\",\"target\":{\"@type\":\"EntryPoint\",\"urlTemplate\":\"https:\\\/\\\/www.theramex.com\\\/pl\\\/?s={search_term_string}\"},\"query-input\":{\"@type\":\"PropertyValueSpecification\",\"valueRequired\":true,\"valueName\":\"search_term_string\"}}],\"inLanguage\":\"pl-PL\"}]}<\/script>\n<!-- \/ Yoast SEO plugin. -->","yoast_head_json":{"title":"Wspieranie kobiet w okresie menopauzalnym","description":"Menopauza to okres w \u017cyciu kobiety, gdy przestaje ona miesi\u0105czkowa\u0107, w wyniku czego nast\u0119puje koniec okresu p\u0142odno\u015bci. Dla wielu kobiet mo\u017ce to by\u0107 czas niepokoj\u0105cych zmian fizycznych i emocjonalnych.","robots":{"index":"index","follow":"follow","max-snippet":"max-snippet:-1","max-image-preview":"max-image-preview:large","max-video-preview":"max-video-preview:-1"},"canonical":"https:\/\/www.theramex.com\/pl\/czym-jest-menopauza\/","og_locale":"pl_PL","og_type":"article","og_title":"Wspieranie kobiet w okresie menopauzalnym","og_description":"Menopauza to okres w \u017cyciu kobiety, gdy przestaje ona miesi\u0105czkowa\u0107, w wyniku czego nast\u0119puje koniec okresu p\u0142odno\u015bci. Dla wielu kobiet mo\u017ce to by\u0107 czas niepokoj\u0105cych zmian fizycznych i emocjonalnych.","og_url":"https:\/\/www.theramex.com\/pl\/czym-jest-menopauza\/","og_site_name":"Theramex Poland","article_modified_time":"2026-02-12T16:35:29+00:00","twitter_card":"summary_large_image","schema":{"@context":"https:\/\/schema.org","@graph":[{"@type":"WebPage","@id":"https:\/\/www.theramex.com\/pl\/czym-jest-menopauza\/","url":"https:\/\/www.theramex.com\/pl\/czym-jest-menopauza\/","name":"Wspieranie kobiet w okresie menopauzalnym","isPartOf":{"@id":"https:\/\/www.theramex.com\/pl\/#website"},"datePublished":"2021-02-11T13:35:20+00:00","dateModified":"2026-02-12T16:35:29+00:00","description":"Menopauza to okres w \u017cyciu kobiety, gdy przestaje ona miesi\u0105czkowa\u0107, w wyniku czego nast\u0119puje koniec okresu p\u0142odno\u015bci. Dla wielu kobiet mo\u017ce to by\u0107 czas niepokoj\u0105cych zmian fizycznych i emocjonalnych.","breadcrumb":{"@id":"https:\/\/www.theramex.com\/pl\/czym-jest-menopauza\/#breadcrumb"},"inLanguage":"pl-PL","potentialAction":[{"@type":"ReadAction","target":["https:\/\/www.theramex.com\/pl\/czym-jest-menopauza\/"]}]},{"@type":"BreadcrumbList","@id":"https:\/\/www.theramex.com\/pl\/czym-jest-menopauza\/#breadcrumb","itemListElement":[{"@type":"ListItem","position":1,"name":"Home","item":"https:\/\/www.theramex.com\/pl\/"},{"@type":"ListItem","position":2,"name":"Wspieranie kobiet w\u00a0okresie menopauzalnym"}]},{"@type":"WebSite","@id":"https:\/\/www.theramex.com\/pl\/#website","url":"https:\/\/www.theramex.com\/pl\/","name":"Theramex Poland","description":"","potentialAction":[{"@type":"SearchAction","target":{"@type":"EntryPoint","urlTemplate":"https:\/\/www.theramex.com\/pl\/?s={search_term_string}"},"query-input":{"@type":"PropertyValueSpecification","valueRequired":true,"valueName":"search_term_string"}}],"inLanguage":"pl-PL"}]}},"_links":{"self":[{"href":"https:\/\/www.theramex.com\/pl\/wp-json\/wp\/v2\/pages\/503","targetHints":{"allow":["GET"]}}],"collection":[{"href":"https:\/\/www.theramex.com\/pl\/wp-json\/wp\/v2\/pages"}],"about":[{"href":"https:\/\/www.theramex.com\/pl\/wp-json\/wp\/v2\/types\/page"}],"author":[{"embeddable":true,"href":"https:\/\/www.theramex.com\/pl\/wp-json\/wp\/v2\/users\/29"}],"replies":[{"embeddable":true,"href":"https:\/\/www.theramex.com\/pl\/wp-json\/wp\/v2\/comments?post=503"}],"version-history":[{"count":37,"href":"https:\/\/www.theramex.com\/pl\/wp-json\/wp\/v2\/pages\/503\/revisions"}],"predecessor-version":[{"id":1973,"href":"https:\/\/www.theramex.com\/pl\/wp-json\/wp\/v2\/pages\/503\/revisions\/1973"}],"wp:attachment":[{"href":"https:\/\/www.theramex.com\/pl\/wp-json\/wp\/v2\/media?parent=503"}],"curies":[{"name":"wp","href":"https:\/\/api.w.org\/{rel}","templated":true}]}}