{"id":315,"date":"2021-02-09T18:21:00","date_gmt":"2021-02-09T18:21:00","guid":{"rendered":"https:\/\/www.theramex.com\/pl\/?page_id=315"},"modified":"2026-02-12T17:23:29","modified_gmt":"2026-02-12T16:23:29","slug":"kariera","status":"publish","type":"page","link":"https:\/\/www.theramex.com\/pl\/kariera\/","title":{"rendered":"Czy z pasj\u0105 anga\u017cujesz si\u0119 w popraw\u0119 zdrowia kobiet?"},"content":{"rendered":"\n<figure class=\"wp-block-table\"><table><tbody><tr><td><\/td><\/tr><\/tbody><\/table><\/figure>\n\n\n\n<figure class=\"wp-block-table\"><table><tbody><tr><td><\/td><\/tr><\/tbody><\/table><\/figure>\n","protected":false},"excerpt":{"rendered":"","protected":false},"author":1,"featured_media":0,"parent":0,"menu_order":0,"comment_status":"closed","ping_status":"closed","template":"careers.php","meta":{"_acf_changed":false,"inline_featured_image":false,"footnotes":""},"class_list":["post-315","page","type-page","status-publish","hentry"],"acf":[],"yoast_head":"<!-- This site is optimized with the Yoast SEO plugin v27.3 - https:\/\/yoast.com\/product\/yoast-seo-wordpress\/ -->\n<title>Pracuj z nami<\/title>\n<meta name=\"description\" content=\"Obecnie Theramex oferuje swoje produkty w zakresie czterech obszar\u00f3w terapeutycznych w 80 krajach. Do\u0142\u0105cz do nas, aby sta\u0107 si\u0119 cz\u0119\u015bci\u0105 ekscytuj\u0105cej przygody\" \/>\n<meta name=\"robots\" content=\"index, follow, max-snippet:-1, max-image-preview:large, max-video-preview:-1\" \/>\n<link rel=\"canonical\" href=\"https:\/\/www.theramex.com\/pl\/kariera\/\" \/>\n<meta property=\"og:locale\" content=\"pl_PL\" \/>\n<meta property=\"og:type\" content=\"article\" \/>\n<meta property=\"og:title\" content=\"Pracuj z nami\" \/>\n<meta property=\"og:description\" content=\"Obecnie Theramex oferuje swoje produkty w zakresie czterech obszar\u00f3w terapeutycznych w 80 krajach. Do\u0142\u0105cz do nas, aby sta\u0107 si\u0119 cz\u0119\u015bci\u0105 ekscytuj\u0105cej przygody\" \/>\n<meta property=\"og:url\" content=\"https:\/\/www.theramex.com\/pl\/kariera\/\" \/>\n<meta property=\"og:site_name\" content=\"Theramex Poland\" \/>\n<meta property=\"article:modified_time\" content=\"2026-02-12T16:23:29+00:00\" \/>\n<meta name=\"twitter:card\" content=\"summary_large_image\" \/>\n<script type=\"application\/ld+json\" class=\"yoast-schema-graph\">{\"@context\":\"https:\\\/\\\/schema.org\",\"@graph\":[{\"@type\":\"WebPage\",\"@id\":\"https:\\\/\\\/www.theramex.com\\\/pl\\\/kariera\\\/\",\"url\":\"https:\\\/\\\/www.theramex.com\\\/pl\\\/kariera\\\/\",\"name\":\"Pracuj z nami\",\"isPartOf\":{\"@id\":\"https:\\\/\\\/www.theramex.com\\\/pl\\\/#website\"},\"datePublished\":\"2021-02-09T18:21:00+00:00\",\"dateModified\":\"2026-02-12T16:23:29+00:00\",\"description\":\"Obecnie Theramex oferuje swoje produkty w zakresie czterech obszar\u00f3w terapeutycznych w 80 krajach. Do\u0142\u0105cz do nas, aby sta\u0107 si\u0119 cz\u0119\u015bci\u0105 ekscytuj\u0105cej przygody\",\"breadcrumb\":{\"@id\":\"https:\\\/\\\/www.theramex.com\\\/pl\\\/kariera\\\/#breadcrumb\"},\"inLanguage\":\"pl-PL\",\"potentialAction\":[{\"@type\":\"ReadAction\",\"target\":[\"https:\\\/\\\/www.theramex.com\\\/pl\\\/kariera\\\/\"]}]},{\"@type\":\"BreadcrumbList\",\"@id\":\"https:\\\/\\\/www.theramex.com\\\/pl\\\/kariera\\\/#breadcrumb\",\"itemListElement\":[{\"@type\":\"ListItem\",\"position\":1,\"name\":\"Home\",\"item\":\"https:\\\/\\\/www.theramex.com\\\/pl\\\/\"},{\"@type\":\"ListItem\",\"position\":2,\"name\":\"Czy z pasj\u0105 anga\u017cujesz si\u0119 w popraw\u0119 zdrowia kobiet?\"}]},{\"@type\":\"WebSite\",\"@id\":\"https:\\\/\\\/www.theramex.com\\\/pl\\\/#website\",\"url\":\"https:\\\/\\\/www.theramex.com\\\/pl\\\/\",\"name\":\"Theramex Poland\",\"description\":\"\",\"potentialAction\":[{\"@type\":\"SearchAction\",\"target\":{\"@type\":\"EntryPoint\",\"urlTemplate\":\"https:\\\/\\\/www.theramex.com\\\/pl\\\/?s={search_term_string}\"},\"query-input\":{\"@type\":\"PropertyValueSpecification\",\"valueRequired\":true,\"valueName\":\"search_term_string\"}}],\"inLanguage\":\"pl-PL\"}]}<\/script>\n<!-- \/ Yoast SEO plugin. -->","yoast_head_json":{"title":"Pracuj z nami","description":"Obecnie Theramex oferuje swoje produkty w zakresie czterech obszar\u00f3w terapeutycznych w 80 krajach. Do\u0142\u0105cz do nas, aby sta\u0107 si\u0119 cz\u0119\u015bci\u0105 ekscytuj\u0105cej przygody","robots":{"index":"index","follow":"follow","max-snippet":"max-snippet:-1","max-image-preview":"max-image-preview:large","max-video-preview":"max-video-preview:-1"},"canonical":"https:\/\/www.theramex.com\/pl\/kariera\/","og_locale":"pl_PL","og_type":"article","og_title":"Pracuj z nami","og_description":"Obecnie Theramex oferuje swoje produkty w zakresie czterech obszar\u00f3w terapeutycznych w 80 krajach. Do\u0142\u0105cz do nas, aby sta\u0107 si\u0119 cz\u0119\u015bci\u0105 ekscytuj\u0105cej przygody","og_url":"https:\/\/www.theramex.com\/pl\/kariera\/","og_site_name":"Theramex Poland","article_modified_time":"2026-02-12T16:23:29+00:00","twitter_card":"summary_large_image","schema":{"@context":"https:\/\/schema.org","@graph":[{"@type":"WebPage","@id":"https:\/\/www.theramex.com\/pl\/kariera\/","url":"https:\/\/www.theramex.com\/pl\/kariera\/","name":"Pracuj z nami","isPartOf":{"@id":"https:\/\/www.theramex.com\/pl\/#website"},"datePublished":"2021-02-09T18:21:00+00:00","dateModified":"2026-02-12T16:23:29+00:00","description":"Obecnie Theramex oferuje swoje produkty w zakresie czterech obszar\u00f3w terapeutycznych w 80 krajach. Do\u0142\u0105cz do nas, aby sta\u0107 si\u0119 cz\u0119\u015bci\u0105 ekscytuj\u0105cej przygody","breadcrumb":{"@id":"https:\/\/www.theramex.com\/pl\/kariera\/#breadcrumb"},"inLanguage":"pl-PL","potentialAction":[{"@type":"ReadAction","target":["https:\/\/www.theramex.com\/pl\/kariera\/"]}]},{"@type":"BreadcrumbList","@id":"https:\/\/www.theramex.com\/pl\/kariera\/#breadcrumb","itemListElement":[{"@type":"ListItem","position":1,"name":"Home","item":"https:\/\/www.theramex.com\/pl\/"},{"@type":"ListItem","position":2,"name":"Czy z pasj\u0105 anga\u017cujesz si\u0119 w popraw\u0119 zdrowia kobiet?"}]},{"@type":"WebSite","@id":"https:\/\/www.theramex.com\/pl\/#website","url":"https:\/\/www.theramex.com\/pl\/","name":"Theramex Poland","description":"","potentialAction":[{"@type":"SearchAction","target":{"@type":"EntryPoint","urlTemplate":"https:\/\/www.theramex.com\/pl\/?s={search_term_string}"},"query-input":{"@type":"PropertyValueSpecification","valueRequired":true,"valueName":"search_term_string"}}],"inLanguage":"pl-PL"}]}},"_links":{"self":[{"href":"https:\/\/www.theramex.com\/pl\/wp-json\/wp\/v2\/pages\/315","targetHints":{"allow":["GET"]}}],"collection":[{"href":"https:\/\/www.theramex.com\/pl\/wp-json\/wp\/v2\/pages"}],"about":[{"href":"https:\/\/www.theramex.com\/pl\/wp-json\/wp\/v2\/types\/page"}],"author":[{"embeddable":true,"href":"https:\/\/www.theramex.com\/pl\/wp-json\/wp\/v2\/users\/1"}],"replies":[{"embeddable":true,"href":"https:\/\/www.theramex.com\/pl\/wp-json\/wp\/v2\/comments?post=315"}],"version-history":[{"count":73,"href":"https:\/\/www.theramex.com\/pl\/wp-json\/wp\/v2\/pages\/315\/revisions"}],"predecessor-version":[{"id":1947,"href":"https:\/\/www.theramex.com\/pl\/wp-json\/wp\/v2\/pages\/315\/revisions\/1947"}],"wp:attachment":[{"href":"https:\/\/www.theramex.com\/pl\/wp-json\/wp\/v2\/media?parent=315"}],"curies":[{"name":"wp","href":"https:\/\/api.w.org\/{rel}","templated":true}]}}