{"id":214,"date":"2021-02-05T20:12:22","date_gmt":"2021-02-05T20:12:22","guid":{"rendered":"https:\/\/www.theramex.com\/pl\/?page_id=214"},"modified":"2026-02-12T17:22:16","modified_gmt":"2026-02-12T16:22:16","slug":"partnerzy","status":"publish","type":"page","link":"https:\/\/www.theramex.com\/pl\/partnerzy\/","title":{"rendered":"Wsp\u00f3lna praca na rzecz poprawy jako\u015bci \u017cycia kobiet na ca\u0142ym \u015bwiecie"},"content":{"rendered":"","protected":false},"excerpt":{"rendered":"","protected":false},"author":1,"featured_media":0,"parent":0,"menu_order":0,"comment_status":"closed","ping_status":"closed","template":"partners.php","meta":{"_acf_changed":false,"inline_featured_image":false,"footnotes":""},"class_list":["post-214","page","type-page","status-publish","hentry"],"acf":[],"yoast_head":"<!-- This site is optimized with the Yoast SEO plugin v27.1.1 - https:\/\/yoast.com\/product\/yoast-seo-wordpress\/ -->\n<title>Wsp\u00f3\u0142pracuj z nami<\/title>\n<meta name=\"description\" content=\"Theramex jest wiod\u0105c\u0105, globaln\u0105 firm\u0105 farmaceutyczn\u0105 zaanga\u017cowan\u0105 we wspieranie potrzeb zdrowotnych kobiet. Zapraszamy do wsp\u00f3\u0142pracy opartej na warto\u015bciach.\" \/>\n<meta name=\"robots\" content=\"index, follow, max-snippet:-1, max-image-preview:large, max-video-preview:-1\" \/>\n<link rel=\"canonical\" href=\"https:\/\/www.theramex.com\/pl\/partnerzy\/\" \/>\n<meta property=\"og:locale\" content=\"pl_PL\" \/>\n<meta property=\"og:type\" content=\"article\" \/>\n<meta property=\"og:title\" content=\"Wsp\u00f3\u0142pracuj z nami\" \/>\n<meta property=\"og:description\" content=\"Theramex jest wiod\u0105c\u0105, globaln\u0105 firm\u0105 farmaceutyczn\u0105 zaanga\u017cowan\u0105 we wspieranie potrzeb zdrowotnych kobiet. Zapraszamy do wsp\u00f3\u0142pracy opartej na warto\u015bciach.\" \/>\n<meta property=\"og:url\" content=\"https:\/\/www.theramex.com\/pl\/partnerzy\/\" \/>\n<meta property=\"og:site_name\" content=\"Theramex Poland\" \/>\n<meta property=\"article:modified_time\" content=\"2026-02-12T16:22:16+00:00\" \/>\n<meta name=\"twitter:card\" content=\"summary_large_image\" \/>\n<script type=\"application\/ld+json\" class=\"yoast-schema-graph\">{\"@context\":\"https:\/\/schema.org\",\"@graph\":[{\"@type\":\"WebPage\",\"@id\":\"https:\/\/www.theramex.com\/pl\/partnerzy\/\",\"url\":\"https:\/\/www.theramex.com\/pl\/partnerzy\/\",\"name\":\"Wsp\u00f3\u0142pracuj z nami\",\"isPartOf\":{\"@id\":\"https:\/\/www.theramex.com\/pl\/#website\"},\"datePublished\":\"2021-02-05T20:12:22+00:00\",\"dateModified\":\"2026-02-12T16:22:16+00:00\",\"description\":\"Theramex jest wiod\u0105c\u0105, globaln\u0105 firm\u0105 farmaceutyczn\u0105 zaanga\u017cowan\u0105 we wspieranie potrzeb zdrowotnych kobiet. Zapraszamy do wsp\u00f3\u0142pracy opartej na warto\u015bciach.\",\"breadcrumb\":{\"@id\":\"https:\/\/www.theramex.com\/pl\/partnerzy\/#breadcrumb\"},\"inLanguage\":\"pl-PL\",\"potentialAction\":[{\"@type\":\"ReadAction\",\"target\":[\"https:\/\/www.theramex.com\/pl\/partnerzy\/\"]}]},{\"@type\":\"BreadcrumbList\",\"@id\":\"https:\/\/www.theramex.com\/pl\/partnerzy\/#breadcrumb\",\"itemListElement\":[{\"@type\":\"ListItem\",\"position\":1,\"name\":\"Home\",\"item\":\"https:\/\/www.theramex.com\/pl\/\"},{\"@type\":\"ListItem\",\"position\":2,\"name\":\"Wsp\u00f3lna praca na rzecz poprawy jako\u015bci \u017cycia kobiet na ca\u0142ym \u015bwiecie\"}]},{\"@type\":\"WebSite\",\"@id\":\"https:\/\/www.theramex.com\/pl\/#website\",\"url\":\"https:\/\/www.theramex.com\/pl\/\",\"name\":\"Theramex Poland\",\"description\":\"\",\"potentialAction\":[{\"@type\":\"SearchAction\",\"target\":{\"@type\":\"EntryPoint\",\"urlTemplate\":\"https:\/\/www.theramex.com\/pl\/?s={search_term_string}\"},\"query-input\":{\"@type\":\"PropertyValueSpecification\",\"valueRequired\":true,\"valueName\":\"search_term_string\"}}],\"inLanguage\":\"pl-PL\"}]}<\/script>\n<!-- \/ Yoast SEO plugin. -->","yoast_head_json":{"title":"Wsp\u00f3\u0142pracuj z nami","description":"Theramex jest wiod\u0105c\u0105, globaln\u0105 firm\u0105 farmaceutyczn\u0105 zaanga\u017cowan\u0105 we wspieranie potrzeb zdrowotnych kobiet. Zapraszamy do wsp\u00f3\u0142pracy opartej na warto\u015bciach.","robots":{"index":"index","follow":"follow","max-snippet":"max-snippet:-1","max-image-preview":"max-image-preview:large","max-video-preview":"max-video-preview:-1"},"canonical":"https:\/\/www.theramex.com\/pl\/partnerzy\/","og_locale":"pl_PL","og_type":"article","og_title":"Wsp\u00f3\u0142pracuj z nami","og_description":"Theramex jest wiod\u0105c\u0105, globaln\u0105 firm\u0105 farmaceutyczn\u0105 zaanga\u017cowan\u0105 we wspieranie potrzeb zdrowotnych kobiet. Zapraszamy do wsp\u00f3\u0142pracy opartej na warto\u015bciach.","og_url":"https:\/\/www.theramex.com\/pl\/partnerzy\/","og_site_name":"Theramex Poland","article_modified_time":"2026-02-12T16:22:16+00:00","twitter_card":"summary_large_image","schema":{"@context":"https:\/\/schema.org","@graph":[{"@type":"WebPage","@id":"https:\/\/www.theramex.com\/pl\/partnerzy\/","url":"https:\/\/www.theramex.com\/pl\/partnerzy\/","name":"Wsp\u00f3\u0142pracuj z nami","isPartOf":{"@id":"https:\/\/www.theramex.com\/pl\/#website"},"datePublished":"2021-02-05T20:12:22+00:00","dateModified":"2026-02-12T16:22:16+00:00","description":"Theramex jest wiod\u0105c\u0105, globaln\u0105 firm\u0105 farmaceutyczn\u0105 zaanga\u017cowan\u0105 we wspieranie potrzeb zdrowotnych kobiet. Zapraszamy do wsp\u00f3\u0142pracy opartej na warto\u015bciach.","breadcrumb":{"@id":"https:\/\/www.theramex.com\/pl\/partnerzy\/#breadcrumb"},"inLanguage":"pl-PL","potentialAction":[{"@type":"ReadAction","target":["https:\/\/www.theramex.com\/pl\/partnerzy\/"]}]},{"@type":"BreadcrumbList","@id":"https:\/\/www.theramex.com\/pl\/partnerzy\/#breadcrumb","itemListElement":[{"@type":"ListItem","position":1,"name":"Home","item":"https:\/\/www.theramex.com\/pl\/"},{"@type":"ListItem","position":2,"name":"Wsp\u00f3lna praca na rzecz poprawy jako\u015bci \u017cycia kobiet na ca\u0142ym \u015bwiecie"}]},{"@type":"WebSite","@id":"https:\/\/www.theramex.com\/pl\/#website","url":"https:\/\/www.theramex.com\/pl\/","name":"Theramex Poland","description":"","potentialAction":[{"@type":"SearchAction","target":{"@type":"EntryPoint","urlTemplate":"https:\/\/www.theramex.com\/pl\/?s={search_term_string}"},"query-input":{"@type":"PropertyValueSpecification","valueRequired":true,"valueName":"search_term_string"}}],"inLanguage":"pl-PL"}]}},"_links":{"self":[{"href":"https:\/\/www.theramex.com\/pl\/wp-json\/wp\/v2\/pages\/214","targetHints":{"allow":["GET"]}}],"collection":[{"href":"https:\/\/www.theramex.com\/pl\/wp-json\/wp\/v2\/pages"}],"about":[{"href":"https:\/\/www.theramex.com\/pl\/wp-json\/wp\/v2\/types\/page"}],"author":[{"embeddable":true,"href":"https:\/\/www.theramex.com\/pl\/wp-json\/wp\/v2\/users\/1"}],"replies":[{"embeddable":true,"href":"https:\/\/www.theramex.com\/pl\/wp-json\/wp\/v2\/comments?post=214"}],"version-history":[{"count":45,"href":"https:\/\/www.theramex.com\/pl\/wp-json\/wp\/v2\/pages\/214\/revisions"}],"predecessor-version":[{"id":1944,"href":"https:\/\/www.theramex.com\/pl\/wp-json\/wp\/v2\/pages\/214\/revisions\/1944"}],"wp:attachment":[{"href":"https:\/\/www.theramex.com\/pl\/wp-json\/wp\/v2\/media?parent=214"}],"curies":[{"name":"wp","href":"https:\/\/api.w.org\/{rel}","templated":true}]}}