{"id":1763,"date":"2024-05-16T12:46:02","date_gmt":"2024-05-16T10:46:02","guid":{"rendered":"https:\/\/www.theramex.com\/pl\/?page_id=1763"},"modified":"2026-02-12T17:26:56","modified_gmt":"2026-02-12T16:26:56","slug":"diagnozowanie-nieplodnosci","status":"publish","type":"page","link":"https:\/\/www.theramex.com\/pl\/diagnozowanie-nieplodnosci\/","title":{"rendered":"Diagnozowanie niep\u0142odno\u015bci i zrozumienie poj\u0119cia p\u0142odno\u015bci"},"content":{"rendered":"","protected":false},"excerpt":{"rendered":"","protected":false},"author":44,"featured_media":0,"parent":0,"menu_order":0,"comment_status":"closed","ping_status":"closed","template":"general.php","meta":{"_acf_changed":false,"inline_featured_image":false,"footnotes":""},"class_list":["post-1763","page","type-page","status-publish","hentry"],"acf":[],"yoast_head":"<!-- This site is optimized with the Yoast SEO plugin v27.1.1 - https:\/\/yoast.com\/product\/yoast-seo-wordpress\/ -->\n<title>Diagnozowanie niep\u0142odno\u015bci i zrozumienie poj\u0119cia p\u0142odno\u015bci - Theramex Poland<\/title>\n<meta name=\"robots\" content=\"index, follow, max-snippet:-1, max-image-preview:large, max-video-preview:-1\" \/>\n<link rel=\"canonical\" href=\"https:\/\/www.theramex.com\/pl\/diagnozowanie-nieplodnosci\/\" \/>\n<meta property=\"og:locale\" content=\"pl_PL\" \/>\n<meta property=\"og:type\" content=\"article\" \/>\n<meta property=\"og:title\" content=\"Diagnozowanie niep\u0142odno\u015bci i zrozumienie poj\u0119cia p\u0142odno\u015bci - Theramex Poland\" \/>\n<meta property=\"og:url\" content=\"https:\/\/www.theramex.com\/pl\/diagnozowanie-nieplodnosci\/\" \/>\n<meta property=\"og:site_name\" content=\"Theramex Poland\" \/>\n<meta property=\"article:modified_time\" content=\"2026-02-12T16:26:56+00:00\" \/>\n<meta name=\"twitter:card\" content=\"summary_large_image\" \/>\n<script type=\"application\/ld+json\" class=\"yoast-schema-graph\">{\"@context\":\"https:\/\/schema.org\",\"@graph\":[{\"@type\":\"WebPage\",\"@id\":\"https:\/\/www.theramex.com\/pl\/diagnozowanie-nieplodnosci\/\",\"url\":\"https:\/\/www.theramex.com\/pl\/diagnozowanie-nieplodnosci\/\",\"name\":\"Diagnozowanie niep\u0142odno\u015bci i zrozumienie poj\u0119cia p\u0142odno\u015bci - Theramex Poland\",\"isPartOf\":{\"@id\":\"https:\/\/www.theramex.com\/pl\/#website\"},\"datePublished\":\"2024-05-16T10:46:02+00:00\",\"dateModified\":\"2026-02-12T16:26:56+00:00\",\"breadcrumb\":{\"@id\":\"https:\/\/www.theramex.com\/pl\/diagnozowanie-nieplodnosci\/#breadcrumb\"},\"inLanguage\":\"pl-PL\",\"potentialAction\":[{\"@type\":\"ReadAction\",\"target\":[\"https:\/\/www.theramex.com\/pl\/diagnozowanie-nieplodnosci\/\"]}]},{\"@type\":\"BreadcrumbList\",\"@id\":\"https:\/\/www.theramex.com\/pl\/diagnozowanie-nieplodnosci\/#breadcrumb\",\"itemListElement\":[{\"@type\":\"ListItem\",\"position\":1,\"name\":\"Home\",\"item\":\"https:\/\/www.theramex.com\/pl\/\"},{\"@type\":\"ListItem\",\"position\":2,\"name\":\"Diagnozowanie niep\u0142odno\u015bci i zrozumienie poj\u0119cia p\u0142odno\u015bci\"}]},{\"@type\":\"WebSite\",\"@id\":\"https:\/\/www.theramex.com\/pl\/#website\",\"url\":\"https:\/\/www.theramex.com\/pl\/\",\"name\":\"Theramex Poland\",\"description\":\"\",\"potentialAction\":[{\"@type\":\"SearchAction\",\"target\":{\"@type\":\"EntryPoint\",\"urlTemplate\":\"https:\/\/www.theramex.com\/pl\/?s={search_term_string}\"},\"query-input\":{\"@type\":\"PropertyValueSpecification\",\"valueRequired\":true,\"valueName\":\"search_term_string\"}}],\"inLanguage\":\"pl-PL\"}]}<\/script>\n<!-- \/ Yoast SEO plugin. -->","yoast_head_json":{"title":"Diagnozowanie niep\u0142odno\u015bci i zrozumienie poj\u0119cia p\u0142odno\u015bci - Theramex Poland","robots":{"index":"index","follow":"follow","max-snippet":"max-snippet:-1","max-image-preview":"max-image-preview:large","max-video-preview":"max-video-preview:-1"},"canonical":"https:\/\/www.theramex.com\/pl\/diagnozowanie-nieplodnosci\/","og_locale":"pl_PL","og_type":"article","og_title":"Diagnozowanie niep\u0142odno\u015bci i zrozumienie poj\u0119cia p\u0142odno\u015bci - Theramex Poland","og_url":"https:\/\/www.theramex.com\/pl\/diagnozowanie-nieplodnosci\/","og_site_name":"Theramex Poland","article_modified_time":"2026-02-12T16:26:56+00:00","twitter_card":"summary_large_image","schema":{"@context":"https:\/\/schema.org","@graph":[{"@type":"WebPage","@id":"https:\/\/www.theramex.com\/pl\/diagnozowanie-nieplodnosci\/","url":"https:\/\/www.theramex.com\/pl\/diagnozowanie-nieplodnosci\/","name":"Diagnozowanie niep\u0142odno\u015bci i zrozumienie poj\u0119cia p\u0142odno\u015bci - Theramex Poland","isPartOf":{"@id":"https:\/\/www.theramex.com\/pl\/#website"},"datePublished":"2024-05-16T10:46:02+00:00","dateModified":"2026-02-12T16:26:56+00:00","breadcrumb":{"@id":"https:\/\/www.theramex.com\/pl\/diagnozowanie-nieplodnosci\/#breadcrumb"},"inLanguage":"pl-PL","potentialAction":[{"@type":"ReadAction","target":["https:\/\/www.theramex.com\/pl\/diagnozowanie-nieplodnosci\/"]}]},{"@type":"BreadcrumbList","@id":"https:\/\/www.theramex.com\/pl\/diagnozowanie-nieplodnosci\/#breadcrumb","itemListElement":[{"@type":"ListItem","position":1,"name":"Home","item":"https:\/\/www.theramex.com\/pl\/"},{"@type":"ListItem","position":2,"name":"Diagnozowanie niep\u0142odno\u015bci i zrozumienie poj\u0119cia p\u0142odno\u015bci"}]},{"@type":"WebSite","@id":"https:\/\/www.theramex.com\/pl\/#website","url":"https:\/\/www.theramex.com\/pl\/","name":"Theramex Poland","description":"","potentialAction":[{"@type":"SearchAction","target":{"@type":"EntryPoint","urlTemplate":"https:\/\/www.theramex.com\/pl\/?s={search_term_string}"},"query-input":{"@type":"PropertyValueSpecification","valueRequired":true,"valueName":"search_term_string"}}],"inLanguage":"pl-PL"}]}},"_links":{"self":[{"href":"https:\/\/www.theramex.com\/pl\/wp-json\/wp\/v2\/pages\/1763","targetHints":{"allow":["GET"]}}],"collection":[{"href":"https:\/\/www.theramex.com\/pl\/wp-json\/wp\/v2\/pages"}],"about":[{"href":"https:\/\/www.theramex.com\/pl\/wp-json\/wp\/v2\/types\/page"}],"author":[{"embeddable":true,"href":"https:\/\/www.theramex.com\/pl\/wp-json\/wp\/v2\/users\/44"}],"replies":[{"embeddable":true,"href":"https:\/\/www.theramex.com\/pl\/wp-json\/wp\/v2\/comments?post=1763"}],"version-history":[{"count":7,"href":"https:\/\/www.theramex.com\/pl\/wp-json\/wp\/v2\/pages\/1763\/revisions"}],"predecessor-version":[{"id":1958,"href":"https:\/\/www.theramex.com\/pl\/wp-json\/wp\/v2\/pages\/1763\/revisions\/1958"}],"wp:attachment":[{"href":"https:\/\/www.theramex.com\/pl\/wp-json\/wp\/v2\/media?parent=1763"}],"curies":[{"name":"wp","href":"https:\/\/api.w.org\/{rel}","templated":true}]}}