{"id":15,"date":"2021-02-01T13:04:35","date_gmt":"2021-02-01T13:04:35","guid":{"rendered":"http:\/\/theramex.local\/?page_id=15"},"modified":"2026-02-12T17:35:45","modified_gmt":"2026-02-12T16:35:45","slug":"kierownictwo","status":"publish","type":"page","link":"https:\/\/www.theramex.com\/pl\/kierownictwo\/","title":{"rendered":"Nasz zesp\u00f3\u0142 kierowniczy"},"content":{"rendered":"","protected":false},"excerpt":{"rendered":"","protected":false},"author":1,"featured_media":0,"parent":0,"menu_order":0,"comment_status":"closed","ping_status":"closed","template":"leadership.php","meta":{"_acf_changed":false,"inline_featured_image":false,"footnotes":""},"class_list":["post-15","page","type-page","status-publish","hentry"],"acf":[],"yoast_head":"<!-- This site is optimized with the Yoast SEO plugin v27.3 - https:\/\/yoast.com\/product\/yoast-seo-wordpress\/ -->\n<title>Nasz zesp\u00f3\u0142 zarz\u0105dzaj\u0105cy<\/title>\n<meta name=\"description\" content=\"Poznaj zesp\u00f3\u0142 zarz\u0105dzaj\u0105cy firmy Theramex, sk\u0142adaj\u0105cy si\u0119 z utalentowanych, do\u015bwiadczonych specjalist\u00f3w zajmuj\u0105cych si\u0119 zdrowiem kobiet. Dyrektor generalny Robert Stewart prowadzi firm\u0119 z naszej londy\u0144skiej siedziby.\" \/>\n<meta name=\"robots\" content=\"index, follow, max-snippet:-1, max-image-preview:large, max-video-preview:-1\" \/>\n<link rel=\"canonical\" href=\"https:\/\/www.theramex.com\/pl\/kierownictwo\/\" \/>\n<meta property=\"og:locale\" content=\"pl_PL\" \/>\n<meta property=\"og:type\" content=\"article\" \/>\n<meta property=\"og:title\" content=\"Nasz zesp\u00f3\u0142 zarz\u0105dzaj\u0105cy\" \/>\n<meta property=\"og:description\" content=\"Poznaj zesp\u00f3\u0142 zarz\u0105dzaj\u0105cy firmy Theramex, sk\u0142adaj\u0105cy si\u0119 z utalentowanych, do\u015bwiadczonych specjalist\u00f3w zajmuj\u0105cych si\u0119 zdrowiem kobiet. Dyrektor generalny Robert Stewart prowadzi firm\u0119 z naszej londy\u0144skiej siedziby.\" \/>\n<meta property=\"og:url\" content=\"https:\/\/www.theramex.com\/pl\/kierownictwo\/\" \/>\n<meta property=\"og:site_name\" content=\"Theramex Poland\" \/>\n<meta property=\"article:modified_time\" content=\"2026-02-12T16:35:45+00:00\" \/>\n<meta name=\"twitter:card\" content=\"summary_large_image\" \/>\n<script type=\"application\/ld+json\" class=\"yoast-schema-graph\">{\"@context\":\"https:\\\/\\\/schema.org\",\"@graph\":[{\"@type\":\"WebPage\",\"@id\":\"https:\\\/\\\/www.theramex.com\\\/pl\\\/kierownictwo\\\/\",\"url\":\"https:\\\/\\\/www.theramex.com\\\/pl\\\/kierownictwo\\\/\",\"name\":\"Nasz zesp\u00f3\u0142 zarz\u0105dzaj\u0105cy\",\"isPartOf\":{\"@id\":\"https:\\\/\\\/www.theramex.com\\\/pl\\\/#website\"},\"datePublished\":\"2021-02-01T13:04:35+00:00\",\"dateModified\":\"2026-02-12T16:35:45+00:00\",\"description\":\"Poznaj zesp\u00f3\u0142 zarz\u0105dzaj\u0105cy firmy Theramex, sk\u0142adaj\u0105cy si\u0119 z utalentowanych, do\u015bwiadczonych specjalist\u00f3w zajmuj\u0105cych si\u0119 zdrowiem kobiet. Dyrektor generalny Robert Stewart prowadzi firm\u0119 z naszej londy\u0144skiej siedziby.\",\"breadcrumb\":{\"@id\":\"https:\\\/\\\/www.theramex.com\\\/pl\\\/kierownictwo\\\/#breadcrumb\"},\"inLanguage\":\"pl-PL\",\"potentialAction\":[{\"@type\":\"ReadAction\",\"target\":[\"https:\\\/\\\/www.theramex.com\\\/pl\\\/kierownictwo\\\/\"]}]},{\"@type\":\"BreadcrumbList\",\"@id\":\"https:\\\/\\\/www.theramex.com\\\/pl\\\/kierownictwo\\\/#breadcrumb\",\"itemListElement\":[{\"@type\":\"ListItem\",\"position\":1,\"name\":\"Home\",\"item\":\"https:\\\/\\\/www.theramex.com\\\/pl\\\/\"},{\"@type\":\"ListItem\",\"position\":2,\"name\":\"Nasz zesp\u00f3\u0142 kierowniczy\"}]},{\"@type\":\"WebSite\",\"@id\":\"https:\\\/\\\/www.theramex.com\\\/pl\\\/#website\",\"url\":\"https:\\\/\\\/www.theramex.com\\\/pl\\\/\",\"name\":\"Theramex Poland\",\"description\":\"\",\"potentialAction\":[{\"@type\":\"SearchAction\",\"target\":{\"@type\":\"EntryPoint\",\"urlTemplate\":\"https:\\\/\\\/www.theramex.com\\\/pl\\\/?s={search_term_string}\"},\"query-input\":{\"@type\":\"PropertyValueSpecification\",\"valueRequired\":true,\"valueName\":\"search_term_string\"}}],\"inLanguage\":\"pl-PL\"}]}<\/script>\n<!-- \/ Yoast SEO plugin. -->","yoast_head_json":{"title":"Nasz zesp\u00f3\u0142 zarz\u0105dzaj\u0105cy","description":"Poznaj zesp\u00f3\u0142 zarz\u0105dzaj\u0105cy firmy Theramex, sk\u0142adaj\u0105cy si\u0119 z utalentowanych, do\u015bwiadczonych specjalist\u00f3w zajmuj\u0105cych si\u0119 zdrowiem kobiet. Dyrektor generalny Robert Stewart prowadzi firm\u0119 z naszej londy\u0144skiej siedziby.","robots":{"index":"index","follow":"follow","max-snippet":"max-snippet:-1","max-image-preview":"max-image-preview:large","max-video-preview":"max-video-preview:-1"},"canonical":"https:\/\/www.theramex.com\/pl\/kierownictwo\/","og_locale":"pl_PL","og_type":"article","og_title":"Nasz zesp\u00f3\u0142 zarz\u0105dzaj\u0105cy","og_description":"Poznaj zesp\u00f3\u0142 zarz\u0105dzaj\u0105cy firmy Theramex, sk\u0142adaj\u0105cy si\u0119 z utalentowanych, do\u015bwiadczonych specjalist\u00f3w zajmuj\u0105cych si\u0119 zdrowiem kobiet. Dyrektor generalny Robert Stewart prowadzi firm\u0119 z naszej londy\u0144skiej siedziby.","og_url":"https:\/\/www.theramex.com\/pl\/kierownictwo\/","og_site_name":"Theramex Poland","article_modified_time":"2026-02-12T16:35:45+00:00","twitter_card":"summary_large_image","schema":{"@context":"https:\/\/schema.org","@graph":[{"@type":"WebPage","@id":"https:\/\/www.theramex.com\/pl\/kierownictwo\/","url":"https:\/\/www.theramex.com\/pl\/kierownictwo\/","name":"Nasz zesp\u00f3\u0142 zarz\u0105dzaj\u0105cy","isPartOf":{"@id":"https:\/\/www.theramex.com\/pl\/#website"},"datePublished":"2021-02-01T13:04:35+00:00","dateModified":"2026-02-12T16:35:45+00:00","description":"Poznaj zesp\u00f3\u0142 zarz\u0105dzaj\u0105cy firmy Theramex, sk\u0142adaj\u0105cy si\u0119 z utalentowanych, do\u015bwiadczonych specjalist\u00f3w zajmuj\u0105cych si\u0119 zdrowiem kobiet. Dyrektor generalny Robert Stewart prowadzi firm\u0119 z naszej londy\u0144skiej siedziby.","breadcrumb":{"@id":"https:\/\/www.theramex.com\/pl\/kierownictwo\/#breadcrumb"},"inLanguage":"pl-PL","potentialAction":[{"@type":"ReadAction","target":["https:\/\/www.theramex.com\/pl\/kierownictwo\/"]}]},{"@type":"BreadcrumbList","@id":"https:\/\/www.theramex.com\/pl\/kierownictwo\/#breadcrumb","itemListElement":[{"@type":"ListItem","position":1,"name":"Home","item":"https:\/\/www.theramex.com\/pl\/"},{"@type":"ListItem","position":2,"name":"Nasz zesp\u00f3\u0142 kierowniczy"}]},{"@type":"WebSite","@id":"https:\/\/www.theramex.com\/pl\/#website","url":"https:\/\/www.theramex.com\/pl\/","name":"Theramex Poland","description":"","potentialAction":[{"@type":"SearchAction","target":{"@type":"EntryPoint","urlTemplate":"https:\/\/www.theramex.com\/pl\/?s={search_term_string}"},"query-input":{"@type":"PropertyValueSpecification","valueRequired":true,"valueName":"search_term_string"}}],"inLanguage":"pl-PL"}]}},"_links":{"self":[{"href":"https:\/\/www.theramex.com\/pl\/wp-json\/wp\/v2\/pages\/15","targetHints":{"allow":["GET"]}}],"collection":[{"href":"https:\/\/www.theramex.com\/pl\/wp-json\/wp\/v2\/pages"}],"about":[{"href":"https:\/\/www.theramex.com\/pl\/wp-json\/wp\/v2\/types\/page"}],"author":[{"embeddable":true,"href":"https:\/\/www.theramex.com\/pl\/wp-json\/wp\/v2\/users\/1"}],"replies":[{"embeddable":true,"href":"https:\/\/www.theramex.com\/pl\/wp-json\/wp\/v2\/comments?post=15"}],"version-history":[{"count":49,"href":"https:\/\/www.theramex.com\/pl\/wp-json\/wp\/v2\/pages\/15\/revisions"}],"predecessor-version":[{"id":1974,"href":"https:\/\/www.theramex.com\/pl\/wp-json\/wp\/v2\/pages\/15\/revisions\/1974"}],"wp:attachment":[{"href":"https:\/\/www.theramex.com\/pl\/wp-json\/wp\/v2\/media?parent=15"}],"curies":[{"name":"wp","href":"https:\/\/api.w.org\/{rel}","templated":true}]}}