{"id":2041,"date":"2024-04-23T15:29:39","date_gmt":"2024-04-23T13:29:39","guid":{"rendered":"https:\/\/www.theramex.com\/it\/?page_id=2041"},"modified":"2024-04-30T12:13:22","modified_gmt":"2024-04-30T10:13:22","slug":"investigare-linfertilita-e-comprendere-la-fertilita","status":"publish","type":"page","link":"https:\/\/www.theramex.com\/it\/fertilita\/investigare-linfertilita-e-comprendere-la-fertilita\/","title":{"rendered":"Investigare l\u2019infertilit\u00e0 e comprendere la fertilit\u00e0"},"content":{"rendered":"","protected":false},"excerpt":{"rendered":"","protected":false},"author":31,"featured_media":0,"parent":2037,"menu_order":0,"comment_status":"closed","ping_status":"closed","template":"general.php","meta":{"_acf_changed":false,"inline_featured_image":false,"footnotes":""},"class_list":["post-2041","page","type-page","status-publish","hentry"],"acf":[],"yoast_head":"<!-- This site is optimized with the Yoast SEO plugin v27.3 - https:\/\/yoast.com\/product\/yoast-seo-wordpress\/ -->\n<title>Indagare sull&#039;infertilit\u00e0<\/title>\n<meta name=\"description\" content=\"Se stai avendo difficolt\u00e0 a concepire potresti dover approfondire con esami e indagini. Leggi come viene diagnosticata l&#039;infertilit\u00e0 e quali trattamenti sono disponibili.\" \/>\n<meta name=\"robots\" content=\"index, follow, max-snippet:-1, max-image-preview:large, max-video-preview:-1\" \/>\n<link rel=\"canonical\" href=\"https:\/\/www.theramex.com\/it\/fertilita\/investigare-linfertilita-e-comprendere-la-fertilita\/\" \/>\n<meta property=\"og:locale\" content=\"en_GB\" \/>\n<meta property=\"og:type\" content=\"article\" \/>\n<meta property=\"og:title\" content=\"Indagare sull&#039;infertilit\u00e0\" \/>\n<meta property=\"og:description\" content=\"Se stai avendo difficolt\u00e0 a concepire potresti dover approfondire con esami e indagini. Leggi come viene diagnosticata l&#039;infertilit\u00e0 e quali trattamenti sono disponibili.\" \/>\n<meta property=\"og:url\" content=\"https:\/\/www.theramex.com\/it\/fertilita\/investigare-linfertilita-e-comprendere-la-fertilita\/\" \/>\n<meta property=\"og:site_name\" content=\"Theramex Italy\" \/>\n<meta property=\"article:modified_time\" content=\"2024-04-30T10:13:22+00:00\" \/>\n<meta name=\"twitter:card\" content=\"summary_large_image\" \/>\n<script type=\"application\/ld+json\" class=\"yoast-schema-graph\">{\"@context\":\"https:\\\/\\\/schema.org\",\"@graph\":[{\"@type\":\"WebPage\",\"@id\":\"https:\\\/\\\/www.theramex.com\\\/it\\\/fertilita\\\/investigare-linfertilita-e-comprendere-la-fertilita\\\/\",\"url\":\"https:\\\/\\\/www.theramex.com\\\/it\\\/fertilita\\\/investigare-linfertilita-e-comprendere-la-fertilita\\\/\",\"name\":\"Indagare sull'infertilit\u00e0\",\"isPartOf\":{\"@id\":\"https:\\\/\\\/www.theramex.com\\\/it\\\/#website\"},\"datePublished\":\"2024-04-23T13:29:39+00:00\",\"dateModified\":\"2024-04-30T10:13:22+00:00\",\"description\":\"Se stai avendo difficolt\u00e0 a concepire potresti dover approfondire con esami e indagini. Leggi come viene diagnosticata l'infertilit\u00e0 e quali trattamenti sono disponibili.\",\"breadcrumb\":{\"@id\":\"https:\\\/\\\/www.theramex.com\\\/it\\\/fertilita\\\/investigare-linfertilita-e-comprendere-la-fertilita\\\/#breadcrumb\"},\"inLanguage\":\"en-GB\",\"potentialAction\":[{\"@type\":\"ReadAction\",\"target\":[\"https:\\\/\\\/www.theramex.com\\\/it\\\/fertilita\\\/investigare-linfertilita-e-comprendere-la-fertilita\\\/\"]}]},{\"@type\":\"BreadcrumbList\",\"@id\":\"https:\\\/\\\/www.theramex.com\\\/it\\\/fertilita\\\/investigare-linfertilita-e-comprendere-la-fertilita\\\/#breadcrumb\",\"itemListElement\":[{\"@type\":\"ListItem\",\"position\":1,\"name\":\"Home\",\"item\":\"https:\\\/\\\/www.theramex.com\\\/it\\\/\"},{\"@type\":\"ListItem\",\"position\":2,\"name\":\"Fertilit\u00e0\",\"item\":\"https:\\\/\\\/www.theramex.com\\\/it\\\/fertilita\\\/\"},{\"@type\":\"ListItem\",\"position\":3,\"name\":\"Investigare l\u2019infertilit\u00e0 e comprendere la fertilit\u00e0\"}]},{\"@type\":\"WebSite\",\"@id\":\"https:\\\/\\\/www.theramex.com\\\/it\\\/#website\",\"url\":\"https:\\\/\\\/www.theramex.com\\\/it\\\/\",\"name\":\"Theramex Italy\",\"description\":\"\",\"potentialAction\":[{\"@type\":\"SearchAction\",\"target\":{\"@type\":\"EntryPoint\",\"urlTemplate\":\"https:\\\/\\\/www.theramex.com\\\/it\\\/?s={search_term_string}\"},\"query-input\":{\"@type\":\"PropertyValueSpecification\",\"valueRequired\":true,\"valueName\":\"search_term_string\"}}],\"inLanguage\":\"en-GB\"}]}<\/script>\n<!-- \/ Yoast SEO plugin. -->","yoast_head_json":{"title":"Indagare sull'infertilit\u00e0","description":"Se stai avendo difficolt\u00e0 a concepire potresti dover approfondire con esami e indagini. Leggi come viene diagnosticata l'infertilit\u00e0 e quali trattamenti sono disponibili.","robots":{"index":"index","follow":"follow","max-snippet":"max-snippet:-1","max-image-preview":"max-image-preview:large","max-video-preview":"max-video-preview:-1"},"canonical":"https:\/\/www.theramex.com\/it\/fertilita\/investigare-linfertilita-e-comprendere-la-fertilita\/","og_locale":"en_GB","og_type":"article","og_title":"Indagare sull'infertilit\u00e0","og_description":"Se stai avendo difficolt\u00e0 a concepire potresti dover approfondire con esami e indagini. Leggi come viene diagnosticata l'infertilit\u00e0 e quali trattamenti sono disponibili.","og_url":"https:\/\/www.theramex.com\/it\/fertilita\/investigare-linfertilita-e-comprendere-la-fertilita\/","og_site_name":"Theramex Italy","article_modified_time":"2024-04-30T10:13:22+00:00","twitter_card":"summary_large_image","schema":{"@context":"https:\/\/schema.org","@graph":[{"@type":"WebPage","@id":"https:\/\/www.theramex.com\/it\/fertilita\/investigare-linfertilita-e-comprendere-la-fertilita\/","url":"https:\/\/www.theramex.com\/it\/fertilita\/investigare-linfertilita-e-comprendere-la-fertilita\/","name":"Indagare sull'infertilit\u00e0","isPartOf":{"@id":"https:\/\/www.theramex.com\/it\/#website"},"datePublished":"2024-04-23T13:29:39+00:00","dateModified":"2024-04-30T10:13:22+00:00","description":"Se stai avendo difficolt\u00e0 a concepire potresti dover approfondire con esami e indagini. Leggi come viene diagnosticata l'infertilit\u00e0 e quali trattamenti sono disponibili.","breadcrumb":{"@id":"https:\/\/www.theramex.com\/it\/fertilita\/investigare-linfertilita-e-comprendere-la-fertilita\/#breadcrumb"},"inLanguage":"en-GB","potentialAction":[{"@type":"ReadAction","target":["https:\/\/www.theramex.com\/it\/fertilita\/investigare-linfertilita-e-comprendere-la-fertilita\/"]}]},{"@type":"BreadcrumbList","@id":"https:\/\/www.theramex.com\/it\/fertilita\/investigare-linfertilita-e-comprendere-la-fertilita\/#breadcrumb","itemListElement":[{"@type":"ListItem","position":1,"name":"Home","item":"https:\/\/www.theramex.com\/it\/"},{"@type":"ListItem","position":2,"name":"Fertilit\u00e0","item":"https:\/\/www.theramex.com\/it\/fertilita\/"},{"@type":"ListItem","position":3,"name":"Investigare l\u2019infertilit\u00e0 e comprendere la fertilit\u00e0"}]},{"@type":"WebSite","@id":"https:\/\/www.theramex.com\/it\/#website","url":"https:\/\/www.theramex.com\/it\/","name":"Theramex Italy","description":"","potentialAction":[{"@type":"SearchAction","target":{"@type":"EntryPoint","urlTemplate":"https:\/\/www.theramex.com\/it\/?s={search_term_string}"},"query-input":{"@type":"PropertyValueSpecification","valueRequired":true,"valueName":"search_term_string"}}],"inLanguage":"en-GB"}]}},"_links":{"self":[{"href":"https:\/\/www.theramex.com\/it\/wp-json\/wp\/v2\/pages\/2041","targetHints":{"allow":["GET"]}}],"collection":[{"href":"https:\/\/www.theramex.com\/it\/wp-json\/wp\/v2\/pages"}],"about":[{"href":"https:\/\/www.theramex.com\/it\/wp-json\/wp\/v2\/types\/page"}],"author":[{"embeddable":true,"href":"https:\/\/www.theramex.com\/it\/wp-json\/wp\/v2\/users\/31"}],"replies":[{"embeddable":true,"href":"https:\/\/www.theramex.com\/it\/wp-json\/wp\/v2\/comments?post=2041"}],"version-history":[{"count":3,"href":"https:\/\/www.theramex.com\/it\/wp-json\/wp\/v2\/pages\/2041\/revisions"}],"predecessor-version":[{"id":2057,"href":"https:\/\/www.theramex.com\/it\/wp-json\/wp\/v2\/pages\/2041\/revisions\/2057"}],"up":[{"embeddable":true,"href":"https:\/\/www.theramex.com\/it\/wp-json\/wp\/v2\/pages\/2037"}],"wp:attachment":[{"href":"https:\/\/www.theramex.com\/it\/wp-json\/wp\/v2\/media?parent=2041"}],"curies":[{"name":"wp","href":"https:\/\/api.w.org\/{rel}","templated":true}]}}