{"id":2039,"date":"2024-04-23T15:25:57","date_gmt":"2024-04-23T13:25:57","guid":{"rendered":"https:\/\/www.theramex.com\/it\/?page_id=2039"},"modified":"2024-04-30T12:12:40","modified_gmt":"2024-04-30T10:12:40","slug":"fertilita-quanto-e-comune-linfertilita-e-perche-si-verifica","status":"publish","type":"page","link":"https:\/\/www.theramex.com\/it\/fertilita\/fertilita-quanto-e-comune-linfertilita-e-perche-si-verifica\/","title":{"rendered":"Fertilit\u00e0: quanto \u00e8 comune l&#8217;infertilit\u00e0 e perch\u00e9 si verifica?"},"content":{"rendered":"","protected":false},"excerpt":{"rendered":"","protected":false},"author":31,"featured_media":0,"parent":2037,"menu_order":0,"comment_status":"closed","ping_status":"closed","template":"general.php","meta":{"_acf_changed":false,"inline_featured_image":false,"footnotes":""},"class_list":["post-2039","page","type-page","status-publish","hentry"],"acf":[],"yoast_head":"<!-- This site is optimized with the Yoast SEO plugin v27.3 - https:\/\/yoast.com\/product\/yoast-seo-wordpress\/ -->\n<title>Infertilit\u00e0: perch\u00e9 accade?<\/title>\n<meta name=\"description\" content=\"Approfondisci quali sono i problemi di fertilit\u00e0 comuni, gli impatti sulla fertilit\u00e0 e sulla diagnosi e il trattamento dell&#039;infertilit\u00e0.\" \/>\n<meta name=\"robots\" content=\"index, follow, max-snippet:-1, max-image-preview:large, max-video-preview:-1\" \/>\n<link rel=\"canonical\" href=\"https:\/\/www.theramex.com\/it\/fertilita\/fertilita-quanto-e-comune-linfertilita-e-perche-si-verifica\/\" \/>\n<meta property=\"og:locale\" content=\"en_GB\" \/>\n<meta property=\"og:type\" content=\"article\" \/>\n<meta property=\"og:title\" content=\"Infertilit\u00e0: perch\u00e9 accade?\" \/>\n<meta property=\"og:description\" content=\"Approfondisci quali sono i problemi di fertilit\u00e0 comuni, gli impatti sulla fertilit\u00e0 e sulla diagnosi e il trattamento dell&#039;infertilit\u00e0.\" \/>\n<meta property=\"og:url\" content=\"https:\/\/www.theramex.com\/it\/fertilita\/fertilita-quanto-e-comune-linfertilita-e-perche-si-verifica\/\" \/>\n<meta property=\"og:site_name\" content=\"Theramex Italy\" \/>\n<meta property=\"article:modified_time\" content=\"2024-04-30T10:12:40+00:00\" \/>\n<meta name=\"twitter:card\" content=\"summary_large_image\" \/>\n<script type=\"application\/ld+json\" class=\"yoast-schema-graph\">{\"@context\":\"https:\\\/\\\/schema.org\",\"@graph\":[{\"@type\":\"WebPage\",\"@id\":\"https:\\\/\\\/www.theramex.com\\\/it\\\/fertilita\\\/fertilita-quanto-e-comune-linfertilita-e-perche-si-verifica\\\/\",\"url\":\"https:\\\/\\\/www.theramex.com\\\/it\\\/fertilita\\\/fertilita-quanto-e-comune-linfertilita-e-perche-si-verifica\\\/\",\"name\":\"Infertilit\u00e0: perch\u00e9 accade?\",\"isPartOf\":{\"@id\":\"https:\\\/\\\/www.theramex.com\\\/it\\\/#website\"},\"datePublished\":\"2024-04-23T13:25:57+00:00\",\"dateModified\":\"2024-04-30T10:12:40+00:00\",\"description\":\"Approfondisci quali sono i problemi di fertilit\u00e0 comuni, gli impatti sulla fertilit\u00e0 e sulla diagnosi e il trattamento dell'infertilit\u00e0.\",\"breadcrumb\":{\"@id\":\"https:\\\/\\\/www.theramex.com\\\/it\\\/fertilita\\\/fertilita-quanto-e-comune-linfertilita-e-perche-si-verifica\\\/#breadcrumb\"},\"inLanguage\":\"en-GB\",\"potentialAction\":[{\"@type\":\"ReadAction\",\"target\":[\"https:\\\/\\\/www.theramex.com\\\/it\\\/fertilita\\\/fertilita-quanto-e-comune-linfertilita-e-perche-si-verifica\\\/\"]}]},{\"@type\":\"BreadcrumbList\",\"@id\":\"https:\\\/\\\/www.theramex.com\\\/it\\\/fertilita\\\/fertilita-quanto-e-comune-linfertilita-e-perche-si-verifica\\\/#breadcrumb\",\"itemListElement\":[{\"@type\":\"ListItem\",\"position\":1,\"name\":\"Home\",\"item\":\"https:\\\/\\\/www.theramex.com\\\/it\\\/\"},{\"@type\":\"ListItem\",\"position\":2,\"name\":\"Fertilit\u00e0\",\"item\":\"https:\\\/\\\/www.theramex.com\\\/it\\\/fertilita\\\/\"},{\"@type\":\"ListItem\",\"position\":3,\"name\":\"Fertilit\u00e0: quanto \u00e8 comune l&#8217;infertilit\u00e0 e perch\u00e9 si verifica?\"}]},{\"@type\":\"WebSite\",\"@id\":\"https:\\\/\\\/www.theramex.com\\\/it\\\/#website\",\"url\":\"https:\\\/\\\/www.theramex.com\\\/it\\\/\",\"name\":\"Theramex Italy\",\"description\":\"\",\"potentialAction\":[{\"@type\":\"SearchAction\",\"target\":{\"@type\":\"EntryPoint\",\"urlTemplate\":\"https:\\\/\\\/www.theramex.com\\\/it\\\/?s={search_term_string}\"},\"query-input\":{\"@type\":\"PropertyValueSpecification\",\"valueRequired\":true,\"valueName\":\"search_term_string\"}}],\"inLanguage\":\"en-GB\"}]}<\/script>\n<!-- \/ Yoast SEO plugin. -->","yoast_head_json":{"title":"Infertilit\u00e0: perch\u00e9 accade?","description":"Approfondisci quali sono i problemi di fertilit\u00e0 comuni, gli impatti sulla fertilit\u00e0 e sulla diagnosi e il trattamento dell'infertilit\u00e0.","robots":{"index":"index","follow":"follow","max-snippet":"max-snippet:-1","max-image-preview":"max-image-preview:large","max-video-preview":"max-video-preview:-1"},"canonical":"https:\/\/www.theramex.com\/it\/fertilita\/fertilita-quanto-e-comune-linfertilita-e-perche-si-verifica\/","og_locale":"en_GB","og_type":"article","og_title":"Infertilit\u00e0: perch\u00e9 accade?","og_description":"Approfondisci quali sono i problemi di fertilit\u00e0 comuni, gli impatti sulla fertilit\u00e0 e sulla diagnosi e il trattamento dell'infertilit\u00e0.","og_url":"https:\/\/www.theramex.com\/it\/fertilita\/fertilita-quanto-e-comune-linfertilita-e-perche-si-verifica\/","og_site_name":"Theramex Italy","article_modified_time":"2024-04-30T10:12:40+00:00","twitter_card":"summary_large_image","schema":{"@context":"https:\/\/schema.org","@graph":[{"@type":"WebPage","@id":"https:\/\/www.theramex.com\/it\/fertilita\/fertilita-quanto-e-comune-linfertilita-e-perche-si-verifica\/","url":"https:\/\/www.theramex.com\/it\/fertilita\/fertilita-quanto-e-comune-linfertilita-e-perche-si-verifica\/","name":"Infertilit\u00e0: perch\u00e9 accade?","isPartOf":{"@id":"https:\/\/www.theramex.com\/it\/#website"},"datePublished":"2024-04-23T13:25:57+00:00","dateModified":"2024-04-30T10:12:40+00:00","description":"Approfondisci quali sono i problemi di fertilit\u00e0 comuni, gli impatti sulla fertilit\u00e0 e sulla diagnosi e il trattamento dell'infertilit\u00e0.","breadcrumb":{"@id":"https:\/\/www.theramex.com\/it\/fertilita\/fertilita-quanto-e-comune-linfertilita-e-perche-si-verifica\/#breadcrumb"},"inLanguage":"en-GB","potentialAction":[{"@type":"ReadAction","target":["https:\/\/www.theramex.com\/it\/fertilita\/fertilita-quanto-e-comune-linfertilita-e-perche-si-verifica\/"]}]},{"@type":"BreadcrumbList","@id":"https:\/\/www.theramex.com\/it\/fertilita\/fertilita-quanto-e-comune-linfertilita-e-perche-si-verifica\/#breadcrumb","itemListElement":[{"@type":"ListItem","position":1,"name":"Home","item":"https:\/\/www.theramex.com\/it\/"},{"@type":"ListItem","position":2,"name":"Fertilit\u00e0","item":"https:\/\/www.theramex.com\/it\/fertilita\/"},{"@type":"ListItem","position":3,"name":"Fertilit\u00e0: quanto \u00e8 comune l&#8217;infertilit\u00e0 e perch\u00e9 si verifica?"}]},{"@type":"WebSite","@id":"https:\/\/www.theramex.com\/it\/#website","url":"https:\/\/www.theramex.com\/it\/","name":"Theramex Italy","description":"","potentialAction":[{"@type":"SearchAction","target":{"@type":"EntryPoint","urlTemplate":"https:\/\/www.theramex.com\/it\/?s={search_term_string}"},"query-input":{"@type":"PropertyValueSpecification","valueRequired":true,"valueName":"search_term_string"}}],"inLanguage":"en-GB"}]}},"_links":{"self":[{"href":"https:\/\/www.theramex.com\/it\/wp-json\/wp\/v2\/pages\/2039","targetHints":{"allow":["GET"]}}],"collection":[{"href":"https:\/\/www.theramex.com\/it\/wp-json\/wp\/v2\/pages"}],"about":[{"href":"https:\/\/www.theramex.com\/it\/wp-json\/wp\/v2\/types\/page"}],"author":[{"embeddable":true,"href":"https:\/\/www.theramex.com\/it\/wp-json\/wp\/v2\/users\/31"}],"replies":[{"embeddable":true,"href":"https:\/\/www.theramex.com\/it\/wp-json\/wp\/v2\/comments?post=2039"}],"version-history":[{"count":3,"href":"https:\/\/www.theramex.com\/it\/wp-json\/wp\/v2\/pages\/2039\/revisions"}],"predecessor-version":[{"id":2056,"href":"https:\/\/www.theramex.com\/it\/wp-json\/wp\/v2\/pages\/2039\/revisions\/2056"}],"up":[{"embeddable":true,"href":"https:\/\/www.theramex.com\/it\/wp-json\/wp\/v2\/pages\/2037"}],"wp:attachment":[{"href":"https:\/\/www.theramex.com\/it\/wp-json\/wp\/v2\/media?parent=2039"}],"curies":[{"name":"wp","href":"https:\/\/api.w.org\/{rel}","templated":true}]}}