{"id":958,"date":"2021-02-17T18:23:00","date_gmt":"2021-02-17T18:23:00","guid":{"rendered":"https:\/\/pprd.theramex.com\/fr\/?page_id=958"},"modified":"2026-03-02T14:18:38","modified_gmt":"2026-03-02T13:18:38","slug":"produits","status":"publish","type":"page","link":"https:\/\/www.theramex.com\/fr\/produits\/","title":{"rendered":"Nos produits"},"content":{"rendered":"","protected":false},"excerpt":{"rendered":"","protected":false},"author":1,"featured_media":0,"parent":0,"menu_order":0,"comment_status":"closed","ping_status":"closed","template":"products.php","meta":{"_acf_changed":false,"inline_featured_image":false,"footnotes":""},"class_list":["post-958","page","type-page","status-publish","hentry"],"acf":[],"yoast_head":"<!-- This site is optimized with the Yoast SEO plugin v27.3 - https:\/\/yoast.com\/product\/yoast-seo-wordpress\/ -->\n<title>Nos produits - Theramex France<\/title>\n<meta name=\"description\" content=\"Nous proposons des th\u00e9rapies dans quatre domaines cl\u00e9s qui aident les femmes \u00e0 vivre mieux, et nous continuons \u00e0 compl\u00e9ter notre gamme de ...\" \/>\n<meta name=\"robots\" content=\"index, follow, max-snippet:-1, max-image-preview:large, max-video-preview:-1\" \/>\n<link rel=\"canonical\" href=\"https:\/\/www.theramex.com\/fr\/produits\/\" \/>\n<meta property=\"og:locale\" content=\"en_GB\" \/>\n<meta property=\"og:type\" content=\"article\" \/>\n<meta property=\"og:title\" content=\"Nos produits - Theramex France\" \/>\n<meta property=\"og:description\" content=\"Nous proposons des th\u00e9rapies dans quatre domaines cl\u00e9s qui aident les femmes \u00e0 vivre mieux, et nous continuons \u00e0 compl\u00e9ter notre gamme de ...\" \/>\n<meta property=\"og:url\" content=\"https:\/\/www.theramex.com\/fr\/produits\/\" \/>\n<meta property=\"og:site_name\" content=\"Theramex France\" \/>\n<meta property=\"article:modified_time\" content=\"2026-03-02T13:18:38+00:00\" \/>\n<meta name=\"twitter:card\" content=\"summary_large_image\" \/>\n<script type=\"application\/ld+json\" class=\"yoast-schema-graph\">{\"@context\":\"https:\\\/\\\/schema.org\",\"@graph\":[{\"@type\":\"WebPage\",\"@id\":\"https:\\\/\\\/www.theramex.com\\\/fr\\\/produits\\\/\",\"url\":\"https:\\\/\\\/www.theramex.com\\\/fr\\\/produits\\\/\",\"name\":\"Nos produits - Theramex France\",\"isPartOf\":{\"@id\":\"https:\\\/\\\/www.theramex.com\\\/fr\\\/#website\"},\"datePublished\":\"2021-02-17T18:23:00+00:00\",\"dateModified\":\"2026-03-02T13:18:38+00:00\",\"description\":\"Nous proposons des th\u00e9rapies dans quatre domaines cl\u00e9s qui aident les femmes \u00e0 vivre mieux, et nous continuons \u00e0 compl\u00e9ter notre gamme de ...\",\"breadcrumb\":{\"@id\":\"https:\\\/\\\/www.theramex.com\\\/fr\\\/produits\\\/#breadcrumb\"},\"inLanguage\":\"en-GB\",\"potentialAction\":[{\"@type\":\"ReadAction\",\"target\":[\"https:\\\/\\\/www.theramex.com\\\/fr\\\/produits\\\/\"]}]},{\"@type\":\"BreadcrumbList\",\"@id\":\"https:\\\/\\\/www.theramex.com\\\/fr\\\/produits\\\/#breadcrumb\",\"itemListElement\":[{\"@type\":\"ListItem\",\"position\":1,\"name\":\"Home\",\"item\":\"https:\\\/\\\/www.theramex.com\\\/fr\\\/\"},{\"@type\":\"ListItem\",\"position\":2,\"name\":\"Nos produits\"}]},{\"@type\":\"WebSite\",\"@id\":\"https:\\\/\\\/www.theramex.com\\\/fr\\\/#website\",\"url\":\"https:\\\/\\\/www.theramex.com\\\/fr\\\/\",\"name\":\"Theramex France\",\"description\":\"\",\"potentialAction\":[{\"@type\":\"SearchAction\",\"target\":{\"@type\":\"EntryPoint\",\"urlTemplate\":\"https:\\\/\\\/www.theramex.com\\\/fr\\\/?s={search_term_string}\"},\"query-input\":{\"@type\":\"PropertyValueSpecification\",\"valueRequired\":true,\"valueName\":\"search_term_string\"}}],\"inLanguage\":\"en-GB\"}]}<\/script>\n<!-- \/ Yoast SEO plugin. -->","yoast_head_json":{"title":"Nos produits - Theramex France","description":"Nous proposons des th\u00e9rapies dans quatre domaines cl\u00e9s qui aident les femmes \u00e0 vivre mieux, et nous continuons \u00e0 compl\u00e9ter notre gamme de ...","robots":{"index":"index","follow":"follow","max-snippet":"max-snippet:-1","max-image-preview":"max-image-preview:large","max-video-preview":"max-video-preview:-1"},"canonical":"https:\/\/www.theramex.com\/fr\/produits\/","og_locale":"en_GB","og_type":"article","og_title":"Nos produits - Theramex France","og_description":"Nous proposons des th\u00e9rapies dans quatre domaines cl\u00e9s qui aident les femmes \u00e0 vivre mieux, et nous continuons \u00e0 compl\u00e9ter notre gamme de ...","og_url":"https:\/\/www.theramex.com\/fr\/produits\/","og_site_name":"Theramex France","article_modified_time":"2026-03-02T13:18:38+00:00","twitter_card":"summary_large_image","schema":{"@context":"https:\/\/schema.org","@graph":[{"@type":"WebPage","@id":"https:\/\/www.theramex.com\/fr\/produits\/","url":"https:\/\/www.theramex.com\/fr\/produits\/","name":"Nos produits - Theramex France","isPartOf":{"@id":"https:\/\/www.theramex.com\/fr\/#website"},"datePublished":"2021-02-17T18:23:00+00:00","dateModified":"2026-03-02T13:18:38+00:00","description":"Nous proposons des th\u00e9rapies dans quatre domaines cl\u00e9s qui aident les femmes \u00e0 vivre mieux, et nous continuons \u00e0 compl\u00e9ter notre gamme de ...","breadcrumb":{"@id":"https:\/\/www.theramex.com\/fr\/produits\/#breadcrumb"},"inLanguage":"en-GB","potentialAction":[{"@type":"ReadAction","target":["https:\/\/www.theramex.com\/fr\/produits\/"]}]},{"@type":"BreadcrumbList","@id":"https:\/\/www.theramex.com\/fr\/produits\/#breadcrumb","itemListElement":[{"@type":"ListItem","position":1,"name":"Home","item":"https:\/\/www.theramex.com\/fr\/"},{"@type":"ListItem","position":2,"name":"Nos produits"}]},{"@type":"WebSite","@id":"https:\/\/www.theramex.com\/fr\/#website","url":"https:\/\/www.theramex.com\/fr\/","name":"Theramex France","description":"","potentialAction":[{"@type":"SearchAction","target":{"@type":"EntryPoint","urlTemplate":"https:\/\/www.theramex.com\/fr\/?s={search_term_string}"},"query-input":{"@type":"PropertyValueSpecification","valueRequired":true,"valueName":"search_term_string"}}],"inLanguage":"en-GB"}]}},"_links":{"self":[{"href":"https:\/\/www.theramex.com\/fr\/wp-json\/wp\/v2\/pages\/958","targetHints":{"allow":["GET"]}}],"collection":[{"href":"https:\/\/www.theramex.com\/fr\/wp-json\/wp\/v2\/pages"}],"about":[{"href":"https:\/\/www.theramex.com\/fr\/wp-json\/wp\/v2\/types\/page"}],"author":[{"embeddable":true,"href":"https:\/\/www.theramex.com\/fr\/wp-json\/wp\/v2\/users\/1"}],"replies":[{"embeddable":true,"href":"https:\/\/www.theramex.com\/fr\/wp-json\/wp\/v2\/comments?post=958"}],"version-history":[{"count":33,"href":"https:\/\/www.theramex.com\/fr\/wp-json\/wp\/v2\/pages\/958\/revisions"}],"predecessor-version":[{"id":2024,"href":"https:\/\/www.theramex.com\/fr\/wp-json\/wp\/v2\/pages\/958\/revisions\/2024"}],"wp:attachment":[{"href":"https:\/\/www.theramex.com\/fr\/wp-json\/wp\/v2\/media?parent=958"}],"curies":[{"name":"wp","href":"https:\/\/api.w.org\/{rel}","templated":true}]}}