{"id":641,"date":"2021-02-12T11:53:55","date_gmt":"2021-02-12T11:53:55","guid":{"rendered":"https:\/\/pprd.theramex.com\/fr\/?page_id=641"},"modified":"2026-02-12T16:08:33","modified_gmt":"2026-02-12T15:08:33","slug":"qu-est-ce-que-l-infertilite","status":"publish","type":"page","link":"https:\/\/www.theramex.com\/fr\/fertilite\/qu-est-ce-que-l-infertilite\/","title":{"rendered":"Fertilit\u00e9 : quelle est la fr\u00e9quence de l&#8217;infertilit\u00e9 et pourquoi cela se produit-il ?"},"content":{"rendered":"","protected":false},"excerpt":{"rendered":"","protected":false},"author":29,"featured_media":0,"parent":1932,"menu_order":0,"comment_status":"closed","ping_status":"closed","template":"general.php","meta":{"_acf_changed":false,"inline_featured_image":false,"footnotes":""},"class_list":["post-641","page","type-page","status-publish","hentry"],"acf":[],"yoast_head":"<!-- This site is optimized with the Yoast SEO plugin v27.3 - https:\/\/yoast.com\/product\/yoast-seo-wordpress\/ -->\n<title>Infertilit\u00e9 : qu&#039;est-ce que l&#039;infertilit\u00e9?<\/title>\n<meta name=\"description\" content=\"D\u00e9couvrez les probl\u00e8mes de fertilit\u00e9 les plus courants, les cons\u00e9quences sur la fertilit\u00e9, le diagnostic et le traitement de l&#039;infertilit\u00e9.\" \/>\n<meta name=\"robots\" content=\"index, follow, max-snippet:-1, max-image-preview:large, max-video-preview:-1\" \/>\n<link rel=\"canonical\" href=\"https:\/\/www.theramex.com\/fr\/fertilite\/qu-est-ce-que-l-infertilite\/\" \/>\n<meta property=\"og:locale\" content=\"en_GB\" \/>\n<meta property=\"og:type\" content=\"article\" \/>\n<meta property=\"og:title\" content=\"Infertilit\u00e9 : qu&#039;est-ce que l&#039;infertilit\u00e9?\" \/>\n<meta property=\"og:description\" content=\"D\u00e9couvrez les probl\u00e8mes de fertilit\u00e9 les plus courants, les cons\u00e9quences sur la fertilit\u00e9, le diagnostic et le traitement de l&#039;infertilit\u00e9.\" \/>\n<meta property=\"og:url\" content=\"https:\/\/www.theramex.com\/fr\/fertilite\/qu-est-ce-que-l-infertilite\/\" \/>\n<meta property=\"og:site_name\" content=\"Theramex France\" \/>\n<meta property=\"article:modified_time\" content=\"2026-02-12T15:08:33+00:00\" \/>\n<meta name=\"twitter:card\" content=\"summary_large_image\" \/>\n<script type=\"application\/ld+json\" class=\"yoast-schema-graph\">{\"@context\":\"https:\\\/\\\/schema.org\",\"@graph\":[{\"@type\":\"WebPage\",\"@id\":\"https:\\\/\\\/www.theramex.com\\\/fr\\\/fertilite\\\/qu-est-ce-que-l-infertilite\\\/\",\"url\":\"https:\\\/\\\/www.theramex.com\\\/fr\\\/fertilite\\\/qu-est-ce-que-l-infertilite\\\/\",\"name\":\"Infertilit\u00e9 : qu'est-ce que l'infertilit\u00e9?\",\"isPartOf\":{\"@id\":\"https:\\\/\\\/www.theramex.com\\\/fr\\\/#website\"},\"datePublished\":\"2021-02-12T11:53:55+00:00\",\"dateModified\":\"2026-02-12T15:08:33+00:00\",\"description\":\"D\u00e9couvrez les probl\u00e8mes de fertilit\u00e9 les plus courants, les cons\u00e9quences sur la fertilit\u00e9, le diagnostic et le traitement de l'infertilit\u00e9.\",\"breadcrumb\":{\"@id\":\"https:\\\/\\\/www.theramex.com\\\/fr\\\/fertilite\\\/qu-est-ce-que-l-infertilite\\\/#breadcrumb\"},\"inLanguage\":\"en-GB\",\"potentialAction\":[{\"@type\":\"ReadAction\",\"target\":[\"https:\\\/\\\/www.theramex.com\\\/fr\\\/fertilite\\\/qu-est-ce-que-l-infertilite\\\/\"]}]},{\"@type\":\"BreadcrumbList\",\"@id\":\"https:\\\/\\\/www.theramex.com\\\/fr\\\/fertilite\\\/qu-est-ce-que-l-infertilite\\\/#breadcrumb\",\"itemListElement\":[{\"@type\":\"ListItem\",\"position\":1,\"name\":\"Home\",\"item\":\"https:\\\/\\\/www.theramex.com\\\/fr\\\/\"},{\"@type\":\"ListItem\",\"position\":2,\"name\":\"Fertilit\u00e9\",\"item\":\"https:\\\/\\\/www.theramex.com\\\/fr\\\/fertilite\\\/\"},{\"@type\":\"ListItem\",\"position\":3,\"name\":\"Fertilit\u00e9 : quelle est la fr\u00e9quence de l&#8217;infertilit\u00e9 et pourquoi cela se produit-il ?\"}]},{\"@type\":\"WebSite\",\"@id\":\"https:\\\/\\\/www.theramex.com\\\/fr\\\/#website\",\"url\":\"https:\\\/\\\/www.theramex.com\\\/fr\\\/\",\"name\":\"Theramex France\",\"description\":\"\",\"potentialAction\":[{\"@type\":\"SearchAction\",\"target\":{\"@type\":\"EntryPoint\",\"urlTemplate\":\"https:\\\/\\\/www.theramex.com\\\/fr\\\/?s={search_term_string}\"},\"query-input\":{\"@type\":\"PropertyValueSpecification\",\"valueRequired\":true,\"valueName\":\"search_term_string\"}}],\"inLanguage\":\"en-GB\"}]}<\/script>\n<!-- \/ Yoast SEO plugin. -->","yoast_head_json":{"title":"Infertilit\u00e9 : qu'est-ce que l'infertilit\u00e9?","description":"D\u00e9couvrez les probl\u00e8mes de fertilit\u00e9 les plus courants, les cons\u00e9quences sur la fertilit\u00e9, le diagnostic et le traitement de l'infertilit\u00e9.","robots":{"index":"index","follow":"follow","max-snippet":"max-snippet:-1","max-image-preview":"max-image-preview:large","max-video-preview":"max-video-preview:-1"},"canonical":"https:\/\/www.theramex.com\/fr\/fertilite\/qu-est-ce-que-l-infertilite\/","og_locale":"en_GB","og_type":"article","og_title":"Infertilit\u00e9 : qu'est-ce que l'infertilit\u00e9?","og_description":"D\u00e9couvrez les probl\u00e8mes de fertilit\u00e9 les plus courants, les cons\u00e9quences sur la fertilit\u00e9, le diagnostic et le traitement de l'infertilit\u00e9.","og_url":"https:\/\/www.theramex.com\/fr\/fertilite\/qu-est-ce-que-l-infertilite\/","og_site_name":"Theramex France","article_modified_time":"2026-02-12T15:08:33+00:00","twitter_card":"summary_large_image","schema":{"@context":"https:\/\/schema.org","@graph":[{"@type":"WebPage","@id":"https:\/\/www.theramex.com\/fr\/fertilite\/qu-est-ce-que-l-infertilite\/","url":"https:\/\/www.theramex.com\/fr\/fertilite\/qu-est-ce-que-l-infertilite\/","name":"Infertilit\u00e9 : qu'est-ce que l'infertilit\u00e9?","isPartOf":{"@id":"https:\/\/www.theramex.com\/fr\/#website"},"datePublished":"2021-02-12T11:53:55+00:00","dateModified":"2026-02-12T15:08:33+00:00","description":"D\u00e9couvrez les probl\u00e8mes de fertilit\u00e9 les plus courants, les cons\u00e9quences sur la fertilit\u00e9, le diagnostic et le traitement de l'infertilit\u00e9.","breadcrumb":{"@id":"https:\/\/www.theramex.com\/fr\/fertilite\/qu-est-ce-que-l-infertilite\/#breadcrumb"},"inLanguage":"en-GB","potentialAction":[{"@type":"ReadAction","target":["https:\/\/www.theramex.com\/fr\/fertilite\/qu-est-ce-que-l-infertilite\/"]}]},{"@type":"BreadcrumbList","@id":"https:\/\/www.theramex.com\/fr\/fertilite\/qu-est-ce-que-l-infertilite\/#breadcrumb","itemListElement":[{"@type":"ListItem","position":1,"name":"Home","item":"https:\/\/www.theramex.com\/fr\/"},{"@type":"ListItem","position":2,"name":"Fertilit\u00e9","item":"https:\/\/www.theramex.com\/fr\/fertilite\/"},{"@type":"ListItem","position":3,"name":"Fertilit\u00e9 : quelle est la fr\u00e9quence de l&#8217;infertilit\u00e9 et pourquoi cela se produit-il ?"}]},{"@type":"WebSite","@id":"https:\/\/www.theramex.com\/fr\/#website","url":"https:\/\/www.theramex.com\/fr\/","name":"Theramex France","description":"","potentialAction":[{"@type":"SearchAction","target":{"@type":"EntryPoint","urlTemplate":"https:\/\/www.theramex.com\/fr\/?s={search_term_string}"},"query-input":{"@type":"PropertyValueSpecification","valueRequired":true,"valueName":"search_term_string"}}],"inLanguage":"en-GB"}]}},"_links":{"self":[{"href":"https:\/\/www.theramex.com\/fr\/wp-json\/wp\/v2\/pages\/641","targetHints":{"allow":["GET"]}}],"collection":[{"href":"https:\/\/www.theramex.com\/fr\/wp-json\/wp\/v2\/pages"}],"about":[{"href":"https:\/\/www.theramex.com\/fr\/wp-json\/wp\/v2\/types\/page"}],"author":[{"embeddable":true,"href":"https:\/\/www.theramex.com\/fr\/wp-json\/wp\/v2\/users\/29"}],"replies":[{"embeddable":true,"href":"https:\/\/www.theramex.com\/fr\/wp-json\/wp\/v2\/comments?post=641"}],"version-history":[{"count":23,"href":"https:\/\/www.theramex.com\/fr\/wp-json\/wp\/v2\/pages\/641\/revisions"}],"predecessor-version":[{"id":1999,"href":"https:\/\/www.theramex.com\/fr\/wp-json\/wp\/v2\/pages\/641\/revisions\/1999"}],"up":[{"embeddable":true,"href":"https:\/\/www.theramex.com\/fr\/wp-json\/wp\/v2\/pages\/1932"}],"wp:attachment":[{"href":"https:\/\/www.theramex.com\/fr\/wp-json\/wp\/v2\/media?parent=641"}],"curies":[{"name":"wp","href":"https:\/\/api.w.org\/{rel}","templated":true}]}}