{"id":503,"date":"2021-02-11T13:35:20","date_gmt":"2021-02-11T13:35:20","guid":{"rendered":"https:\/\/pprd.theramex.com\/fr\/?page_id=503"},"modified":"2026-02-12T15:53:41","modified_gmt":"2026-02-12T14:53:41","slug":"la-menopause","status":"publish","type":"page","link":"https:\/\/www.theramex.com\/fr\/menopause\/la-menopause\/","title":{"rendered":"Aider les femmes \u00e0 faire face aux troubles de la m\u00e9nopause"},"content":{"rendered":"","protected":false},"excerpt":{"rendered":"","protected":false},"author":29,"featured_media":0,"parent":1928,"menu_order":0,"comment_status":"closed","ping_status":"closed","template":"general.php","meta":{"_acf_changed":false,"inline_featured_image":false,"footnotes":""},"class_list":["post-503","page","type-page","status-publish","hentry"],"acf":[],"yoast_head":"<!-- This site is optimized with the Yoast SEO plugin v27.3 - https:\/\/yoast.com\/product\/yoast-seo-wordpress\/ -->\n<title>La m\u00e9nopause<\/title>\n<meta name=\"description\" content=\"La m\u00e9nopause est le moment o\u00f9 les r\u00e8gles d&#039;une femme s&#039;arr\u00eatent. C&#039;est une p\u00e9riode de changement pour de nombreuses femmes.\" \/>\n<meta name=\"robots\" content=\"index, follow, max-snippet:-1, max-image-preview:large, max-video-preview:-1\" \/>\n<link rel=\"canonical\" href=\"https:\/\/www.theramex.com\/fr\/menopause\/la-menopause\/\" \/>\n<meta property=\"og:locale\" content=\"en_GB\" \/>\n<meta property=\"og:type\" content=\"article\" \/>\n<meta property=\"og:title\" content=\"La m\u00e9nopause\" \/>\n<meta property=\"og:description\" content=\"La m\u00e9nopause est le moment o\u00f9 les r\u00e8gles d&#039;une femme s&#039;arr\u00eatent. C&#039;est une p\u00e9riode de changement pour de nombreuses femmes.\" \/>\n<meta property=\"og:url\" content=\"https:\/\/www.theramex.com\/fr\/menopause\/la-menopause\/\" \/>\n<meta property=\"og:site_name\" content=\"Theramex France\" \/>\n<meta property=\"article:modified_time\" content=\"2026-02-12T14:53:41+00:00\" \/>\n<meta name=\"twitter:card\" content=\"summary_large_image\" \/>\n<script type=\"application\/ld+json\" class=\"yoast-schema-graph\">{\"@context\":\"https:\\\/\\\/schema.org\",\"@graph\":[{\"@type\":\"WebPage\",\"@id\":\"https:\\\/\\\/www.theramex.com\\\/fr\\\/menopause\\\/la-menopause\\\/\",\"url\":\"https:\\\/\\\/www.theramex.com\\\/fr\\\/menopause\\\/la-menopause\\\/\",\"name\":\"La m\u00e9nopause\",\"isPartOf\":{\"@id\":\"https:\\\/\\\/www.theramex.com\\\/fr\\\/#website\"},\"datePublished\":\"2021-02-11T13:35:20+00:00\",\"dateModified\":\"2026-02-12T14:53:41+00:00\",\"description\":\"La m\u00e9nopause est le moment o\u00f9 les r\u00e8gles d'une femme s'arr\u00eatent. C'est une p\u00e9riode de changement pour de nombreuses femmes.\",\"breadcrumb\":{\"@id\":\"https:\\\/\\\/www.theramex.com\\\/fr\\\/menopause\\\/la-menopause\\\/#breadcrumb\"},\"inLanguage\":\"en-GB\",\"potentialAction\":[{\"@type\":\"ReadAction\",\"target\":[\"https:\\\/\\\/www.theramex.com\\\/fr\\\/menopause\\\/la-menopause\\\/\"]}]},{\"@type\":\"BreadcrumbList\",\"@id\":\"https:\\\/\\\/www.theramex.com\\\/fr\\\/menopause\\\/la-menopause\\\/#breadcrumb\",\"itemListElement\":[{\"@type\":\"ListItem\",\"position\":1,\"name\":\"Home\",\"item\":\"https:\\\/\\\/www.theramex.com\\\/fr\\\/\"},{\"@type\":\"ListItem\",\"position\":2,\"name\":\"M\u00e9nopause\",\"item\":\"https:\\\/\\\/www.theramex.com\\\/fr\\\/menopause\\\/\"},{\"@type\":\"ListItem\",\"position\":3,\"name\":\"Aider les femmes \u00e0 faire face aux troubles de la m\u00e9nopause\"}]},{\"@type\":\"WebSite\",\"@id\":\"https:\\\/\\\/www.theramex.com\\\/fr\\\/#website\",\"url\":\"https:\\\/\\\/www.theramex.com\\\/fr\\\/\",\"name\":\"Theramex France\",\"description\":\"\",\"potentialAction\":[{\"@type\":\"SearchAction\",\"target\":{\"@type\":\"EntryPoint\",\"urlTemplate\":\"https:\\\/\\\/www.theramex.com\\\/fr\\\/?s={search_term_string}\"},\"query-input\":{\"@type\":\"PropertyValueSpecification\",\"valueRequired\":true,\"valueName\":\"search_term_string\"}}],\"inLanguage\":\"en-GB\"}]}<\/script>\n<!-- \/ Yoast SEO plugin. -->","yoast_head_json":{"title":"La m\u00e9nopause","description":"La m\u00e9nopause est le moment o\u00f9 les r\u00e8gles d'une femme s'arr\u00eatent. C'est une p\u00e9riode de changement pour de nombreuses femmes.","robots":{"index":"index","follow":"follow","max-snippet":"max-snippet:-1","max-image-preview":"max-image-preview:large","max-video-preview":"max-video-preview:-1"},"canonical":"https:\/\/www.theramex.com\/fr\/menopause\/la-menopause\/","og_locale":"en_GB","og_type":"article","og_title":"La m\u00e9nopause","og_description":"La m\u00e9nopause est le moment o\u00f9 les r\u00e8gles d'une femme s'arr\u00eatent. C'est une p\u00e9riode de changement pour de nombreuses femmes.","og_url":"https:\/\/www.theramex.com\/fr\/menopause\/la-menopause\/","og_site_name":"Theramex France","article_modified_time":"2026-02-12T14:53:41+00:00","twitter_card":"summary_large_image","schema":{"@context":"https:\/\/schema.org","@graph":[{"@type":"WebPage","@id":"https:\/\/www.theramex.com\/fr\/menopause\/la-menopause\/","url":"https:\/\/www.theramex.com\/fr\/menopause\/la-menopause\/","name":"La m\u00e9nopause","isPartOf":{"@id":"https:\/\/www.theramex.com\/fr\/#website"},"datePublished":"2021-02-11T13:35:20+00:00","dateModified":"2026-02-12T14:53:41+00:00","description":"La m\u00e9nopause est le moment o\u00f9 les r\u00e8gles d'une femme s'arr\u00eatent. C'est une p\u00e9riode de changement pour de nombreuses femmes.","breadcrumb":{"@id":"https:\/\/www.theramex.com\/fr\/menopause\/la-menopause\/#breadcrumb"},"inLanguage":"en-GB","potentialAction":[{"@type":"ReadAction","target":["https:\/\/www.theramex.com\/fr\/menopause\/la-menopause\/"]}]},{"@type":"BreadcrumbList","@id":"https:\/\/www.theramex.com\/fr\/menopause\/la-menopause\/#breadcrumb","itemListElement":[{"@type":"ListItem","position":1,"name":"Home","item":"https:\/\/www.theramex.com\/fr\/"},{"@type":"ListItem","position":2,"name":"M\u00e9nopause","item":"https:\/\/www.theramex.com\/fr\/menopause\/"},{"@type":"ListItem","position":3,"name":"Aider les femmes \u00e0 faire face aux troubles de la m\u00e9nopause"}]},{"@type":"WebSite","@id":"https:\/\/www.theramex.com\/fr\/#website","url":"https:\/\/www.theramex.com\/fr\/","name":"Theramex France","description":"","potentialAction":[{"@type":"SearchAction","target":{"@type":"EntryPoint","urlTemplate":"https:\/\/www.theramex.com\/fr\/?s={search_term_string}"},"query-input":{"@type":"PropertyValueSpecification","valueRequired":true,"valueName":"search_term_string"}}],"inLanguage":"en-GB"}]}},"_links":{"self":[{"href":"https:\/\/www.theramex.com\/fr\/wp-json\/wp\/v2\/pages\/503","targetHints":{"allow":["GET"]}}],"collection":[{"href":"https:\/\/www.theramex.com\/fr\/wp-json\/wp\/v2\/pages"}],"about":[{"href":"https:\/\/www.theramex.com\/fr\/wp-json\/wp\/v2\/types\/page"}],"author":[{"embeddable":true,"href":"https:\/\/www.theramex.com\/fr\/wp-json\/wp\/v2\/users\/29"}],"replies":[{"embeddable":true,"href":"https:\/\/www.theramex.com\/fr\/wp-json\/wp\/v2\/comments?post=503"}],"version-history":[{"count":40,"href":"https:\/\/www.theramex.com\/fr\/wp-json\/wp\/v2\/pages\/503\/revisions"}],"predecessor-version":[{"id":1989,"href":"https:\/\/www.theramex.com\/fr\/wp-json\/wp\/v2\/pages\/503\/revisions\/1989"}],"up":[{"embeddable":true,"href":"https:\/\/www.theramex.com\/fr\/wp-json\/wp\/v2\/pages\/1928"}],"wp:attachment":[{"href":"https:\/\/www.theramex.com\/fr\/wp-json\/wp\/v2\/media?parent=503"}],"curies":[{"name":"wp","href":"https:\/\/api.w.org\/{rel}","templated":true}]}}