{"id":693,"date":"2021-02-14T19:39:00","date_gmt":"2021-02-14T19:39:00","guid":{"rendered":"https:\/\/pprd.theramex.com\/fr-be\/?page_id=693"},"modified":"2024-03-14T13:13:48","modified_gmt":"2024-03-14T12:13:48","slug":"investiguer-infertilite","status":"publish","type":"page","link":"https:\/\/www.theramex.com\/fr-be\/fertilite\/investiguer-infertilite\/","title":{"rendered":"Investiguer l&rsquo;infertilit\u00e9 et comprendre la fertilit\u00e9"},"content":{"rendered":"","protected":false},"excerpt":{"rendered":"","protected":false},"author":29,"featured_media":0,"parent":1718,"menu_order":0,"comment_status":"closed","ping_status":"closed","template":"general.php","meta":{"_acf_changed":false,"inline_featured_image":false,"footnotes":""},"class_list":["post-693","page","type-page","status-publish","hentry"],"acf":[],"yoast_head":"<!-- This site is optimized with the Yoast SEO plugin v27.3 - https:\/\/yoast.com\/product\/yoast-seo-wordpress\/ -->\n<title>Investiguer infertilit\u00e9<\/title>\n<meta name=\"description\" content=\"Si vous avez des difficult\u00e9s \u00e0 concevoir, vous pouvez \u00eatre invit\u00e9 \u00e0 passer des tests et des examens. D\u00e9couvrez comment l&#039;infertilit\u00e9 est diagnostiqu\u00e9e et quels sont les traitements disponibles.\" \/>\n<meta name=\"robots\" content=\"index, follow, max-snippet:-1, max-image-preview:large, max-video-preview:-1\" \/>\n<link rel=\"canonical\" href=\"https:\/\/www.theramex.com\/fr-be\/fertilite\/investiguer-infertilite\/\" \/>\n<meta property=\"og:locale\" content=\"fr_FR\" \/>\n<meta property=\"og:type\" content=\"article\" \/>\n<meta property=\"og:title\" content=\"Investiguer infertilit\u00e9\" \/>\n<meta property=\"og:description\" content=\"Si vous avez des difficult\u00e9s \u00e0 concevoir, vous pouvez \u00eatre invit\u00e9 \u00e0 passer des tests et des examens. D\u00e9couvrez comment l&#039;infertilit\u00e9 est diagnostiqu\u00e9e et quels sont les traitements disponibles.\" \/>\n<meta property=\"og:url\" content=\"https:\/\/www.theramex.com\/fr-be\/fertilite\/investiguer-infertilite\/\" \/>\n<meta property=\"og:site_name\" content=\"Theramex Belgium (FR-BE)\" \/>\n<meta property=\"article:modified_time\" content=\"2024-03-14T12:13:48+00:00\" \/>\n<meta name=\"twitter:card\" content=\"summary_large_image\" \/>\n<script type=\"application\/ld+json\" class=\"yoast-schema-graph\">{\"@context\":\"https:\\\/\\\/schema.org\",\"@graph\":[{\"@type\":\"WebPage\",\"@id\":\"https:\\\/\\\/www.theramex.com\\\/fr-be\\\/fertilite\\\/investiguer-infertilite\\\/\",\"url\":\"https:\\\/\\\/www.theramex.com\\\/fr-be\\\/fertilite\\\/investiguer-infertilite\\\/\",\"name\":\"Investiguer infertilit\u00e9\",\"isPartOf\":{\"@id\":\"https:\\\/\\\/www.theramex.com\\\/fr-be\\\/#website\"},\"datePublished\":\"2021-02-14T19:39:00+00:00\",\"dateModified\":\"2024-03-14T12:13:48+00:00\",\"description\":\"Si vous avez des difficult\u00e9s \u00e0 concevoir, vous pouvez \u00eatre invit\u00e9 \u00e0 passer des tests et des examens. D\u00e9couvrez comment l'infertilit\u00e9 est diagnostiqu\u00e9e et quels sont les traitements disponibles.\",\"breadcrumb\":{\"@id\":\"https:\\\/\\\/www.theramex.com\\\/fr-be\\\/fertilite\\\/investiguer-infertilite\\\/#breadcrumb\"},\"inLanguage\":\"fr-BE\",\"potentialAction\":[{\"@type\":\"ReadAction\",\"target\":[\"https:\\\/\\\/www.theramex.com\\\/fr-be\\\/fertilite\\\/investiguer-infertilite\\\/\"]}]},{\"@type\":\"BreadcrumbList\",\"@id\":\"https:\\\/\\\/www.theramex.com\\\/fr-be\\\/fertilite\\\/investiguer-infertilite\\\/#breadcrumb\",\"itemListElement\":[{\"@type\":\"ListItem\",\"position\":1,\"name\":\"Home\",\"item\":\"https:\\\/\\\/www.theramex.com\\\/fr-be\\\/\"},{\"@type\":\"ListItem\",\"position\":2,\"name\":\"Fertilit\u00e9\",\"item\":\"https:\\\/\\\/www.theramex.com\\\/fr-be\\\/fertilite\\\/\"},{\"@type\":\"ListItem\",\"position\":3,\"name\":\"Investiguer l&#8217;infertilit\u00e9 et comprendre la fertilit\u00e9\"}]},{\"@type\":\"WebSite\",\"@id\":\"https:\\\/\\\/www.theramex.com\\\/fr-be\\\/#website\",\"url\":\"https:\\\/\\\/www.theramex.com\\\/fr-be\\\/\",\"name\":\"Theramex Belgium (FR-BE)\",\"description\":\"\",\"potentialAction\":[{\"@type\":\"SearchAction\",\"target\":{\"@type\":\"EntryPoint\",\"urlTemplate\":\"https:\\\/\\\/www.theramex.com\\\/fr-be\\\/?s={search_term_string}\"},\"query-input\":{\"@type\":\"PropertyValueSpecification\",\"valueRequired\":true,\"valueName\":\"search_term_string\"}}],\"inLanguage\":\"fr-BE\"}]}<\/script>\n<!-- \/ Yoast SEO plugin. -->","yoast_head_json":{"title":"Investiguer infertilit\u00e9","description":"Si vous avez des difficult\u00e9s \u00e0 concevoir, vous pouvez \u00eatre invit\u00e9 \u00e0 passer des tests et des examens. D\u00e9couvrez comment l'infertilit\u00e9 est diagnostiqu\u00e9e et quels sont les traitements disponibles.","robots":{"index":"index","follow":"follow","max-snippet":"max-snippet:-1","max-image-preview":"max-image-preview:large","max-video-preview":"max-video-preview:-1"},"canonical":"https:\/\/www.theramex.com\/fr-be\/fertilite\/investiguer-infertilite\/","og_locale":"fr_FR","og_type":"article","og_title":"Investiguer infertilit\u00e9","og_description":"Si vous avez des difficult\u00e9s \u00e0 concevoir, vous pouvez \u00eatre invit\u00e9 \u00e0 passer des tests et des examens. D\u00e9couvrez comment l'infertilit\u00e9 est diagnostiqu\u00e9e et quels sont les traitements disponibles.","og_url":"https:\/\/www.theramex.com\/fr-be\/fertilite\/investiguer-infertilite\/","og_site_name":"Theramex Belgium (FR-BE)","article_modified_time":"2024-03-14T12:13:48+00:00","twitter_card":"summary_large_image","schema":{"@context":"https:\/\/schema.org","@graph":[{"@type":"WebPage","@id":"https:\/\/www.theramex.com\/fr-be\/fertilite\/investiguer-infertilite\/","url":"https:\/\/www.theramex.com\/fr-be\/fertilite\/investiguer-infertilite\/","name":"Investiguer infertilit\u00e9","isPartOf":{"@id":"https:\/\/www.theramex.com\/fr-be\/#website"},"datePublished":"2021-02-14T19:39:00+00:00","dateModified":"2024-03-14T12:13:48+00:00","description":"Si vous avez des difficult\u00e9s \u00e0 concevoir, vous pouvez \u00eatre invit\u00e9 \u00e0 passer des tests et des examens. D\u00e9couvrez comment l'infertilit\u00e9 est diagnostiqu\u00e9e et quels sont les traitements disponibles.","breadcrumb":{"@id":"https:\/\/www.theramex.com\/fr-be\/fertilite\/investiguer-infertilite\/#breadcrumb"},"inLanguage":"fr-BE","potentialAction":[{"@type":"ReadAction","target":["https:\/\/www.theramex.com\/fr-be\/fertilite\/investiguer-infertilite\/"]}]},{"@type":"BreadcrumbList","@id":"https:\/\/www.theramex.com\/fr-be\/fertilite\/investiguer-infertilite\/#breadcrumb","itemListElement":[{"@type":"ListItem","position":1,"name":"Home","item":"https:\/\/www.theramex.com\/fr-be\/"},{"@type":"ListItem","position":2,"name":"Fertilit\u00e9","item":"https:\/\/www.theramex.com\/fr-be\/fertilite\/"},{"@type":"ListItem","position":3,"name":"Investiguer l&#8217;infertilit\u00e9 et comprendre la fertilit\u00e9"}]},{"@type":"WebSite","@id":"https:\/\/www.theramex.com\/fr-be\/#website","url":"https:\/\/www.theramex.com\/fr-be\/","name":"Theramex Belgium (FR-BE)","description":"","potentialAction":[{"@type":"SearchAction","target":{"@type":"EntryPoint","urlTemplate":"https:\/\/www.theramex.com\/fr-be\/?s={search_term_string}"},"query-input":{"@type":"PropertyValueSpecification","valueRequired":true,"valueName":"search_term_string"}}],"inLanguage":"fr-BE"}]}},"_links":{"self":[{"href":"https:\/\/www.theramex.com\/fr-be\/wp-json\/wp\/v2\/pages\/693","targetHints":{"allow":["GET"]}}],"collection":[{"href":"https:\/\/www.theramex.com\/fr-be\/wp-json\/wp\/v2\/pages"}],"about":[{"href":"https:\/\/www.theramex.com\/fr-be\/wp-json\/wp\/v2\/types\/page"}],"author":[{"embeddable":true,"href":"https:\/\/www.theramex.com\/fr-be\/wp-json\/wp\/v2\/users\/29"}],"replies":[{"embeddable":true,"href":"https:\/\/www.theramex.com\/fr-be\/wp-json\/wp\/v2\/comments?post=693"}],"version-history":[{"count":15,"href":"https:\/\/www.theramex.com\/fr-be\/wp-json\/wp\/v2\/pages\/693\/revisions"}],"predecessor-version":[{"id":1730,"href":"https:\/\/www.theramex.com\/fr-be\/wp-json\/wp\/v2\/pages\/693\/revisions\/1730"}],"up":[{"embeddable":true,"href":"https:\/\/www.theramex.com\/fr-be\/wp-json\/wp\/v2\/pages\/1718"}],"wp:attachment":[{"href":"https:\/\/www.theramex.com\/fr-be\/wp-json\/wp\/v2\/media?parent=693"}],"curies":[{"name":"wp","href":"https:\/\/api.w.org\/{rel}","templated":true}]}}