{"id":682,"date":"2021-02-12T15:45:50","date_gmt":"2021-02-12T15:45:50","guid":{"rendered":"https:\/\/pprd.theramex.com\/fr-be\/?page_id=682"},"modified":"2025-09-22T15:37:17","modified_gmt":"2025-09-22T13:37:17","slug":"locations","status":"publish","type":"page","link":"https:\/\/www.theramex.com\/fr-be\/locations\/","title":{"rendered":"O\u00f9 sommes-nous bas\u00e9s ?"},"content":{"rendered":"","protected":false},"excerpt":{"rendered":"","protected":false},"author":1,"featured_media":0,"parent":0,"menu_order":0,"comment_status":"closed","ping_status":"closed","template":"offices.php","meta":{"_acf_changed":false,"inline_featured_image":false,"footnotes":""},"class_list":["post-682","page","type-page","status-publish","hentry"],"acf":[],"yoast_head":"<!-- This site is optimized with the Yoast SEO plugin v27.1.1 - https:\/\/yoast.com\/product\/yoast-seo-wordpress\/ -->\n<title>O\u00f9 sommes-nous bas\u00e9s ?<\/title>\n<meta name=\"description\" content=\"Le si\u00e8ge social de Theramex est situ\u00e9 \u00e0 Londres, au Royaume-Uni. L&#039;\u00e9quipe mondiale op\u00e8re dans 80 pays diff\u00e9rents \u00e0 travers l&#039;Europe, l&#039;Afrique, l&#039;Asie-Pacifique et l&#039;Am\u00e9rique latine.\" \/>\n<meta name=\"robots\" content=\"index, follow, max-snippet:-1, max-image-preview:large, max-video-preview:-1\" \/>\n<link rel=\"canonical\" href=\"https:\/\/www.theramex.com\/fr-be\/locations\/\" \/>\n<meta property=\"og:locale\" content=\"fr_FR\" \/>\n<meta property=\"og:type\" content=\"article\" \/>\n<meta property=\"og:title\" content=\"O\u00f9 sommes-nous bas\u00e9s ?\" \/>\n<meta property=\"og:description\" content=\"Le si\u00e8ge social de Theramex est situ\u00e9 \u00e0 Londres, au Royaume-Uni. L&#039;\u00e9quipe mondiale op\u00e8re dans 80 pays diff\u00e9rents \u00e0 travers l&#039;Europe, l&#039;Afrique, l&#039;Asie-Pacifique et l&#039;Am\u00e9rique latine.\" \/>\n<meta property=\"og:url\" content=\"https:\/\/www.theramex.com\/fr-be\/locations\/\" \/>\n<meta property=\"og:site_name\" content=\"Theramex Belgium (FR-BE)\" \/>\n<meta property=\"article:modified_time\" content=\"2025-09-22T13:37:17+00:00\" \/>\n<meta name=\"twitter:card\" content=\"summary_large_image\" \/>\n<script type=\"application\/ld+json\" class=\"yoast-schema-graph\">{\"@context\":\"https:\/\/schema.org\",\"@graph\":[{\"@type\":\"WebPage\",\"@id\":\"https:\/\/www.theramex.com\/fr-be\/locations\/\",\"url\":\"https:\/\/www.theramex.com\/fr-be\/locations\/\",\"name\":\"O\u00f9 sommes-nous bas\u00e9s ?\",\"isPartOf\":{\"@id\":\"https:\/\/www.theramex.com\/fr-be\/#website\"},\"datePublished\":\"2021-02-12T15:45:50+00:00\",\"dateModified\":\"2025-09-22T13:37:17+00:00\",\"description\":\"Le si\u00e8ge social de Theramex est situ\u00e9 \u00e0 Londres, au Royaume-Uni. L'\u00e9quipe mondiale op\u00e8re dans 80 pays diff\u00e9rents \u00e0 travers l'Europe, l'Afrique, l'Asie-Pacifique et l'Am\u00e9rique latine.\",\"breadcrumb\":{\"@id\":\"https:\/\/www.theramex.com\/fr-be\/locations\/#breadcrumb\"},\"inLanguage\":\"fr-BE\",\"potentialAction\":[{\"@type\":\"ReadAction\",\"target\":[\"https:\/\/www.theramex.com\/fr-be\/locations\/\"]}]},{\"@type\":\"BreadcrumbList\",\"@id\":\"https:\/\/www.theramex.com\/fr-be\/locations\/#breadcrumb\",\"itemListElement\":[{\"@type\":\"ListItem\",\"position\":1,\"name\":\"Home\",\"item\":\"https:\/\/www.theramex.com\/fr-be\/\"},{\"@type\":\"ListItem\",\"position\":2,\"name\":\"O\u00f9 sommes-nous bas\u00e9s ?\"}]},{\"@type\":\"WebSite\",\"@id\":\"https:\/\/www.theramex.com\/fr-be\/#website\",\"url\":\"https:\/\/www.theramex.com\/fr-be\/\",\"name\":\"Theramex Belgium (FR-BE)\",\"description\":\"\",\"potentialAction\":[{\"@type\":\"SearchAction\",\"target\":{\"@type\":\"EntryPoint\",\"urlTemplate\":\"https:\/\/www.theramex.com\/fr-be\/?s={search_term_string}\"},\"query-input\":{\"@type\":\"PropertyValueSpecification\",\"valueRequired\":true,\"valueName\":\"search_term_string\"}}],\"inLanguage\":\"fr-BE\"}]}<\/script>\n<!-- \/ Yoast SEO plugin. -->","yoast_head_json":{"title":"O\u00f9 sommes-nous bas\u00e9s ?","description":"Le si\u00e8ge social de Theramex est situ\u00e9 \u00e0 Londres, au Royaume-Uni. L'\u00e9quipe mondiale op\u00e8re dans 80 pays diff\u00e9rents \u00e0 travers l'Europe, l'Afrique, l'Asie-Pacifique et l'Am\u00e9rique latine.","robots":{"index":"index","follow":"follow","max-snippet":"max-snippet:-1","max-image-preview":"max-image-preview:large","max-video-preview":"max-video-preview:-1"},"canonical":"https:\/\/www.theramex.com\/fr-be\/locations\/","og_locale":"fr_FR","og_type":"article","og_title":"O\u00f9 sommes-nous bas\u00e9s ?","og_description":"Le si\u00e8ge social de Theramex est situ\u00e9 \u00e0 Londres, au Royaume-Uni. L'\u00e9quipe mondiale op\u00e8re dans 80 pays diff\u00e9rents \u00e0 travers l'Europe, l'Afrique, l'Asie-Pacifique et l'Am\u00e9rique latine.","og_url":"https:\/\/www.theramex.com\/fr-be\/locations\/","og_site_name":"Theramex Belgium (FR-BE)","article_modified_time":"2025-09-22T13:37:17+00:00","twitter_card":"summary_large_image","schema":{"@context":"https:\/\/schema.org","@graph":[{"@type":"WebPage","@id":"https:\/\/www.theramex.com\/fr-be\/locations\/","url":"https:\/\/www.theramex.com\/fr-be\/locations\/","name":"O\u00f9 sommes-nous bas\u00e9s ?","isPartOf":{"@id":"https:\/\/www.theramex.com\/fr-be\/#website"},"datePublished":"2021-02-12T15:45:50+00:00","dateModified":"2025-09-22T13:37:17+00:00","description":"Le si\u00e8ge social de Theramex est situ\u00e9 \u00e0 Londres, au Royaume-Uni. L'\u00e9quipe mondiale op\u00e8re dans 80 pays diff\u00e9rents \u00e0 travers l'Europe, l'Afrique, l'Asie-Pacifique et l'Am\u00e9rique latine.","breadcrumb":{"@id":"https:\/\/www.theramex.com\/fr-be\/locations\/#breadcrumb"},"inLanguage":"fr-BE","potentialAction":[{"@type":"ReadAction","target":["https:\/\/www.theramex.com\/fr-be\/locations\/"]}]},{"@type":"BreadcrumbList","@id":"https:\/\/www.theramex.com\/fr-be\/locations\/#breadcrumb","itemListElement":[{"@type":"ListItem","position":1,"name":"Home","item":"https:\/\/www.theramex.com\/fr-be\/"},{"@type":"ListItem","position":2,"name":"O\u00f9 sommes-nous bas\u00e9s ?"}]},{"@type":"WebSite","@id":"https:\/\/www.theramex.com\/fr-be\/#website","url":"https:\/\/www.theramex.com\/fr-be\/","name":"Theramex Belgium (FR-BE)","description":"","potentialAction":[{"@type":"SearchAction","target":{"@type":"EntryPoint","urlTemplate":"https:\/\/www.theramex.com\/fr-be\/?s={search_term_string}"},"query-input":{"@type":"PropertyValueSpecification","valueRequired":true,"valueName":"search_term_string"}}],"inLanguage":"fr-BE"}]}},"_links":{"self":[{"href":"https:\/\/www.theramex.com\/fr-be\/wp-json\/wp\/v2\/pages\/682","targetHints":{"allow":["GET"]}}],"collection":[{"href":"https:\/\/www.theramex.com\/fr-be\/wp-json\/wp\/v2\/pages"}],"about":[{"href":"https:\/\/www.theramex.com\/fr-be\/wp-json\/wp\/v2\/types\/page"}],"author":[{"embeddable":true,"href":"https:\/\/www.theramex.com\/fr-be\/wp-json\/wp\/v2\/users\/1"}],"replies":[{"embeddable":true,"href":"https:\/\/www.theramex.com\/fr-be\/wp-json\/wp\/v2\/comments?post=682"}],"version-history":[{"count":43,"href":"https:\/\/www.theramex.com\/fr-be\/wp-json\/wp\/v2\/pages\/682\/revisions"}],"predecessor-version":[{"id":1799,"href":"https:\/\/www.theramex.com\/fr-be\/wp-json\/wp\/v2\/pages\/682\/revisions\/1799"}],"wp:attachment":[{"href":"https:\/\/www.theramex.com\/fr-be\/wp-json\/wp\/v2\/media?parent=682"}],"curies":[{"name":"wp","href":"https:\/\/api.w.org\/{rel}","templated":true}]}}