{"id":641,"date":"2021-02-12T11:53:55","date_gmt":"2021-02-12T11:53:55","guid":{"rendered":"https:\/\/pprd.theramex.com\/fr-be\/?page_id=641"},"modified":"2024-03-14T13:12:44","modified_gmt":"2024-03-14T12:12:44","slug":"infertilite-pourquoi-cela-se-manifeste-t-elle","status":"publish","type":"page","link":"https:\/\/www.theramex.com\/fr-be\/fertilite\/infertilite-pourquoi-cela-se-manifeste-t-elle\/","title":{"rendered":"Fertilit\u00e9 : Dans quelle mesure l&rsquo;infertilit\u00e9 est-elle fr\u00e9quente et pourquoi se manifeste-t-elle ?"},"content":{"rendered":"","protected":false},"excerpt":{"rendered":"","protected":false},"author":29,"featured_media":0,"parent":1718,"menu_order":0,"comment_status":"closed","ping_status":"closed","template":"general.php","meta":{"_acf_changed":false,"inline_featured_image":false,"footnotes":""},"class_list":["post-641","page","type-page","status-publish","hentry"],"acf":[],"yoast_head":"<!-- This site is optimized with the Yoast SEO plugin v27.3 - https:\/\/yoast.com\/product\/yoast-seo-wordpress\/ -->\n<title>Infertilit\u00e9-pourquoi cela se manifeste-t-elle?<\/title>\n<meta name=\"description\" content=\"D\u00e9couvrez les probl\u00e8mes de fertilit\u00e9 les plus courants, les impacts sur la fertilit\u00e9 ainsi que le diagnostic et le traitement de l&#039;infertilit\u00e9.\" \/>\n<meta name=\"robots\" content=\"index, follow, max-snippet:-1, max-image-preview:large, max-video-preview:-1\" \/>\n<link rel=\"canonical\" href=\"https:\/\/www.theramex.com\/fr-be\/fertilite\/infertilite-pourquoi-cela-se-manifeste-t-elle\/\" \/>\n<meta property=\"og:locale\" content=\"fr_FR\" \/>\n<meta property=\"og:type\" content=\"article\" \/>\n<meta property=\"og:title\" content=\"Infertilit\u00e9-pourquoi cela se manifeste-t-elle?\" \/>\n<meta property=\"og:description\" content=\"D\u00e9couvrez les probl\u00e8mes de fertilit\u00e9 les plus courants, les impacts sur la fertilit\u00e9 ainsi que le diagnostic et le traitement de l&#039;infertilit\u00e9.\" \/>\n<meta property=\"og:url\" content=\"https:\/\/www.theramex.com\/fr-be\/fertilite\/infertilite-pourquoi-cela-se-manifeste-t-elle\/\" \/>\n<meta property=\"og:site_name\" content=\"Theramex Belgium (FR-BE)\" \/>\n<meta property=\"article:modified_time\" content=\"2024-03-14T12:12:44+00:00\" \/>\n<meta name=\"twitter:card\" content=\"summary_large_image\" \/>\n<script type=\"application\/ld+json\" class=\"yoast-schema-graph\">{\"@context\":\"https:\\\/\\\/schema.org\",\"@graph\":[{\"@type\":\"WebPage\",\"@id\":\"https:\\\/\\\/www.theramex.com\\\/fr-be\\\/fertilite\\\/infertilite-pourquoi-cela-se-manifeste-t-elle\\\/\",\"url\":\"https:\\\/\\\/www.theramex.com\\\/fr-be\\\/fertilite\\\/infertilite-pourquoi-cela-se-manifeste-t-elle\\\/\",\"name\":\"Infertilit\u00e9-pourquoi cela se manifeste-t-elle?\",\"isPartOf\":{\"@id\":\"https:\\\/\\\/www.theramex.com\\\/fr-be\\\/#website\"},\"datePublished\":\"2021-02-12T11:53:55+00:00\",\"dateModified\":\"2024-03-14T12:12:44+00:00\",\"description\":\"D\u00e9couvrez les probl\u00e8mes de fertilit\u00e9 les plus courants, les impacts sur la fertilit\u00e9 ainsi que le diagnostic et le traitement de l'infertilit\u00e9.\",\"breadcrumb\":{\"@id\":\"https:\\\/\\\/www.theramex.com\\\/fr-be\\\/fertilite\\\/infertilite-pourquoi-cela-se-manifeste-t-elle\\\/#breadcrumb\"},\"inLanguage\":\"fr-BE\",\"potentialAction\":[{\"@type\":\"ReadAction\",\"target\":[\"https:\\\/\\\/www.theramex.com\\\/fr-be\\\/fertilite\\\/infertilite-pourquoi-cela-se-manifeste-t-elle\\\/\"]}]},{\"@type\":\"BreadcrumbList\",\"@id\":\"https:\\\/\\\/www.theramex.com\\\/fr-be\\\/fertilite\\\/infertilite-pourquoi-cela-se-manifeste-t-elle\\\/#breadcrumb\",\"itemListElement\":[{\"@type\":\"ListItem\",\"position\":1,\"name\":\"Home\",\"item\":\"https:\\\/\\\/www.theramex.com\\\/fr-be\\\/\"},{\"@type\":\"ListItem\",\"position\":2,\"name\":\"Fertilit\u00e9\",\"item\":\"https:\\\/\\\/www.theramex.com\\\/fr-be\\\/fertilite\\\/\"},{\"@type\":\"ListItem\",\"position\":3,\"name\":\"Fertilit\u00e9 : Dans quelle mesure l&#8217;infertilit\u00e9 est-elle fr\u00e9quente et pourquoi se manifeste-t-elle ?\"}]},{\"@type\":\"WebSite\",\"@id\":\"https:\\\/\\\/www.theramex.com\\\/fr-be\\\/#website\",\"url\":\"https:\\\/\\\/www.theramex.com\\\/fr-be\\\/\",\"name\":\"Theramex Belgium (FR-BE)\",\"description\":\"\",\"potentialAction\":[{\"@type\":\"SearchAction\",\"target\":{\"@type\":\"EntryPoint\",\"urlTemplate\":\"https:\\\/\\\/www.theramex.com\\\/fr-be\\\/?s={search_term_string}\"},\"query-input\":{\"@type\":\"PropertyValueSpecification\",\"valueRequired\":true,\"valueName\":\"search_term_string\"}}],\"inLanguage\":\"fr-BE\"}]}<\/script>\n<!-- \/ Yoast SEO plugin. -->","yoast_head_json":{"title":"Infertilit\u00e9-pourquoi cela se manifeste-t-elle?","description":"D\u00e9couvrez les probl\u00e8mes de fertilit\u00e9 les plus courants, les impacts sur la fertilit\u00e9 ainsi que le diagnostic et le traitement de l'infertilit\u00e9.","robots":{"index":"index","follow":"follow","max-snippet":"max-snippet:-1","max-image-preview":"max-image-preview:large","max-video-preview":"max-video-preview:-1"},"canonical":"https:\/\/www.theramex.com\/fr-be\/fertilite\/infertilite-pourquoi-cela-se-manifeste-t-elle\/","og_locale":"fr_FR","og_type":"article","og_title":"Infertilit\u00e9-pourquoi cela se manifeste-t-elle?","og_description":"D\u00e9couvrez les probl\u00e8mes de fertilit\u00e9 les plus courants, les impacts sur la fertilit\u00e9 ainsi que le diagnostic et le traitement de l'infertilit\u00e9.","og_url":"https:\/\/www.theramex.com\/fr-be\/fertilite\/infertilite-pourquoi-cela-se-manifeste-t-elle\/","og_site_name":"Theramex Belgium (FR-BE)","article_modified_time":"2024-03-14T12:12:44+00:00","twitter_card":"summary_large_image","schema":{"@context":"https:\/\/schema.org","@graph":[{"@type":"WebPage","@id":"https:\/\/www.theramex.com\/fr-be\/fertilite\/infertilite-pourquoi-cela-se-manifeste-t-elle\/","url":"https:\/\/www.theramex.com\/fr-be\/fertilite\/infertilite-pourquoi-cela-se-manifeste-t-elle\/","name":"Infertilit\u00e9-pourquoi cela se manifeste-t-elle?","isPartOf":{"@id":"https:\/\/www.theramex.com\/fr-be\/#website"},"datePublished":"2021-02-12T11:53:55+00:00","dateModified":"2024-03-14T12:12:44+00:00","description":"D\u00e9couvrez les probl\u00e8mes de fertilit\u00e9 les plus courants, les impacts sur la fertilit\u00e9 ainsi que le diagnostic et le traitement de l'infertilit\u00e9.","breadcrumb":{"@id":"https:\/\/www.theramex.com\/fr-be\/fertilite\/infertilite-pourquoi-cela-se-manifeste-t-elle\/#breadcrumb"},"inLanguage":"fr-BE","potentialAction":[{"@type":"ReadAction","target":["https:\/\/www.theramex.com\/fr-be\/fertilite\/infertilite-pourquoi-cela-se-manifeste-t-elle\/"]}]},{"@type":"BreadcrumbList","@id":"https:\/\/www.theramex.com\/fr-be\/fertilite\/infertilite-pourquoi-cela-se-manifeste-t-elle\/#breadcrumb","itemListElement":[{"@type":"ListItem","position":1,"name":"Home","item":"https:\/\/www.theramex.com\/fr-be\/"},{"@type":"ListItem","position":2,"name":"Fertilit\u00e9","item":"https:\/\/www.theramex.com\/fr-be\/fertilite\/"},{"@type":"ListItem","position":3,"name":"Fertilit\u00e9 : Dans quelle mesure l&#8217;infertilit\u00e9 est-elle fr\u00e9quente et pourquoi se manifeste-t-elle ?"}]},{"@type":"WebSite","@id":"https:\/\/www.theramex.com\/fr-be\/#website","url":"https:\/\/www.theramex.com\/fr-be\/","name":"Theramex Belgium (FR-BE)","description":"","potentialAction":[{"@type":"SearchAction","target":{"@type":"EntryPoint","urlTemplate":"https:\/\/www.theramex.com\/fr-be\/?s={search_term_string}"},"query-input":{"@type":"PropertyValueSpecification","valueRequired":true,"valueName":"search_term_string"}}],"inLanguage":"fr-BE"}]}},"_links":{"self":[{"href":"https:\/\/www.theramex.com\/fr-be\/wp-json\/wp\/v2\/pages\/641","targetHints":{"allow":["GET"]}}],"collection":[{"href":"https:\/\/www.theramex.com\/fr-be\/wp-json\/wp\/v2\/pages"}],"about":[{"href":"https:\/\/www.theramex.com\/fr-be\/wp-json\/wp\/v2\/types\/page"}],"author":[{"embeddable":true,"href":"https:\/\/www.theramex.com\/fr-be\/wp-json\/wp\/v2\/users\/29"}],"replies":[{"embeddable":true,"href":"https:\/\/www.theramex.com\/fr-be\/wp-json\/wp\/v2\/comments?post=641"}],"version-history":[{"count":16,"href":"https:\/\/www.theramex.com\/fr-be\/wp-json\/wp\/v2\/pages\/641\/revisions"}],"predecessor-version":[{"id":1729,"href":"https:\/\/www.theramex.com\/fr-be\/wp-json\/wp\/v2\/pages\/641\/revisions\/1729"}],"up":[{"embeddable":true,"href":"https:\/\/www.theramex.com\/fr-be\/wp-json\/wp\/v2\/pages\/1718"}],"wp:attachment":[{"href":"https:\/\/www.theramex.com\/fr-be\/wp-json\/wp\/v2\/media?parent=641"}],"curies":[{"name":"wp","href":"https:\/\/api.w.org\/{rel}","templated":true}]}}