{"id":603,"date":"2021-02-11T23:20:36","date_gmt":"2021-02-11T23:20:36","guid":{"rendered":"https:\/\/pprd.theramex.com\/fr-be\/?page_id=603"},"modified":"2025-01-21T16:30:29","modified_gmt":"2025-01-21T15:30:29","slug":"parler-de-la-contraception-avec-votre-medecin","status":"publish","type":"page","link":"https:\/\/www.theramex.com\/fr-be\/contraception\/parler-de-la-contraception-avec-votre-medecin\/","title":{"rendered":"Parler de la contraception avec votre m\u00e9decin"},"content":{"rendered":"","protected":false},"excerpt":{"rendered":"","protected":false},"author":29,"featured_media":0,"parent":1398,"menu_order":0,"comment_status":"closed","ping_status":"closed","template":"general.php","meta":{"_acf_changed":false,"inline_featured_image":false,"footnotes":""},"class_list":["post-603","page","type-page","status-publish","hentry"],"acf":[],"yoast_head":"<!-- This site is optimized with the Yoast SEO plugin v27.3 - https:\/\/yoast.com\/product\/yoast-seo-wordpress\/ -->\n<title>Parler de la contraception avec votre m\u00e9decin<\/title>\n<meta name=\"description\" content=\"Un guide pour parler de contraception avec votre m\u00e9decin. Il comprend des pistes de conversation, la pr\u00e9paration de votre rendez-vous, ce \u00e0 quoi vous devez vous attendre et ce qui se passe ensuite.\" \/>\n<meta name=\"robots\" content=\"index, follow, max-snippet:-1, max-image-preview:large, max-video-preview:-1\" \/>\n<link rel=\"canonical\" href=\"https:\/\/www.theramex.com\/fr-be\/contraception\/parler-de-la-contraception-avec-votre-medecin\/\" \/>\n<meta property=\"og:locale\" content=\"fr_FR\" \/>\n<meta property=\"og:type\" content=\"article\" \/>\n<meta property=\"og:title\" content=\"Parler de la contraception avec votre m\u00e9decin\" \/>\n<meta property=\"og:description\" content=\"Un guide pour parler de contraception avec votre m\u00e9decin. Il comprend des pistes de conversation, la pr\u00e9paration de votre rendez-vous, ce \u00e0 quoi vous devez vous attendre et ce qui se passe ensuite.\" \/>\n<meta property=\"og:url\" content=\"https:\/\/www.theramex.com\/fr-be\/contraception\/parler-de-la-contraception-avec-votre-medecin\/\" \/>\n<meta property=\"og:site_name\" content=\"Theramex Belgium (FR-BE)\" \/>\n<meta property=\"article:modified_time\" content=\"2025-01-21T15:30:29+00:00\" \/>\n<meta name=\"twitter:card\" content=\"summary_large_image\" \/>\n<script type=\"application\/ld+json\" class=\"yoast-schema-graph\">{\"@context\":\"https:\\\/\\\/schema.org\",\"@graph\":[{\"@type\":\"WebPage\",\"@id\":\"https:\\\/\\\/www.theramex.com\\\/fr-be\\\/contraception\\\/parler-de-la-contraception-avec-votre-medecin\\\/\",\"url\":\"https:\\\/\\\/www.theramex.com\\\/fr-be\\\/contraception\\\/parler-de-la-contraception-avec-votre-medecin\\\/\",\"name\":\"Parler de la contraception avec votre m\u00e9decin\",\"isPartOf\":{\"@id\":\"https:\\\/\\\/www.theramex.com\\\/fr-be\\\/#website\"},\"datePublished\":\"2021-02-11T23:20:36+00:00\",\"dateModified\":\"2025-01-21T15:30:29+00:00\",\"description\":\"Un guide pour parler de contraception avec votre m\u00e9decin. Il comprend des pistes de conversation, la pr\u00e9paration de votre rendez-vous, ce \u00e0 quoi vous devez vous attendre et ce qui se passe ensuite.\",\"breadcrumb\":{\"@id\":\"https:\\\/\\\/www.theramex.com\\\/fr-be\\\/contraception\\\/parler-de-la-contraception-avec-votre-medecin\\\/#breadcrumb\"},\"inLanguage\":\"fr-BE\",\"potentialAction\":[{\"@type\":\"ReadAction\",\"target\":[\"https:\\\/\\\/www.theramex.com\\\/fr-be\\\/contraception\\\/parler-de-la-contraception-avec-votre-medecin\\\/\"]}]},{\"@type\":\"BreadcrumbList\",\"@id\":\"https:\\\/\\\/www.theramex.com\\\/fr-be\\\/contraception\\\/parler-de-la-contraception-avec-votre-medecin\\\/#breadcrumb\",\"itemListElement\":[{\"@type\":\"ListItem\",\"position\":1,\"name\":\"Home\",\"item\":\"https:\\\/\\\/www.theramex.com\\\/fr-be\\\/\"},{\"@type\":\"ListItem\",\"position\":2,\"name\":\"Contraception\",\"item\":\"https:\\\/\\\/www.theramex.com\\\/fr-be\\\/contraception\\\/\"},{\"@type\":\"ListItem\",\"position\":3,\"name\":\"Parler de la contraception avec votre m\u00e9decin\"}]},{\"@type\":\"WebSite\",\"@id\":\"https:\\\/\\\/www.theramex.com\\\/fr-be\\\/#website\",\"url\":\"https:\\\/\\\/www.theramex.com\\\/fr-be\\\/\",\"name\":\"Theramex Belgium (FR-BE)\",\"description\":\"\",\"potentialAction\":[{\"@type\":\"SearchAction\",\"target\":{\"@type\":\"EntryPoint\",\"urlTemplate\":\"https:\\\/\\\/www.theramex.com\\\/fr-be\\\/?s={search_term_string}\"},\"query-input\":{\"@type\":\"PropertyValueSpecification\",\"valueRequired\":true,\"valueName\":\"search_term_string\"}}],\"inLanguage\":\"fr-BE\"}]}<\/script>\n<!-- \/ Yoast SEO plugin. -->","yoast_head_json":{"title":"Parler de la contraception avec votre m\u00e9decin","description":"Un guide pour parler de contraception avec votre m\u00e9decin. Il comprend des pistes de conversation, la pr\u00e9paration de votre rendez-vous, ce \u00e0 quoi vous devez vous attendre et ce qui se passe ensuite.","robots":{"index":"index","follow":"follow","max-snippet":"max-snippet:-1","max-image-preview":"max-image-preview:large","max-video-preview":"max-video-preview:-1"},"canonical":"https:\/\/www.theramex.com\/fr-be\/contraception\/parler-de-la-contraception-avec-votre-medecin\/","og_locale":"fr_FR","og_type":"article","og_title":"Parler de la contraception avec votre m\u00e9decin","og_description":"Un guide pour parler de contraception avec votre m\u00e9decin. Il comprend des pistes de conversation, la pr\u00e9paration de votre rendez-vous, ce \u00e0 quoi vous devez vous attendre et ce qui se passe ensuite.","og_url":"https:\/\/www.theramex.com\/fr-be\/contraception\/parler-de-la-contraception-avec-votre-medecin\/","og_site_name":"Theramex Belgium (FR-BE)","article_modified_time":"2025-01-21T15:30:29+00:00","twitter_card":"summary_large_image","schema":{"@context":"https:\/\/schema.org","@graph":[{"@type":"WebPage","@id":"https:\/\/www.theramex.com\/fr-be\/contraception\/parler-de-la-contraception-avec-votre-medecin\/","url":"https:\/\/www.theramex.com\/fr-be\/contraception\/parler-de-la-contraception-avec-votre-medecin\/","name":"Parler de la contraception avec votre m\u00e9decin","isPartOf":{"@id":"https:\/\/www.theramex.com\/fr-be\/#website"},"datePublished":"2021-02-11T23:20:36+00:00","dateModified":"2025-01-21T15:30:29+00:00","description":"Un guide pour parler de contraception avec votre m\u00e9decin. Il comprend des pistes de conversation, la pr\u00e9paration de votre rendez-vous, ce \u00e0 quoi vous devez vous attendre et ce qui se passe ensuite.","breadcrumb":{"@id":"https:\/\/www.theramex.com\/fr-be\/contraception\/parler-de-la-contraception-avec-votre-medecin\/#breadcrumb"},"inLanguage":"fr-BE","potentialAction":[{"@type":"ReadAction","target":["https:\/\/www.theramex.com\/fr-be\/contraception\/parler-de-la-contraception-avec-votre-medecin\/"]}]},{"@type":"BreadcrumbList","@id":"https:\/\/www.theramex.com\/fr-be\/contraception\/parler-de-la-contraception-avec-votre-medecin\/#breadcrumb","itemListElement":[{"@type":"ListItem","position":1,"name":"Home","item":"https:\/\/www.theramex.com\/fr-be\/"},{"@type":"ListItem","position":2,"name":"Contraception","item":"https:\/\/www.theramex.com\/fr-be\/contraception\/"},{"@type":"ListItem","position":3,"name":"Parler de la contraception avec votre m\u00e9decin"}]},{"@type":"WebSite","@id":"https:\/\/www.theramex.com\/fr-be\/#website","url":"https:\/\/www.theramex.com\/fr-be\/","name":"Theramex Belgium (FR-BE)","description":"","potentialAction":[{"@type":"SearchAction","target":{"@type":"EntryPoint","urlTemplate":"https:\/\/www.theramex.com\/fr-be\/?s={search_term_string}"},"query-input":{"@type":"PropertyValueSpecification","valueRequired":true,"valueName":"search_term_string"}}],"inLanguage":"fr-BE"}]}},"_links":{"self":[{"href":"https:\/\/www.theramex.com\/fr-be\/wp-json\/wp\/v2\/pages\/603","targetHints":{"allow":["GET"]}}],"collection":[{"href":"https:\/\/www.theramex.com\/fr-be\/wp-json\/wp\/v2\/pages"}],"about":[{"href":"https:\/\/www.theramex.com\/fr-be\/wp-json\/wp\/v2\/types\/page"}],"author":[{"embeddable":true,"href":"https:\/\/www.theramex.com\/fr-be\/wp-json\/wp\/v2\/users\/29"}],"replies":[{"embeddable":true,"href":"https:\/\/www.theramex.com\/fr-be\/wp-json\/wp\/v2\/comments?post=603"}],"version-history":[{"count":18,"href":"https:\/\/www.theramex.com\/fr-be\/wp-json\/wp\/v2\/pages\/603\/revisions"}],"predecessor-version":[{"id":1749,"href":"https:\/\/www.theramex.com\/fr-be\/wp-json\/wp\/v2\/pages\/603\/revisions\/1749"}],"up":[{"embeddable":true,"href":"https:\/\/www.theramex.com\/fr-be\/wp-json\/wp\/v2\/pages\/1398"}],"wp:attachment":[{"href":"https:\/\/www.theramex.com\/fr-be\/wp-json\/wp\/v2\/media?parent=603"}],"curies":[{"name":"wp","href":"https:\/\/api.w.org\/{rel}","templated":true}]}}