{"id":530,"date":"2021-02-11T14:25:06","date_gmt":"2021-02-11T14:25:06","guid":{"rendered":"https:\/\/pprd.theramex.com\/fr-be\/?page_id=530"},"modified":"2025-04-28T12:51:52","modified_gmt":"2025-04-28T10:51:52","slug":"signes-et-symptomes-de-la-menopause","status":"publish","type":"page","link":"https:\/\/www.theramex.com\/fr-be\/menopause\/signes-et-symptomes-de-la-menopause\/","title":{"rendered":"Signes et sympt\u00f4mes de la m\u00e9nopause"},"content":{"rendered":"","protected":false},"excerpt":{"rendered":"","protected":false},"author":29,"featured_media":0,"parent":1716,"menu_order":0,"comment_status":"closed","ping_status":"closed","template":"general.php","meta":{"_acf_changed":false,"inline_featured_image":false,"footnotes":""},"class_list":["post-530","page","type-page","status-publish","hentry"],"acf":[],"yoast_head":"<!-- This site is optimized with the Yoast SEO plugin v27.3 - https:\/\/yoast.com\/product\/yoast-seo-wordpress\/ -->\n<title>Signes et sympt\u00f4mes de la m\u00e9nopause<\/title>\n<meta name=\"description\" content=\"Les signes et sympt\u00f4mes de la m\u00e9nopause comprennent les bouff\u00e9es de chaleur, la mauvaise humeur et les changements vaginaux. Les r\u00e8gles deviennent irr\u00e9guli\u00e8res et finissent par s&#039;arr\u00eater avec la baisse du taux d&#039;\u0153strog\u00e8nes.\" \/>\n<meta name=\"robots\" content=\"index, follow, max-snippet:-1, max-image-preview:large, max-video-preview:-1\" \/>\n<link rel=\"canonical\" href=\"https:\/\/www.theramex.com\/fr-be\/menopause\/signes-et-symptomes-de-la-menopause\/\" \/>\n<meta property=\"og:locale\" content=\"fr_FR\" \/>\n<meta property=\"og:type\" content=\"article\" \/>\n<meta property=\"og:title\" content=\"Signes et sympt\u00f4mes de la m\u00e9nopause\" \/>\n<meta property=\"og:description\" content=\"Les signes et sympt\u00f4mes de la m\u00e9nopause comprennent les bouff\u00e9es de chaleur, la mauvaise humeur et les changements vaginaux. Les r\u00e8gles deviennent irr\u00e9guli\u00e8res et finissent par s&#039;arr\u00eater avec la baisse du taux d&#039;\u0153strog\u00e8nes.\" \/>\n<meta property=\"og:url\" content=\"https:\/\/www.theramex.com\/fr-be\/menopause\/signes-et-symptomes-de-la-menopause\/\" \/>\n<meta property=\"og:site_name\" content=\"Theramex Belgium (FR-BE)\" \/>\n<meta property=\"article:modified_time\" content=\"2025-04-28T10:51:52+00:00\" \/>\n<meta name=\"twitter:card\" content=\"summary_large_image\" \/>\n<script type=\"application\/ld+json\" class=\"yoast-schema-graph\">{\"@context\":\"https:\\\/\\\/schema.org\",\"@graph\":[{\"@type\":\"WebPage\",\"@id\":\"https:\\\/\\\/www.theramex.com\\\/fr-be\\\/menopause\\\/signes-et-symptomes-de-la-menopause\\\/\",\"url\":\"https:\\\/\\\/www.theramex.com\\\/fr-be\\\/menopause\\\/signes-et-symptomes-de-la-menopause\\\/\",\"name\":\"Signes et sympt\u00f4mes de la m\u00e9nopause\",\"isPartOf\":{\"@id\":\"https:\\\/\\\/www.theramex.com\\\/fr-be\\\/#website\"},\"datePublished\":\"2021-02-11T14:25:06+00:00\",\"dateModified\":\"2025-04-28T10:51:52+00:00\",\"description\":\"Les signes et sympt\u00f4mes de la m\u00e9nopause comprennent les bouff\u00e9es de chaleur, la mauvaise humeur et les changements vaginaux. Les r\u00e8gles deviennent irr\u00e9guli\u00e8res et finissent par s'arr\u00eater avec la baisse du taux d'\u0153strog\u00e8nes.\",\"breadcrumb\":{\"@id\":\"https:\\\/\\\/www.theramex.com\\\/fr-be\\\/menopause\\\/signes-et-symptomes-de-la-menopause\\\/#breadcrumb\"},\"inLanguage\":\"fr-BE\",\"potentialAction\":[{\"@type\":\"ReadAction\",\"target\":[\"https:\\\/\\\/www.theramex.com\\\/fr-be\\\/menopause\\\/signes-et-symptomes-de-la-menopause\\\/\"]}]},{\"@type\":\"BreadcrumbList\",\"@id\":\"https:\\\/\\\/www.theramex.com\\\/fr-be\\\/menopause\\\/signes-et-symptomes-de-la-menopause\\\/#breadcrumb\",\"itemListElement\":[{\"@type\":\"ListItem\",\"position\":1,\"name\":\"Home\",\"item\":\"https:\\\/\\\/www.theramex.com\\\/fr-be\\\/\"},{\"@type\":\"ListItem\",\"position\":2,\"name\":\"M\u00e9nopause\",\"item\":\"https:\\\/\\\/www.theramex.com\\\/fr-be\\\/menopause\\\/\"},{\"@type\":\"ListItem\",\"position\":3,\"name\":\"Signes et sympt\u00f4mes de la m\u00e9nopause\"}]},{\"@type\":\"WebSite\",\"@id\":\"https:\\\/\\\/www.theramex.com\\\/fr-be\\\/#website\",\"url\":\"https:\\\/\\\/www.theramex.com\\\/fr-be\\\/\",\"name\":\"Theramex Belgium (FR-BE)\",\"description\":\"\",\"potentialAction\":[{\"@type\":\"SearchAction\",\"target\":{\"@type\":\"EntryPoint\",\"urlTemplate\":\"https:\\\/\\\/www.theramex.com\\\/fr-be\\\/?s={search_term_string}\"},\"query-input\":{\"@type\":\"PropertyValueSpecification\",\"valueRequired\":true,\"valueName\":\"search_term_string\"}}],\"inLanguage\":\"fr-BE\"}]}<\/script>\n<!-- \/ Yoast SEO plugin. -->","yoast_head_json":{"title":"Signes et sympt\u00f4mes de la m\u00e9nopause","description":"Les signes et sympt\u00f4mes de la m\u00e9nopause comprennent les bouff\u00e9es de chaleur, la mauvaise humeur et les changements vaginaux. Les r\u00e8gles deviennent irr\u00e9guli\u00e8res et finissent par s'arr\u00eater avec la baisse du taux d'\u0153strog\u00e8nes.","robots":{"index":"index","follow":"follow","max-snippet":"max-snippet:-1","max-image-preview":"max-image-preview:large","max-video-preview":"max-video-preview:-1"},"canonical":"https:\/\/www.theramex.com\/fr-be\/menopause\/signes-et-symptomes-de-la-menopause\/","og_locale":"fr_FR","og_type":"article","og_title":"Signes et sympt\u00f4mes de la m\u00e9nopause","og_description":"Les signes et sympt\u00f4mes de la m\u00e9nopause comprennent les bouff\u00e9es de chaleur, la mauvaise humeur et les changements vaginaux. Les r\u00e8gles deviennent irr\u00e9guli\u00e8res et finissent par s'arr\u00eater avec la baisse du taux d'\u0153strog\u00e8nes.","og_url":"https:\/\/www.theramex.com\/fr-be\/menopause\/signes-et-symptomes-de-la-menopause\/","og_site_name":"Theramex Belgium (FR-BE)","article_modified_time":"2025-04-28T10:51:52+00:00","twitter_card":"summary_large_image","schema":{"@context":"https:\/\/schema.org","@graph":[{"@type":"WebPage","@id":"https:\/\/www.theramex.com\/fr-be\/menopause\/signes-et-symptomes-de-la-menopause\/","url":"https:\/\/www.theramex.com\/fr-be\/menopause\/signes-et-symptomes-de-la-menopause\/","name":"Signes et sympt\u00f4mes de la m\u00e9nopause","isPartOf":{"@id":"https:\/\/www.theramex.com\/fr-be\/#website"},"datePublished":"2021-02-11T14:25:06+00:00","dateModified":"2025-04-28T10:51:52+00:00","description":"Les signes et sympt\u00f4mes de la m\u00e9nopause comprennent les bouff\u00e9es de chaleur, la mauvaise humeur et les changements vaginaux. Les r\u00e8gles deviennent irr\u00e9guli\u00e8res et finissent par s'arr\u00eater avec la baisse du taux d'\u0153strog\u00e8nes.","breadcrumb":{"@id":"https:\/\/www.theramex.com\/fr-be\/menopause\/signes-et-symptomes-de-la-menopause\/#breadcrumb"},"inLanguage":"fr-BE","potentialAction":[{"@type":"ReadAction","target":["https:\/\/www.theramex.com\/fr-be\/menopause\/signes-et-symptomes-de-la-menopause\/"]}]},{"@type":"BreadcrumbList","@id":"https:\/\/www.theramex.com\/fr-be\/menopause\/signes-et-symptomes-de-la-menopause\/#breadcrumb","itemListElement":[{"@type":"ListItem","position":1,"name":"Home","item":"https:\/\/www.theramex.com\/fr-be\/"},{"@type":"ListItem","position":2,"name":"M\u00e9nopause","item":"https:\/\/www.theramex.com\/fr-be\/menopause\/"},{"@type":"ListItem","position":3,"name":"Signes et sympt\u00f4mes de la m\u00e9nopause"}]},{"@type":"WebSite","@id":"https:\/\/www.theramex.com\/fr-be\/#website","url":"https:\/\/www.theramex.com\/fr-be\/","name":"Theramex Belgium (FR-BE)","description":"","potentialAction":[{"@type":"SearchAction","target":{"@type":"EntryPoint","urlTemplate":"https:\/\/www.theramex.com\/fr-be\/?s={search_term_string}"},"query-input":{"@type":"PropertyValueSpecification","valueRequired":true,"valueName":"search_term_string"}}],"inLanguage":"fr-BE"}]}},"_links":{"self":[{"href":"https:\/\/www.theramex.com\/fr-be\/wp-json\/wp\/v2\/pages\/530","targetHints":{"allow":["GET"]}}],"collection":[{"href":"https:\/\/www.theramex.com\/fr-be\/wp-json\/wp\/v2\/pages"}],"about":[{"href":"https:\/\/www.theramex.com\/fr-be\/wp-json\/wp\/v2\/types\/page"}],"author":[{"embeddable":true,"href":"https:\/\/www.theramex.com\/fr-be\/wp-json\/wp\/v2\/users\/29"}],"replies":[{"embeddable":true,"href":"https:\/\/www.theramex.com\/fr-be\/wp-json\/wp\/v2\/comments?post=530"}],"version-history":[{"count":28,"href":"https:\/\/www.theramex.com\/fr-be\/wp-json\/wp\/v2\/pages\/530\/revisions"}],"predecessor-version":[{"id":1786,"href":"https:\/\/www.theramex.com\/fr-be\/wp-json\/wp\/v2\/pages\/530\/revisions\/1786"}],"up":[{"embeddable":true,"href":"https:\/\/www.theramex.com\/fr-be\/wp-json\/wp\/v2\/pages\/1716"}],"wp:attachment":[{"href":"https:\/\/www.theramex.com\/fr-be\/wp-json\/wp\/v2\/media?parent=530"}],"curies":[{"name":"wp","href":"https:\/\/api.w.org\/{rel}","templated":true}]}}