{"id":503,"date":"2021-02-11T13:35:20","date_gmt":"2021-02-11T13:35:20","guid":{"rendered":"https:\/\/pprd.theramex.com\/fr-be\/?page_id=503"},"modified":"2025-04-28T13:03:03","modified_gmt":"2025-04-28T11:03:03","slug":"qu-est-ce-que-c-est-la-menopause","status":"publish","type":"page","link":"https:\/\/www.theramex.com\/fr-be\/menopause\/qu-est-ce-que-c-est-la-menopause\/","title":{"rendered":"Accompagner les femmes dans les changements de la m\u00e9nopause"},"content":{"rendered":"","protected":false},"excerpt":{"rendered":"","protected":false},"author":29,"featured_media":0,"parent":1716,"menu_order":0,"comment_status":"closed","ping_status":"closed","template":"general.php","meta":{"_acf_changed":false,"inline_featured_image":false,"footnotes":""},"class_list":["post-503","page","type-page","status-publish","hentry"],"acf":[],"yoast_head":"<!-- This site is optimized with the Yoast SEO plugin v27.3 - https:\/\/yoast.com\/product\/yoast-seo-wordpress\/ -->\n<title>Accompagner les femmes dans les changements de la m\u00e9nopause<\/title>\n<meta name=\"description\" content=\"La m\u00e9nopause est le moment o\u00f9 les r\u00e8gles d&#039;une femme s&#039;arr\u00eatent, marquant la fin de la fertilit\u00e9. Il peut \u00eatre une p\u00e9riode de changement physique et \u00e9motionnel \u00e9prouvante pour de nombreuses femmes.\" \/>\n<meta name=\"robots\" content=\"index, follow, max-snippet:-1, max-image-preview:large, max-video-preview:-1\" \/>\n<link rel=\"canonical\" href=\"https:\/\/www.theramex.com\/fr-be\/menopause\/qu-est-ce-que-c-est-la-menopause\/\" \/>\n<meta property=\"og:locale\" content=\"fr_FR\" \/>\n<meta property=\"og:type\" content=\"article\" \/>\n<meta property=\"og:title\" content=\"Accompagner les femmes dans les changements de la m\u00e9nopause\" \/>\n<meta property=\"og:description\" content=\"La m\u00e9nopause est le moment o\u00f9 les r\u00e8gles d&#039;une femme s&#039;arr\u00eatent, marquant la fin de la fertilit\u00e9. Il peut \u00eatre une p\u00e9riode de changement physique et \u00e9motionnel \u00e9prouvante pour de nombreuses femmes.\" \/>\n<meta property=\"og:url\" content=\"https:\/\/www.theramex.com\/fr-be\/menopause\/qu-est-ce-que-c-est-la-menopause\/\" \/>\n<meta property=\"og:site_name\" content=\"Theramex Belgium (FR-BE)\" \/>\n<meta property=\"article:modified_time\" content=\"2025-04-28T11:03:03+00:00\" \/>\n<meta name=\"twitter:card\" content=\"summary_large_image\" \/>\n<script type=\"application\/ld+json\" class=\"yoast-schema-graph\">{\"@context\":\"https:\\\/\\\/schema.org\",\"@graph\":[{\"@type\":\"WebPage\",\"@id\":\"https:\\\/\\\/www.theramex.com\\\/fr-be\\\/menopause\\\/qu-est-ce-que-c-est-la-menopause\\\/\",\"url\":\"https:\\\/\\\/www.theramex.com\\\/fr-be\\\/menopause\\\/qu-est-ce-que-c-est-la-menopause\\\/\",\"name\":\"Accompagner les femmes dans les changements de la m\u00e9nopause\",\"isPartOf\":{\"@id\":\"https:\\\/\\\/www.theramex.com\\\/fr-be\\\/#website\"},\"datePublished\":\"2021-02-11T13:35:20+00:00\",\"dateModified\":\"2025-04-28T11:03:03+00:00\",\"description\":\"La m\u00e9nopause est le moment o\u00f9 les r\u00e8gles d'une femme s'arr\u00eatent, marquant la fin de la fertilit\u00e9. Il peut \u00eatre une p\u00e9riode de changement physique et \u00e9motionnel \u00e9prouvante pour de nombreuses femmes.\",\"breadcrumb\":{\"@id\":\"https:\\\/\\\/www.theramex.com\\\/fr-be\\\/menopause\\\/qu-est-ce-que-c-est-la-menopause\\\/#breadcrumb\"},\"inLanguage\":\"fr-BE\",\"potentialAction\":[{\"@type\":\"ReadAction\",\"target\":[\"https:\\\/\\\/www.theramex.com\\\/fr-be\\\/menopause\\\/qu-est-ce-que-c-est-la-menopause\\\/\"]}]},{\"@type\":\"BreadcrumbList\",\"@id\":\"https:\\\/\\\/www.theramex.com\\\/fr-be\\\/menopause\\\/qu-est-ce-que-c-est-la-menopause\\\/#breadcrumb\",\"itemListElement\":[{\"@type\":\"ListItem\",\"position\":1,\"name\":\"Home\",\"item\":\"https:\\\/\\\/www.theramex.com\\\/fr-be\\\/\"},{\"@type\":\"ListItem\",\"position\":2,\"name\":\"M\u00e9nopause\",\"item\":\"https:\\\/\\\/www.theramex.com\\\/fr-be\\\/menopause\\\/\"},{\"@type\":\"ListItem\",\"position\":3,\"name\":\"Accompagner les femmes dans les changements de la m\u00e9nopause\"}]},{\"@type\":\"WebSite\",\"@id\":\"https:\\\/\\\/www.theramex.com\\\/fr-be\\\/#website\",\"url\":\"https:\\\/\\\/www.theramex.com\\\/fr-be\\\/\",\"name\":\"Theramex Belgium (FR-BE)\",\"description\":\"\",\"potentialAction\":[{\"@type\":\"SearchAction\",\"target\":{\"@type\":\"EntryPoint\",\"urlTemplate\":\"https:\\\/\\\/www.theramex.com\\\/fr-be\\\/?s={search_term_string}\"},\"query-input\":{\"@type\":\"PropertyValueSpecification\",\"valueRequired\":true,\"valueName\":\"search_term_string\"}}],\"inLanguage\":\"fr-BE\"}]}<\/script>\n<!-- \/ Yoast SEO plugin. -->","yoast_head_json":{"title":"Accompagner les femmes dans les changements de la m\u00e9nopause","description":"La m\u00e9nopause est le moment o\u00f9 les r\u00e8gles d'une femme s'arr\u00eatent, marquant la fin de la fertilit\u00e9. Il peut \u00eatre une p\u00e9riode de changement physique et \u00e9motionnel \u00e9prouvante pour de nombreuses femmes.","robots":{"index":"index","follow":"follow","max-snippet":"max-snippet:-1","max-image-preview":"max-image-preview:large","max-video-preview":"max-video-preview:-1"},"canonical":"https:\/\/www.theramex.com\/fr-be\/menopause\/qu-est-ce-que-c-est-la-menopause\/","og_locale":"fr_FR","og_type":"article","og_title":"Accompagner les femmes dans les changements de la m\u00e9nopause","og_description":"La m\u00e9nopause est le moment o\u00f9 les r\u00e8gles d'une femme s'arr\u00eatent, marquant la fin de la fertilit\u00e9. Il peut \u00eatre une p\u00e9riode de changement physique et \u00e9motionnel \u00e9prouvante pour de nombreuses femmes.","og_url":"https:\/\/www.theramex.com\/fr-be\/menopause\/qu-est-ce-que-c-est-la-menopause\/","og_site_name":"Theramex Belgium (FR-BE)","article_modified_time":"2025-04-28T11:03:03+00:00","twitter_card":"summary_large_image","schema":{"@context":"https:\/\/schema.org","@graph":[{"@type":"WebPage","@id":"https:\/\/www.theramex.com\/fr-be\/menopause\/qu-est-ce-que-c-est-la-menopause\/","url":"https:\/\/www.theramex.com\/fr-be\/menopause\/qu-est-ce-que-c-est-la-menopause\/","name":"Accompagner les femmes dans les changements de la m\u00e9nopause","isPartOf":{"@id":"https:\/\/www.theramex.com\/fr-be\/#website"},"datePublished":"2021-02-11T13:35:20+00:00","dateModified":"2025-04-28T11:03:03+00:00","description":"La m\u00e9nopause est le moment o\u00f9 les r\u00e8gles d'une femme s'arr\u00eatent, marquant la fin de la fertilit\u00e9. Il peut \u00eatre une p\u00e9riode de changement physique et \u00e9motionnel \u00e9prouvante pour de nombreuses femmes.","breadcrumb":{"@id":"https:\/\/www.theramex.com\/fr-be\/menopause\/qu-est-ce-que-c-est-la-menopause\/#breadcrumb"},"inLanguage":"fr-BE","potentialAction":[{"@type":"ReadAction","target":["https:\/\/www.theramex.com\/fr-be\/menopause\/qu-est-ce-que-c-est-la-menopause\/"]}]},{"@type":"BreadcrumbList","@id":"https:\/\/www.theramex.com\/fr-be\/menopause\/qu-est-ce-que-c-est-la-menopause\/#breadcrumb","itemListElement":[{"@type":"ListItem","position":1,"name":"Home","item":"https:\/\/www.theramex.com\/fr-be\/"},{"@type":"ListItem","position":2,"name":"M\u00e9nopause","item":"https:\/\/www.theramex.com\/fr-be\/menopause\/"},{"@type":"ListItem","position":3,"name":"Accompagner les femmes dans les changements de la m\u00e9nopause"}]},{"@type":"WebSite","@id":"https:\/\/www.theramex.com\/fr-be\/#website","url":"https:\/\/www.theramex.com\/fr-be\/","name":"Theramex Belgium (FR-BE)","description":"","potentialAction":[{"@type":"SearchAction","target":{"@type":"EntryPoint","urlTemplate":"https:\/\/www.theramex.com\/fr-be\/?s={search_term_string}"},"query-input":{"@type":"PropertyValueSpecification","valueRequired":true,"valueName":"search_term_string"}}],"inLanguage":"fr-BE"}]}},"_links":{"self":[{"href":"https:\/\/www.theramex.com\/fr-be\/wp-json\/wp\/v2\/pages\/503","targetHints":{"allow":["GET"]}}],"collection":[{"href":"https:\/\/www.theramex.com\/fr-be\/wp-json\/wp\/v2\/pages"}],"about":[{"href":"https:\/\/www.theramex.com\/fr-be\/wp-json\/wp\/v2\/types\/page"}],"author":[{"embeddable":true,"href":"https:\/\/www.theramex.com\/fr-be\/wp-json\/wp\/v2\/users\/29"}],"replies":[{"embeddable":true,"href":"https:\/\/www.theramex.com\/fr-be\/wp-json\/wp\/v2\/comments?post=503"}],"version-history":[{"count":38,"href":"https:\/\/www.theramex.com\/fr-be\/wp-json\/wp\/v2\/pages\/503\/revisions"}],"predecessor-version":[{"id":1792,"href":"https:\/\/www.theramex.com\/fr-be\/wp-json\/wp\/v2\/pages\/503\/revisions\/1792"}],"up":[{"embeddable":true,"href":"https:\/\/www.theramex.com\/fr-be\/wp-json\/wp\/v2\/pages\/1716"}],"wp:attachment":[{"href":"https:\/\/www.theramex.com\/fr-be\/wp-json\/wp\/v2\/media?parent=503"}],"curies":[{"name":"wp","href":"https:\/\/api.w.org\/{rel}","templated":true}]}}