{"id":150,"date":"2021-02-04T18:29:50","date_gmt":"2021-02-04T18:29:50","guid":{"rendered":"https:\/\/pprd.theramex.com\/fr-be\/?page_id=150"},"modified":"2025-01-21T16:35:10","modified_gmt":"2025-01-21T15:35:10","slug":"a-propos-de-theramex","status":"publish","type":"page","link":"https:\/\/www.theramex.com\/fr-be\/a-propos-de-theramex\/","title":{"rendered":"\u00c0 propos de Theramex"},"content":{"rendered":"","protected":false},"excerpt":{"rendered":"","protected":false},"author":1,"featured_media":0,"parent":0,"menu_order":0,"comment_status":"closed","ping_status":"closed","template":"about.php","meta":{"_acf_changed":false,"inline_featured_image":false,"footnotes":""},"class_list":["post-150","page","type-page","status-publish","hentry"],"acf":[],"yoast_head":"<!-- This site is optimized with the Yoast SEO plugin v27.3 - https:\/\/yoast.com\/product\/yoast-seo-wordpress\/ -->\n<title>\u00c0 propos de Theramex<\/title>\n<meta name=\"description\" content=\"Nous sommes Theramex, laboratoire pharmaceutique international, enti\u00e8rement d\u00e9di\u00e9 \u00e0 la sant\u00e9 de la femme en \u00e9tant pr\u00e9sents \u00e0 chaque \u00e9tape de leur vie.\" \/>\n<meta name=\"robots\" content=\"index, follow, max-snippet:-1, max-image-preview:large, max-video-preview:-1\" \/>\n<link rel=\"canonical\" href=\"https:\/\/www.theramex.com\/fr-be\/a-propos-de-theramex\/\" \/>\n<meta property=\"og:locale\" content=\"fr_FR\" \/>\n<meta property=\"og:type\" content=\"article\" \/>\n<meta property=\"og:title\" content=\"\u00c0 propos de Theramex\" \/>\n<meta property=\"og:description\" content=\"Nous sommes Theramex, laboratoire pharmaceutique international, enti\u00e8rement d\u00e9di\u00e9 \u00e0 la sant\u00e9 de la femme en \u00e9tant pr\u00e9sents \u00e0 chaque \u00e9tape de leur vie.\" \/>\n<meta property=\"og:url\" content=\"https:\/\/www.theramex.com\/fr-be\/a-propos-de-theramex\/\" \/>\n<meta property=\"og:site_name\" content=\"Theramex Belgium (FR-BE)\" \/>\n<meta property=\"article:modified_time\" content=\"2025-01-21T15:35:10+00:00\" \/>\n<meta name=\"twitter:card\" content=\"summary_large_image\" \/>\n<script type=\"application\/ld+json\" class=\"yoast-schema-graph\">{\"@context\":\"https:\\\/\\\/schema.org\",\"@graph\":[{\"@type\":\"WebPage\",\"@id\":\"https:\\\/\\\/www.theramex.com\\\/fr-be\\\/a-propos-de-theramex\\\/\",\"url\":\"https:\\\/\\\/www.theramex.com\\\/fr-be\\\/a-propos-de-theramex\\\/\",\"name\":\"\u00c0 propos de Theramex\",\"isPartOf\":{\"@id\":\"https:\\\/\\\/www.theramex.com\\\/fr-be\\\/#website\"},\"datePublished\":\"2021-02-04T18:29:50+00:00\",\"dateModified\":\"2025-01-21T15:35:10+00:00\",\"description\":\"Nous sommes Theramex, laboratoire pharmaceutique international, enti\u00e8rement d\u00e9di\u00e9 \u00e0 la sant\u00e9 de la femme en \u00e9tant pr\u00e9sents \u00e0 chaque \u00e9tape de leur vie.\",\"breadcrumb\":{\"@id\":\"https:\\\/\\\/www.theramex.com\\\/fr-be\\\/a-propos-de-theramex\\\/#breadcrumb\"},\"inLanguage\":\"fr-BE\",\"potentialAction\":[{\"@type\":\"ReadAction\",\"target\":[\"https:\\\/\\\/www.theramex.com\\\/fr-be\\\/a-propos-de-theramex\\\/\"]}]},{\"@type\":\"BreadcrumbList\",\"@id\":\"https:\\\/\\\/www.theramex.com\\\/fr-be\\\/a-propos-de-theramex\\\/#breadcrumb\",\"itemListElement\":[{\"@type\":\"ListItem\",\"position\":1,\"name\":\"Home\",\"item\":\"https:\\\/\\\/www.theramex.com\\\/fr-be\\\/\"},{\"@type\":\"ListItem\",\"position\":2,\"name\":\"\u00c0 propos de Theramex\"}]},{\"@type\":\"WebSite\",\"@id\":\"https:\\\/\\\/www.theramex.com\\\/fr-be\\\/#website\",\"url\":\"https:\\\/\\\/www.theramex.com\\\/fr-be\\\/\",\"name\":\"Theramex Belgium (FR-BE)\",\"description\":\"\",\"potentialAction\":[{\"@type\":\"SearchAction\",\"target\":{\"@type\":\"EntryPoint\",\"urlTemplate\":\"https:\\\/\\\/www.theramex.com\\\/fr-be\\\/?s={search_term_string}\"},\"query-input\":{\"@type\":\"PropertyValueSpecification\",\"valueRequired\":true,\"valueName\":\"search_term_string\"}}],\"inLanguage\":\"fr-BE\"}]}<\/script>\n<!-- \/ Yoast SEO plugin. -->","yoast_head_json":{"title":"\u00c0 propos de Theramex","description":"Nous sommes Theramex, laboratoire pharmaceutique international, enti\u00e8rement d\u00e9di\u00e9 \u00e0 la sant\u00e9 de la femme en \u00e9tant pr\u00e9sents \u00e0 chaque \u00e9tape de leur vie.","robots":{"index":"index","follow":"follow","max-snippet":"max-snippet:-1","max-image-preview":"max-image-preview:large","max-video-preview":"max-video-preview:-1"},"canonical":"https:\/\/www.theramex.com\/fr-be\/a-propos-de-theramex\/","og_locale":"fr_FR","og_type":"article","og_title":"\u00c0 propos de Theramex","og_description":"Nous sommes Theramex, laboratoire pharmaceutique international, enti\u00e8rement d\u00e9di\u00e9 \u00e0 la sant\u00e9 de la femme en \u00e9tant pr\u00e9sents \u00e0 chaque \u00e9tape de leur vie.","og_url":"https:\/\/www.theramex.com\/fr-be\/a-propos-de-theramex\/","og_site_name":"Theramex Belgium (FR-BE)","article_modified_time":"2025-01-21T15:35:10+00:00","twitter_card":"summary_large_image","schema":{"@context":"https:\/\/schema.org","@graph":[{"@type":"WebPage","@id":"https:\/\/www.theramex.com\/fr-be\/a-propos-de-theramex\/","url":"https:\/\/www.theramex.com\/fr-be\/a-propos-de-theramex\/","name":"\u00c0 propos de Theramex","isPartOf":{"@id":"https:\/\/www.theramex.com\/fr-be\/#website"},"datePublished":"2021-02-04T18:29:50+00:00","dateModified":"2025-01-21T15:35:10+00:00","description":"Nous sommes Theramex, laboratoire pharmaceutique international, enti\u00e8rement d\u00e9di\u00e9 \u00e0 la sant\u00e9 de la femme en \u00e9tant pr\u00e9sents \u00e0 chaque \u00e9tape de leur vie.","breadcrumb":{"@id":"https:\/\/www.theramex.com\/fr-be\/a-propos-de-theramex\/#breadcrumb"},"inLanguage":"fr-BE","potentialAction":[{"@type":"ReadAction","target":["https:\/\/www.theramex.com\/fr-be\/a-propos-de-theramex\/"]}]},{"@type":"BreadcrumbList","@id":"https:\/\/www.theramex.com\/fr-be\/a-propos-de-theramex\/#breadcrumb","itemListElement":[{"@type":"ListItem","position":1,"name":"Home","item":"https:\/\/www.theramex.com\/fr-be\/"},{"@type":"ListItem","position":2,"name":"\u00c0 propos de Theramex"}]},{"@type":"WebSite","@id":"https:\/\/www.theramex.com\/fr-be\/#website","url":"https:\/\/www.theramex.com\/fr-be\/","name":"Theramex Belgium (FR-BE)","description":"","potentialAction":[{"@type":"SearchAction","target":{"@type":"EntryPoint","urlTemplate":"https:\/\/www.theramex.com\/fr-be\/?s={search_term_string}"},"query-input":{"@type":"PropertyValueSpecification","valueRequired":true,"valueName":"search_term_string"}}],"inLanguage":"fr-BE"}]}},"_links":{"self":[{"href":"https:\/\/www.theramex.com\/fr-be\/wp-json\/wp\/v2\/pages\/150","targetHints":{"allow":["GET"]}}],"collection":[{"href":"https:\/\/www.theramex.com\/fr-be\/wp-json\/wp\/v2\/pages"}],"about":[{"href":"https:\/\/www.theramex.com\/fr-be\/wp-json\/wp\/v2\/types\/page"}],"author":[{"embeddable":true,"href":"https:\/\/www.theramex.com\/fr-be\/wp-json\/wp\/v2\/users\/1"}],"replies":[{"embeddable":true,"href":"https:\/\/www.theramex.com\/fr-be\/wp-json\/wp\/v2\/comments?post=150"}],"version-history":[{"count":35,"href":"https:\/\/www.theramex.com\/fr-be\/wp-json\/wp\/v2\/pages\/150\/revisions"}],"predecessor-version":[{"id":1754,"href":"https:\/\/www.theramex.com\/fr-be\/wp-json\/wp\/v2\/pages\/150\/revisions\/1754"}],"wp:attachment":[{"href":"https:\/\/www.theramex.com\/fr-be\/wp-json\/wp\/v2\/media?parent=150"}],"curies":[{"name":"wp","href":"https:\/\/api.w.org\/{rel}","templated":true}]}}