{"id":15,"date":"2021-02-01T13:04:35","date_gmt":"2021-02-01T13:04:35","guid":{"rendered":"http:\/\/theramex.local\/?page_id=15"},"modified":"2025-01-02T14:18:21","modified_gmt":"2025-01-02T13:18:21","slug":"equipe-dirigeante","status":"publish","type":"page","link":"https:\/\/www.theramex.com\/fr-be\/equipe-dirigeante\/","title":{"rendered":"L&rsquo;\u00e9quipe dirigeante"},"content":{"rendered":"","protected":false},"excerpt":{"rendered":"","protected":false},"author":1,"featured_media":0,"parent":0,"menu_order":0,"comment_status":"closed","ping_status":"closed","template":"leadership.php","meta":{"_acf_changed":false,"inline_featured_image":false,"footnotes":""},"class_list":["post-15","page","type-page","status-publish","hentry"],"acf":[],"yoast_head":"<!-- This site is optimized with the Yoast SEO plugin v27.3 - https:\/\/yoast.com\/product\/yoast-seo-wordpress\/ -->\n<title>Notre \u00e9quipe dirigeante<\/title>\n<meta name=\"description\" content=\"Rencontrez l&#039;\u00e9quipe de direction de Theramex, compos\u00e9e de professionnels talentueux et exp\u00e9riment\u00e9s qui se consacrent \u00e0 la sant\u00e9 des femmes. Le PDG Robert Stewart dirige depuis le si\u00e8ge de Londres.\" \/>\n<meta name=\"robots\" content=\"index, follow, max-snippet:-1, max-image-preview:large, max-video-preview:-1\" \/>\n<link rel=\"canonical\" href=\"https:\/\/www.theramex.com\/fr-be\/equipe-dirigeante\/\" \/>\n<meta property=\"og:locale\" content=\"fr_FR\" \/>\n<meta property=\"og:type\" content=\"article\" \/>\n<meta property=\"og:title\" content=\"Notre \u00e9quipe dirigeante\" \/>\n<meta property=\"og:description\" content=\"Rencontrez l&#039;\u00e9quipe de direction de Theramex, compos\u00e9e de professionnels talentueux et exp\u00e9riment\u00e9s qui se consacrent \u00e0 la sant\u00e9 des femmes. Le PDG Robert Stewart dirige depuis le si\u00e8ge de Londres.\" \/>\n<meta property=\"og:url\" content=\"https:\/\/www.theramex.com\/fr-be\/equipe-dirigeante\/\" \/>\n<meta property=\"og:site_name\" content=\"Theramex Belgium (FR-BE)\" \/>\n<meta property=\"article:modified_time\" content=\"2025-01-02T13:18:21+00:00\" \/>\n<meta name=\"twitter:card\" content=\"summary_large_image\" \/>\n<script type=\"application\/ld+json\" class=\"yoast-schema-graph\">{\"@context\":\"https:\\\/\\\/schema.org\",\"@graph\":[{\"@type\":\"WebPage\",\"@id\":\"https:\\\/\\\/www.theramex.com\\\/fr-be\\\/equipe-dirigeante\\\/\",\"url\":\"https:\\\/\\\/www.theramex.com\\\/fr-be\\\/equipe-dirigeante\\\/\",\"name\":\"Notre \u00e9quipe dirigeante\",\"isPartOf\":{\"@id\":\"https:\\\/\\\/www.theramex.com\\\/fr-be\\\/#website\"},\"datePublished\":\"2021-02-01T13:04:35+00:00\",\"dateModified\":\"2025-01-02T13:18:21+00:00\",\"description\":\"Rencontrez l'\u00e9quipe de direction de Theramex, compos\u00e9e de professionnels talentueux et exp\u00e9riment\u00e9s qui se consacrent \u00e0 la sant\u00e9 des femmes. Le PDG Robert Stewart dirige depuis le si\u00e8ge de Londres.\",\"breadcrumb\":{\"@id\":\"https:\\\/\\\/www.theramex.com\\\/fr-be\\\/equipe-dirigeante\\\/#breadcrumb\"},\"inLanguage\":\"fr-BE\",\"potentialAction\":[{\"@type\":\"ReadAction\",\"target\":[\"https:\\\/\\\/www.theramex.com\\\/fr-be\\\/equipe-dirigeante\\\/\"]}]},{\"@type\":\"BreadcrumbList\",\"@id\":\"https:\\\/\\\/www.theramex.com\\\/fr-be\\\/equipe-dirigeante\\\/#breadcrumb\",\"itemListElement\":[{\"@type\":\"ListItem\",\"position\":1,\"name\":\"Home\",\"item\":\"https:\\\/\\\/www.theramex.com\\\/fr-be\\\/\"},{\"@type\":\"ListItem\",\"position\":2,\"name\":\"L&rsquo;\u00e9quipe dirigeante\"}]},{\"@type\":\"WebSite\",\"@id\":\"https:\\\/\\\/www.theramex.com\\\/fr-be\\\/#website\",\"url\":\"https:\\\/\\\/www.theramex.com\\\/fr-be\\\/\",\"name\":\"Theramex Belgium (FR-BE)\",\"description\":\"\",\"potentialAction\":[{\"@type\":\"SearchAction\",\"target\":{\"@type\":\"EntryPoint\",\"urlTemplate\":\"https:\\\/\\\/www.theramex.com\\\/fr-be\\\/?s={search_term_string}\"},\"query-input\":{\"@type\":\"PropertyValueSpecification\",\"valueRequired\":true,\"valueName\":\"search_term_string\"}}],\"inLanguage\":\"fr-BE\"}]}<\/script>\n<!-- \/ Yoast SEO plugin. -->","yoast_head_json":{"title":"Notre \u00e9quipe dirigeante","description":"Rencontrez l'\u00e9quipe de direction de Theramex, compos\u00e9e de professionnels talentueux et exp\u00e9riment\u00e9s qui se consacrent \u00e0 la sant\u00e9 des femmes. Le PDG Robert Stewart dirige depuis le si\u00e8ge de Londres.","robots":{"index":"index","follow":"follow","max-snippet":"max-snippet:-1","max-image-preview":"max-image-preview:large","max-video-preview":"max-video-preview:-1"},"canonical":"https:\/\/www.theramex.com\/fr-be\/equipe-dirigeante\/","og_locale":"fr_FR","og_type":"article","og_title":"Notre \u00e9quipe dirigeante","og_description":"Rencontrez l'\u00e9quipe de direction de Theramex, compos\u00e9e de professionnels talentueux et exp\u00e9riment\u00e9s qui se consacrent \u00e0 la sant\u00e9 des femmes. Le PDG Robert Stewart dirige depuis le si\u00e8ge de Londres.","og_url":"https:\/\/www.theramex.com\/fr-be\/equipe-dirigeante\/","og_site_name":"Theramex Belgium (FR-BE)","article_modified_time":"2025-01-02T13:18:21+00:00","twitter_card":"summary_large_image","schema":{"@context":"https:\/\/schema.org","@graph":[{"@type":"WebPage","@id":"https:\/\/www.theramex.com\/fr-be\/equipe-dirigeante\/","url":"https:\/\/www.theramex.com\/fr-be\/equipe-dirigeante\/","name":"Notre \u00e9quipe dirigeante","isPartOf":{"@id":"https:\/\/www.theramex.com\/fr-be\/#website"},"datePublished":"2021-02-01T13:04:35+00:00","dateModified":"2025-01-02T13:18:21+00:00","description":"Rencontrez l'\u00e9quipe de direction de Theramex, compos\u00e9e de professionnels talentueux et exp\u00e9riment\u00e9s qui se consacrent \u00e0 la sant\u00e9 des femmes. Le PDG Robert Stewart dirige depuis le si\u00e8ge de Londres.","breadcrumb":{"@id":"https:\/\/www.theramex.com\/fr-be\/equipe-dirigeante\/#breadcrumb"},"inLanguage":"fr-BE","potentialAction":[{"@type":"ReadAction","target":["https:\/\/www.theramex.com\/fr-be\/equipe-dirigeante\/"]}]},{"@type":"BreadcrumbList","@id":"https:\/\/www.theramex.com\/fr-be\/equipe-dirigeante\/#breadcrumb","itemListElement":[{"@type":"ListItem","position":1,"name":"Home","item":"https:\/\/www.theramex.com\/fr-be\/"},{"@type":"ListItem","position":2,"name":"L&rsquo;\u00e9quipe dirigeante"}]},{"@type":"WebSite","@id":"https:\/\/www.theramex.com\/fr-be\/#website","url":"https:\/\/www.theramex.com\/fr-be\/","name":"Theramex Belgium (FR-BE)","description":"","potentialAction":[{"@type":"SearchAction","target":{"@type":"EntryPoint","urlTemplate":"https:\/\/www.theramex.com\/fr-be\/?s={search_term_string}"},"query-input":{"@type":"PropertyValueSpecification","valueRequired":true,"valueName":"search_term_string"}}],"inLanguage":"fr-BE"}]}},"_links":{"self":[{"href":"https:\/\/www.theramex.com\/fr-be\/wp-json\/wp\/v2\/pages\/15","targetHints":{"allow":["GET"]}}],"collection":[{"href":"https:\/\/www.theramex.com\/fr-be\/wp-json\/wp\/v2\/pages"}],"about":[{"href":"https:\/\/www.theramex.com\/fr-be\/wp-json\/wp\/v2\/types\/page"}],"author":[{"embeddable":true,"href":"https:\/\/www.theramex.com\/fr-be\/wp-json\/wp\/v2\/users\/1"}],"replies":[{"embeddable":true,"href":"https:\/\/www.theramex.com\/fr-be\/wp-json\/wp\/v2\/comments?post=15"}],"version-history":[{"count":41,"href":"https:\/\/www.theramex.com\/fr-be\/wp-json\/wp\/v2\/pages\/15\/revisions"}],"predecessor-version":[{"id":1743,"href":"https:\/\/www.theramex.com\/fr-be\/wp-json\/wp\/v2\/pages\/15\/revisions\/1743"}],"wp:attachment":[{"href":"https:\/\/www.theramex.com\/fr-be\/wp-json\/wp\/v2\/media?parent=15"}],"curies":[{"name":"wp","href":"https:\/\/api.w.org\/{rel}","templated":true}]}}