{"id":530,"date":"2021-02-11T14:25:06","date_gmt":"2021-02-11T14:25:06","guid":{"rendered":"https:\/\/pprd.theramex.com\/es\/?page_id=530"},"modified":"2024-02-28T16:18:37","modified_gmt":"2024-02-28T15:18:37","slug":"senales-y-sintomas-de-la-menopausia","status":"publish","type":"page","link":"https:\/\/www.theramex.com\/es\/menopausia\/senales-y-sintomas-de-la-menopausia\/","title":{"rendered":"Se\u00f1ales y s\u00edntomas de la menopausia"},"content":{"rendered":"","protected":false},"excerpt":{"rendered":"","protected":false},"author":29,"featured_media":0,"parent":2265,"menu_order":0,"comment_status":"closed","ping_status":"closed","template":"general.php","meta":{"_acf_changed":false,"inline_featured_image":false,"footnotes":""},"class_list":["post-530","page","type-page","status-publish","hentry"],"acf":[],"yoast_head":"<!-- This site is optimized with the Yoast SEO plugin v27.1.1 - https:\/\/yoast.com\/product\/yoast-seo-wordpress\/ -->\n<title>Se\u00f1ales y s\u00edntomas de la menopausia<\/title>\n<meta name=\"description\" content=\"Las se\u00f1ales y s\u00edntomas de la menopausia comprenden sofocos, estado an\u00edmico bajo y cambios vaginales. Las menstruaciones se vuelven irregulares y se interrumpen cuando caen los niveles de estr\u00f3genos.\" \/>\n<meta name=\"robots\" content=\"index, follow, max-snippet:-1, max-image-preview:large, max-video-preview:-1\" \/>\n<link rel=\"canonical\" href=\"https:\/\/www.theramex.com\/es\/menopausia\/senales-y-sintomas-de-la-menopausia\/\" \/>\n<meta property=\"og:locale\" content=\"es_ES\" \/>\n<meta property=\"og:type\" content=\"article\" \/>\n<meta property=\"og:title\" content=\"Se\u00f1ales y s\u00edntomas de la menopausia\" \/>\n<meta property=\"og:description\" content=\"Las se\u00f1ales y s\u00edntomas de la menopausia comprenden sofocos, estado an\u00edmico bajo y cambios vaginales. Las menstruaciones se vuelven irregulares y se interrumpen cuando caen los niveles de estr\u00f3genos.\" \/>\n<meta property=\"og:url\" content=\"https:\/\/www.theramex.com\/es\/menopausia\/senales-y-sintomas-de-la-menopausia\/\" \/>\n<meta property=\"og:site_name\" content=\"Theramex Spain\" \/>\n<meta property=\"article:modified_time\" content=\"2024-02-28T15:18:37+00:00\" \/>\n<meta name=\"twitter:card\" content=\"summary_large_image\" \/>\n<script type=\"application\/ld+json\" class=\"yoast-schema-graph\">{\"@context\":\"https:\/\/schema.org\",\"@graph\":[{\"@type\":\"WebPage\",\"@id\":\"https:\/\/www.theramex.com\/es\/menopausia\/senales-y-sintomas-de-la-menopausia\/\",\"url\":\"https:\/\/www.theramex.com\/es\/menopausia\/senales-y-sintomas-de-la-menopausia\/\",\"name\":\"Se\u00f1ales y s\u00edntomas de la menopausia\",\"isPartOf\":{\"@id\":\"https:\/\/www.theramex.com\/es\/#website\"},\"datePublished\":\"2021-02-11T14:25:06+00:00\",\"dateModified\":\"2024-02-28T15:18:37+00:00\",\"description\":\"Las se\u00f1ales y s\u00edntomas de la menopausia comprenden sofocos, estado an\u00edmico bajo y cambios vaginales. Las menstruaciones se vuelven irregulares y se interrumpen cuando caen los niveles de estr\u00f3genos.\",\"breadcrumb\":{\"@id\":\"https:\/\/www.theramex.com\/es\/menopausia\/senales-y-sintomas-de-la-menopausia\/#breadcrumb\"},\"inLanguage\":\"es\",\"potentialAction\":[{\"@type\":\"ReadAction\",\"target\":[\"https:\/\/www.theramex.com\/es\/menopausia\/senales-y-sintomas-de-la-menopausia\/\"]}]},{\"@type\":\"BreadcrumbList\",\"@id\":\"https:\/\/www.theramex.com\/es\/menopausia\/senales-y-sintomas-de-la-menopausia\/#breadcrumb\",\"itemListElement\":[{\"@type\":\"ListItem\",\"position\":1,\"name\":\"Home\",\"item\":\"https:\/\/www.theramex.com\/es\/\"},{\"@type\":\"ListItem\",\"position\":2,\"name\":\"Menopausia\",\"item\":\"https:\/\/www.theramex.com\/es\/menopausia\/\"},{\"@type\":\"ListItem\",\"position\":3,\"name\":\"Se\u00f1ales y s\u00edntomas de la menopausia\"}]},{\"@type\":\"WebSite\",\"@id\":\"https:\/\/www.theramex.com\/es\/#website\",\"url\":\"https:\/\/www.theramex.com\/es\/\",\"name\":\"Theramex Spain\",\"description\":\"\",\"publisher\":{\"@id\":\"https:\/\/www.theramex.com\/es\/#organization\"},\"potentialAction\":[{\"@type\":\"SearchAction\",\"target\":{\"@type\":\"EntryPoint\",\"urlTemplate\":\"https:\/\/www.theramex.com\/es\/?s={search_term_string}\"},\"query-input\":{\"@type\":\"PropertyValueSpecification\",\"valueRequired\":true,\"valueName\":\"search_term_string\"}}],\"inLanguage\":\"es\"},{\"@type\":\"Organization\",\"@id\":\"https:\/\/www.theramex.com\/es\/#organization\",\"name\":\"Theramex\",\"url\":\"https:\/\/www.theramex.com\/es\/\",\"logo\":{\"@type\":\"ImageObject\",\"inLanguage\":\"es\",\"@id\":\"https:\/\/www.theramex.com\/es\/#\/schema\/logo\/image\/\",\"url\":\"https:\/\/www.theramex.com\/es\/wp-content\/uploads\/sites\/3\/2021\/06\/Theramex-logo-with-words-colour.png\",\"contentUrl\":\"https:\/\/www.theramex.com\/es\/wp-content\/uploads\/sites\/3\/2021\/06\/Theramex-logo-with-words-colour.png\",\"width\":1556,\"height\":693,\"caption\":\"Theramex\"},\"image\":{\"@id\":\"https:\/\/www.theramex.com\/es\/#\/schema\/logo\/image\/\"}}]}<\/script>\n<!-- \/ Yoast SEO plugin. -->","yoast_head_json":{"title":"Se\u00f1ales y s\u00edntomas de la menopausia","description":"Las se\u00f1ales y s\u00edntomas de la menopausia comprenden sofocos, estado an\u00edmico bajo y cambios vaginales. Las menstruaciones se vuelven irregulares y se interrumpen cuando caen los niveles de estr\u00f3genos.","robots":{"index":"index","follow":"follow","max-snippet":"max-snippet:-1","max-image-preview":"max-image-preview:large","max-video-preview":"max-video-preview:-1"},"canonical":"https:\/\/www.theramex.com\/es\/menopausia\/senales-y-sintomas-de-la-menopausia\/","og_locale":"es_ES","og_type":"article","og_title":"Se\u00f1ales y s\u00edntomas de la menopausia","og_description":"Las se\u00f1ales y s\u00edntomas de la menopausia comprenden sofocos, estado an\u00edmico bajo y cambios vaginales. Las menstruaciones se vuelven irregulares y se interrumpen cuando caen los niveles de estr\u00f3genos.","og_url":"https:\/\/www.theramex.com\/es\/menopausia\/senales-y-sintomas-de-la-menopausia\/","og_site_name":"Theramex Spain","article_modified_time":"2024-02-28T15:18:37+00:00","twitter_card":"summary_large_image","schema":{"@context":"https:\/\/schema.org","@graph":[{"@type":"WebPage","@id":"https:\/\/www.theramex.com\/es\/menopausia\/senales-y-sintomas-de-la-menopausia\/","url":"https:\/\/www.theramex.com\/es\/menopausia\/senales-y-sintomas-de-la-menopausia\/","name":"Se\u00f1ales y s\u00edntomas de la menopausia","isPartOf":{"@id":"https:\/\/www.theramex.com\/es\/#website"},"datePublished":"2021-02-11T14:25:06+00:00","dateModified":"2024-02-28T15:18:37+00:00","description":"Las se\u00f1ales y s\u00edntomas de la menopausia comprenden sofocos, estado an\u00edmico bajo y cambios vaginales. Las menstruaciones se vuelven irregulares y se interrumpen cuando caen los niveles de estr\u00f3genos.","breadcrumb":{"@id":"https:\/\/www.theramex.com\/es\/menopausia\/senales-y-sintomas-de-la-menopausia\/#breadcrumb"},"inLanguage":"es","potentialAction":[{"@type":"ReadAction","target":["https:\/\/www.theramex.com\/es\/menopausia\/senales-y-sintomas-de-la-menopausia\/"]}]},{"@type":"BreadcrumbList","@id":"https:\/\/www.theramex.com\/es\/menopausia\/senales-y-sintomas-de-la-menopausia\/#breadcrumb","itemListElement":[{"@type":"ListItem","position":1,"name":"Home","item":"https:\/\/www.theramex.com\/es\/"},{"@type":"ListItem","position":2,"name":"Menopausia","item":"https:\/\/www.theramex.com\/es\/menopausia\/"},{"@type":"ListItem","position":3,"name":"Se\u00f1ales y s\u00edntomas de la menopausia"}]},{"@type":"WebSite","@id":"https:\/\/www.theramex.com\/es\/#website","url":"https:\/\/www.theramex.com\/es\/","name":"Theramex Spain","description":"","publisher":{"@id":"https:\/\/www.theramex.com\/es\/#organization"},"potentialAction":[{"@type":"SearchAction","target":{"@type":"EntryPoint","urlTemplate":"https:\/\/www.theramex.com\/es\/?s={search_term_string}"},"query-input":{"@type":"PropertyValueSpecification","valueRequired":true,"valueName":"search_term_string"}}],"inLanguage":"es"},{"@type":"Organization","@id":"https:\/\/www.theramex.com\/es\/#organization","name":"Theramex","url":"https:\/\/www.theramex.com\/es\/","logo":{"@type":"ImageObject","inLanguage":"es","@id":"https:\/\/www.theramex.com\/es\/#\/schema\/logo\/image\/","url":"https:\/\/www.theramex.com\/es\/wp-content\/uploads\/sites\/3\/2021\/06\/Theramex-logo-with-words-colour.png","contentUrl":"https:\/\/www.theramex.com\/es\/wp-content\/uploads\/sites\/3\/2021\/06\/Theramex-logo-with-words-colour.png","width":1556,"height":693,"caption":"Theramex"},"image":{"@id":"https:\/\/www.theramex.com\/es\/#\/schema\/logo\/image\/"}}]}},"_links":{"self":[{"href":"https:\/\/www.theramex.com\/es\/wp-json\/wp\/v2\/pages\/530","targetHints":{"allow":["GET"]}}],"collection":[{"href":"https:\/\/www.theramex.com\/es\/wp-json\/wp\/v2\/pages"}],"about":[{"href":"https:\/\/www.theramex.com\/es\/wp-json\/wp\/v2\/types\/page"}],"author":[{"embeddable":true,"href":"https:\/\/www.theramex.com\/es\/wp-json\/wp\/v2\/users\/29"}],"replies":[{"embeddable":true,"href":"https:\/\/www.theramex.com\/es\/wp-json\/wp\/v2\/comments?post=530"}],"version-history":[{"count":23,"href":"https:\/\/www.theramex.com\/es\/wp-json\/wp\/v2\/pages\/530\/revisions"}],"predecessor-version":[{"id":2276,"href":"https:\/\/www.theramex.com\/es\/wp-json\/wp\/v2\/pages\/530\/revisions\/2276"}],"up":[{"embeddable":true,"href":"https:\/\/www.theramex.com\/es\/wp-json\/wp\/v2\/pages\/2265"}],"wp:attachment":[{"href":"https:\/\/www.theramex.com\/es\/wp-json\/wp\/v2\/media?parent=530"}],"curies":[{"name":"wp","href":"https:\/\/api.w.org\/{rel}","templated":true}]}}