{"id":315,"date":"2021-02-09T18:21:00","date_gmt":"2021-02-09T18:21:00","guid":{"rendered":"https:\/\/pprd.theramex.com\/es\/?page_id=315"},"modified":"2021-04-16T13:45:33","modified_gmt":"2021-04-16T12:45:33","slug":"trabaja-con-nosotros","status":"publish","type":"page","link":"https:\/\/www.theramex.com\/es\/trabaja-con-nosotros\/","title":{"rendered":"\u00bfQuieres contribuir a mejorar la salud de las mujeres?"},"content":{"rendered":"\n<figure class=\"wp-block-table\"><table><tbody><tr><td><\/td><\/tr><\/tbody><\/table><\/figure>\n\n\n\n<figure class=\"wp-block-table\"><table><tbody><tr><td><\/td><\/tr><\/tbody><\/table><\/figure>\n","protected":false},"excerpt":{"rendered":"","protected":false},"author":1,"featured_media":0,"parent":0,"menu_order":0,"comment_status":"closed","ping_status":"closed","template":"careers.php","meta":{"_acf_changed":false,"inline_featured_image":false,"footnotes":""},"class_list":["post-315","page","type-page","status-publish","hentry"],"acf":[],"yoast_head":"<!-- This site is optimized with the Yoast SEO plugin v27.1.1 - https:\/\/yoast.com\/product\/yoast-seo-wordpress\/ -->\n<title>Trabaja con nosotros - Theramex Spain<\/title>\n<meta name=\"description\" content=\"Theramex cuenta actualmente con una gama de productos en m\u00e1s de 80 pa\u00edses, en cuatro \u00e1reas terap\u00e9uticas. \u00danete a nosotros en este apasionante viaje\" \/>\n<meta name=\"robots\" content=\"index, follow, max-snippet:-1, max-image-preview:large, max-video-preview:-1\" \/>\n<link rel=\"canonical\" href=\"https:\/\/www.theramex.com\/es\/trabaja-con-nosotros\/\" \/>\n<meta property=\"og:locale\" content=\"es_ES\" \/>\n<meta property=\"og:type\" content=\"article\" \/>\n<meta property=\"og:title\" content=\"Trabaja con nosotros - Theramex Spain\" \/>\n<meta property=\"og:description\" content=\"Theramex cuenta actualmente con una gama de productos en m\u00e1s de 80 pa\u00edses, en cuatro \u00e1reas terap\u00e9uticas. \u00danete a nosotros en este apasionante viaje\" \/>\n<meta property=\"og:url\" content=\"https:\/\/www.theramex.com\/es\/trabaja-con-nosotros\/\" \/>\n<meta property=\"og:site_name\" content=\"Theramex Spain\" \/>\n<meta property=\"article:modified_time\" content=\"2021-04-16T12:45:33+00:00\" \/>\n<meta name=\"twitter:card\" content=\"summary_large_image\" \/>\n<script type=\"application\/ld+json\" class=\"yoast-schema-graph\">{\"@context\":\"https:\/\/schema.org\",\"@graph\":[{\"@type\":\"WebPage\",\"@id\":\"https:\/\/www.theramex.com\/es\/trabaja-con-nosotros\/\",\"url\":\"https:\/\/www.theramex.com\/es\/trabaja-con-nosotros\/\",\"name\":\"Trabaja con nosotros - Theramex Spain\",\"isPartOf\":{\"@id\":\"https:\/\/www.theramex.com\/es\/#website\"},\"datePublished\":\"2021-02-09T18:21:00+00:00\",\"dateModified\":\"2021-04-16T12:45:33+00:00\",\"description\":\"Theramex cuenta actualmente con una gama de productos en m\u00e1s de 80 pa\u00edses, en cuatro \u00e1reas terap\u00e9uticas. \u00danete a nosotros en este apasionante viaje\",\"breadcrumb\":{\"@id\":\"https:\/\/www.theramex.com\/es\/trabaja-con-nosotros\/#breadcrumb\"},\"inLanguage\":\"es\",\"potentialAction\":[{\"@type\":\"ReadAction\",\"target\":[\"https:\/\/www.theramex.com\/es\/trabaja-con-nosotros\/\"]}]},{\"@type\":\"BreadcrumbList\",\"@id\":\"https:\/\/www.theramex.com\/es\/trabaja-con-nosotros\/#breadcrumb\",\"itemListElement\":[{\"@type\":\"ListItem\",\"position\":1,\"name\":\"Home\",\"item\":\"https:\/\/www.theramex.com\/es\/\"},{\"@type\":\"ListItem\",\"position\":2,\"name\":\"\u00bfQuieres contribuir a mejorar la salud de las mujeres?\"}]},{\"@type\":\"WebSite\",\"@id\":\"https:\/\/www.theramex.com\/es\/#website\",\"url\":\"https:\/\/www.theramex.com\/es\/\",\"name\":\"Theramex Spain\",\"description\":\"\",\"publisher\":{\"@id\":\"https:\/\/www.theramex.com\/es\/#organization\"},\"potentialAction\":[{\"@type\":\"SearchAction\",\"target\":{\"@type\":\"EntryPoint\",\"urlTemplate\":\"https:\/\/www.theramex.com\/es\/?s={search_term_string}\"},\"query-input\":{\"@type\":\"PropertyValueSpecification\",\"valueRequired\":true,\"valueName\":\"search_term_string\"}}],\"inLanguage\":\"es\"},{\"@type\":\"Organization\",\"@id\":\"https:\/\/www.theramex.com\/es\/#organization\",\"name\":\"Theramex\",\"url\":\"https:\/\/www.theramex.com\/es\/\",\"logo\":{\"@type\":\"ImageObject\",\"inLanguage\":\"es\",\"@id\":\"https:\/\/www.theramex.com\/es\/#\/schema\/logo\/image\/\",\"url\":\"https:\/\/www.theramex.com\/es\/wp-content\/uploads\/sites\/3\/2021\/06\/Theramex-logo-with-words-colour.png\",\"contentUrl\":\"https:\/\/www.theramex.com\/es\/wp-content\/uploads\/sites\/3\/2021\/06\/Theramex-logo-with-words-colour.png\",\"width\":1556,\"height\":693,\"caption\":\"Theramex\"},\"image\":{\"@id\":\"https:\/\/www.theramex.com\/es\/#\/schema\/logo\/image\/\"}}]}<\/script>\n<!-- \/ Yoast SEO plugin. -->","yoast_head_json":{"title":"Trabaja con nosotros - Theramex Spain","description":"Theramex cuenta actualmente con una gama de productos en m\u00e1s de 80 pa\u00edses, en cuatro \u00e1reas terap\u00e9uticas. \u00danete a nosotros en este apasionante viaje","robots":{"index":"index","follow":"follow","max-snippet":"max-snippet:-1","max-image-preview":"max-image-preview:large","max-video-preview":"max-video-preview:-1"},"canonical":"https:\/\/www.theramex.com\/es\/trabaja-con-nosotros\/","og_locale":"es_ES","og_type":"article","og_title":"Trabaja con nosotros - Theramex Spain","og_description":"Theramex cuenta actualmente con una gama de productos en m\u00e1s de 80 pa\u00edses, en cuatro \u00e1reas terap\u00e9uticas. \u00danete a nosotros en este apasionante viaje","og_url":"https:\/\/www.theramex.com\/es\/trabaja-con-nosotros\/","og_site_name":"Theramex Spain","article_modified_time":"2021-04-16T12:45:33+00:00","twitter_card":"summary_large_image","schema":{"@context":"https:\/\/schema.org","@graph":[{"@type":"WebPage","@id":"https:\/\/www.theramex.com\/es\/trabaja-con-nosotros\/","url":"https:\/\/www.theramex.com\/es\/trabaja-con-nosotros\/","name":"Trabaja con nosotros - Theramex Spain","isPartOf":{"@id":"https:\/\/www.theramex.com\/es\/#website"},"datePublished":"2021-02-09T18:21:00+00:00","dateModified":"2021-04-16T12:45:33+00:00","description":"Theramex cuenta actualmente con una gama de productos en m\u00e1s de 80 pa\u00edses, en cuatro \u00e1reas terap\u00e9uticas. \u00danete a nosotros en este apasionante viaje","breadcrumb":{"@id":"https:\/\/www.theramex.com\/es\/trabaja-con-nosotros\/#breadcrumb"},"inLanguage":"es","potentialAction":[{"@type":"ReadAction","target":["https:\/\/www.theramex.com\/es\/trabaja-con-nosotros\/"]}]},{"@type":"BreadcrumbList","@id":"https:\/\/www.theramex.com\/es\/trabaja-con-nosotros\/#breadcrumb","itemListElement":[{"@type":"ListItem","position":1,"name":"Home","item":"https:\/\/www.theramex.com\/es\/"},{"@type":"ListItem","position":2,"name":"\u00bfQuieres contribuir a mejorar la salud de las mujeres?"}]},{"@type":"WebSite","@id":"https:\/\/www.theramex.com\/es\/#website","url":"https:\/\/www.theramex.com\/es\/","name":"Theramex Spain","description":"","publisher":{"@id":"https:\/\/www.theramex.com\/es\/#organization"},"potentialAction":[{"@type":"SearchAction","target":{"@type":"EntryPoint","urlTemplate":"https:\/\/www.theramex.com\/es\/?s={search_term_string}"},"query-input":{"@type":"PropertyValueSpecification","valueRequired":true,"valueName":"search_term_string"}}],"inLanguage":"es"},{"@type":"Organization","@id":"https:\/\/www.theramex.com\/es\/#organization","name":"Theramex","url":"https:\/\/www.theramex.com\/es\/","logo":{"@type":"ImageObject","inLanguage":"es","@id":"https:\/\/www.theramex.com\/es\/#\/schema\/logo\/image\/","url":"https:\/\/www.theramex.com\/es\/wp-content\/uploads\/sites\/3\/2021\/06\/Theramex-logo-with-words-colour.png","contentUrl":"https:\/\/www.theramex.com\/es\/wp-content\/uploads\/sites\/3\/2021\/06\/Theramex-logo-with-words-colour.png","width":1556,"height":693,"caption":"Theramex"},"image":{"@id":"https:\/\/www.theramex.com\/es\/#\/schema\/logo\/image\/"}}]}},"_links":{"self":[{"href":"https:\/\/www.theramex.com\/es\/wp-json\/wp\/v2\/pages\/315","targetHints":{"allow":["GET"]}}],"collection":[{"href":"https:\/\/www.theramex.com\/es\/wp-json\/wp\/v2\/pages"}],"about":[{"href":"https:\/\/www.theramex.com\/es\/wp-json\/wp\/v2\/types\/page"}],"author":[{"embeddable":true,"href":"https:\/\/www.theramex.com\/es\/wp-json\/wp\/v2\/users\/1"}],"replies":[{"embeddable":true,"href":"https:\/\/www.theramex.com\/es\/wp-json\/wp\/v2\/comments?post=315"}],"version-history":[{"count":64,"href":"https:\/\/www.theramex.com\/es\/wp-json\/wp\/v2\/pages\/315\/revisions"}],"predecessor-version":[{"id":1561,"href":"https:\/\/www.theramex.com\/es\/wp-json\/wp\/v2\/pages\/315\/revisions\/1561"}],"wp:attachment":[{"href":"https:\/\/www.theramex.com\/es\/wp-json\/wp\/v2\/media?parent=315"}],"curies":[{"name":"wp","href":"https:\/\/api.w.org\/{rel}","templated":true}]}}