{"id":211,"date":"2021-02-05T20:08:23","date_gmt":"2021-02-05T20:08:23","guid":{"rendered":"https:\/\/pprd.theramex.com\/es\/?page_id=211"},"modified":"2024-04-18T14:51:10","modified_gmt":"2024-04-18T12:51:10","slug":"nuestra-historia","status":"publish","type":"page","link":"https:\/\/www.theramex.com\/es\/nuestra-historia\/","title":{"rendered":"Nuestra historia"},"content":{"rendered":"","protected":false},"excerpt":{"rendered":"","protected":false},"author":1,"featured_media":0,"parent":0,"menu_order":0,"comment_status":"closed","ping_status":"closed","template":"history.php","meta":{"_acf_changed":false,"inline_featured_image":false,"footnotes":""},"class_list":["post-211","page","type-page","status-publish","hentry"],"acf":[],"yoast_head":"<!-- This site is optimized with the Yoast SEO plugin v27.3 - https:\/\/yoast.com\/product\/yoast-seo-wordpress\/ -->\n<title>Theramex: Nuestra historia<\/title>\n<meta name=\"description\" content=\": Theramex ha crecido para convertirse en una empresa farmac\u00e9utica global dedicada a la Salud de la Mujer en m\u00e1s de ochenta pa\u00edses, a trav\u00e9s de cinco continentes.\" \/>\n<meta name=\"robots\" content=\"index, follow, max-snippet:-1, max-image-preview:large, max-video-preview:-1\" \/>\n<link rel=\"canonical\" href=\"https:\/\/www.theramex.com\/es\/nuestra-historia\/\" \/>\n<meta property=\"og:locale\" content=\"es_ES\" \/>\n<meta property=\"og:type\" content=\"article\" \/>\n<meta property=\"og:title\" content=\"Theramex: Nuestra historia\" \/>\n<meta property=\"og:description\" content=\": Theramex ha crecido para convertirse en una empresa farmac\u00e9utica global dedicada a la Salud de la Mujer en m\u00e1s de ochenta pa\u00edses, a trav\u00e9s de cinco continentes.\" \/>\n<meta property=\"og:url\" content=\"https:\/\/www.theramex.com\/es\/nuestra-historia\/\" \/>\n<meta property=\"og:site_name\" content=\"Theramex Spain\" \/>\n<meta property=\"article:modified_time\" content=\"2024-04-18T12:51:10+00:00\" \/>\n<meta name=\"twitter:card\" content=\"summary_large_image\" \/>\n<script type=\"application\/ld+json\" class=\"yoast-schema-graph\">{\"@context\":\"https:\\\/\\\/schema.org\",\"@graph\":[{\"@type\":\"WebPage\",\"@id\":\"https:\\\/\\\/www.theramex.com\\\/es\\\/nuestra-historia\\\/\",\"url\":\"https:\\\/\\\/www.theramex.com\\\/es\\\/nuestra-historia\\\/\",\"name\":\"Theramex: Nuestra historia\",\"isPartOf\":{\"@id\":\"https:\\\/\\\/www.theramex.com\\\/es\\\/#website\"},\"datePublished\":\"2021-02-05T20:08:23+00:00\",\"dateModified\":\"2024-04-18T12:51:10+00:00\",\"description\":\": Theramex ha crecido para convertirse en una empresa farmac\u00e9utica global dedicada a la Salud de la Mujer en m\u00e1s de ochenta pa\u00edses, a trav\u00e9s de cinco continentes.\",\"breadcrumb\":{\"@id\":\"https:\\\/\\\/www.theramex.com\\\/es\\\/nuestra-historia\\\/#breadcrumb\"},\"inLanguage\":\"es\",\"potentialAction\":[{\"@type\":\"ReadAction\",\"target\":[\"https:\\\/\\\/www.theramex.com\\\/es\\\/nuestra-historia\\\/\"]}]},{\"@type\":\"BreadcrumbList\",\"@id\":\"https:\\\/\\\/www.theramex.com\\\/es\\\/nuestra-historia\\\/#breadcrumb\",\"itemListElement\":[{\"@type\":\"ListItem\",\"position\":1,\"name\":\"Home\",\"item\":\"https:\\\/\\\/www.theramex.com\\\/es\\\/\"},{\"@type\":\"ListItem\",\"position\":2,\"name\":\"Nuestra historia\"}]},{\"@type\":\"WebSite\",\"@id\":\"https:\\\/\\\/www.theramex.com\\\/es\\\/#website\",\"url\":\"https:\\\/\\\/www.theramex.com\\\/es\\\/\",\"name\":\"Theramex Spain\",\"description\":\"\",\"publisher\":{\"@id\":\"https:\\\/\\\/www.theramex.com\\\/es\\\/#organization\"},\"potentialAction\":[{\"@type\":\"SearchAction\",\"target\":{\"@type\":\"EntryPoint\",\"urlTemplate\":\"https:\\\/\\\/www.theramex.com\\\/es\\\/?s={search_term_string}\"},\"query-input\":{\"@type\":\"PropertyValueSpecification\",\"valueRequired\":true,\"valueName\":\"search_term_string\"}}],\"inLanguage\":\"es\"},{\"@type\":\"Organization\",\"@id\":\"https:\\\/\\\/www.theramex.com\\\/es\\\/#organization\",\"name\":\"Theramex\",\"url\":\"https:\\\/\\\/www.theramex.com\\\/es\\\/\",\"logo\":{\"@type\":\"ImageObject\",\"inLanguage\":\"es\",\"@id\":\"https:\\\/\\\/www.theramex.com\\\/es\\\/#\\\/schema\\\/logo\\\/image\\\/\",\"url\":\"https:\\\/\\\/www.theramex.com\\\/es\\\/wp-content\\\/uploads\\\/sites\\\/3\\\/2021\\\/06\\\/Theramex-logo-with-words-colour.png\",\"contentUrl\":\"https:\\\/\\\/www.theramex.com\\\/es\\\/wp-content\\\/uploads\\\/sites\\\/3\\\/2021\\\/06\\\/Theramex-logo-with-words-colour.png\",\"width\":1556,\"height\":693,\"caption\":\"Theramex\"},\"image\":{\"@id\":\"https:\\\/\\\/www.theramex.com\\\/es\\\/#\\\/schema\\\/logo\\\/image\\\/\"}}]}<\/script>\n<!-- \/ Yoast SEO plugin. -->","yoast_head_json":{"title":"Theramex: Nuestra historia","description":": Theramex ha crecido para convertirse en una empresa farmac\u00e9utica global dedicada a la Salud de la Mujer en m\u00e1s de ochenta pa\u00edses, a trav\u00e9s de cinco continentes.","robots":{"index":"index","follow":"follow","max-snippet":"max-snippet:-1","max-image-preview":"max-image-preview:large","max-video-preview":"max-video-preview:-1"},"canonical":"https:\/\/www.theramex.com\/es\/nuestra-historia\/","og_locale":"es_ES","og_type":"article","og_title":"Theramex: Nuestra historia","og_description":": Theramex ha crecido para convertirse en una empresa farmac\u00e9utica global dedicada a la Salud de la Mujer en m\u00e1s de ochenta pa\u00edses, a trav\u00e9s de cinco continentes.","og_url":"https:\/\/www.theramex.com\/es\/nuestra-historia\/","og_site_name":"Theramex Spain","article_modified_time":"2024-04-18T12:51:10+00:00","twitter_card":"summary_large_image","schema":{"@context":"https:\/\/schema.org","@graph":[{"@type":"WebPage","@id":"https:\/\/www.theramex.com\/es\/nuestra-historia\/","url":"https:\/\/www.theramex.com\/es\/nuestra-historia\/","name":"Theramex: Nuestra historia","isPartOf":{"@id":"https:\/\/www.theramex.com\/es\/#website"},"datePublished":"2021-02-05T20:08:23+00:00","dateModified":"2024-04-18T12:51:10+00:00","description":": Theramex ha crecido para convertirse en una empresa farmac\u00e9utica global dedicada a la Salud de la Mujer en m\u00e1s de ochenta pa\u00edses, a trav\u00e9s de cinco continentes.","breadcrumb":{"@id":"https:\/\/www.theramex.com\/es\/nuestra-historia\/#breadcrumb"},"inLanguage":"es","potentialAction":[{"@type":"ReadAction","target":["https:\/\/www.theramex.com\/es\/nuestra-historia\/"]}]},{"@type":"BreadcrumbList","@id":"https:\/\/www.theramex.com\/es\/nuestra-historia\/#breadcrumb","itemListElement":[{"@type":"ListItem","position":1,"name":"Home","item":"https:\/\/www.theramex.com\/es\/"},{"@type":"ListItem","position":2,"name":"Nuestra historia"}]},{"@type":"WebSite","@id":"https:\/\/www.theramex.com\/es\/#website","url":"https:\/\/www.theramex.com\/es\/","name":"Theramex Spain","description":"","publisher":{"@id":"https:\/\/www.theramex.com\/es\/#organization"},"potentialAction":[{"@type":"SearchAction","target":{"@type":"EntryPoint","urlTemplate":"https:\/\/www.theramex.com\/es\/?s={search_term_string}"},"query-input":{"@type":"PropertyValueSpecification","valueRequired":true,"valueName":"search_term_string"}}],"inLanguage":"es"},{"@type":"Organization","@id":"https:\/\/www.theramex.com\/es\/#organization","name":"Theramex","url":"https:\/\/www.theramex.com\/es\/","logo":{"@type":"ImageObject","inLanguage":"es","@id":"https:\/\/www.theramex.com\/es\/#\/schema\/logo\/image\/","url":"https:\/\/www.theramex.com\/es\/wp-content\/uploads\/sites\/3\/2021\/06\/Theramex-logo-with-words-colour.png","contentUrl":"https:\/\/www.theramex.com\/es\/wp-content\/uploads\/sites\/3\/2021\/06\/Theramex-logo-with-words-colour.png","width":1556,"height":693,"caption":"Theramex"},"image":{"@id":"https:\/\/www.theramex.com\/es\/#\/schema\/logo\/image\/"}}]}},"_links":{"self":[{"href":"https:\/\/www.theramex.com\/es\/wp-json\/wp\/v2\/pages\/211","targetHints":{"allow":["GET"]}}],"collection":[{"href":"https:\/\/www.theramex.com\/es\/wp-json\/wp\/v2\/pages"}],"about":[{"href":"https:\/\/www.theramex.com\/es\/wp-json\/wp\/v2\/types\/page"}],"author":[{"embeddable":true,"href":"https:\/\/www.theramex.com\/es\/wp-json\/wp\/v2\/users\/1"}],"replies":[{"embeddable":true,"href":"https:\/\/www.theramex.com\/es\/wp-json\/wp\/v2\/comments?post=211"}],"version-history":[{"count":19,"href":"https:\/\/www.theramex.com\/es\/wp-json\/wp\/v2\/pages\/211\/revisions"}],"predecessor-version":[{"id":2310,"href":"https:\/\/www.theramex.com\/es\/wp-json\/wp\/v2\/pages\/211\/revisions\/2310"}],"wp:attachment":[{"href":"https:\/\/www.theramex.com\/es\/wp-json\/wp\/v2\/media?parent=211"}],"curies":[{"name":"wp","href":"https:\/\/api.w.org\/{rel}","templated":true}]}}