{"id":688,"date":"2021-02-14T19:23:54","date_gmt":"2021-02-14T19:23:54","guid":{"rendered":"https:\/\/pprd.theramex.com\/br\/?page_id=688"},"modified":"2024-03-14T11:28:13","modified_gmt":"2024-03-14T14:28:13","slug":"o-que-e-osteoporose","status":"publish","type":"page","link":"https:\/\/www.theramex.com\/br\/osteoporose\/o-que-e-osteoporose\/","title":{"rendered":"O que \u00e9 osteoporose?"},"content":{"rendered":"","protected":false},"excerpt":{"rendered":"","protected":false},"author":29,"featured_media":0,"parent":1813,"menu_order":0,"comment_status":"closed","ping_status":"closed","template":"general.php","meta":{"_acf_changed":false,"inline_featured_image":false,"footnotes":""},"class_list":["post-688","page","type-page","status-publish","hentry"],"acf":[],"yoast_head":"<!-- This site is optimized with the Yoast SEO plugin v27.1.1 - https:\/\/yoast.com\/product\/yoast-seo-wordpress\/ -->\n<title>O que \u00e9 osteoporose?<\/title>\n<meta name=\"description\" content=\"A osteoporose \u00e9 uma doen\u00e7a \u00f3ssea que fragiliza os ossos e faz com que eles quebrem mais facilmente. Mulheres na p\u00f3s-menopausa t\u00eam um risco maior de desenvolver osteoporose. O diagn\u00f3stico precoce e o tratamento s\u00e3o essenciais para a sa\u00fade \u00f3ssea\" \/>\n<meta name=\"robots\" content=\"index, follow, max-snippet:-1, max-image-preview:large, max-video-preview:-1\" \/>\n<link rel=\"canonical\" href=\"https:\/\/www.theramex.com\/br\/osteoporose\/o-que-e-osteoporose\/\" \/>\n<meta property=\"og:locale\" content=\"pt_BR\" \/>\n<meta property=\"og:type\" content=\"article\" \/>\n<meta property=\"og:title\" content=\"O que \u00e9 osteoporose?\" \/>\n<meta property=\"og:description\" content=\"A osteoporose \u00e9 uma doen\u00e7a \u00f3ssea que fragiliza os ossos e faz com que eles quebrem mais facilmente. Mulheres na p\u00f3s-menopausa t\u00eam um risco maior de desenvolver osteoporose. O diagn\u00f3stico precoce e o tratamento s\u00e3o essenciais para a sa\u00fade \u00f3ssea\" \/>\n<meta property=\"og:url\" content=\"https:\/\/www.theramex.com\/br\/osteoporose\/o-que-e-osteoporose\/\" \/>\n<meta property=\"og:site_name\" content=\"Theramex Brazil\" \/>\n<meta property=\"article:modified_time\" content=\"2024-03-14T14:28:13+00:00\" \/>\n<meta name=\"twitter:card\" content=\"summary_large_image\" \/>\n<script type=\"application\/ld+json\" class=\"yoast-schema-graph\">{\"@context\":\"https:\/\/schema.org\",\"@graph\":[{\"@type\":\"WebPage\",\"@id\":\"https:\/\/www.theramex.com\/br\/osteoporose\/o-que-e-osteoporose\/\",\"url\":\"https:\/\/www.theramex.com\/br\/osteoporose\/o-que-e-osteoporose\/\",\"name\":\"O que \u00e9 osteoporose?\",\"isPartOf\":{\"@id\":\"https:\/\/www.theramex.com\/br\/#website\"},\"datePublished\":\"2021-02-14T19:23:54+00:00\",\"dateModified\":\"2024-03-14T14:28:13+00:00\",\"description\":\"A osteoporose \u00e9 uma doen\u00e7a \u00f3ssea que fragiliza os ossos e faz com que eles quebrem mais facilmente. Mulheres na p\u00f3s-menopausa t\u00eam um risco maior de desenvolver osteoporose. O diagn\u00f3stico precoce e o tratamento s\u00e3o essenciais para a sa\u00fade \u00f3ssea\",\"breadcrumb\":{\"@id\":\"https:\/\/www.theramex.com\/br\/osteoporose\/o-que-e-osteoporose\/#breadcrumb\"},\"inLanguage\":\"pt-BR\",\"potentialAction\":[{\"@type\":\"ReadAction\",\"target\":[\"https:\/\/www.theramex.com\/br\/osteoporose\/o-que-e-osteoporose\/\"]}]},{\"@type\":\"BreadcrumbList\",\"@id\":\"https:\/\/www.theramex.com\/br\/osteoporose\/o-que-e-osteoporose\/#breadcrumb\",\"itemListElement\":[{\"@type\":\"ListItem\",\"position\":1,\"name\":\"Home\",\"item\":\"https:\/\/www.theramex.com\/br\/\"},{\"@type\":\"ListItem\",\"position\":2,\"name\":\"Osteoporose\",\"item\":\"https:\/\/www.theramex.com\/br\/osteoporose\/\"},{\"@type\":\"ListItem\",\"position\":3,\"name\":\"O que \u00e9 osteoporose?\"}]},{\"@type\":\"WebSite\",\"@id\":\"https:\/\/www.theramex.com\/br\/#website\",\"url\":\"https:\/\/www.theramex.com\/br\/\",\"name\":\"Theramex Brazil\",\"description\":\"\",\"potentialAction\":[{\"@type\":\"SearchAction\",\"target\":{\"@type\":\"EntryPoint\",\"urlTemplate\":\"https:\/\/www.theramex.com\/br\/?s={search_term_string}\"},\"query-input\":{\"@type\":\"PropertyValueSpecification\",\"valueRequired\":true,\"valueName\":\"search_term_string\"}}],\"inLanguage\":\"pt-BR\"}]}<\/script>\n<!-- \/ Yoast SEO plugin. -->","yoast_head_json":{"title":"O que \u00e9 osteoporose?","description":"A osteoporose \u00e9 uma doen\u00e7a \u00f3ssea que fragiliza os ossos e faz com que eles quebrem mais facilmente. Mulheres na p\u00f3s-menopausa t\u00eam um risco maior de desenvolver osteoporose. O diagn\u00f3stico precoce e o tratamento s\u00e3o essenciais para a sa\u00fade \u00f3ssea","robots":{"index":"index","follow":"follow","max-snippet":"max-snippet:-1","max-image-preview":"max-image-preview:large","max-video-preview":"max-video-preview:-1"},"canonical":"https:\/\/www.theramex.com\/br\/osteoporose\/o-que-e-osteoporose\/","og_locale":"pt_BR","og_type":"article","og_title":"O que \u00e9 osteoporose?","og_description":"A osteoporose \u00e9 uma doen\u00e7a \u00f3ssea que fragiliza os ossos e faz com que eles quebrem mais facilmente. Mulheres na p\u00f3s-menopausa t\u00eam um risco maior de desenvolver osteoporose. O diagn\u00f3stico precoce e o tratamento s\u00e3o essenciais para a sa\u00fade \u00f3ssea","og_url":"https:\/\/www.theramex.com\/br\/osteoporose\/o-que-e-osteoporose\/","og_site_name":"Theramex Brazil","article_modified_time":"2024-03-14T14:28:13+00:00","twitter_card":"summary_large_image","schema":{"@context":"https:\/\/schema.org","@graph":[{"@type":"WebPage","@id":"https:\/\/www.theramex.com\/br\/osteoporose\/o-que-e-osteoporose\/","url":"https:\/\/www.theramex.com\/br\/osteoporose\/o-que-e-osteoporose\/","name":"O que \u00e9 osteoporose?","isPartOf":{"@id":"https:\/\/www.theramex.com\/br\/#website"},"datePublished":"2021-02-14T19:23:54+00:00","dateModified":"2024-03-14T14:28:13+00:00","description":"A osteoporose \u00e9 uma doen\u00e7a \u00f3ssea que fragiliza os ossos e faz com que eles quebrem mais facilmente. Mulheres na p\u00f3s-menopausa t\u00eam um risco maior de desenvolver osteoporose. O diagn\u00f3stico precoce e o tratamento s\u00e3o essenciais para a sa\u00fade \u00f3ssea","breadcrumb":{"@id":"https:\/\/www.theramex.com\/br\/osteoporose\/o-que-e-osteoporose\/#breadcrumb"},"inLanguage":"pt-BR","potentialAction":[{"@type":"ReadAction","target":["https:\/\/www.theramex.com\/br\/osteoporose\/o-que-e-osteoporose\/"]}]},{"@type":"BreadcrumbList","@id":"https:\/\/www.theramex.com\/br\/osteoporose\/o-que-e-osteoporose\/#breadcrumb","itemListElement":[{"@type":"ListItem","position":1,"name":"Home","item":"https:\/\/www.theramex.com\/br\/"},{"@type":"ListItem","position":2,"name":"Osteoporose","item":"https:\/\/www.theramex.com\/br\/osteoporose\/"},{"@type":"ListItem","position":3,"name":"O que \u00e9 osteoporose?"}]},{"@type":"WebSite","@id":"https:\/\/www.theramex.com\/br\/#website","url":"https:\/\/www.theramex.com\/br\/","name":"Theramex Brazil","description":"","potentialAction":[{"@type":"SearchAction","target":{"@type":"EntryPoint","urlTemplate":"https:\/\/www.theramex.com\/br\/?s={search_term_string}"},"query-input":{"@type":"PropertyValueSpecification","valueRequired":true,"valueName":"search_term_string"}}],"inLanguage":"pt-BR"}]}},"_links":{"self":[{"href":"https:\/\/www.theramex.com\/br\/wp-json\/wp\/v2\/pages\/688","targetHints":{"allow":["GET"]}}],"collection":[{"href":"https:\/\/www.theramex.com\/br\/wp-json\/wp\/v2\/pages"}],"about":[{"href":"https:\/\/www.theramex.com\/br\/wp-json\/wp\/v2\/types\/page"}],"author":[{"embeddable":true,"href":"https:\/\/www.theramex.com\/br\/wp-json\/wp\/v2\/users\/29"}],"replies":[{"embeddable":true,"href":"https:\/\/www.theramex.com\/br\/wp-json\/wp\/v2\/comments?post=688"}],"version-history":[{"count":14,"href":"https:\/\/www.theramex.com\/br\/wp-json\/wp\/v2\/pages\/688\/revisions"}],"predecessor-version":[{"id":1824,"href":"https:\/\/www.theramex.com\/br\/wp-json\/wp\/v2\/pages\/688\/revisions\/1824"}],"up":[{"embeddable":true,"href":"https:\/\/www.theramex.com\/br\/wp-json\/wp\/v2\/pages\/1813"}],"wp:attachment":[{"href":"https:\/\/www.theramex.com\/br\/wp-json\/wp\/v2\/media?parent=688"}],"curies":[{"name":"wp","href":"https:\/\/api.w.org\/{rel}","templated":true}]}}