{"id":682,"date":"2021-02-12T15:45:50","date_gmt":"2021-02-12T15:45:50","guid":{"rendered":"https:\/\/pprd.theramex.com\/br\/?page_id=682"},"modified":"2025-09-08T10:56:04","modified_gmt":"2025-09-08T13:56:04","slug":"nossos-escritorios","status":"publish","type":"page","link":"https:\/\/www.theramex.com\/br\/nossos-escritorios\/","title":{"rendered":"Nossos escrit\u00f3rios"},"content":{"rendered":"","protected":false},"excerpt":{"rendered":"","protected":false},"author":1,"featured_media":0,"parent":0,"menu_order":0,"comment_status":"closed","ping_status":"closed","template":"offices.php","meta":{"_acf_changed":false,"inline_featured_image":false,"footnotes":""},"class_list":["post-682","page","type-page","status-publish","hentry"],"acf":[],"yoast_head":"<!-- This site is optimized with the Yoast SEO plugin v27.1.1 - https:\/\/yoast.com\/product\/yoast-seo-wordpress\/ -->\n<title>Nossos escrit\u00f3rios<\/title>\n<meta name=\"description\" content=\"A Theramex colabora estreitamente com ginecologistas, reumatologistas e ortopedistas, al\u00e9m de cl\u00ednicos gerais, cl\u00ednicas de FIV e farm\u00e1cias para dar apoio a mulheres em mais de 80 pa\u00edses na Europa, \u00c1frica, \u00c1sia-Pac\u00edfico e Am\u00e9rica Latina.\" \/>\n<meta name=\"robots\" content=\"index, follow, max-snippet:-1, max-image-preview:large, max-video-preview:-1\" \/>\n<link rel=\"canonical\" href=\"https:\/\/www.theramex.com\/br\/nossos-escritorios\/\" \/>\n<meta property=\"og:locale\" content=\"pt_BR\" \/>\n<meta property=\"og:type\" content=\"article\" \/>\n<meta property=\"og:title\" content=\"Nossos escrit\u00f3rios\" \/>\n<meta property=\"og:description\" content=\"A Theramex colabora estreitamente com ginecologistas, reumatologistas e ortopedistas, al\u00e9m de cl\u00ednicos gerais, cl\u00ednicas de FIV e farm\u00e1cias para dar apoio a mulheres em mais de 80 pa\u00edses na Europa, \u00c1frica, \u00c1sia-Pac\u00edfico e Am\u00e9rica Latina.\" \/>\n<meta property=\"og:url\" content=\"https:\/\/www.theramex.com\/br\/nossos-escritorios\/\" \/>\n<meta property=\"og:site_name\" content=\"Theramex Brazil\" \/>\n<meta property=\"article:modified_time\" content=\"2025-09-08T13:56:04+00:00\" \/>\n<meta name=\"twitter:card\" content=\"summary_large_image\" \/>\n<script type=\"application\/ld+json\" class=\"yoast-schema-graph\">{\"@context\":\"https:\/\/schema.org\",\"@graph\":[{\"@type\":\"WebPage\",\"@id\":\"https:\/\/www.theramex.com\/br\/nossos-escritorios\/\",\"url\":\"https:\/\/www.theramex.com\/br\/nossos-escritorios\/\",\"name\":\"Nossos escrit\u00f3rios\",\"isPartOf\":{\"@id\":\"https:\/\/www.theramex.com\/br\/#website\"},\"datePublished\":\"2021-02-12T15:45:50+00:00\",\"dateModified\":\"2025-09-08T13:56:04+00:00\",\"description\":\"A Theramex colabora estreitamente com ginecologistas, reumatologistas e ortopedistas, al\u00e9m de cl\u00ednicos gerais, cl\u00ednicas de FIV e farm\u00e1cias para dar apoio a mulheres em mais de 80 pa\u00edses na Europa, \u00c1frica, \u00c1sia-Pac\u00edfico e Am\u00e9rica Latina.\",\"breadcrumb\":{\"@id\":\"https:\/\/www.theramex.com\/br\/nossos-escritorios\/#breadcrumb\"},\"inLanguage\":\"pt-BR\",\"potentialAction\":[{\"@type\":\"ReadAction\",\"target\":[\"https:\/\/www.theramex.com\/br\/nossos-escritorios\/\"]}]},{\"@type\":\"BreadcrumbList\",\"@id\":\"https:\/\/www.theramex.com\/br\/nossos-escritorios\/#breadcrumb\",\"itemListElement\":[{\"@type\":\"ListItem\",\"position\":1,\"name\":\"Home\",\"item\":\"https:\/\/www.theramex.com\/br\/\"},{\"@type\":\"ListItem\",\"position\":2,\"name\":\"Nossos escrit\u00f3rios\"}]},{\"@type\":\"WebSite\",\"@id\":\"https:\/\/www.theramex.com\/br\/#website\",\"url\":\"https:\/\/www.theramex.com\/br\/\",\"name\":\"Theramex Brazil\",\"description\":\"\",\"potentialAction\":[{\"@type\":\"SearchAction\",\"target\":{\"@type\":\"EntryPoint\",\"urlTemplate\":\"https:\/\/www.theramex.com\/br\/?s={search_term_string}\"},\"query-input\":{\"@type\":\"PropertyValueSpecification\",\"valueRequired\":true,\"valueName\":\"search_term_string\"}}],\"inLanguage\":\"pt-BR\"}]}<\/script>\n<!-- \/ Yoast SEO plugin. -->","yoast_head_json":{"title":"Nossos escrit\u00f3rios","description":"A Theramex colabora estreitamente com ginecologistas, reumatologistas e ortopedistas, al\u00e9m de cl\u00ednicos gerais, cl\u00ednicas de FIV e farm\u00e1cias para dar apoio a mulheres em mais de 80 pa\u00edses na Europa, \u00c1frica, \u00c1sia-Pac\u00edfico e Am\u00e9rica Latina.","robots":{"index":"index","follow":"follow","max-snippet":"max-snippet:-1","max-image-preview":"max-image-preview:large","max-video-preview":"max-video-preview:-1"},"canonical":"https:\/\/www.theramex.com\/br\/nossos-escritorios\/","og_locale":"pt_BR","og_type":"article","og_title":"Nossos escrit\u00f3rios","og_description":"A Theramex colabora estreitamente com ginecologistas, reumatologistas e ortopedistas, al\u00e9m de cl\u00ednicos gerais, cl\u00ednicas de FIV e farm\u00e1cias para dar apoio a mulheres em mais de 80 pa\u00edses na Europa, \u00c1frica, \u00c1sia-Pac\u00edfico e Am\u00e9rica Latina.","og_url":"https:\/\/www.theramex.com\/br\/nossos-escritorios\/","og_site_name":"Theramex Brazil","article_modified_time":"2025-09-08T13:56:04+00:00","twitter_card":"summary_large_image","schema":{"@context":"https:\/\/schema.org","@graph":[{"@type":"WebPage","@id":"https:\/\/www.theramex.com\/br\/nossos-escritorios\/","url":"https:\/\/www.theramex.com\/br\/nossos-escritorios\/","name":"Nossos escrit\u00f3rios","isPartOf":{"@id":"https:\/\/www.theramex.com\/br\/#website"},"datePublished":"2021-02-12T15:45:50+00:00","dateModified":"2025-09-08T13:56:04+00:00","description":"A Theramex colabora estreitamente com ginecologistas, reumatologistas e ortopedistas, al\u00e9m de cl\u00ednicos gerais, cl\u00ednicas de FIV e farm\u00e1cias para dar apoio a mulheres em mais de 80 pa\u00edses na Europa, \u00c1frica, \u00c1sia-Pac\u00edfico e Am\u00e9rica Latina.","breadcrumb":{"@id":"https:\/\/www.theramex.com\/br\/nossos-escritorios\/#breadcrumb"},"inLanguage":"pt-BR","potentialAction":[{"@type":"ReadAction","target":["https:\/\/www.theramex.com\/br\/nossos-escritorios\/"]}]},{"@type":"BreadcrumbList","@id":"https:\/\/www.theramex.com\/br\/nossos-escritorios\/#breadcrumb","itemListElement":[{"@type":"ListItem","position":1,"name":"Home","item":"https:\/\/www.theramex.com\/br\/"},{"@type":"ListItem","position":2,"name":"Nossos escrit\u00f3rios"}]},{"@type":"WebSite","@id":"https:\/\/www.theramex.com\/br\/#website","url":"https:\/\/www.theramex.com\/br\/","name":"Theramex Brazil","description":"","potentialAction":[{"@type":"SearchAction","target":{"@type":"EntryPoint","urlTemplate":"https:\/\/www.theramex.com\/br\/?s={search_term_string}"},"query-input":{"@type":"PropertyValueSpecification","valueRequired":true,"valueName":"search_term_string"}}],"inLanguage":"pt-BR"}]}},"_links":{"self":[{"href":"https:\/\/www.theramex.com\/br\/wp-json\/wp\/v2\/pages\/682","targetHints":{"allow":["GET"]}}],"collection":[{"href":"https:\/\/www.theramex.com\/br\/wp-json\/wp\/v2\/pages"}],"about":[{"href":"https:\/\/www.theramex.com\/br\/wp-json\/wp\/v2\/types\/page"}],"author":[{"embeddable":true,"href":"https:\/\/www.theramex.com\/br\/wp-json\/wp\/v2\/users\/1"}],"replies":[{"embeddable":true,"href":"https:\/\/www.theramex.com\/br\/wp-json\/wp\/v2\/comments?post=682"}],"version-history":[{"count":45,"href":"https:\/\/www.theramex.com\/br\/wp-json\/wp\/v2\/pages\/682\/revisions"}],"predecessor-version":[{"id":1871,"href":"https:\/\/www.theramex.com\/br\/wp-json\/wp\/v2\/pages\/682\/revisions\/1871"}],"wp:attachment":[{"href":"https:\/\/www.theramex.com\/br\/wp-json\/wp\/v2\/media?parent=682"}],"curies":[{"name":"wp","href":"https:\/\/api.w.org\/{rel}","templated":true}]}}