{"id":530,"date":"2021-02-11T14:25:06","date_gmt":"2021-02-11T14:25:06","guid":{"rendered":"https:\/\/pprd.theramex.com\/br\/?page_id=530"},"modified":"2024-03-14T11:26:41","modified_gmt":"2024-03-14T14:26:41","slug":"sinais-e-sintomas-da-menopausa","status":"publish","type":"page","link":"https:\/\/www.theramex.com\/br\/menopausa\/sinais-e-sintomas-da-menopausa\/","title":{"rendered":"Sinais e sintomas da menopausa"},"content":{"rendered":"","protected":false},"excerpt":{"rendered":"","protected":false},"author":29,"featured_media":0,"parent":1811,"menu_order":0,"comment_status":"closed","ping_status":"closed","template":"general.php","meta":{"_acf_changed":false,"inline_featured_image":false,"footnotes":""},"class_list":["post-530","page","type-page","status-publish","hentry"],"acf":[],"yoast_head":"<!-- This site is optimized with the Yoast SEO plugin v27.1.1 - https:\/\/yoast.com\/product\/yoast-seo-wordpress\/ -->\n<title>Sinais e sintomas da menopausa<\/title>\n<meta name=\"description\" content=\"Dentre os sinais e sintomas da menopausa est\u00e3o ondas de calor, mudan\u00e7as de humor e altera\u00e7\u00f5es vaginais. As menstrua\u00e7\u00f5es se tornam irregulares e eventualmente param conforme o n\u00edvel de estrog\u00eanio cai1.\" \/>\n<meta name=\"robots\" content=\"index, follow, max-snippet:-1, max-image-preview:large, max-video-preview:-1\" \/>\n<link rel=\"canonical\" href=\"https:\/\/www.theramex.com\/br\/menopausa\/sinais-e-sintomas-da-menopausa\/\" \/>\n<meta property=\"og:locale\" content=\"pt_BR\" \/>\n<meta property=\"og:type\" content=\"article\" \/>\n<meta property=\"og:title\" content=\"Sinais e sintomas da menopausa\" \/>\n<meta property=\"og:description\" content=\"Dentre os sinais e sintomas da menopausa est\u00e3o ondas de calor, mudan\u00e7as de humor e altera\u00e7\u00f5es vaginais. As menstrua\u00e7\u00f5es se tornam irregulares e eventualmente param conforme o n\u00edvel de estrog\u00eanio cai1.\" \/>\n<meta property=\"og:url\" content=\"https:\/\/www.theramex.com\/br\/menopausa\/sinais-e-sintomas-da-menopausa\/\" \/>\n<meta property=\"og:site_name\" content=\"Theramex Brazil\" \/>\n<meta property=\"article:modified_time\" content=\"2024-03-14T14:26:41+00:00\" \/>\n<meta name=\"twitter:card\" content=\"summary_large_image\" \/>\n<script type=\"application\/ld+json\" class=\"yoast-schema-graph\">{\"@context\":\"https:\/\/schema.org\",\"@graph\":[{\"@type\":\"WebPage\",\"@id\":\"https:\/\/www.theramex.com\/br\/menopausa\/sinais-e-sintomas-da-menopausa\/\",\"url\":\"https:\/\/www.theramex.com\/br\/menopausa\/sinais-e-sintomas-da-menopausa\/\",\"name\":\"Sinais e sintomas da menopausa\",\"isPartOf\":{\"@id\":\"https:\/\/www.theramex.com\/br\/#website\"},\"datePublished\":\"2021-02-11T14:25:06+00:00\",\"dateModified\":\"2024-03-14T14:26:41+00:00\",\"description\":\"Dentre os sinais e sintomas da menopausa est\u00e3o ondas de calor, mudan\u00e7as de humor e altera\u00e7\u00f5es vaginais. As menstrua\u00e7\u00f5es se tornam irregulares e eventualmente param conforme o n\u00edvel de estrog\u00eanio cai1.\",\"breadcrumb\":{\"@id\":\"https:\/\/www.theramex.com\/br\/menopausa\/sinais-e-sintomas-da-menopausa\/#breadcrumb\"},\"inLanguage\":\"pt-BR\",\"potentialAction\":[{\"@type\":\"ReadAction\",\"target\":[\"https:\/\/www.theramex.com\/br\/menopausa\/sinais-e-sintomas-da-menopausa\/\"]}]},{\"@type\":\"BreadcrumbList\",\"@id\":\"https:\/\/www.theramex.com\/br\/menopausa\/sinais-e-sintomas-da-menopausa\/#breadcrumb\",\"itemListElement\":[{\"@type\":\"ListItem\",\"position\":1,\"name\":\"Home\",\"item\":\"https:\/\/www.theramex.com\/br\/\"},{\"@type\":\"ListItem\",\"position\":2,\"name\":\"Menopausa\",\"item\":\"https:\/\/www.theramex.com\/br\/menopausa\/\"},{\"@type\":\"ListItem\",\"position\":3,\"name\":\"Sinais e sintomas da menopausa\"}]},{\"@type\":\"WebSite\",\"@id\":\"https:\/\/www.theramex.com\/br\/#website\",\"url\":\"https:\/\/www.theramex.com\/br\/\",\"name\":\"Theramex Brazil\",\"description\":\"\",\"potentialAction\":[{\"@type\":\"SearchAction\",\"target\":{\"@type\":\"EntryPoint\",\"urlTemplate\":\"https:\/\/www.theramex.com\/br\/?s={search_term_string}\"},\"query-input\":{\"@type\":\"PropertyValueSpecification\",\"valueRequired\":true,\"valueName\":\"search_term_string\"}}],\"inLanguage\":\"pt-BR\"}]}<\/script>\n<!-- \/ Yoast SEO plugin. -->","yoast_head_json":{"title":"Sinais e sintomas da menopausa","description":"Dentre os sinais e sintomas da menopausa est\u00e3o ondas de calor, mudan\u00e7as de humor e altera\u00e7\u00f5es vaginais. As menstrua\u00e7\u00f5es se tornam irregulares e eventualmente param conforme o n\u00edvel de estrog\u00eanio cai1.","robots":{"index":"index","follow":"follow","max-snippet":"max-snippet:-1","max-image-preview":"max-image-preview:large","max-video-preview":"max-video-preview:-1"},"canonical":"https:\/\/www.theramex.com\/br\/menopausa\/sinais-e-sintomas-da-menopausa\/","og_locale":"pt_BR","og_type":"article","og_title":"Sinais e sintomas da menopausa","og_description":"Dentre os sinais e sintomas da menopausa est\u00e3o ondas de calor, mudan\u00e7as de humor e altera\u00e7\u00f5es vaginais. As menstrua\u00e7\u00f5es se tornam irregulares e eventualmente param conforme o n\u00edvel de estrog\u00eanio cai1.","og_url":"https:\/\/www.theramex.com\/br\/menopausa\/sinais-e-sintomas-da-menopausa\/","og_site_name":"Theramex Brazil","article_modified_time":"2024-03-14T14:26:41+00:00","twitter_card":"summary_large_image","schema":{"@context":"https:\/\/schema.org","@graph":[{"@type":"WebPage","@id":"https:\/\/www.theramex.com\/br\/menopausa\/sinais-e-sintomas-da-menopausa\/","url":"https:\/\/www.theramex.com\/br\/menopausa\/sinais-e-sintomas-da-menopausa\/","name":"Sinais e sintomas da menopausa","isPartOf":{"@id":"https:\/\/www.theramex.com\/br\/#website"},"datePublished":"2021-02-11T14:25:06+00:00","dateModified":"2024-03-14T14:26:41+00:00","description":"Dentre os sinais e sintomas da menopausa est\u00e3o ondas de calor, mudan\u00e7as de humor e altera\u00e7\u00f5es vaginais. As menstrua\u00e7\u00f5es se tornam irregulares e eventualmente param conforme o n\u00edvel de estrog\u00eanio cai1.","breadcrumb":{"@id":"https:\/\/www.theramex.com\/br\/menopausa\/sinais-e-sintomas-da-menopausa\/#breadcrumb"},"inLanguage":"pt-BR","potentialAction":[{"@type":"ReadAction","target":["https:\/\/www.theramex.com\/br\/menopausa\/sinais-e-sintomas-da-menopausa\/"]}]},{"@type":"BreadcrumbList","@id":"https:\/\/www.theramex.com\/br\/menopausa\/sinais-e-sintomas-da-menopausa\/#breadcrumb","itemListElement":[{"@type":"ListItem","position":1,"name":"Home","item":"https:\/\/www.theramex.com\/br\/"},{"@type":"ListItem","position":2,"name":"Menopausa","item":"https:\/\/www.theramex.com\/br\/menopausa\/"},{"@type":"ListItem","position":3,"name":"Sinais e sintomas da menopausa"}]},{"@type":"WebSite","@id":"https:\/\/www.theramex.com\/br\/#website","url":"https:\/\/www.theramex.com\/br\/","name":"Theramex Brazil","description":"","potentialAction":[{"@type":"SearchAction","target":{"@type":"EntryPoint","urlTemplate":"https:\/\/www.theramex.com\/br\/?s={search_term_string}"},"query-input":{"@type":"PropertyValueSpecification","valueRequired":true,"valueName":"search_term_string"}}],"inLanguage":"pt-BR"}]}},"_links":{"self":[{"href":"https:\/\/www.theramex.com\/br\/wp-json\/wp\/v2\/pages\/530","targetHints":{"allow":["GET"]}}],"collection":[{"href":"https:\/\/www.theramex.com\/br\/wp-json\/wp\/v2\/pages"}],"about":[{"href":"https:\/\/www.theramex.com\/br\/wp-json\/wp\/v2\/types\/page"}],"author":[{"embeddable":true,"href":"https:\/\/www.theramex.com\/br\/wp-json\/wp\/v2\/users\/29"}],"replies":[{"embeddable":true,"href":"https:\/\/www.theramex.com\/br\/wp-json\/wp\/v2\/comments?post=530"}],"version-history":[{"count":27,"href":"https:\/\/www.theramex.com\/br\/wp-json\/wp\/v2\/pages\/530\/revisions"}],"predecessor-version":[{"id":1822,"href":"https:\/\/www.theramex.com\/br\/wp-json\/wp\/v2\/pages\/530\/revisions\/1822"}],"up":[{"embeddable":true,"href":"https:\/\/www.theramex.com\/br\/wp-json\/wp\/v2\/pages\/1811"}],"wp:attachment":[{"href":"https:\/\/www.theramex.com\/br\/wp-json\/wp\/v2\/media?parent=530"}],"curies":[{"name":"wp","href":"https:\/\/api.w.org\/{rel}","templated":true}]}}