{"id":503,"date":"2021-02-11T13:35:20","date_gmt":"2021-02-11T13:35:20","guid":{"rendered":"https:\/\/pprd.theramex.com\/br\/?page_id=503"},"modified":"2024-03-14T11:25:49","modified_gmt":"2024-03-14T14:25:49","slug":"o-que-e-a-menopausa","status":"publish","type":"page","link":"https:\/\/www.theramex.com\/br\/menopausa\/o-que-e-a-menopausa\/","title":{"rendered":"Apoiando as mulheres que est\u00e3o passando pelas mudan\u00e7as da menopausa."},"content":{"rendered":"","protected":false},"excerpt":{"rendered":"","protected":false},"author":29,"featured_media":0,"parent":1811,"menu_order":0,"comment_status":"closed","ping_status":"closed","template":"general.php","meta":{"_acf_changed":false,"inline_featured_image":false,"footnotes":""},"class_list":["post-503","page","type-page","status-publish","hentry"],"acf":[],"yoast_head":"<!-- This site is optimized with the Yoast SEO plugin v27.1.1 - https:\/\/yoast.com\/product\/yoast-seo-wordpress\/ -->\n<title>Apoiando as mulheres que est\u00e3o passando pelas mudan\u00e7as da menopausa.<\/title>\n<meta name=\"description\" content=\"A menopausa \u00e9 a interrup\u00e7\u00e3o da menstrua\u00e7\u00e3o, marcando o fim da fase reprodutiva da mulher. Para muitas mulheres, este \u00e9 um per\u00edodo dif\u00edcil de mudan\u00e7as f\u00edsicas e emocionais1.\" \/>\n<meta name=\"robots\" content=\"index, follow, max-snippet:-1, max-image-preview:large, max-video-preview:-1\" \/>\n<link rel=\"canonical\" href=\"https:\/\/www.theramex.com\/br\/menopausa\/o-que-e-a-menopausa\/\" \/>\n<meta property=\"og:locale\" content=\"pt_BR\" \/>\n<meta property=\"og:type\" content=\"article\" \/>\n<meta property=\"og:title\" content=\"Apoiando as mulheres que est\u00e3o passando pelas mudan\u00e7as da menopausa.\" \/>\n<meta property=\"og:description\" content=\"A menopausa \u00e9 a interrup\u00e7\u00e3o da menstrua\u00e7\u00e3o, marcando o fim da fase reprodutiva da mulher. Para muitas mulheres, este \u00e9 um per\u00edodo dif\u00edcil de mudan\u00e7as f\u00edsicas e emocionais1.\" \/>\n<meta property=\"og:url\" content=\"https:\/\/www.theramex.com\/br\/menopausa\/o-que-e-a-menopausa\/\" \/>\n<meta property=\"og:site_name\" content=\"Theramex Brazil\" \/>\n<meta property=\"article:modified_time\" content=\"2024-03-14T14:25:49+00:00\" \/>\n<meta name=\"twitter:card\" content=\"summary_large_image\" \/>\n<script type=\"application\/ld+json\" class=\"yoast-schema-graph\">{\"@context\":\"https:\/\/schema.org\",\"@graph\":[{\"@type\":\"WebPage\",\"@id\":\"https:\/\/www.theramex.com\/br\/menopausa\/o-que-e-a-menopausa\/\",\"url\":\"https:\/\/www.theramex.com\/br\/menopausa\/o-que-e-a-menopausa\/\",\"name\":\"Apoiando as mulheres que est\u00e3o passando pelas mudan\u00e7as da menopausa.\",\"isPartOf\":{\"@id\":\"https:\/\/www.theramex.com\/br\/#website\"},\"datePublished\":\"2021-02-11T13:35:20+00:00\",\"dateModified\":\"2024-03-14T14:25:49+00:00\",\"description\":\"A menopausa \u00e9 a interrup\u00e7\u00e3o da menstrua\u00e7\u00e3o, marcando o fim da fase reprodutiva da mulher. Para muitas mulheres, este \u00e9 um per\u00edodo dif\u00edcil de mudan\u00e7as f\u00edsicas e emocionais1.\",\"breadcrumb\":{\"@id\":\"https:\/\/www.theramex.com\/br\/menopausa\/o-que-e-a-menopausa\/#breadcrumb\"},\"inLanguage\":\"pt-BR\",\"potentialAction\":[{\"@type\":\"ReadAction\",\"target\":[\"https:\/\/www.theramex.com\/br\/menopausa\/o-que-e-a-menopausa\/\"]}]},{\"@type\":\"BreadcrumbList\",\"@id\":\"https:\/\/www.theramex.com\/br\/menopausa\/o-que-e-a-menopausa\/#breadcrumb\",\"itemListElement\":[{\"@type\":\"ListItem\",\"position\":1,\"name\":\"Home\",\"item\":\"https:\/\/www.theramex.com\/br\/\"},{\"@type\":\"ListItem\",\"position\":2,\"name\":\"Menopausa\",\"item\":\"https:\/\/www.theramex.com\/br\/menopausa\/\"},{\"@type\":\"ListItem\",\"position\":3,\"name\":\"Apoiando as mulheres que est\u00e3o passando pelas mudan\u00e7as da menopausa.\"}]},{\"@type\":\"WebSite\",\"@id\":\"https:\/\/www.theramex.com\/br\/#website\",\"url\":\"https:\/\/www.theramex.com\/br\/\",\"name\":\"Theramex Brazil\",\"description\":\"\",\"potentialAction\":[{\"@type\":\"SearchAction\",\"target\":{\"@type\":\"EntryPoint\",\"urlTemplate\":\"https:\/\/www.theramex.com\/br\/?s={search_term_string}\"},\"query-input\":{\"@type\":\"PropertyValueSpecification\",\"valueRequired\":true,\"valueName\":\"search_term_string\"}}],\"inLanguage\":\"pt-BR\"}]}<\/script>\n<!-- \/ Yoast SEO plugin. -->","yoast_head_json":{"title":"Apoiando as mulheres que est\u00e3o passando pelas mudan\u00e7as da menopausa.","description":"A menopausa \u00e9 a interrup\u00e7\u00e3o da menstrua\u00e7\u00e3o, marcando o fim da fase reprodutiva da mulher. Para muitas mulheres, este \u00e9 um per\u00edodo dif\u00edcil de mudan\u00e7as f\u00edsicas e emocionais1.","robots":{"index":"index","follow":"follow","max-snippet":"max-snippet:-1","max-image-preview":"max-image-preview:large","max-video-preview":"max-video-preview:-1"},"canonical":"https:\/\/www.theramex.com\/br\/menopausa\/o-que-e-a-menopausa\/","og_locale":"pt_BR","og_type":"article","og_title":"Apoiando as mulheres que est\u00e3o passando pelas mudan\u00e7as da menopausa.","og_description":"A menopausa \u00e9 a interrup\u00e7\u00e3o da menstrua\u00e7\u00e3o, marcando o fim da fase reprodutiva da mulher. Para muitas mulheres, este \u00e9 um per\u00edodo dif\u00edcil de mudan\u00e7as f\u00edsicas e emocionais1.","og_url":"https:\/\/www.theramex.com\/br\/menopausa\/o-que-e-a-menopausa\/","og_site_name":"Theramex Brazil","article_modified_time":"2024-03-14T14:25:49+00:00","twitter_card":"summary_large_image","schema":{"@context":"https:\/\/schema.org","@graph":[{"@type":"WebPage","@id":"https:\/\/www.theramex.com\/br\/menopausa\/o-que-e-a-menopausa\/","url":"https:\/\/www.theramex.com\/br\/menopausa\/o-que-e-a-menopausa\/","name":"Apoiando as mulheres que est\u00e3o passando pelas mudan\u00e7as da menopausa.","isPartOf":{"@id":"https:\/\/www.theramex.com\/br\/#website"},"datePublished":"2021-02-11T13:35:20+00:00","dateModified":"2024-03-14T14:25:49+00:00","description":"A menopausa \u00e9 a interrup\u00e7\u00e3o da menstrua\u00e7\u00e3o, marcando o fim da fase reprodutiva da mulher. Para muitas mulheres, este \u00e9 um per\u00edodo dif\u00edcil de mudan\u00e7as f\u00edsicas e emocionais1.","breadcrumb":{"@id":"https:\/\/www.theramex.com\/br\/menopausa\/o-que-e-a-menopausa\/#breadcrumb"},"inLanguage":"pt-BR","potentialAction":[{"@type":"ReadAction","target":["https:\/\/www.theramex.com\/br\/menopausa\/o-que-e-a-menopausa\/"]}]},{"@type":"BreadcrumbList","@id":"https:\/\/www.theramex.com\/br\/menopausa\/o-que-e-a-menopausa\/#breadcrumb","itemListElement":[{"@type":"ListItem","position":1,"name":"Home","item":"https:\/\/www.theramex.com\/br\/"},{"@type":"ListItem","position":2,"name":"Menopausa","item":"https:\/\/www.theramex.com\/br\/menopausa\/"},{"@type":"ListItem","position":3,"name":"Apoiando as mulheres que est\u00e3o passando pelas mudan\u00e7as da menopausa."}]},{"@type":"WebSite","@id":"https:\/\/www.theramex.com\/br\/#website","url":"https:\/\/www.theramex.com\/br\/","name":"Theramex Brazil","description":"","potentialAction":[{"@type":"SearchAction","target":{"@type":"EntryPoint","urlTemplate":"https:\/\/www.theramex.com\/br\/?s={search_term_string}"},"query-input":{"@type":"PropertyValueSpecification","valueRequired":true,"valueName":"search_term_string"}}],"inLanguage":"pt-BR"}]}},"_links":{"self":[{"href":"https:\/\/www.theramex.com\/br\/wp-json\/wp\/v2\/pages\/503","targetHints":{"allow":["GET"]}}],"collection":[{"href":"https:\/\/www.theramex.com\/br\/wp-json\/wp\/v2\/pages"}],"about":[{"href":"https:\/\/www.theramex.com\/br\/wp-json\/wp\/v2\/types\/page"}],"author":[{"embeddable":true,"href":"https:\/\/www.theramex.com\/br\/wp-json\/wp\/v2\/users\/29"}],"replies":[{"embeddable":true,"href":"https:\/\/www.theramex.com\/br\/wp-json\/wp\/v2\/comments?post=503"}],"version-history":[{"count":32,"href":"https:\/\/www.theramex.com\/br\/wp-json\/wp\/v2\/pages\/503\/revisions"}],"predecessor-version":[{"id":1821,"href":"https:\/\/www.theramex.com\/br\/wp-json\/wp\/v2\/pages\/503\/revisions\/1821"}],"up":[{"embeddable":true,"href":"https:\/\/www.theramex.com\/br\/wp-json\/wp\/v2\/pages\/1811"}],"wp:attachment":[{"href":"https:\/\/www.theramex.com\/br\/wp-json\/wp\/v2\/media?parent=503"}],"curies":[{"name":"wp","href":"https:\/\/api.w.org\/{rel}","templated":true}]}}