{"id":15,"date":"2021-02-01T13:04:35","date_gmt":"2021-02-01T13:04:35","guid":{"rendered":"http:\/\/theramex.local\/?page_id=15"},"modified":"2025-02-25T11:19:55","modified_gmt":"2025-02-25T14:19:55","slug":"lideranca","status":"publish","type":"page","link":"https:\/\/www.theramex.com\/br\/lideranca\/","title":{"rendered":"A nossa equipa de lideran\u00e7a"},"content":{"rendered":"","protected":false},"excerpt":{"rendered":"","protected":false},"author":1,"featured_media":0,"parent":0,"menu_order":0,"comment_status":"closed","ping_status":"closed","template":"leadership.php","meta":{"_acf_changed":false,"inline_featured_image":false,"footnotes":""},"class_list":["post-15","page","type-page","status-publish","hentry"],"acf":[],"yoast_head":"<!-- This site is optimized with the Yoast SEO plugin v27.3 - https:\/\/yoast.com\/product\/yoast-seo-wordpress\/ -->\n<title>Nossa equipe de lideran\u00e7a<\/title>\n<meta name=\"description\" content=\"Conhe\u00e7a os l\u00edderes talentosos e experientes da Theramex dedicados \u00e0 sa\u00fade da mulher. Nosso CEO, Robert Stewart, lidera a empresa da sede em Londres.\" \/>\n<meta name=\"robots\" content=\"index, follow, max-snippet:-1, max-image-preview:large, max-video-preview:-1\" \/>\n<link rel=\"canonical\" href=\"https:\/\/www.theramex.com\/br\/lideranca\/\" \/>\n<meta property=\"og:locale\" content=\"pt_BR\" \/>\n<meta property=\"og:type\" content=\"article\" \/>\n<meta property=\"og:title\" content=\"Nossa equipe de lideran\u00e7a\" \/>\n<meta property=\"og:description\" content=\"Conhe\u00e7a os l\u00edderes talentosos e experientes da Theramex dedicados \u00e0 sa\u00fade da mulher. Nosso CEO, Robert Stewart, lidera a empresa da sede em Londres.\" \/>\n<meta property=\"og:url\" content=\"https:\/\/www.theramex.com\/br\/lideranca\/\" \/>\n<meta property=\"og:site_name\" content=\"Theramex Brazil\" \/>\n<meta property=\"article:modified_time\" content=\"2025-02-25T14:19:55+00:00\" \/>\n<meta name=\"twitter:card\" content=\"summary_large_image\" \/>\n<script type=\"application\/ld+json\" class=\"yoast-schema-graph\">{\"@context\":\"https:\\\/\\\/schema.org\",\"@graph\":[{\"@type\":\"WebPage\",\"@id\":\"https:\\\/\\\/www.theramex.com\\\/br\\\/lideranca\\\/\",\"url\":\"https:\\\/\\\/www.theramex.com\\\/br\\\/lideranca\\\/\",\"name\":\"Nossa equipe de lideran\u00e7a\",\"isPartOf\":{\"@id\":\"https:\\\/\\\/www.theramex.com\\\/br\\\/#website\"},\"datePublished\":\"2021-02-01T13:04:35+00:00\",\"dateModified\":\"2025-02-25T14:19:55+00:00\",\"description\":\"Conhe\u00e7a os l\u00edderes talentosos e experientes da Theramex dedicados \u00e0 sa\u00fade da mulher. Nosso CEO, Robert Stewart, lidera a empresa da sede em Londres.\",\"breadcrumb\":{\"@id\":\"https:\\\/\\\/www.theramex.com\\\/br\\\/lideranca\\\/#breadcrumb\"},\"inLanguage\":\"pt-BR\",\"potentialAction\":[{\"@type\":\"ReadAction\",\"target\":[\"https:\\\/\\\/www.theramex.com\\\/br\\\/lideranca\\\/\"]}]},{\"@type\":\"BreadcrumbList\",\"@id\":\"https:\\\/\\\/www.theramex.com\\\/br\\\/lideranca\\\/#breadcrumb\",\"itemListElement\":[{\"@type\":\"ListItem\",\"position\":1,\"name\":\"Home\",\"item\":\"https:\\\/\\\/www.theramex.com\\\/br\\\/\"},{\"@type\":\"ListItem\",\"position\":2,\"name\":\"A nossa equipa de lideran\u00e7a\"}]},{\"@type\":\"WebSite\",\"@id\":\"https:\\\/\\\/www.theramex.com\\\/br\\\/#website\",\"url\":\"https:\\\/\\\/www.theramex.com\\\/br\\\/\",\"name\":\"Theramex Brazil\",\"description\":\"\",\"potentialAction\":[{\"@type\":\"SearchAction\",\"target\":{\"@type\":\"EntryPoint\",\"urlTemplate\":\"https:\\\/\\\/www.theramex.com\\\/br\\\/?s={search_term_string}\"},\"query-input\":{\"@type\":\"PropertyValueSpecification\",\"valueRequired\":true,\"valueName\":\"search_term_string\"}}],\"inLanguage\":\"pt-BR\"}]}<\/script>\n<!-- \/ Yoast SEO plugin. -->","yoast_head_json":{"title":"Nossa equipe de lideran\u00e7a","description":"Conhe\u00e7a os l\u00edderes talentosos e experientes da Theramex dedicados \u00e0 sa\u00fade da mulher. Nosso CEO, Robert Stewart, lidera a empresa da sede em Londres.","robots":{"index":"index","follow":"follow","max-snippet":"max-snippet:-1","max-image-preview":"max-image-preview:large","max-video-preview":"max-video-preview:-1"},"canonical":"https:\/\/www.theramex.com\/br\/lideranca\/","og_locale":"pt_BR","og_type":"article","og_title":"Nossa equipe de lideran\u00e7a","og_description":"Conhe\u00e7a os l\u00edderes talentosos e experientes da Theramex dedicados \u00e0 sa\u00fade da mulher. Nosso CEO, Robert Stewart, lidera a empresa da sede em Londres.","og_url":"https:\/\/www.theramex.com\/br\/lideranca\/","og_site_name":"Theramex Brazil","article_modified_time":"2025-02-25T14:19:55+00:00","twitter_card":"summary_large_image","schema":{"@context":"https:\/\/schema.org","@graph":[{"@type":"WebPage","@id":"https:\/\/www.theramex.com\/br\/lideranca\/","url":"https:\/\/www.theramex.com\/br\/lideranca\/","name":"Nossa equipe de lideran\u00e7a","isPartOf":{"@id":"https:\/\/www.theramex.com\/br\/#website"},"datePublished":"2021-02-01T13:04:35+00:00","dateModified":"2025-02-25T14:19:55+00:00","description":"Conhe\u00e7a os l\u00edderes talentosos e experientes da Theramex dedicados \u00e0 sa\u00fade da mulher. Nosso CEO, Robert Stewart, lidera a empresa da sede em Londres.","breadcrumb":{"@id":"https:\/\/www.theramex.com\/br\/lideranca\/#breadcrumb"},"inLanguage":"pt-BR","potentialAction":[{"@type":"ReadAction","target":["https:\/\/www.theramex.com\/br\/lideranca\/"]}]},{"@type":"BreadcrumbList","@id":"https:\/\/www.theramex.com\/br\/lideranca\/#breadcrumb","itemListElement":[{"@type":"ListItem","position":1,"name":"Home","item":"https:\/\/www.theramex.com\/br\/"},{"@type":"ListItem","position":2,"name":"A nossa equipa de lideran\u00e7a"}]},{"@type":"WebSite","@id":"https:\/\/www.theramex.com\/br\/#website","url":"https:\/\/www.theramex.com\/br\/","name":"Theramex Brazil","description":"","potentialAction":[{"@type":"SearchAction","target":{"@type":"EntryPoint","urlTemplate":"https:\/\/www.theramex.com\/br\/?s={search_term_string}"},"query-input":{"@type":"PropertyValueSpecification","valueRequired":true,"valueName":"search_term_string"}}],"inLanguage":"pt-BR"}]}},"_links":{"self":[{"href":"https:\/\/www.theramex.com\/br\/wp-json\/wp\/v2\/pages\/15","targetHints":{"allow":["GET"]}}],"collection":[{"href":"https:\/\/www.theramex.com\/br\/wp-json\/wp\/v2\/pages"}],"about":[{"href":"https:\/\/www.theramex.com\/br\/wp-json\/wp\/v2\/types\/page"}],"author":[{"embeddable":true,"href":"https:\/\/www.theramex.com\/br\/wp-json\/wp\/v2\/users\/1"}],"replies":[{"embeddable":true,"href":"https:\/\/www.theramex.com\/br\/wp-json\/wp\/v2\/comments?post=15"}],"version-history":[{"count":44,"href":"https:\/\/www.theramex.com\/br\/wp-json\/wp\/v2\/pages\/15\/revisions"}],"predecessor-version":[{"id":1901,"href":"https:\/\/www.theramex.com\/br\/wp-json\/wp\/v2\/pages\/15\/revisions\/1901"}],"wp:attachment":[{"href":"https:\/\/www.theramex.com\/br\/wp-json\/wp\/v2\/media?parent=15"}],"curies":[{"name":"wp","href":"https:\/\/api.w.org\/{rel}","templated":true}]}}